{"id":921,"date":"2017-03-02T10:34:57","date_gmt":"2017-03-02T09:34:57","guid":{"rendered":"https:\/\/www.translingua.ch\/?page_id=921\/"},"modified":"2022-01-18T11:24:28","modified_gmt":"2022-01-18T10:24:28","slug":"project-management-gestione-assistenza-clienti","status":"publish","type":"page","link":"https:\/\/www.translingua.ch\/it\/servizi-linguistici-e-testuali\/project-management-gestione-assistenza-clienti\/","title":{"rendered":"Project Management \u2013 Gestione \u2013 Assistenza clienti"},"content":{"rendered":"\n<h2 class=\"wp-block-heading\">Lei e le sue esigenze sono sempre al centro<\/h2>\n\n\n\n<p>Il \u00abtipico\u00bb cliente che richiede la \u00abtipica\u00bb traduzione non esiste. Ogni azienda e ogni organizzazione si trova ad affrontare sfide specifiche e individuali sul piano linguistico. Per i servizi linguistici e la traduzione siamo al suo fianco e possiamo contare su un sistema di massima qualit\u00e0, su strumenti di comprovata efficacia e su un workflow strutturato, ma soprattutto su un team di Project Management competente ed esperto. Non cerchiamo mai di far rientrare i clienti in uno schema preconfezionato: cerchiamo la soluzione migliore per ogni singolo progetto.<\/p>\n\n\n\n<p>Abbiamo scelto alcuni esempi di progetti tratti dal nostro lavoro quotidiano:<\/p>\n\n\n\n<ul class=\"wp-block-list\"><li>Weiss+Appetito Holding AG: <a href=\"https:\/\/www.translingua.ch\/it\/dicono-di-noi-le-opinioni-della-nostra-clientela\/testi-specialistici-di-vario-tipo-un-unico-partner-per-la-traduzione\/\">diversi testi specialistici e un unico partner per la traduzione<\/a><\/li><li>Protectas SA: <a href=\"https:\/\/www.translingua.ch\/it\/dicono-di-noi-le-opinioni-della-nostra-clientela\/ununica-fonte-per-la-rivista-clienti\/\">la rivista per i clienti proviene da un\u2019unica fonte<\/a><\/li><li>Panolin AG: <a href=\"https:\/\/www.translingua.ch\/it\/dicono-di-noi-le-opinioni-della-nostra-clientela\/comunicazione-con-clienti-b2b-internazionali-specializzati\/\">comunicazione con clienti B2B internazionali specializzati<\/a><\/li><li>Veriset K\u00fcchen AG: <a href=\"https:\/\/www.translingua.ch\/it\/dicono-di-noi-le-opinioni-della-nostra-clientela\/template-hr-alla-base-di-una-crescita-efficiente\/\">modelli HR per una crescita efficiente<\/a><\/li><li>Fondazione Villaggio Pestalozzi per bambini: <a href=\"https:\/\/www.translingua.ch\/it\/dicono-di-noi-le-opinioni-della-nostra-clientela\/traduzione-convincente\/\">traduzione convincente<\/a><\/li><li>Powerade: <a href=\"https:\/\/www.translingua.ch\/it\/dicono-di-noi-le-opinioni-della-nostra-clientela\/lavoro-di-squadra-efficiente-per-i-piani-di-allenamento-triathlon-di-powerade\/\">abbiamo rispettato dei tempi di consegna \u00abimpossibili\u00bb<\/a><\/li><li>Agenzia di marketing a Zurigo: <a href=\"https:\/\/www.translingua.ch\/it\/dicono-di-noi-le-opinioni-della-nostra-clientela\/processo-semplificato-di-scambio-di-dati-in-dtp-con-indesign\/\">inserimento dati semplificato con DTP in InDesign<\/a><\/li><\/ul>\n\n\n\n<div class=\"wp-block-buttons is-content-justification-center is-layout-flex wp-block-buttons-is-layout-flex\">\n<div class=\"wp-block-button\"><a class=\"wp-block-button__link\" href=\"https:\/\/www.translingua.ch\/it\/richiesta-di-preventivo\/\">Richiedere un preventivo<\/a><\/div>\n\n\n\n<div class=\"wp-block-button\"><a class=\"wp-block-button__link\" href=\"https:\/\/www.translingua.ch\/it\/chi-siamo\/contatto\/\">Contatto Translingua<\/a><\/div>\n<\/div>\n","protected":false},"excerpt":{"rendered":"<p>Lei e le sue esigenze sono sempre al centro Il \u00abtipico\u00bb cliente che richiede la \u00abtipica\u00bb traduzione non esiste. Ogni azienda e ogni organizzazione si trova ad affrontare sfide specifiche e individuali sul piano linguistico. Per i servizi linguistici e la traduzione siamo al suo fianco e possiamo contare su un sistema di massima qualit\u00e0, su strumenti di comprovata efficacia &#8230; <a title=\"Project Management \u2013 Gestione \u2013 Assistenza clienti\" class=\"read-more\" href=\"https:\/\/www.translingua.ch\/it\/servizi-linguistici-e-testuali\/project-management-gestione-assistenza-clienti\/\" aria-label=\"Per saperne di pi\u00f9 su Project Management \u2013 Gestione \u2013 Assistenza clienti\">Weiterlesen<\/a><\/p>\n","protected":false},"author":1,"featured_media":0,"parent":861,"menu_order":0,"comment_status":"closed","ping_status":"closed","template":"","meta":{"footnotes":""},"class_list":["post-921","page","type-page","status-publish"],"featured_image_urls_v2":{"full":"","thumbnail":"","medium":"","medium_large":"","large":"","1536x1536":"","2048x2048":"","gform-image-choice-sm":"","gform-image-choice-md":"","gform-image-choice-lg":""},"post_excerpt_stackable_v2":"<p>Lei e le sue esigenze sono sempre al centro Il \u00abtipico\u00bb cliente che richiede la \u00abtipica\u00bb traduzione non esiste. Ogni azienda e ogni organizzazione si trova ad affrontare sfide specifiche e individuali sul piano linguistico. Per i servizi linguistici e la traduzione siamo al suo fianco e possiamo contare su un sistema di massima qualit\u00e0, su strumenti di comprovata efficacia e su un workflow strutturato, ma soprattutto su un team di Project Management competente ed esperto. Non cerchiamo mai di far rientrare i clienti in uno schema preconfezionato: cerchiamo la soluzione migliore per ogni singolo progetto. Abbiamo scelto alcuni esempi&hellip;<\/p>\n","category_list_v2":"","author_info_v2":{"name":"nailedit","url":"https:\/\/www.translingua.ch\/it\/author\/nailedit\/"},"comments_num_v2":"0 commenti","yoast_head":"<!-- This site is optimized with the Yoast SEO plugin v27.3 - https:\/\/yoast.com\/product\/yoast-seo-wordpress\/ -->\n<title>Translingua AG &#8226; Project Management \u2013 Gestione \u2013 Assistenza clienti<\/title>\n<meta name=\"robots\" content=\"index, follow, max-snippet:-1, max-image-preview:large, max-video-preview:-1\" \/>\n<link rel=\"canonical\" href=\"https:\/\/www.translingua.ch\/it\/servizi-linguistici-e-testuali\/project-management-gestione-assistenza-clienti\/\" \/>\n<meta property=\"og:locale\" content=\"it_IT\" \/>\n<meta property=\"og:type\" content=\"article\" \/>\n<meta property=\"og:title\" content=\"Translingua AG &#8226; Project Management \u2013 Gestione \u2013 Assistenza clienti\" \/>\n<meta property=\"og:description\" content=\"Lei e le sue esigenze sono sempre al centro Il \u00abtipico\u00bb cliente che richiede la \u00abtipica\u00bb traduzione non esiste. Ogni azienda e ogni organizzazione si trova ad affrontare sfide specifiche e individuali sul piano linguistico. Per i servizi linguistici e la traduzione siamo al suo fianco e possiamo contare su un sistema di massima qualit\u00e0, su strumenti di comprovata efficacia ... Weiterlesen\" \/>\n<meta property=\"og:url\" content=\"https:\/\/www.translingua.ch\/it\/servizi-linguistici-e-testuali\/project-management-gestione-assistenza-clienti\/\" \/>\n<meta property=\"og:site_name\" content=\"Translingua AG\" \/>\n<meta property=\"article:modified_time\" content=\"2022-01-18T10:24:28+00:00\" \/>\n<meta name=\"twitter:card\" content=\"summary_large_image\" \/>\n<meta name=\"twitter:label1\" content=\"Tempo di lettura stimato\" \/>\n\t<meta name=\"twitter:data1\" content=\"2 minuti\" \/>\n<script type=\"application\/ld+json\" class=\"yoast-schema-graph\">{\"@context\":\"https:\\\/\\\/schema.org\",\"@graph\":[{\"@type\":\"WebPage\",\"@id\":\"https:\\\/\\\/www.translingua.ch\\\/it\\\/servizi-linguistici-e-testuali\\\/project-management-gestione-assistenza-clienti\\\/\",\"url\":\"https:\\\/\\\/www.translingua.ch\\\/it\\\/servizi-linguistici-e-testuali\\\/project-management-gestione-assistenza-clienti\\\/\",\"name\":\"Translingua AG &#8226; Project Management \u2013 Gestione \u2013 Assistenza clienti\",\"isPartOf\":{\"@id\":\"https:\\\/\\\/www.translingua.ch\\\/#website\"},\"datePublished\":\"2017-03-02T09:34:57+00:00\",\"dateModified\":\"2022-01-18T10:24:28+00:00\",\"breadcrumb\":{\"@id\":\"https:\\\/\\\/www.translingua.ch\\\/it\\\/servizi-linguistici-e-testuali\\\/project-management-gestione-assistenza-clienti\\\/#breadcrumb\"},\"inLanguage\":\"it-IT\",\"potentialAction\":[{\"@type\":\"ReadAction\",\"target\":[\"https:\\\/\\\/www.translingua.ch\\\/it\\\/servizi-linguistici-e-testuali\\\/project-management-gestione-assistenza-clienti\\\/\"]}]},{\"@type\":\"BreadcrumbList\",\"@id\":\"https:\\\/\\\/www.translingua.ch\\\/it\\\/servizi-linguistici-e-testuali\\\/project-management-gestione-assistenza-clienti\\\/#breadcrumb\",\"itemListElement\":[{\"@type\":\"ListItem\",\"position\":1,\"name\":\"Home\",\"item\":\"https:\\\/\\\/www.translingua.ch\\\/it\\\/\"},{\"@type\":\"ListItem\",\"position\":2,\"name\":\"Tanti servizi, un unico fornitore\",\"item\":\"https:\\\/\\\/www.translingua.ch\\\/it\\\/servizi-linguistici-e-testuali\\\/\"},{\"@type\":\"ListItem\",\"position\":3,\"name\":\"Project Management \u2013 Gestione \u2013 Assistenza clienti\"}]},{\"@type\":\"WebSite\",\"@id\":\"https:\\\/\\\/www.translingua.ch\\\/#website\",\"url\":\"https:\\\/\\\/www.translingua.ch\\\/\",\"name\":\"Translingua AG\",\"description\":\"\u00dcbersetzungsb\u00fcro in Z\u00fcrich seit 1975\",\"publisher\":{\"@id\":\"https:\\\/\\\/www.translingua.ch\\\/#organization\"},\"potentialAction\":[{\"@type\":\"SearchAction\",\"target\":{\"@type\":\"EntryPoint\",\"urlTemplate\":\"https:\\\/\\\/www.translingua.ch\\\/?s={search_term_string}\"},\"query-input\":{\"@type\":\"PropertyValueSpecification\",\"valueRequired\":true,\"valueName\":\"search_term_string\"}}],\"inLanguage\":\"it-IT\"},{\"@type\":\"Organization\",\"@id\":\"https:\\\/\\\/www.translingua.ch\\\/#organization\",\"name\":\"Translingua AG\",\"url\":\"https:\\\/\\\/www.translingua.ch\\\/\",\"logo\":{\"@type\":\"ImageObject\",\"inLanguage\":\"it-IT\",\"@id\":\"https:\\\/\\\/www.translingua.ch\\\/#\\\/schema\\\/logo\\\/image\\\/\",\"url\":\"https:\\\/\\\/www.translingua.ch\\\/wp-content\\\/uploads\\\/logo.png\",\"contentUrl\":\"https:\\\/\\\/www.translingua.ch\\\/wp-content\\\/uploads\\\/logo.png\",\"width\":261,\"height\":106,\"caption\":\"Translingua AG\"},\"image\":{\"@id\":\"https:\\\/\\\/www.translingua.ch\\\/#\\\/schema\\\/logo\\\/image\\\/\"}}]}<\/script>\n<!-- \/ Yoast SEO plugin. -->","yoast_head_json":{"title":"Translingua AG &#8226; Project Management \u2013 Gestione \u2013 Assistenza clienti","robots":{"index":"index","follow":"follow","max-snippet":"max-snippet:-1","max-image-preview":"max-image-preview:large","max-video-preview":"max-video-preview:-1"},"canonical":"https:\/\/www.translingua.ch\/it\/servizi-linguistici-e-testuali\/project-management-gestione-assistenza-clienti\/","og_locale":"it_IT","og_type":"article","og_title":"Translingua AG &#8226; Project Management \u2013 Gestione \u2013 Assistenza clienti","og_description":"Lei e le sue esigenze sono sempre al centro Il \u00abtipico\u00bb cliente che richiede la \u00abtipica\u00bb traduzione non esiste. Ogni azienda e ogni organizzazione si trova ad affrontare sfide specifiche e individuali sul piano linguistico. Per i servizi linguistici e la traduzione siamo al suo fianco e possiamo contare su un sistema di massima qualit\u00e0, su strumenti di comprovata efficacia ... Weiterlesen","og_url":"https:\/\/www.translingua.ch\/it\/servizi-linguistici-e-testuali\/project-management-gestione-assistenza-clienti\/","og_site_name":"Translingua AG","article_modified_time":"2022-01-18T10:24:28+00:00","twitter_card":"summary_large_image","twitter_misc":{"Tempo di lettura stimato":"2 minuti"},"schema":{"@context":"https:\/\/schema.org","@graph":[{"@type":"WebPage","@id":"https:\/\/www.translingua.ch\/it\/servizi-linguistici-e-testuali\/project-management-gestione-assistenza-clienti\/","url":"https:\/\/www.translingua.ch\/it\/servizi-linguistici-e-testuali\/project-management-gestione-assistenza-clienti\/","name":"Translingua AG &#8226; Project Management \u2013 Gestione \u2013 Assistenza clienti","isPartOf":{"@id":"https:\/\/www.translingua.ch\/#website"},"datePublished":"2017-03-02T09:34:57+00:00","dateModified":"2022-01-18T10:24:28+00:00","breadcrumb":{"@id":"https:\/\/www.translingua.ch\/it\/servizi-linguistici-e-testuali\/project-management-gestione-assistenza-clienti\/#breadcrumb"},"inLanguage":"it-IT","potentialAction":[{"@type":"ReadAction","target":["https:\/\/www.translingua.ch\/it\/servizi-linguistici-e-testuali\/project-management-gestione-assistenza-clienti\/"]}]},{"@type":"BreadcrumbList","@id":"https:\/\/www.translingua.ch\/it\/servizi-linguistici-e-testuali\/project-management-gestione-assistenza-clienti\/#breadcrumb","itemListElement":[{"@type":"ListItem","position":1,"name":"Home","item":"https:\/\/www.translingua.ch\/it\/"},{"@type":"ListItem","position":2,"name":"Tanti servizi, un unico fornitore","item":"https:\/\/www.translingua.ch\/it\/servizi-linguistici-e-testuali\/"},{"@type":"ListItem","position":3,"name":"Project Management \u2013 Gestione \u2013 Assistenza clienti"}]},{"@type":"WebSite","@id":"https:\/\/www.translingua.ch\/#website","url":"https:\/\/www.translingua.ch\/","name":"Translingua AG","description":"\u00dcbersetzungsb\u00fcro in Z\u00fcrich seit 1975","publisher":{"@id":"https:\/\/www.translingua.ch\/#organization"},"potentialAction":[{"@type":"SearchAction","target":{"@type":"EntryPoint","urlTemplate":"https:\/\/www.translingua.ch\/?s={search_term_string}"},"query-input":{"@type":"PropertyValueSpecification","valueRequired":true,"valueName":"search_term_string"}}],"inLanguage":"it-IT"},{"@type":"Organization","@id":"https:\/\/www.translingua.ch\/#organization","name":"Translingua AG","url":"https:\/\/www.translingua.ch\/","logo":{"@type":"ImageObject","inLanguage":"it-IT","@id":"https:\/\/www.translingua.ch\/#\/schema\/logo\/image\/","url":"https:\/\/www.translingua.ch\/wp-content\/uploads\/logo.png","contentUrl":"https:\/\/www.translingua.ch\/wp-content\/uploads\/logo.png","width":261,"height":106,"caption":"Translingua AG"},"image":{"@id":"https:\/\/www.translingua.ch\/#\/schema\/logo\/image\/"}}]}},"_links":{"self":[{"href":"https:\/\/www.translingua.ch\/it\/wp-json\/wp\/v2\/pages\/921","targetHints":{"allow":["GET"]}}],"collection":[{"href":"https:\/\/www.translingua.ch\/it\/wp-json\/wp\/v2\/pages"}],"about":[{"href":"https:\/\/www.translingua.ch\/it\/wp-json\/wp\/v2\/types\/page"}],"author":[{"embeddable":true,"href":"https:\/\/www.translingua.ch\/it\/wp-json\/wp\/v2\/users\/1"}],"replies":[{"embeddable":true,"href":"https:\/\/www.translingua.ch\/it\/wp-json\/wp\/v2\/comments?post=921"}],"version-history":[{"count":7,"href":"https:\/\/www.translingua.ch\/it\/wp-json\/wp\/v2\/pages\/921\/revisions"}],"predecessor-version":[{"id":5797,"href":"https:\/\/www.translingua.ch\/it\/wp-json\/wp\/v2\/pages\/921\/revisions\/5797"}],"up":[{"embeddable":true,"href":"https:\/\/www.translingua.ch\/it\/wp-json\/wp\/v2\/pages\/861"}],"wp:attachment":[{"href":"https:\/\/www.translingua.ch\/it\/wp-json\/wp\/v2\/media?parent=921"}],"curies":[{"name":"wp","href":"https:\/\/api.w.org\/{rel}","templated":true}]}}