{"id":861,"date":"2017-03-01T15:58:12","date_gmt":"2017-03-01T14:58:12","guid":{"rendered":"https:\/\/www.translingua.ch\/?page_id=861\/"},"modified":"2025-09-26T22:35:30","modified_gmt":"2025-09-26T20:35:30","slug":"servizi-linguistici-e-testuali","status":"publish","type":"page","link":"https:\/\/www.translingua.ch\/it\/servizi-linguistici-e-testuali\/","title":{"rendered":"Tanti servizi, un unico fornitore"},"content":{"rendered":"\n<div class=\"wp-block-stackable-columns stk-block-columns stk-block stk-71736c3\" data-block-id=\"71736c3\"><style>.stk-71736c3 {max-width:800px !important;min-width:auto !important;margin-right:auto !important;margin-left:auto !important;}.stk-71736c3-column{row-gap:35px !important;}<\/style><div class=\"stk-row stk-inner-blocks stk-block-content stk-content-align stk-71736c3-column\">\n<div class=\"wp-block-stackable-column stk-block-column stk-column stk-block stk-83e73f5\" data-block-id=\"83e73f5\"><style>.stk-83e73f5-container{margin-top:0px !important;margin-right:0px !important;margin-bottom:0px !important;margin-left:0px !important;}@media screen and (min-width: 768px){.stk-83e73f5 {flex:var(--stk-flex-grow, 1) 1 calc(75% - var(--stk-column-gap, 0px) * 1 \/ 2 ) !important;}}<\/style><div class=\"stk-column-wrapper stk-block-column__content stk-container stk-83e73f5-container stk--no-background stk--no-padding\"><div class=\"stk-block-content stk-inner-blocks stk-83e73f5-inner-blocks\">\n<h1 class=\"wp-block-heading\" id=\"tanti-servizi-linguistici-da-un-unico-fornitore\">Tanti servizi, un unico fornitore<\/h1>\n<\/div><\/div><\/div>\n\n\n\n<div class=\"wp-block-stackable-column stk-block-column stk-column stk-block stk-a802132\" data-block-id=\"a802132\"><style>.stk-a802132-container{margin-top:0px !important;margin-right:0px !important;margin-bottom:0px !important;margin-left:0px !important;}@media screen and (min-width: 768px){.stk-a802132 {flex:var(--stk-flex-grow, 1) 1 calc(25% - var(--stk-column-gap, 0px) * 1 \/ 2 ) !important;}}<\/style><div class=\"stk-column-wrapper stk-block-column__content stk-container stk-a802132-container stk--no-background stk--no-padding\"><div class=\"stk-block-content stk-inner-blocks stk-a802132-inner-blocks\"><div class=\"wp-block-image\">\n<figure class=\"aligncenter size-full is-resized\"><img loading=\"lazy\" decoding=\"async\" width=\"500\" height=\"500\" src=\"https:\/\/www.translingua.ch\/wp-content\/uploads\/Weitere-Dienstleistungen_Icon-Schwarz.png\" alt=\"\" class=\"wp-image-5720\" style=\"width:190px;height:190px\" srcset=\"https:\/\/www.translingua.ch\/wp-content\/uploads\/Weitere-Dienstleistungen_Icon-Schwarz.png 500w, https:\/\/www.translingua.ch\/wp-content\/uploads\/Weitere-Dienstleistungen_Icon-Schwarz-300x300.png 300w, https:\/\/www.translingua.ch\/wp-content\/uploads\/Weitere-Dienstleistungen_Icon-Schwarz-150x150.png 150w\" sizes=\"auto, (max-width: 500px) 100vw, 500px\" \/><\/figure>\n<\/div><\/div><\/div><\/div>\n<\/div><\/div>\n\n\n\n<h2 class=\"wp-block-heading\" id=\"sfrutti-la-nostra-passione-per-le-lingue\">Sfrutti la nostra passione per le lingue!<\/h2>\n\n\n\n<p>Le lingue sono il nostro lavoro, dal 1975. Ha la nostra parola. Forte delle pi\u00f9 avanzate tecnologie linguistiche basate sull\u2019IA e della sua esperienza in numerosi <a href=\"https:\/\/www.translingua.ch\/it\/traduzioni\/\">settori<\/a> specialistici, Translingua \u00e8 in grado di gestire progetti linguistici complessi con efficienza e rapidit\u00e0. Il cliente partecipa alle decisioni e pu\u00f2 scegliere in modo individuale e flessibile quale combinazione di servizi desidera.<\/p>\n\n\n\n<h2 class=\"wp-block-heading\" id=\"servizi-linguistici-per-testi-esistenti-e-nuovi\">Translingua controlla e redige<\/h2>\n\n\n\n<p>Il tocco finale di ogni traduzione specialistica \u00e8 la <a href=\"https:\/\/www.translingua.ch\/it\/servizi-linguistici-e-testuali\/lettorato-correttorato\/\">revisione<\/a> delle nostre esperte e dei nostri esperti. E se il testo \u00e8 gi\u00e0 stato tradotto internamente? Bene, in questo caso Translingua pu\u00f2 essere il suo sparring partner! I nostri professionisti saranno felici di revisionare testi e traduzioni con la massima passione verificandone grammatica, ortografia e terminologia.<\/p>\n\n\n\n<h2 class=\"wp-block-heading\" id=\"servizi-di-traduzione-per-ogni-settore\">Translingua crea e coordina<\/h2>\n\n\n\n<p>Quando il tempo stringe, siamo a disposizione per redigere testi, ma anche per realizzare o coordinare progetti di comunicazione. Siamo specializzati anche nella traduzione di <a href=\"https:\/\/www.translingua.ch\/it\/servizi-linguistici-e-testuali\/traduzione-di-claim-e-slogan\/\">slogan e claim<\/a>, per trasmettere in modo efficace in altre lingue anche messaggi complessi o intrisi di emozione. <\/p>\n\n\n\n<h2 class=\"wp-block-heading\" id=\"dall-audio-al-testo-e-viceversa\">Altri servizi<\/h2>\n\n\n\n<p>Scelga di affidare la <a href=\"https:\/\/www.translingua.ch\/it\/servizi-linguistici-e-testuali\/trascrizioni\/\">trascrizione<\/a> di materiale audio e video ai nostri professionisti esperti. Offriamo anche traduzioni in lingua facile e facciamo risplendere le sue parole. Supportiamo i clienti nella redazione di guide linguistiche e di stile, ma anche nel passaggio a un linguaggio inclusivo.<\/p>\n\n\n\n<p>Deve affrontare una sfida linguistica? Con Translingua sar\u00e0 in ottime mani. Saremo lieti di offrirle una consulenza!<\/p>\n\n\n\n<div class=\"wp-block-buttons is-horizontal is-content-justification-center is-layout-flex wp-container-core-buttons-is-layout-499968f5 wp-block-buttons-is-layout-flex\">\n<div class=\"wp-block-button\"><a class=\"wp-block-button__link wp-element-button\" href=\"https:\/\/www.translingua.ch\/it\/richiesta-di-preventivo\/\">Richieda un\u2019offerta!<\/a><\/div>\n<\/div>\n","protected":false},"excerpt":{"rendered":"<p>Tanti servizi, un unico fornitore Sfrutti la nostra passione per le lingue! Le lingue sono il nostro lavoro, dal 1975. Ha la nostra parola. Forte delle pi\u00f9 avanzate tecnologie linguistiche basate sull\u2019IA e della sua esperienza in numerosi settori specialistici, Translingua \u00e8 in grado di gestire progetti linguistici complessi con efficienza e rapidit\u00e0. Il cliente partecipa alle decisioni e pu\u00f2 &#8230; <a title=\"Tanti servizi, un unico fornitore\" class=\"read-more\" href=\"https:\/\/www.translingua.ch\/it\/servizi-linguistici-e-testuali\/\" aria-label=\"Per saperne di pi\u00f9 su Tanti servizi, un unico fornitore\">Weiterlesen<\/a><\/p>\n","protected":false},"author":1,"featured_media":0,"parent":0,"menu_order":0,"comment_status":"closed","ping_status":"closed","template":"","meta":{"footnotes":""},"class_list":["post-861","page","type-page","status-publish"],"featured_image_urls_v2":{"full":"","thumbnail":"","medium":"","medium_large":"","large":"","1536x1536":"","2048x2048":"","gform-image-choice-sm":"","gform-image-choice-md":"","gform-image-choice-lg":""},"post_excerpt_stackable_v2":"<p>Tanti servizi, un unico fornitore Sfrutti la nostra passione per le lingue! Le lingue sono il nostro lavoro, dal 1975. Ha la nostra parola. Forte delle pi\u00f9 avanzate tecnologie linguistiche basate sull\u2019IA e della sua esperienza in numerosi settori specialistici, Translingua \u00e8 in grado di gestire progetti linguistici complessi con efficienza e rapidit\u00e0. Il cliente partecipa alle decisioni e pu\u00f2 scegliere in modo individuale e flessibile quale combinazione di servizi desidera. Translingua controlla e redige Il tocco finale di ogni traduzione specialistica \u00e8 la revisione delle nostre esperte e dei nostri esperti. E se il testo \u00e8 gi\u00e0 stato tradotto&hellip;<\/p>\n","category_list_v2":"","author_info_v2":{"name":"nailedit","url":"https:\/\/www.translingua.ch\/it\/author\/nailedit\/"},"comments_num_v2":"0 commenti","yoast_head":"<!-- This site is optimized with the Yoast SEO plugin v27.3 - https:\/\/yoast.com\/product\/yoast-seo-wordpress\/ -->\n<title>Translingua AG &#8226; Tanti servizi, un unico fornitore<\/title>\n<meta name=\"robots\" content=\"index, follow, max-snippet:-1, max-image-preview:large, max-video-preview:-1\" \/>\n<link rel=\"canonical\" href=\"https:\/\/www.translingua.ch\/it\/servizi-linguistici-e-testuali\/\" \/>\n<meta property=\"og:locale\" content=\"it_IT\" \/>\n<meta property=\"og:type\" content=\"article\" \/>\n<meta property=\"og:title\" content=\"Translingua AG &#8226; Tanti servizi, un unico fornitore\" \/>\n<meta property=\"og:description\" content=\"Tanti servizi, un unico fornitore Sfrutti la nostra passione per le lingue! Le lingue sono il nostro lavoro, dal 1975. Ha la nostra parola. Forte delle pi\u00f9 avanzate tecnologie linguistiche basate sull\u2019IA e della sua esperienza in numerosi settori specialistici, Translingua \u00e8 in grado di gestire progetti linguistici complessi con efficienza e rapidit\u00e0. Il cliente partecipa alle decisioni e pu\u00f2 ... Weiterlesen\" \/>\n<meta property=\"og:url\" content=\"https:\/\/www.translingua.ch\/it\/servizi-linguistici-e-testuali\/\" \/>\n<meta property=\"og:site_name\" content=\"Translingua AG\" \/>\n<meta property=\"article:modified_time\" content=\"2025-09-26T20:35:30+00:00\" \/>\n<meta property=\"og:image\" content=\"https:\/\/www.translingua.ch\/wp-content\/uploads\/Weitere-Dienstleistungen_Icon-Schwarz.png\" \/>\n\t<meta property=\"og:image:width\" content=\"500\" \/>\n\t<meta property=\"og:image:height\" content=\"500\" \/>\n\t<meta property=\"og:image:type\" content=\"image\/png\" \/>\n<meta name=\"twitter:card\" content=\"summary_large_image\" \/>\n<meta name=\"twitter:label1\" content=\"Tempo di lettura stimato\" \/>\n\t<meta name=\"twitter:data1\" content=\"2 minuti\" \/>\n<script type=\"application\/ld+json\" class=\"yoast-schema-graph\">{\"@context\":\"https:\\\/\\\/schema.org\",\"@graph\":[{\"@type\":\"WebPage\",\"@id\":\"https:\\\/\\\/www.translingua.ch\\\/it\\\/servizi-linguistici-e-testuali\\\/\",\"url\":\"https:\\\/\\\/www.translingua.ch\\\/it\\\/servizi-linguistici-e-testuali\\\/\",\"name\":\"Translingua AG &#8226; Tanti servizi, un unico fornitore\",\"isPartOf\":{\"@id\":\"https:\\\/\\\/www.translingua.ch\\\/#website\"},\"primaryImageOfPage\":{\"@id\":\"https:\\\/\\\/www.translingua.ch\\\/it\\\/servizi-linguistici-e-testuali\\\/#primaryimage\"},\"image\":{\"@id\":\"https:\\\/\\\/www.translingua.ch\\\/it\\\/servizi-linguistici-e-testuali\\\/#primaryimage\"},\"thumbnailUrl\":\"https:\\\/\\\/www.translingua.ch\\\/wp-content\\\/uploads\\\/Weitere-Dienstleistungen_Icon-Schwarz.png\",\"datePublished\":\"2017-03-01T14:58:12+00:00\",\"dateModified\":\"2025-09-26T20:35:30+00:00\",\"breadcrumb\":{\"@id\":\"https:\\\/\\\/www.translingua.ch\\\/it\\\/servizi-linguistici-e-testuali\\\/#breadcrumb\"},\"inLanguage\":\"it-IT\",\"potentialAction\":[{\"@type\":\"ReadAction\",\"target\":[\"https:\\\/\\\/www.translingua.ch\\\/it\\\/servizi-linguistici-e-testuali\\\/\"]}]},{\"@type\":\"ImageObject\",\"inLanguage\":\"it-IT\",\"@id\":\"https:\\\/\\\/www.translingua.ch\\\/it\\\/servizi-linguistici-e-testuali\\\/#primaryimage\",\"url\":\"https:\\\/\\\/www.translingua.ch\\\/wp-content\\\/uploads\\\/Weitere-Dienstleistungen_Icon-Schwarz.png\",\"contentUrl\":\"https:\\\/\\\/www.translingua.ch\\\/wp-content\\\/uploads\\\/Weitere-Dienstleistungen_Icon-Schwarz.png\"},{\"@type\":\"BreadcrumbList\",\"@id\":\"https:\\\/\\\/www.translingua.ch\\\/it\\\/servizi-linguistici-e-testuali\\\/#breadcrumb\",\"itemListElement\":[{\"@type\":\"ListItem\",\"position\":1,\"name\":\"Home\",\"item\":\"https:\\\/\\\/www.translingua.ch\\\/it\\\/\"},{\"@type\":\"ListItem\",\"position\":2,\"name\":\"Tanti servizi, un unico fornitore\"}]},{\"@type\":\"WebSite\",\"@id\":\"https:\\\/\\\/www.translingua.ch\\\/#website\",\"url\":\"https:\\\/\\\/www.translingua.ch\\\/\",\"name\":\"Translingua AG\",\"description\":\"\u00dcbersetzungsb\u00fcro in Z\u00fcrich seit 1975\",\"publisher\":{\"@id\":\"https:\\\/\\\/www.translingua.ch\\\/#organization\"},\"potentialAction\":[{\"@type\":\"SearchAction\",\"target\":{\"@type\":\"EntryPoint\",\"urlTemplate\":\"https:\\\/\\\/www.translingua.ch\\\/?s={search_term_string}\"},\"query-input\":{\"@type\":\"PropertyValueSpecification\",\"valueRequired\":true,\"valueName\":\"search_term_string\"}}],\"inLanguage\":\"it-IT\"},{\"@type\":\"Organization\",\"@id\":\"https:\\\/\\\/www.translingua.ch\\\/#organization\",\"name\":\"Translingua AG\",\"url\":\"https:\\\/\\\/www.translingua.ch\\\/\",\"logo\":{\"@type\":\"ImageObject\",\"inLanguage\":\"it-IT\",\"@id\":\"https:\\\/\\\/www.translingua.ch\\\/#\\\/schema\\\/logo\\\/image\\\/\",\"url\":\"https:\\\/\\\/www.translingua.ch\\\/wp-content\\\/uploads\\\/logo.png\",\"contentUrl\":\"https:\\\/\\\/www.translingua.ch\\\/wp-content\\\/uploads\\\/logo.png\",\"width\":261,\"height\":106,\"caption\":\"Translingua AG\"},\"image\":{\"@id\":\"https:\\\/\\\/www.translingua.ch\\\/#\\\/schema\\\/logo\\\/image\\\/\"}}]}<\/script>\n<!-- \/ Yoast SEO plugin. -->","yoast_head_json":{"title":"Translingua AG &#8226; Tanti servizi, un unico fornitore","robots":{"index":"index","follow":"follow","max-snippet":"max-snippet:-1","max-image-preview":"max-image-preview:large","max-video-preview":"max-video-preview:-1"},"canonical":"https:\/\/www.translingua.ch\/it\/servizi-linguistici-e-testuali\/","og_locale":"it_IT","og_type":"article","og_title":"Translingua AG &#8226; Tanti servizi, un unico fornitore","og_description":"Tanti servizi, un unico fornitore Sfrutti la nostra passione per le lingue! Le lingue sono il nostro lavoro, dal 1975. Ha la nostra parola. Forte delle pi\u00f9 avanzate tecnologie linguistiche basate sull\u2019IA e della sua esperienza in numerosi settori specialistici, Translingua \u00e8 in grado di gestire progetti linguistici complessi con efficienza e rapidit\u00e0. Il cliente partecipa alle decisioni e pu\u00f2 ... Weiterlesen","og_url":"https:\/\/www.translingua.ch\/it\/servizi-linguistici-e-testuali\/","og_site_name":"Translingua AG","article_modified_time":"2025-09-26T20:35:30+00:00","og_image":[{"width":500,"height":500,"url":"https:\/\/www.translingua.ch\/wp-content\/uploads\/Weitere-Dienstleistungen_Icon-Schwarz.png","type":"image\/png"}],"twitter_card":"summary_large_image","twitter_misc":{"Tempo di lettura stimato":"2 minuti"},"schema":{"@context":"https:\/\/schema.org","@graph":[{"@type":"WebPage","@id":"https:\/\/www.translingua.ch\/it\/servizi-linguistici-e-testuali\/","url":"https:\/\/www.translingua.ch\/it\/servizi-linguistici-e-testuali\/","name":"Translingua AG &#8226; Tanti servizi, un unico fornitore","isPartOf":{"@id":"https:\/\/www.translingua.ch\/#website"},"primaryImageOfPage":{"@id":"https:\/\/www.translingua.ch\/it\/servizi-linguistici-e-testuali\/#primaryimage"},"image":{"@id":"https:\/\/www.translingua.ch\/it\/servizi-linguistici-e-testuali\/#primaryimage"},"thumbnailUrl":"https:\/\/www.translingua.ch\/wp-content\/uploads\/Weitere-Dienstleistungen_Icon-Schwarz.png","datePublished":"2017-03-01T14:58:12+00:00","dateModified":"2025-09-26T20:35:30+00:00","breadcrumb":{"@id":"https:\/\/www.translingua.ch\/it\/servizi-linguistici-e-testuali\/#breadcrumb"},"inLanguage":"it-IT","potentialAction":[{"@type":"ReadAction","target":["https:\/\/www.translingua.ch\/it\/servizi-linguistici-e-testuali\/"]}]},{"@type":"ImageObject","inLanguage":"it-IT","@id":"https:\/\/www.translingua.ch\/it\/servizi-linguistici-e-testuali\/#primaryimage","url":"https:\/\/www.translingua.ch\/wp-content\/uploads\/Weitere-Dienstleistungen_Icon-Schwarz.png","contentUrl":"https:\/\/www.translingua.ch\/wp-content\/uploads\/Weitere-Dienstleistungen_Icon-Schwarz.png"},{"@type":"BreadcrumbList","@id":"https:\/\/www.translingua.ch\/it\/servizi-linguistici-e-testuali\/#breadcrumb","itemListElement":[{"@type":"ListItem","position":1,"name":"Home","item":"https:\/\/www.translingua.ch\/it\/"},{"@type":"ListItem","position":2,"name":"Tanti servizi, un unico fornitore"}]},{"@type":"WebSite","@id":"https:\/\/www.translingua.ch\/#website","url":"https:\/\/www.translingua.ch\/","name":"Translingua AG","description":"\u00dcbersetzungsb\u00fcro in Z\u00fcrich seit 1975","publisher":{"@id":"https:\/\/www.translingua.ch\/#organization"},"potentialAction":[{"@type":"SearchAction","target":{"@type":"EntryPoint","urlTemplate":"https:\/\/www.translingua.ch\/?s={search_term_string}"},"query-input":{"@type":"PropertyValueSpecification","valueRequired":true,"valueName":"search_term_string"}}],"inLanguage":"it-IT"},{"@type":"Organization","@id":"https:\/\/www.translingua.ch\/#organization","name":"Translingua AG","url":"https:\/\/www.translingua.ch\/","logo":{"@type":"ImageObject","inLanguage":"it-IT","@id":"https:\/\/www.translingua.ch\/#\/schema\/logo\/image\/","url":"https:\/\/www.translingua.ch\/wp-content\/uploads\/logo.png","contentUrl":"https:\/\/www.translingua.ch\/wp-content\/uploads\/logo.png","width":261,"height":106,"caption":"Translingua AG"},"image":{"@id":"https:\/\/www.translingua.ch\/#\/schema\/logo\/image\/"}}]}},"_links":{"self":[{"href":"https:\/\/www.translingua.ch\/it\/wp-json\/wp\/v2\/pages\/861","targetHints":{"allow":["GET"]}}],"collection":[{"href":"https:\/\/www.translingua.ch\/it\/wp-json\/wp\/v2\/pages"}],"about":[{"href":"https:\/\/www.translingua.ch\/it\/wp-json\/wp\/v2\/types\/page"}],"author":[{"embeddable":true,"href":"https:\/\/www.translingua.ch\/it\/wp-json\/wp\/v2\/users\/1"}],"replies":[{"embeddable":true,"href":"https:\/\/www.translingua.ch\/it\/wp-json\/wp\/v2\/comments?post=861"}],"version-history":[{"count":10,"href":"https:\/\/www.translingua.ch\/it\/wp-json\/wp\/v2\/pages\/861\/revisions"}],"predecessor-version":[{"id":10449,"href":"https:\/\/www.translingua.ch\/it\/wp-json\/wp\/v2\/pages\/861\/revisions\/10449"}],"wp:attachment":[{"href":"https:\/\/www.translingua.ch\/it\/wp-json\/wp\/v2\/media?parent=861"}],"curies":[{"name":"wp","href":"https:\/\/api.w.org\/{rel}","templated":true}]}}