{"id":850,"date":"2017-03-01T15:29:14","date_gmt":"2017-03-01T14:29:14","guid":{"rendered":"https:\/\/www.translingua.ch\/?page_id=850\/"},"modified":"2026-01-19T16:29:03","modified_gmt":"2026-01-19T15:29:03","slug":"altri-settori-specifici","status":"publish","type":"page","link":"https:\/\/www.translingua.ch\/it\/traduzioni\/altri-settori-specifici\/","title":{"rendered":"Traduzione di altri settori specifici"},"content":{"rendered":"\n<div class=\"wp-block-stackable-columns stk-block-columns stk-block stk-71736c3\" data-block-id=\"71736c3\"><style>.stk-71736c3 {max-width:800px !important;min-width:auto !important;margin-right:auto !important;margin-left:auto !important;}.stk-71736c3-column{row-gap:35px !important;}<\/style><div class=\"stk-row stk-inner-blocks stk-block-content stk-content-align stk-71736c3-column\">\n<div class=\"wp-block-stackable-column stk-block-column stk-column stk-block stk-83e73f5\" data-block-id=\"83e73f5\"><style>.stk-83e73f5-container{margin-top:0px !important;margin-right:0px !important;margin-bottom:0px !important;margin-left:0px !important;}@media screen and (min-width: 768px){.stk-83e73f5 {flex:var(--stk-flex-grow, 1) 1 calc(75% - var(--stk-column-gap, 0px) * 1 \/ 2 ) !important;}}<\/style><div class=\"stk-column-wrapper stk-block-column__content stk-container stk-83e73f5-container stk--no-background stk--no-padding\"><div class=\"stk-block-content stk-inner-blocks stk-83e73f5-inner-blocks\">\n<h1 class=\"wp-block-heading\" id=\"traduzione-di-altri-settori-specifici\">Traduzione di altri settori specifici<\/h1>\n<\/div><\/div><\/div>\n\n\n\n<div class=\"wp-block-stackable-column stk-block-column stk-column stk-block stk-a802132\" data-block-id=\"a802132\"><style>.stk-a802132-container{margin-top:0px !important;margin-right:0px !important;margin-bottom:0px !important;margin-left:0px !important;}@media screen and (min-width: 768px){.stk-a802132 {flex:var(--stk-flex-grow, 1) 1 calc(25% - var(--stk-column-gap, 0px) * 1 \/ 2 ) !important;}}<\/style><div class=\"stk-column-wrapper stk-block-column__content stk-container stk-a802132-container stk--no-background stk--no-padding\"><div class=\"stk-block-content stk-inner-blocks stk-a802132-inner-blocks\"><div class=\"wp-block-image\">\n<figure class=\"aligncenter size-full\"><img loading=\"lazy\" decoding=\"async\" width=\"500\" height=\"500\" src=\"https:\/\/www.translingua.ch\/wp-content\/uploads\/Andere-Fachuebersetzungen_Icon-Schwarz.png\" alt=\"\" class=\"wp-image-4612\" srcset=\"https:\/\/www.translingua.ch\/wp-content\/uploads\/Andere-Fachuebersetzungen_Icon-Schwarz.png 500w, https:\/\/www.translingua.ch\/wp-content\/uploads\/Andere-Fachuebersetzungen_Icon-Schwarz-300x300.png 300w, https:\/\/www.translingua.ch\/wp-content\/uploads\/Andere-Fachuebersetzungen_Icon-Schwarz-150x150.png 150w\" sizes=\"auto, (max-width: 500px) 100vw, 500px\" \/><\/figure>\n<\/div><\/div><\/div><\/div>\n<\/div><\/div>\n\n\n\n<h2 class=\"wp-block-heading\" id=\"traduzioni-professionali-in-diversi-settori-specifici\">Traduzioni professionali in diversi settori specifici<\/h2>\n\n\n\n<p>Translingua \u00e8 sinonimo di competenza linguistica e know-how specializzato dal 1975. Grazie ai numerosi anni d\u2019esperienza e allo scambio quotidiano con linguisti e clienti conosciamo molto bene determinati settori. Ecco i campi nei quali gestiamo progetti di traduzione:<\/p>\n\n\n\n<div class=\"wp-block-columns is-layout-flex wp-container-core-columns-is-layout-9d6595d7 wp-block-columns-is-layout-flex\">\n<div class=\"wp-block-column is-layout-flow wp-block-column-is-layout-flow\">\n<ul class=\"wp-block-list\">\n<li><a href=\"https:\/\/www.translingua.ch\/it\/traduzioni\/della-moda-e-del-lifestyle\/\">abbigliamento<\/a><\/li>\n\n\n\n<li>agricoltura<\/li>\n\n\n\n<li>amministrazione pubblica<\/li>\n\n\n\n<li><a href=\"https:\/\/www.translingua.ch\/it\/traduzioni\/immobiliare-e-delledilizia\/\">architettura<\/a><\/li>\n\n\n\n<li>arte<\/li>\n\n\n\n<li>assicurazioni<\/li>\n\n\n\n<li>bandi di concorso<\/li>\n\n\n\n<li>beni di consumo<\/li>\n\n\n\n<li>brevetti<\/li>\n\n\n\n<li>casse pensioni<\/li>\n\n\n\n<li><a href=\"https:\/\/www.translingua.ch\/it\/traduzioni\/alimentare\/\">catering<\/a><\/li>\n\n\n\n<li>chimica<\/li>\n\n\n\n<li>climatizzazione<\/li>\n\n\n\n<li>commercio<\/li>\n\n\n\n<li><a href=\"https:\/\/www.translingua.ch\/it\/traduzioni\/del-marketing-e-della-comunicazione\/\">comunicazione<\/a><\/li>\n\n\n\n<li>consulenza<\/li>\n\n\n\n<li><a href=\"https:\/\/www.translingua.ch\/it\/traduzioni\/della-moda-e-del-lifestyle\/\">cosmetici<\/a><\/li>\n\n\n\n<li>costruzione di gallerie<\/li>\n\n\n\n<li>costruzione di veicoli<\/li>\n\n\n\n<li><a href=\"https:\/\/www.translingua.ch\/it\/traduzioni\/immobiliare-e-delledilizia\/\">costruzioni<\/a><\/li>\n\n\n\n<li>costruzioni metalliche<\/li>\n\n\n\n<li>cultura<\/li>\n\n\n\n<li>distribuzione<\/li>\n\n\n\n<li>economia<\/li>\n\n\n\n<li><a href=\"https:\/\/www.translingua.ch\/it\/traduzioni\/immobiliare-e-delledilizia\/\">edilizia<\/a><\/li>\n\n\n\n<li>elettronica<\/li>\n\n\n\n<li>elettronica per l\u2019intrattenimento<\/li>\n\n\n\n<li>energia<\/li>\n\n\n\n<li>energia nucleare<\/li>\n\n\n\n<li><a href=\"https:\/\/www.translingua.ch\/it\/traduzioni\/tecniche\/\">engineering<\/a><\/li>\n\n\n\n<li>esportazioni<\/li>\n\n\n\n<li>fiere<\/li>\n\n\n\n<li>film<\/li>\n\n\n\n<li><a href=\"https:\/\/www.translingua.ch\/it\/traduzioni\/finanza\/\">finanza<\/a><\/li>\n\n\n\n<li><a href=\"https:\/\/www.translingua.ch\/it\/traduzioni\/della-pedagogia-e-della-formazione\/\">formazione<\/a><\/li>\n\n\n\n<li><a href=\"https:\/\/www.translingua.ch\/it\/traduzioni\/della-pedagogia-e-della-formazione\/\">formazione professionale<\/a><\/li>\n\n\n\n<li>fornitori edili<\/li>\n\n\n\n<li>fotografia<\/li>\n\n\n\n<li><a href=\"https:\/\/www.translingua.ch\/it\/traduzioni\/alimentare\/\">gastronomia<\/a><\/li>\n\n\n\n<li><a href=\"https:\/\/www.translingua.ch\/it\/traduzioni\/alimentare\/\">gastronomia standardizzata<\/a><\/li>\n\n\n\n<li>gestione<\/li>\n\n\n\n<li>gestione delle risorse umane<\/li>\n\n\n\n<li>grafica<\/li>\n\n\n\n<li>industria<\/li>\n\n\n\n<li>industria automobilistica<\/li>\n<\/ul>\n<\/div>\n\n\n\n<div class=\"wp-block-column is-layout-flow wp-block-column-is-layout-flow\">\n<ul id=\"block-8a742d22-2c0f-413d-9d20-c9d77f25dc31\" class=\"wp-block-list\">\n<li>industria farmaceutica<\/li>\n\n\n\n<li>industria metallurgica<\/li>\n\n\n\n<li><a href=\"https:\/\/www.translingua.ch\/it\/traduzioni\/della-moda-e-del-lifestyle\/\">industria tessile<\/a><\/li>\n\n\n\n<li>informatica<\/li>\n\n\n\n<li>infrastrutture<\/li>\n\n\n\n<li>ingegneria civile<\/li>\n\n\n\n<li>ingegneria meccanica<\/li>\n\n\n\n<li><a href=\"https:\/\/www.translingua.ch\/it\/traduzioni\/finanza\/\">leasing<\/a><\/li>\n\n\n\n<li>linee di contatto ferroviarie<\/li>\n\n\n\n<li>logistica<\/li>\n\n\n\n<li>macchinari e componenti meccanici<\/li>\n\n\n\n<li>macchine edili<\/li>\n\n\n\n<li><a href=\"https:\/\/www.translingua.ch\/it\/traduzioni\/del-marketing-e-della-comunicazione\/\">marketing<\/a><\/li>\n\n\n\n<li>materiali da costruzione<\/li>\n\n\n\n<li><a href=\"https:\/\/www.translingua.ch\/it\/traduzioni\/della-pedagogia-e-della-formazione\/\">materiali didattici<\/a><\/li>\n\n\n\n<li>media<\/li>\n\n\n\n<li>medicina<\/li>\n\n\n\n<li>mobilit\u00e0<\/li>\n\n\n\n<li><a href=\"https:\/\/www.translingua.ch\/it\/traduzioni\/della-moda-e-del-lifestyle\/\">moda e lifestyle<\/a><\/li>\n\n\n\n<li><a href=\"https:\/\/www.translingua.ch\/it\/traduzioni\/fundraising\/\">organizzazioni non profit<\/a><\/li>\n\n\n\n<li>ottica<\/li>\n\n\n\n<li>pitture e vernici<\/li>\n\n\n\n<li>progettazione<\/li>\n\n\n\n<li>pubbliche relazioni<\/li>\n\n\n\n<li>ricerca e sviluppo<\/li>\n\n\n\n<li>scienza<\/li>\n\n\n\n<li><a href=\"https:\/\/www.translingua.ch\/it\/traduzioni\/alimentare\/\">settore alimentare<\/a><\/li>\n\n\n\n<li><a href=\"https:\/\/www.translingua.ch\/it\/traduzioni\/immobiliare-e-delledilizia\/\">settore immobiliare<\/a><\/li>\n\n\n\n<li>sicurezza<\/li>\n\n\n\n<li>sicurezza antincendio<\/li>\n\n\n\n<li>sicurezza sul lavoro<\/li>\n\n\n\n<li>smaltimento<\/li>\n\n\n\n<li><a href=\"https:\/\/www.translingua.ch\/it\/traduzioni\/del-marketing-e-della-comunicazione\/\">social media<\/a><\/li>\n\n\n\n<li>software<\/li>\n\n\n\n<li>sostenibilit\u00e0<\/li>\n\n\n\n<li>tecnologie ambientali<\/li>\n\n\n\n<li>telecomunicazioni<\/li>\n\n\n\n<li><a href=\"https:\/\/www.translingua.ch\/it\/lingua-e-diritto\/\">testi giuridici e legali<\/a><\/li>\n\n\n\n<li>trasporti<\/li>\n\n\n\n<li>trasporti pubblici<\/li>\n\n\n\n<li>trasporto ferroviario<\/li>\n\n\n\n<li>trattamenti per superfici<\/li>\n\n\n\n<li>turismo<\/li>\n\n\n\n<li>vendita al dettaglio<\/li>\n<\/ul>\n<\/div>\n<\/div>\n\n\n\n<p>Per le traduzioni di testi che riguardano un settore specifico, pu\u00f2 contare sull\u2019esperienza di Translingua nel campo dei servizi linguistici e della traduzione. Saremo lieti di ascoltare le sue esigenze e di offrirle una consulenza gratuita e trasparente.<\/p>\n\n\n\n<div class=\"wp-block-buttons is-horizontal is-content-justification-center is-layout-flex wp-container-core-buttons-is-layout-499968f5 wp-block-buttons-is-layout-flex\">\n<div class=\"wp-block-button\"><a class=\"wp-block-button__link wp-element-button\" href=\"https:\/\/www.translingua.ch\/it\/richiesta-di-preventivo\/\">Richiesta traduzione specialistica<\/a><\/div>\n<\/div>\n","protected":false},"excerpt":{"rendered":"<p>Traduzione di altri settori specifici Traduzioni professionali in diversi settori specifici Translingua \u00e8 sinonimo di competenza linguistica e know-how specializzato dal 1975. Grazie ai numerosi anni d\u2019esperienza e allo scambio quotidiano con linguisti e clienti conosciamo molto bene determinati settori. Ecco i campi nei quali gestiamo progetti di traduzione: Per le traduzioni di testi che riguardano un settore specifico, pu\u00f2 &#8230; <a title=\"Traduzione di altri settori specifici\" class=\"read-more\" href=\"https:\/\/www.translingua.ch\/it\/traduzioni\/altri-settori-specifici\/\" aria-label=\"Per saperne di pi\u00f9 su Traduzione di altri settori specifici\">Weiterlesen<\/a><\/p>\n","protected":false},"author":1,"featured_media":0,"parent":696,"menu_order":0,"comment_status":"closed","ping_status":"closed","template":"","meta":{"footnotes":""},"class_list":["post-850","page","type-page","status-publish"],"featured_image_urls_v2":{"full":"","thumbnail":"","medium":"","medium_large":"","large":"","1536x1536":"","2048x2048":"","gform-image-choice-sm":"","gform-image-choice-md":"","gform-image-choice-lg":""},"post_excerpt_stackable_v2":"<p>Traduzione di altri settori specifici Traduzioni professionali in diversi settori specifici Translingua \u00e8 sinonimo di competenza linguistica e know-how specializzato dal 1975. Grazie ai numerosi anni d\u2019esperienza e allo scambio quotidiano con linguisti e clienti conosciamo molto bene determinati settori. Ecco i campi nei quali gestiamo progetti di traduzione: abbigliamento agricoltura amministrazione pubblica architettura arte assicurazioni bandi di concorso beni di consumo brevetti casse pensioni catering chimica climatizzazione commercio comunicazione consulenza cosmetici costruzione di gallerie costruzione di veicoli costruzioni costruzioni metalliche cultura distribuzione economia edilizia elettronica elettronica per l\u2019intrattenimento energia energia nucleare engineering esportazioni fiere film finanza formazione formazione professionale&hellip;<\/p>\n","category_list_v2":"","author_info_v2":{"name":"nailedit","url":"https:\/\/www.translingua.ch\/it\/author\/nailedit\/"},"comments_num_v2":"0 commenti","yoast_head":"<!-- This site is optimized with the Yoast SEO plugin v27.3 - https:\/\/yoast.com\/product\/yoast-seo-wordpress\/ -->\n<title>Translingua AG &#8226; Traduzione di altri settori specifici<\/title>\n<meta name=\"robots\" content=\"index, follow, max-snippet:-1, max-image-preview:large, max-video-preview:-1\" \/>\n<link rel=\"canonical\" href=\"https:\/\/www.translingua.ch\/it\/traduzioni\/altri-settori-specifici\/\" \/>\n<meta property=\"og:locale\" content=\"it_IT\" \/>\n<meta property=\"og:type\" content=\"article\" \/>\n<meta property=\"og:title\" content=\"Translingua AG &#8226; Traduzione di altri settori specifici\" \/>\n<meta property=\"og:description\" content=\"Traduzione di altri settori specifici Traduzioni professionali in diversi settori specifici Translingua \u00e8 sinonimo di competenza linguistica e know-how specializzato dal 1975. Grazie ai numerosi anni d\u2019esperienza e allo scambio quotidiano con linguisti e clienti conosciamo molto bene determinati settori. Ecco i campi nei quali gestiamo progetti di traduzione: Per le traduzioni di testi che riguardano un settore specifico, pu\u00f2 ... Weiterlesen\" \/>\n<meta property=\"og:url\" content=\"https:\/\/www.translingua.ch\/it\/traduzioni\/altri-settori-specifici\/\" \/>\n<meta property=\"og:site_name\" content=\"Translingua AG\" \/>\n<meta property=\"article:modified_time\" content=\"2026-01-19T15:29:03+00:00\" \/>\n<meta property=\"og:image\" content=\"https:\/\/www.translingua.ch\/wp-content\/uploads\/Andere-Fachuebersetzungen_Icon-Schwarz.png\" \/>\n\t<meta property=\"og:image:width\" content=\"500\" \/>\n\t<meta property=\"og:image:height\" content=\"500\" \/>\n\t<meta property=\"og:image:type\" content=\"image\/png\" \/>\n<meta name=\"twitter:card\" content=\"summary_large_image\" \/>\n<meta name=\"twitter:label1\" content=\"Tempo di lettura stimato\" \/>\n\t<meta name=\"twitter:data1\" content=\"2 minuti\" \/>\n<script type=\"application\/ld+json\" class=\"yoast-schema-graph\">{\"@context\":\"https:\\\/\\\/schema.org\",\"@graph\":[{\"@type\":\"WebPage\",\"@id\":\"https:\\\/\\\/www.translingua.ch\\\/it\\\/traduzioni\\\/altri-settori-specifici\\\/\",\"url\":\"https:\\\/\\\/www.translingua.ch\\\/it\\\/traduzioni\\\/altri-settori-specifici\\\/\",\"name\":\"Translingua AG &#8226; Traduzione di altri settori specifici\",\"isPartOf\":{\"@id\":\"https:\\\/\\\/www.translingua.ch\\\/#website\"},\"primaryImageOfPage\":{\"@id\":\"https:\\\/\\\/www.translingua.ch\\\/it\\\/traduzioni\\\/altri-settori-specifici\\\/#primaryimage\"},\"image\":{\"@id\":\"https:\\\/\\\/www.translingua.ch\\\/it\\\/traduzioni\\\/altri-settori-specifici\\\/#primaryimage\"},\"thumbnailUrl\":\"https:\\\/\\\/www.translingua.ch\\\/wp-content\\\/uploads\\\/Andere-Fachuebersetzungen_Icon-Schwarz.png\",\"datePublished\":\"2017-03-01T14:29:14+00:00\",\"dateModified\":\"2026-01-19T15:29:03+00:00\",\"breadcrumb\":{\"@id\":\"https:\\\/\\\/www.translingua.ch\\\/it\\\/traduzioni\\\/altri-settori-specifici\\\/#breadcrumb\"},\"inLanguage\":\"it-IT\",\"potentialAction\":[{\"@type\":\"ReadAction\",\"target\":[\"https:\\\/\\\/www.translingua.ch\\\/it\\\/traduzioni\\\/altri-settori-specifici\\\/\"]}]},{\"@type\":\"ImageObject\",\"inLanguage\":\"it-IT\",\"@id\":\"https:\\\/\\\/www.translingua.ch\\\/it\\\/traduzioni\\\/altri-settori-specifici\\\/#primaryimage\",\"url\":\"https:\\\/\\\/www.translingua.ch\\\/wp-content\\\/uploads\\\/Andere-Fachuebersetzungen_Icon-Schwarz.png\",\"contentUrl\":\"https:\\\/\\\/www.translingua.ch\\\/wp-content\\\/uploads\\\/Andere-Fachuebersetzungen_Icon-Schwarz.png\"},{\"@type\":\"BreadcrumbList\",\"@id\":\"https:\\\/\\\/www.translingua.ch\\\/it\\\/traduzioni\\\/altri-settori-specifici\\\/#breadcrumb\",\"itemListElement\":[{\"@type\":\"ListItem\",\"position\":1,\"name\":\"Home\",\"item\":\"https:\\\/\\\/www.translingua.ch\\\/it\\\/\"},{\"@type\":\"ListItem\",\"position\":2,\"name\":\"Traduzioni specialistiche\",\"item\":\"https:\\\/\\\/www.translingua.ch\\\/it\\\/traduzioni\\\/\"},{\"@type\":\"ListItem\",\"position\":3,\"name\":\"Traduzione di altri settori specifici\"}]},{\"@type\":\"WebSite\",\"@id\":\"https:\\\/\\\/www.translingua.ch\\\/#website\",\"url\":\"https:\\\/\\\/www.translingua.ch\\\/\",\"name\":\"Translingua AG\",\"description\":\"\u00dcbersetzungsb\u00fcro in Z\u00fcrich seit 1975\",\"publisher\":{\"@id\":\"https:\\\/\\\/www.translingua.ch\\\/#organization\"},\"potentialAction\":[{\"@type\":\"SearchAction\",\"target\":{\"@type\":\"EntryPoint\",\"urlTemplate\":\"https:\\\/\\\/www.translingua.ch\\\/?s={search_term_string}\"},\"query-input\":{\"@type\":\"PropertyValueSpecification\",\"valueRequired\":true,\"valueName\":\"search_term_string\"}}],\"inLanguage\":\"it-IT\"},{\"@type\":\"Organization\",\"@id\":\"https:\\\/\\\/www.translingua.ch\\\/#organization\",\"name\":\"Translingua AG\",\"url\":\"https:\\\/\\\/www.translingua.ch\\\/\",\"logo\":{\"@type\":\"ImageObject\",\"inLanguage\":\"it-IT\",\"@id\":\"https:\\\/\\\/www.translingua.ch\\\/#\\\/schema\\\/logo\\\/image\\\/\",\"url\":\"https:\\\/\\\/www.translingua.ch\\\/wp-content\\\/uploads\\\/logo.png\",\"contentUrl\":\"https:\\\/\\\/www.translingua.ch\\\/wp-content\\\/uploads\\\/logo.png\",\"width\":261,\"height\":106,\"caption\":\"Translingua AG\"},\"image\":{\"@id\":\"https:\\\/\\\/www.translingua.ch\\\/#\\\/schema\\\/logo\\\/image\\\/\"}}]}<\/script>\n<!-- \/ Yoast SEO plugin. -->","yoast_head_json":{"title":"Translingua AG &#8226; Traduzione di altri settori specifici","robots":{"index":"index","follow":"follow","max-snippet":"max-snippet:-1","max-image-preview":"max-image-preview:large","max-video-preview":"max-video-preview:-1"},"canonical":"https:\/\/www.translingua.ch\/it\/traduzioni\/altri-settori-specifici\/","og_locale":"it_IT","og_type":"article","og_title":"Translingua AG &#8226; Traduzione di altri settori specifici","og_description":"Traduzione di altri settori specifici Traduzioni professionali in diversi settori specifici Translingua \u00e8 sinonimo di competenza linguistica e know-how specializzato dal 1975. Grazie ai numerosi anni d\u2019esperienza e allo scambio quotidiano con linguisti e clienti conosciamo molto bene determinati settori. Ecco i campi nei quali gestiamo progetti di traduzione: Per le traduzioni di testi che riguardano un settore specifico, pu\u00f2 ... Weiterlesen","og_url":"https:\/\/www.translingua.ch\/it\/traduzioni\/altri-settori-specifici\/","og_site_name":"Translingua AG","article_modified_time":"2026-01-19T15:29:03+00:00","og_image":[{"width":500,"height":500,"url":"https:\/\/www.translingua.ch\/wp-content\/uploads\/Andere-Fachuebersetzungen_Icon-Schwarz.png","type":"image\/png"}],"twitter_card":"summary_large_image","twitter_misc":{"Tempo di lettura stimato":"2 minuti"},"schema":{"@context":"https:\/\/schema.org","@graph":[{"@type":"WebPage","@id":"https:\/\/www.translingua.ch\/it\/traduzioni\/altri-settori-specifici\/","url":"https:\/\/www.translingua.ch\/it\/traduzioni\/altri-settori-specifici\/","name":"Translingua AG &#8226; Traduzione di altri settori specifici","isPartOf":{"@id":"https:\/\/www.translingua.ch\/#website"},"primaryImageOfPage":{"@id":"https:\/\/www.translingua.ch\/it\/traduzioni\/altri-settori-specifici\/#primaryimage"},"image":{"@id":"https:\/\/www.translingua.ch\/it\/traduzioni\/altri-settori-specifici\/#primaryimage"},"thumbnailUrl":"https:\/\/www.translingua.ch\/wp-content\/uploads\/Andere-Fachuebersetzungen_Icon-Schwarz.png","datePublished":"2017-03-01T14:29:14+00:00","dateModified":"2026-01-19T15:29:03+00:00","breadcrumb":{"@id":"https:\/\/www.translingua.ch\/it\/traduzioni\/altri-settori-specifici\/#breadcrumb"},"inLanguage":"it-IT","potentialAction":[{"@type":"ReadAction","target":["https:\/\/www.translingua.ch\/it\/traduzioni\/altri-settori-specifici\/"]}]},{"@type":"ImageObject","inLanguage":"it-IT","@id":"https:\/\/www.translingua.ch\/it\/traduzioni\/altri-settori-specifici\/#primaryimage","url":"https:\/\/www.translingua.ch\/wp-content\/uploads\/Andere-Fachuebersetzungen_Icon-Schwarz.png","contentUrl":"https:\/\/www.translingua.ch\/wp-content\/uploads\/Andere-Fachuebersetzungen_Icon-Schwarz.png"},{"@type":"BreadcrumbList","@id":"https:\/\/www.translingua.ch\/it\/traduzioni\/altri-settori-specifici\/#breadcrumb","itemListElement":[{"@type":"ListItem","position":1,"name":"Home","item":"https:\/\/www.translingua.ch\/it\/"},{"@type":"ListItem","position":2,"name":"Traduzioni specialistiche","item":"https:\/\/www.translingua.ch\/it\/traduzioni\/"},{"@type":"ListItem","position":3,"name":"Traduzione di altri settori specifici"}]},{"@type":"WebSite","@id":"https:\/\/www.translingua.ch\/#website","url":"https:\/\/www.translingua.ch\/","name":"Translingua AG","description":"\u00dcbersetzungsb\u00fcro in Z\u00fcrich seit 1975","publisher":{"@id":"https:\/\/www.translingua.ch\/#organization"},"potentialAction":[{"@type":"SearchAction","target":{"@type":"EntryPoint","urlTemplate":"https:\/\/www.translingua.ch\/?s={search_term_string}"},"query-input":{"@type":"PropertyValueSpecification","valueRequired":true,"valueName":"search_term_string"}}],"inLanguage":"it-IT"},{"@type":"Organization","@id":"https:\/\/www.translingua.ch\/#organization","name":"Translingua AG","url":"https:\/\/www.translingua.ch\/","logo":{"@type":"ImageObject","inLanguage":"it-IT","@id":"https:\/\/www.translingua.ch\/#\/schema\/logo\/image\/","url":"https:\/\/www.translingua.ch\/wp-content\/uploads\/logo.png","contentUrl":"https:\/\/www.translingua.ch\/wp-content\/uploads\/logo.png","width":261,"height":106,"caption":"Translingua AG"},"image":{"@id":"https:\/\/www.translingua.ch\/#\/schema\/logo\/image\/"}}]}},"_links":{"self":[{"href":"https:\/\/www.translingua.ch\/it\/wp-json\/wp\/v2\/pages\/850","targetHints":{"allow":["GET"]}}],"collection":[{"href":"https:\/\/www.translingua.ch\/it\/wp-json\/wp\/v2\/pages"}],"about":[{"href":"https:\/\/www.translingua.ch\/it\/wp-json\/wp\/v2\/types\/page"}],"author":[{"embeddable":true,"href":"https:\/\/www.translingua.ch\/it\/wp-json\/wp\/v2\/users\/1"}],"replies":[{"embeddable":true,"href":"https:\/\/www.translingua.ch\/it\/wp-json\/wp\/v2\/comments?post=850"}],"version-history":[{"count":6,"href":"https:\/\/www.translingua.ch\/it\/wp-json\/wp\/v2\/pages\/850\/revisions"}],"predecessor-version":[{"id":11312,"href":"https:\/\/www.translingua.ch\/it\/wp-json\/wp\/v2\/pages\/850\/revisions\/11312"}],"up":[{"embeddable":true,"href":"https:\/\/www.translingua.ch\/it\/wp-json\/wp\/v2\/pages\/696"}],"wp:attachment":[{"href":"https:\/\/www.translingua.ch\/it\/wp-json\/wp\/v2\/media?parent=850"}],"curies":[{"name":"wp","href":"https:\/\/api.w.org\/{rel}","templated":true}]}}