{"id":845,"date":"2017-03-01T15:24:54","date_gmt":"2017-03-01T14:24:54","guid":{"rendered":"https:\/\/www.translingua.ch\/?page_id=845\/"},"modified":"2024-10-23T15:41:58","modified_gmt":"2024-10-23T13:41:58","slug":"finanza","status":"publish","type":"page","link":"https:\/\/www.translingua.ch\/it\/traduzioni\/finanza\/","title":{"rendered":"Traduzioni per il settore della finanza"},"content":{"rendered":"\n<div class=\"wp-block-stackable-columns stk-block-columns stk-block stk-71736c3\" data-block-id=\"71736c3\"><style>.stk-71736c3{max-width:800px !important;min-width:auto !important;margin-right:auto !important;margin-left:auto !important}.stk-71736c3-column{row-gap:35px !important}<\/style><div class=\"stk-row stk-inner-blocks stk-block-content stk-content-align stk-71736c3-column\">\n<div class=\"wp-block-stackable-column stk-block-column stk-column stk-block stk-83e73f5\" data-block-id=\"83e73f5\"><style>@media screen and (min-width:768px){.stk-83e73f5{flex:1 1 calc(75% - var(--stk-column-gap,0px) * 1 \/ 2 ) !important}}.stk-83e73f5-container{margin-top:0px !important;margin-right:0px !important;margin-bottom:0px !important;margin-left:0px !important}<\/style><div class=\"stk-column-wrapper stk-block-column__content stk-container stk-83e73f5-container stk--no-background stk--no-padding\"><div class=\"stk-block-content stk-inner-blocks\">\n<h1 class=\"wp-block-heading\" id=\"traduzioni-per-il-settore-della-finanza\">Traduzioni per il settore della finanza<\/h1>\n<\/div><\/div><\/div>\n\n\n\n<div class=\"wp-block-stackable-column stk-block-column stk-column stk-block stk-a802132\" data-block-id=\"a802132\"><style>@media screen and (min-width:768px){.stk-a802132{flex:1 1 calc(25% - var(--stk-column-gap,0px) * 1 \/ 2 ) !important}}.stk-a802132-container{margin-top:0px !important;margin-right:0px !important;margin-bottom:0px !important;margin-left:0px !important}<\/style><div class=\"stk-column-wrapper stk-block-column__content stk-container stk-a802132-container stk--no-background stk--no-padding\"><div class=\"stk-block-content stk-inner-blocks\">\n<div class=\"wp-block-image\"><figure class=\"aligncenter size-full is-resized\"><img loading=\"lazy\" decoding=\"async\" src=\"https:\/\/www.translingua.ch\/wp-content\/uploads\/Finanzwesen_Icon-Schwarz.png\" alt=\"\" class=\"wp-image-4624\" width=\"190\" height=\"190\" srcset=\"https:\/\/www.translingua.ch\/wp-content\/uploads\/Finanzwesen_Icon-Schwarz.png 500w, https:\/\/www.translingua.ch\/wp-content\/uploads\/Finanzwesen_Icon-Schwarz-300x300.png 300w, https:\/\/www.translingua.ch\/wp-content\/uploads\/Finanzwesen_Icon-Schwarz-150x150.png 150w\" sizes=\"auto, (max-width: 190px) 100vw, 190px\" \/><\/figure><\/div>\n<\/div><\/div><\/div>\n<\/div><\/div>\n\n\n\n<h2 class=\"wp-block-heading\" id=\"traduzioni-professionali-di-bilanci-rapporti-di-gestione-e-molto-altro-ancora\">Traduzioni professionali di bilanci, rapporti di gestione e molto altro ancora<\/h2>\n\n\n\n<p>Precisione, affidabilit\u00e0 e anni d\u2019esperienza sono le solide fondamenta delle nostre traduzioni specialistiche nel settore della finanza. Translingua offre supporto a numerosi clienti che desiderano trasmettere informazioni ai propri shareholder, partner commerciali e ai media, in diverse lingue e in modo sempre adeguato al target. Oltre ai rapporti di gestione, traduciamo anche piani e istruzioni contabili, documentazione fiscale, lettere agli azionisti, comunicati stampa e interviste. Siamo specializzati inoltre su documenti per la comunicazione interna ed esterna, come analisi di mercato, rapporti trimestrali, descrizioni dei prodotti, formulari, regolamenti sulla compliance, verbali, corrispondenza, accordi e contratti.<\/p>\n\n\n\n<h2 class=\"wp-block-heading\" id=\"i-dati-dei-suoi-testi-finanziari-sono-al-sicuro\">I dati dei suoi testi finanziari sono al sicuro<\/h2>\n\n\n\n<p>Translingua gestisce i progetti complessi con un servizio di project management professionale <a href=\"https:\/\/www.translingua.ch\/it\/chi-siamo\/garanzia-di-qualita\/\">certificato ISO<\/a> che tiene in considerazione le richieste del cliente e garantisce puntualit\u00e0. Ma abbiamo anche meccanismi efficaci che ci consentono di rispettare le scadenze e di proteggere i dati sensibili.<\/p>\n\n\n\n<h2 class=\"wp-block-heading\" id=\"i-testi-finanziari-non-viaggiano-quasi-mai-da-soli\">I testi finanziari non viaggiano quasi mai da soli<\/h2>\n\n\n\n<p>Finance, Legal, Taxes e Compliance sono temi che viaggiano spesso insieme. I linguisti e le linguiste di Translingua dispongono del know-how specifico su questi argomenti e in anni di esperienza hanno maturato grande competenza.<\/p>\n\n\n\n<p>Grazie al nostro attento project management, riusciamo a gestire progetti complessi anche in tempi stretti con ottimi risultati. Il <a href=\"https:\/\/www.translingua.ch\/it\/chi-siamo\/\">team di Translingua<\/a> riesce a destreggiarsi con la massima competenza tra diversi formati, pi\u00f9 lingue e modifiche dell\u2019ultimo minuto, senza confusione.<\/p>\n\n\n\n<h2 class=\"wp-block-heading\" id=\"translingua-traduzioni-professionali-ed-efficienti\">Translingua: traduzioni professionali ed efficienti<\/h2>\n\n\n\n<p>Le competenze specialistiche e l\u2019esperienza maturata negli anni sono le fondamenta che sorreggono una collaborazione di successo; i software linguistici pi\u00f9 avanzati e professionali sono invece la marcia in pi\u00f9 della nostra efficienza. Se i testi presentano ripetizioni e numeri da riportare, offriamo coerenza, precisione, tempi pi\u00f9 rapidi e <a href=\"https:\/\/www.translingua.ch\/it\/prezzi\/\">costi<\/a> ridotti. Siamo anche in grado di lavorare sui file di InDesign e di altri programmi di desktop publishing evitando di perdere tempo con i copia e incolla. Scelga di andare sul sicuro con i suoi testi finanziari, ci comunichi le sue esigenze e le illustreremo volentieri le nostre soluzioni.<\/p>\n\n\n\n<div class=\"wp-block-buttons is-horizontal is-content-justification-center is-layout-flex wp-container-core-buttons-is-layout-499968f5 wp-block-buttons-is-layout-flex\">\n<div class=\"wp-block-button\"><a class=\"wp-block-button__link\" href=\"https:\/\/www.translingua.ch\/it\/richiesta-di-preventivo\/\">Preventivo traduzione finanza<\/a><\/div>\n<\/div>\n","protected":false},"excerpt":{"rendered":"<p>Traduzioni per il settore della finanza Traduzioni professionali di bilanci, rapporti di gestione e molto altro ancora Precisione, affidabilit\u00e0 e anni d\u2019esperienza sono le solide fondamenta delle nostre traduzioni specialistiche nel settore della finanza. Translingua offre supporto a numerosi clienti che desiderano trasmettere informazioni ai propri shareholder, partner commerciali e ai media, in diverse lingue e in modo sempre adeguato &#8230; <a title=\"Traduzioni per il settore della finanza\" class=\"read-more\" href=\"https:\/\/www.translingua.ch\/it\/traduzioni\/finanza\/\" aria-label=\"Per saperne di pi\u00f9 su Traduzioni per il settore della finanza\">Weiterlesen<\/a><\/p>\n","protected":false},"author":1,"featured_media":0,"parent":696,"menu_order":0,"comment_status":"closed","ping_status":"closed","template":"","meta":{"footnotes":""},"class_list":["post-845","page","type-page","status-publish"],"featured_image_urls_v2":{"full":"","thumbnail":"","medium":"","medium_large":"","large":"","1536x1536":"","2048x2048":"","gform-image-choice-sm":"","gform-image-choice-md":"","gform-image-choice-lg":""},"post_excerpt_stackable_v2":"<p>Traduzioni per il settore della finanza Traduzioni professionali di bilanci, rapporti di gestione e molto altro ancora Precisione, affidabilit\u00e0 e anni d\u2019esperienza sono le solide fondamenta delle nostre traduzioni specialistiche nel settore della finanza. Translingua offre supporto a numerosi clienti che desiderano trasmettere informazioni ai propri shareholder, partner commerciali e ai media, in diverse lingue e in modo sempre adeguato al target. Oltre ai rapporti di gestione, traduciamo anche piani e istruzioni contabili, documentazione fiscale, lettere agli azionisti, comunicati stampa e interviste. Siamo specializzati inoltre su documenti per la comunicazione interna ed esterna, come analisi di mercato, rapporti trimestrali, descrizioni&hellip;<\/p>\n","category_list_v2":"","author_info_v2":{"name":"nailedit","url":"https:\/\/www.translingua.ch\/it\/author\/nailedit\/"},"comments_num_v2":"0 commenti","yoast_head":"<!-- This site is optimized with the Yoast SEO plugin v27.3 - https:\/\/yoast.com\/product\/yoast-seo-wordpress\/ -->\n<title>Translingua AG &#8226; Traduzioni per il settore della finanza<\/title>\n<meta name=\"robots\" content=\"index, follow, max-snippet:-1, max-image-preview:large, max-video-preview:-1\" \/>\n<link rel=\"canonical\" href=\"https:\/\/www.translingua.ch\/it\/traduzioni\/finanza\/\" \/>\n<meta property=\"og:locale\" content=\"it_IT\" \/>\n<meta property=\"og:type\" content=\"article\" \/>\n<meta property=\"og:title\" content=\"Translingua AG &#8226; Traduzioni per il settore della finanza\" \/>\n<meta property=\"og:description\" content=\"Traduzioni per il settore della finanza Traduzioni professionali di bilanci, rapporti di gestione e molto altro ancora Precisione, affidabilit\u00e0 e anni d\u2019esperienza sono le solide fondamenta delle nostre traduzioni specialistiche nel settore della finanza. Translingua offre supporto a numerosi clienti che desiderano trasmettere informazioni ai propri shareholder, partner commerciali e ai media, in diverse lingue e in modo sempre adeguato ... Weiterlesen\" \/>\n<meta property=\"og:url\" content=\"https:\/\/www.translingua.ch\/it\/traduzioni\/finanza\/\" \/>\n<meta property=\"og:site_name\" content=\"Translingua AG\" \/>\n<meta property=\"article:modified_time\" content=\"2024-10-23T13:41:58+00:00\" \/>\n<meta property=\"og:image\" content=\"https:\/\/www.translingua.ch\/wp-content\/uploads\/Finanzwesen_Icon-Schwarz.png\" \/>\n\t<meta property=\"og:image:width\" content=\"500\" \/>\n\t<meta property=\"og:image:height\" content=\"500\" \/>\n\t<meta property=\"og:image:type\" content=\"image\/png\" \/>\n<meta name=\"twitter:card\" content=\"summary_large_image\" \/>\n<meta name=\"twitter:label1\" content=\"Tempo di lettura stimato\" \/>\n\t<meta name=\"twitter:data1\" content=\"3 minuti\" \/>\n<script type=\"application\/ld+json\" class=\"yoast-schema-graph\">{\"@context\":\"https:\\\/\\\/schema.org\",\"@graph\":[{\"@type\":\"WebPage\",\"@id\":\"https:\\\/\\\/www.translingua.ch\\\/it\\\/traduzioni\\\/finanza\\\/\",\"url\":\"https:\\\/\\\/www.translingua.ch\\\/it\\\/traduzioni\\\/finanza\\\/\",\"name\":\"Translingua AG &#8226; Traduzioni per il settore della finanza\",\"isPartOf\":{\"@id\":\"https:\\\/\\\/www.translingua.ch\\\/#website\"},\"primaryImageOfPage\":{\"@id\":\"https:\\\/\\\/www.translingua.ch\\\/it\\\/traduzioni\\\/finanza\\\/#primaryimage\"},\"image\":{\"@id\":\"https:\\\/\\\/www.translingua.ch\\\/it\\\/traduzioni\\\/finanza\\\/#primaryimage\"},\"thumbnailUrl\":\"https:\\\/\\\/www.translingua.ch\\\/wp-content\\\/uploads\\\/Finanzwesen_Icon-Schwarz.png\",\"datePublished\":\"2017-03-01T14:24:54+00:00\",\"dateModified\":\"2024-10-23T13:41:58+00:00\",\"breadcrumb\":{\"@id\":\"https:\\\/\\\/www.translingua.ch\\\/it\\\/traduzioni\\\/finanza\\\/#breadcrumb\"},\"inLanguage\":\"it-IT\",\"potentialAction\":[{\"@type\":\"ReadAction\",\"target\":[\"https:\\\/\\\/www.translingua.ch\\\/it\\\/traduzioni\\\/finanza\\\/\"]}]},{\"@type\":\"ImageObject\",\"inLanguage\":\"it-IT\",\"@id\":\"https:\\\/\\\/www.translingua.ch\\\/it\\\/traduzioni\\\/finanza\\\/#primaryimage\",\"url\":\"https:\\\/\\\/www.translingua.ch\\\/wp-content\\\/uploads\\\/Finanzwesen_Icon-Schwarz.png\",\"contentUrl\":\"https:\\\/\\\/www.translingua.ch\\\/wp-content\\\/uploads\\\/Finanzwesen_Icon-Schwarz.png\"},{\"@type\":\"BreadcrumbList\",\"@id\":\"https:\\\/\\\/www.translingua.ch\\\/it\\\/traduzioni\\\/finanza\\\/#breadcrumb\",\"itemListElement\":[{\"@type\":\"ListItem\",\"position\":1,\"name\":\"Home\",\"item\":\"https:\\\/\\\/www.translingua.ch\\\/it\\\/\"},{\"@type\":\"ListItem\",\"position\":2,\"name\":\"Traduzioni specialistiche\",\"item\":\"https:\\\/\\\/www.translingua.ch\\\/it\\\/traduzioni\\\/\"},{\"@type\":\"ListItem\",\"position\":3,\"name\":\"Traduzioni per il settore della finanza\"}]},{\"@type\":\"WebSite\",\"@id\":\"https:\\\/\\\/www.translingua.ch\\\/#website\",\"url\":\"https:\\\/\\\/www.translingua.ch\\\/\",\"name\":\"Translingua AG\",\"description\":\"\u00dcbersetzungsb\u00fcro in Z\u00fcrich seit 1975\",\"publisher\":{\"@id\":\"https:\\\/\\\/www.translingua.ch\\\/#organization\"},\"potentialAction\":[{\"@type\":\"SearchAction\",\"target\":{\"@type\":\"EntryPoint\",\"urlTemplate\":\"https:\\\/\\\/www.translingua.ch\\\/?s={search_term_string}\"},\"query-input\":{\"@type\":\"PropertyValueSpecification\",\"valueRequired\":true,\"valueName\":\"search_term_string\"}}],\"inLanguage\":\"it-IT\"},{\"@type\":\"Organization\",\"@id\":\"https:\\\/\\\/www.translingua.ch\\\/#organization\",\"name\":\"Translingua AG\",\"url\":\"https:\\\/\\\/www.translingua.ch\\\/\",\"logo\":{\"@type\":\"ImageObject\",\"inLanguage\":\"it-IT\",\"@id\":\"https:\\\/\\\/www.translingua.ch\\\/#\\\/schema\\\/logo\\\/image\\\/\",\"url\":\"https:\\\/\\\/www.translingua.ch\\\/wp-content\\\/uploads\\\/logo.png\",\"contentUrl\":\"https:\\\/\\\/www.translingua.ch\\\/wp-content\\\/uploads\\\/logo.png\",\"width\":261,\"height\":106,\"caption\":\"Translingua AG\"},\"image\":{\"@id\":\"https:\\\/\\\/www.translingua.ch\\\/#\\\/schema\\\/logo\\\/image\\\/\"}}]}<\/script>\n<!-- \/ Yoast SEO plugin. -->","yoast_head_json":{"title":"Translingua AG &#8226; Traduzioni per il settore della finanza","robots":{"index":"index","follow":"follow","max-snippet":"max-snippet:-1","max-image-preview":"max-image-preview:large","max-video-preview":"max-video-preview:-1"},"canonical":"https:\/\/www.translingua.ch\/it\/traduzioni\/finanza\/","og_locale":"it_IT","og_type":"article","og_title":"Translingua AG &#8226; Traduzioni per il settore della finanza","og_description":"Traduzioni per il settore della finanza Traduzioni professionali di bilanci, rapporti di gestione e molto altro ancora Precisione, affidabilit\u00e0 e anni d\u2019esperienza sono le solide fondamenta delle nostre traduzioni specialistiche nel settore della finanza. Translingua offre supporto a numerosi clienti che desiderano trasmettere informazioni ai propri shareholder, partner commerciali e ai media, in diverse lingue e in modo sempre adeguato ... Weiterlesen","og_url":"https:\/\/www.translingua.ch\/it\/traduzioni\/finanza\/","og_site_name":"Translingua AG","article_modified_time":"2024-10-23T13:41:58+00:00","og_image":[{"width":500,"height":500,"url":"https:\/\/www.translingua.ch\/wp-content\/uploads\/Finanzwesen_Icon-Schwarz.png","type":"image\/png"}],"twitter_card":"summary_large_image","twitter_misc":{"Tempo di lettura stimato":"3 minuti"},"schema":{"@context":"https:\/\/schema.org","@graph":[{"@type":"WebPage","@id":"https:\/\/www.translingua.ch\/it\/traduzioni\/finanza\/","url":"https:\/\/www.translingua.ch\/it\/traduzioni\/finanza\/","name":"Translingua AG &#8226; Traduzioni per il settore della finanza","isPartOf":{"@id":"https:\/\/www.translingua.ch\/#website"},"primaryImageOfPage":{"@id":"https:\/\/www.translingua.ch\/it\/traduzioni\/finanza\/#primaryimage"},"image":{"@id":"https:\/\/www.translingua.ch\/it\/traduzioni\/finanza\/#primaryimage"},"thumbnailUrl":"https:\/\/www.translingua.ch\/wp-content\/uploads\/Finanzwesen_Icon-Schwarz.png","datePublished":"2017-03-01T14:24:54+00:00","dateModified":"2024-10-23T13:41:58+00:00","breadcrumb":{"@id":"https:\/\/www.translingua.ch\/it\/traduzioni\/finanza\/#breadcrumb"},"inLanguage":"it-IT","potentialAction":[{"@type":"ReadAction","target":["https:\/\/www.translingua.ch\/it\/traduzioni\/finanza\/"]}]},{"@type":"ImageObject","inLanguage":"it-IT","@id":"https:\/\/www.translingua.ch\/it\/traduzioni\/finanza\/#primaryimage","url":"https:\/\/www.translingua.ch\/wp-content\/uploads\/Finanzwesen_Icon-Schwarz.png","contentUrl":"https:\/\/www.translingua.ch\/wp-content\/uploads\/Finanzwesen_Icon-Schwarz.png"},{"@type":"BreadcrumbList","@id":"https:\/\/www.translingua.ch\/it\/traduzioni\/finanza\/#breadcrumb","itemListElement":[{"@type":"ListItem","position":1,"name":"Home","item":"https:\/\/www.translingua.ch\/it\/"},{"@type":"ListItem","position":2,"name":"Traduzioni specialistiche","item":"https:\/\/www.translingua.ch\/it\/traduzioni\/"},{"@type":"ListItem","position":3,"name":"Traduzioni per il settore della finanza"}]},{"@type":"WebSite","@id":"https:\/\/www.translingua.ch\/#website","url":"https:\/\/www.translingua.ch\/","name":"Translingua AG","description":"\u00dcbersetzungsb\u00fcro in Z\u00fcrich seit 1975","publisher":{"@id":"https:\/\/www.translingua.ch\/#organization"},"potentialAction":[{"@type":"SearchAction","target":{"@type":"EntryPoint","urlTemplate":"https:\/\/www.translingua.ch\/?s={search_term_string}"},"query-input":{"@type":"PropertyValueSpecification","valueRequired":true,"valueName":"search_term_string"}}],"inLanguage":"it-IT"},{"@type":"Organization","@id":"https:\/\/www.translingua.ch\/#organization","name":"Translingua AG","url":"https:\/\/www.translingua.ch\/","logo":{"@type":"ImageObject","inLanguage":"it-IT","@id":"https:\/\/www.translingua.ch\/#\/schema\/logo\/image\/","url":"https:\/\/www.translingua.ch\/wp-content\/uploads\/logo.png","contentUrl":"https:\/\/www.translingua.ch\/wp-content\/uploads\/logo.png","width":261,"height":106,"caption":"Translingua AG"},"image":{"@id":"https:\/\/www.translingua.ch\/#\/schema\/logo\/image\/"}}]}},"_links":{"self":[{"href":"https:\/\/www.translingua.ch\/it\/wp-json\/wp\/v2\/pages\/845","targetHints":{"allow":["GET"]}}],"collection":[{"href":"https:\/\/www.translingua.ch\/it\/wp-json\/wp\/v2\/pages"}],"about":[{"href":"https:\/\/www.translingua.ch\/it\/wp-json\/wp\/v2\/types\/page"}],"author":[{"embeddable":true,"href":"https:\/\/www.translingua.ch\/it\/wp-json\/wp\/v2\/users\/1"}],"replies":[{"embeddable":true,"href":"https:\/\/www.translingua.ch\/it\/wp-json\/wp\/v2\/comments?post=845"}],"version-history":[{"count":8,"href":"https:\/\/www.translingua.ch\/it\/wp-json\/wp\/v2\/pages\/845\/revisions"}],"predecessor-version":[{"id":9747,"href":"https:\/\/www.translingua.ch\/it\/wp-json\/wp\/v2\/pages\/845\/revisions\/9747"}],"up":[{"embeddable":true,"href":"https:\/\/www.translingua.ch\/it\/wp-json\/wp\/v2\/pages\/696"}],"wp:attachment":[{"href":"https:\/\/www.translingua.ch\/it\/wp-json\/wp\/v2\/media?parent=845"}],"curies":[{"name":"wp","href":"https:\/\/api.w.org\/{rel}","templated":true}]}}