{"id":829,"date":"2017-03-01T15:16:26","date_gmt":"2017-03-01T14:16:26","guid":{"rendered":"https:\/\/www.translingua.ch\/?page_id=829\/"},"modified":"2022-03-18T11:13:44","modified_gmt":"2022-03-18T10:13:44","slug":"tecniche","status":"publish","type":"page","link":"https:\/\/www.translingua.ch\/it\/traduzioni\/tecniche\/","title":{"rendered":"Traduzioni tecniche"},"content":{"rendered":"\n<div class=\"wp-block-stackable-columns stk-block-columns stk-block stk-71736c3\" data-block-id=\"71736c3\"><style>.stk-71736c3{max-width:800px !important;min-width:auto !important;margin-right:auto !important;margin-left:auto !important}.stk-71736c3-column{row-gap:35px !important}<\/style><div class=\"stk-row stk-inner-blocks stk-block-content stk-content-align stk-71736c3-column\">\n<div class=\"wp-block-stackable-column stk-block-column stk-column stk-block stk-83e73f5\" data-block-id=\"83e73f5\"><style>@media screen and (min-width:768px){.stk-83e73f5{flex:1 1 calc(75% - var(--stk-column-gap,0px) * 1 \/ 2 ) !important}}.stk-83e73f5-container{margin-top:0px !important;margin-right:0px !important;margin-bottom:0px !important;margin-left:0px !important}<\/style><div class=\"stk-column-wrapper stk-block-column__content stk-container stk-83e73f5-container stk--no-background stk--no-padding\"><div class=\"stk-block-content stk-inner-blocks\">\n<h1 class=\"wp-block-heading\">Traduzioni tecniche<\/h1>\n<\/div><\/div><\/div>\n\n\n\n<div class=\"wp-block-stackable-column stk-block-column stk-column stk-block stk-a802132\" data-block-id=\"a802132\"><style>@media screen and (min-width:768px){.stk-a802132{flex:1 1 calc(25% - var(--stk-column-gap,0px) * 1 \/ 2 ) !important}}.stk-a802132-container{margin-top:0px !important;margin-right:0px !important;margin-bottom:0px !important;margin-left:0px !important}<\/style><div class=\"stk-column-wrapper stk-block-column__content stk-container stk-a802132-container stk--no-background stk--no-padding\"><div class=\"stk-block-content stk-inner-blocks\">\n<div class=\"wp-block-image\"><figure class=\"aligncenter size-full is-resized\"><img loading=\"lazy\" decoding=\"async\" src=\"https:\/\/www.translingua.ch\/wp-content\/uploads\/test-icon-1.jpg\" alt=\"\" class=\"wp-image-4417\" width=\"190\" height=\"190\" srcset=\"https:\/\/www.translingua.ch\/wp-content\/uploads\/test-icon-1.jpg 360w, https:\/\/www.translingua.ch\/wp-content\/uploads\/test-icon-1-300x300.jpg 300w, https:\/\/www.translingua.ch\/wp-content\/uploads\/test-icon-1-150x150.jpg 150w\" sizes=\"auto, (max-width: 190px) 100vw, 190px\" \/><\/figure><\/div>\n<\/div><\/div><\/div>\n<\/div><\/div>\n\n\n\n<h2 class=\"wp-block-heading\">Traduzione di testi del settore tecnologico e tecnico<\/h2>\n\n\n\n<p>Translingua collabora con rinomate imprese e organizzazioni del campo tecnologico, in alcuni casi anche da decenni. Comprendiamo fino in fondo i processi tecnici e le esigenze specifiche dei nostri clienti. Quando traducono testi come istruzioni, schede tecniche, specifiche, regolamenti, analisi, manuali, cataloghi o certificati di collaudo, i nostri professionisti si immergono nel mondo del cliente e sfruttano le proprie competenze tecniche rispettando le richieste specifiche. I campi e le applicazioni sono estremamente vari: ingegneria meccanica, elettronica, tecnologie ambientali, costruzioni, industria chimica, industria farmaceutica, apparecchi e prodotti medicali, stampa, grafica, industria alimentare, engineering e molto altro ancora.<\/p>\n\n\n\n<h2 class=\"wp-block-heading\">Le traduzioni tecniche e il principio della precisione<\/h2>\n\n\n\n<p>Chi affida un testo tecnico con contenuto specialistico a Translingua pu\u00f2 aspettarsi la massima precisione. Le competenze specialistiche e l\u2019esperienza maturata negli anni sono le fondamenta, i software pi\u00f9 avanzati e professionali sono invece la marcia in pi\u00f9 della nostra efficienza. In presenza di parti che si ripetono i nostri clienti possono contare su coerenza e precisione terminologica, tempi di consegna pi\u00f9 brevi e costi pi\u00f9 bassi. Possiamo anche lavorare direttamente con i file di InDesign e di altri programmi di desktop publishing evitando di perdere tempo con i copia e incolla.<\/p>\n\n\n\n<h2 class=\"wp-block-heading\">Testi tecnici e terminologia sotto controllo<\/h2>\n\n\n\n<p>I clienti di Translingua possono contare su un\u2019assistenza rapida e completa nel campo della documentazione tecnica e della gestione della terminologia. I nostri strumenti sono compatibili con la maggior parte dei programmi in uso nel campo industriale. Al fine di consentire una corretta comprensione interna ed esterna della sua terminologia in pi\u00f9 lingue, offriamo la banca dati online TermData.<\/p>\n\n\n\n<p>La qualit\u00e0 <a href=\"https:\/\/www.translingua.ch\/it\/chi-siamo\/garanzia-di-qualita\/\">certificata ISO<\/a> delle nostre traduzioni tecniche non ha bisogno di presentazioni. Facciamo in modo che anche i clienti, il personale e i partner che parlano una lingua diversa possano capire tutto correttamente.<\/p>\n\n\n\n<div class=\"wp-block-buttons is-horizontal is-content-justification-center is-layout-flex wp-container-core-buttons-is-layout-499968f5 wp-block-buttons-is-layout-flex\">\n<div class=\"wp-block-button\"><a class=\"wp-block-button__link\" href=\"https:\/\/www.translingua.ch\/it\/richiesta-di-preventivo\/\">Richiesta traduzione tecnica<\/a><\/div>\n<\/div>\n","protected":false},"excerpt":{"rendered":"<p>Traduzioni tecniche Traduzione di testi del settore tecnologico e tecnico Translingua collabora con rinomate imprese e organizzazioni del campo tecnologico, in alcuni casi anche da decenni. Comprendiamo fino in fondo i processi tecnici e le esigenze specifiche dei nostri clienti. Quando traducono testi come istruzioni, schede tecniche, specifiche, regolamenti, analisi, manuali, cataloghi o certificati di collaudo, i nostri professionisti si &#8230; <a title=\"Traduzioni tecniche\" class=\"read-more\" href=\"https:\/\/www.translingua.ch\/it\/traduzioni\/tecniche\/\" aria-label=\"Per saperne di pi\u00f9 su Traduzioni tecniche\">Weiterlesen<\/a><\/p>\n","protected":false},"author":1,"featured_media":0,"parent":696,"menu_order":0,"comment_status":"closed","ping_status":"closed","template":"","meta":{"footnotes":""},"class_list":["post-829","page","type-page","status-publish"],"featured_image_urls_v2":{"full":"","thumbnail":"","medium":"","medium_large":"","large":"","1536x1536":"","2048x2048":"","gform-image-choice-sm":"","gform-image-choice-md":"","gform-image-choice-lg":""},"post_excerpt_stackable_v2":"<p>Traduzioni tecniche Traduzione di testi del settore tecnologico e tecnico Translingua collabora con rinomate imprese e organizzazioni del campo tecnologico, in alcuni casi anche da decenni. Comprendiamo fino in fondo i processi tecnici e le esigenze specifiche dei nostri clienti. Quando traducono testi come istruzioni, schede tecniche, specifiche, regolamenti, analisi, manuali, cataloghi o certificati di collaudo, i nostri professionisti si immergono nel mondo del cliente e sfruttano le proprie competenze tecniche rispettando le richieste specifiche. I campi e le applicazioni sono estremamente vari: ingegneria meccanica, elettronica, tecnologie ambientali, costruzioni, industria chimica, industria farmaceutica, apparecchi e prodotti medicali, stampa, grafica, industria&hellip;<\/p>\n","category_list_v2":"","author_info_v2":{"name":"nailedit","url":"https:\/\/www.translingua.ch\/it\/author\/nailedit\/"},"comments_num_v2":"0 commenti","yoast_head":"<!-- This site is optimized with the Yoast SEO plugin v27.3 - https:\/\/yoast.com\/product\/yoast-seo-wordpress\/ -->\n<title>Translingua AG &#8226; Traduzioni tecniche<\/title>\n<meta name=\"robots\" content=\"index, follow, max-snippet:-1, max-image-preview:large, max-video-preview:-1\" \/>\n<link rel=\"canonical\" href=\"https:\/\/www.translingua.ch\/it\/traduzioni\/tecniche\/\" \/>\n<meta property=\"og:locale\" content=\"it_IT\" \/>\n<meta property=\"og:type\" content=\"article\" \/>\n<meta property=\"og:title\" content=\"Translingua AG &#8226; Traduzioni tecniche\" \/>\n<meta property=\"og:description\" content=\"Traduzioni tecniche Traduzione di testi del settore tecnologico e tecnico Translingua collabora con rinomate imprese e organizzazioni del campo tecnologico, in alcuni casi anche da decenni. Comprendiamo fino in fondo i processi tecnici e le esigenze specifiche dei nostri clienti. Quando traducono testi come istruzioni, schede tecniche, specifiche, regolamenti, analisi, manuali, cataloghi o certificati di collaudo, i nostri professionisti si ... Weiterlesen\" \/>\n<meta property=\"og:url\" content=\"https:\/\/www.translingua.ch\/it\/traduzioni\/tecniche\/\" \/>\n<meta property=\"og:site_name\" content=\"Translingua AG\" \/>\n<meta property=\"article:modified_time\" content=\"2022-03-18T10:13:44+00:00\" \/>\n<meta property=\"og:image\" content=\"https:\/\/www.translingua.ch\/wp-content\/uploads\/test-icon-1.jpg\" \/>\n<meta name=\"twitter:card\" content=\"summary_large_image\" \/>\n<meta name=\"twitter:label1\" content=\"Tempo di lettura stimato\" \/>\n\t<meta name=\"twitter:data1\" content=\"3 minuti\" \/>\n<script type=\"application\/ld+json\" class=\"yoast-schema-graph\">{\"@context\":\"https:\\\/\\\/schema.org\",\"@graph\":[{\"@type\":\"WebPage\",\"@id\":\"https:\\\/\\\/www.translingua.ch\\\/it\\\/traduzioni\\\/tecniche\\\/\",\"url\":\"https:\\\/\\\/www.translingua.ch\\\/it\\\/traduzioni\\\/tecniche\\\/\",\"name\":\"Translingua AG &#8226; Traduzioni tecniche\",\"isPartOf\":{\"@id\":\"https:\\\/\\\/www.translingua.ch\\\/#website\"},\"primaryImageOfPage\":{\"@id\":\"https:\\\/\\\/www.translingua.ch\\\/it\\\/traduzioni\\\/tecniche\\\/#primaryimage\"},\"image\":{\"@id\":\"https:\\\/\\\/www.translingua.ch\\\/it\\\/traduzioni\\\/tecniche\\\/#primaryimage\"},\"thumbnailUrl\":\"https:\\\/\\\/www.translingua.ch\\\/wp-content\\\/uploads\\\/test-icon-1.jpg\",\"datePublished\":\"2017-03-01T14:16:26+00:00\",\"dateModified\":\"2022-03-18T10:13:44+00:00\",\"breadcrumb\":{\"@id\":\"https:\\\/\\\/www.translingua.ch\\\/it\\\/traduzioni\\\/tecniche\\\/#breadcrumb\"},\"inLanguage\":\"it-IT\",\"potentialAction\":[{\"@type\":\"ReadAction\",\"target\":[\"https:\\\/\\\/www.translingua.ch\\\/it\\\/traduzioni\\\/tecniche\\\/\"]}]},{\"@type\":\"ImageObject\",\"inLanguage\":\"it-IT\",\"@id\":\"https:\\\/\\\/www.translingua.ch\\\/it\\\/traduzioni\\\/tecniche\\\/#primaryimage\",\"url\":\"https:\\\/\\\/www.translingua.ch\\\/wp-content\\\/uploads\\\/test-icon-1.jpg\",\"contentUrl\":\"https:\\\/\\\/www.translingua.ch\\\/wp-content\\\/uploads\\\/test-icon-1.jpg\"},{\"@type\":\"BreadcrumbList\",\"@id\":\"https:\\\/\\\/www.translingua.ch\\\/it\\\/traduzioni\\\/tecniche\\\/#breadcrumb\",\"itemListElement\":[{\"@type\":\"ListItem\",\"position\":1,\"name\":\"Home\",\"item\":\"https:\\\/\\\/www.translingua.ch\\\/it\\\/\"},{\"@type\":\"ListItem\",\"position\":2,\"name\":\"Traduzioni specialistiche\",\"item\":\"https:\\\/\\\/www.translingua.ch\\\/it\\\/traduzioni\\\/\"},{\"@type\":\"ListItem\",\"position\":3,\"name\":\"Traduzioni tecniche\"}]},{\"@type\":\"WebSite\",\"@id\":\"https:\\\/\\\/www.translingua.ch\\\/#website\",\"url\":\"https:\\\/\\\/www.translingua.ch\\\/\",\"name\":\"Translingua AG\",\"description\":\"\u00dcbersetzungsb\u00fcro in Z\u00fcrich seit 1975\",\"publisher\":{\"@id\":\"https:\\\/\\\/www.translingua.ch\\\/#organization\"},\"potentialAction\":[{\"@type\":\"SearchAction\",\"target\":{\"@type\":\"EntryPoint\",\"urlTemplate\":\"https:\\\/\\\/www.translingua.ch\\\/?s={search_term_string}\"},\"query-input\":{\"@type\":\"PropertyValueSpecification\",\"valueRequired\":true,\"valueName\":\"search_term_string\"}}],\"inLanguage\":\"it-IT\"},{\"@type\":\"Organization\",\"@id\":\"https:\\\/\\\/www.translingua.ch\\\/#organization\",\"name\":\"Translingua AG\",\"url\":\"https:\\\/\\\/www.translingua.ch\\\/\",\"logo\":{\"@type\":\"ImageObject\",\"inLanguage\":\"it-IT\",\"@id\":\"https:\\\/\\\/www.translingua.ch\\\/#\\\/schema\\\/logo\\\/image\\\/\",\"url\":\"https:\\\/\\\/www.translingua.ch\\\/wp-content\\\/uploads\\\/logo.png\",\"contentUrl\":\"https:\\\/\\\/www.translingua.ch\\\/wp-content\\\/uploads\\\/logo.png\",\"width\":261,\"height\":106,\"caption\":\"Translingua AG\"},\"image\":{\"@id\":\"https:\\\/\\\/www.translingua.ch\\\/#\\\/schema\\\/logo\\\/image\\\/\"}}]}<\/script>\n<!-- \/ Yoast SEO plugin. -->","yoast_head_json":{"title":"Translingua AG &#8226; Traduzioni tecniche","robots":{"index":"index","follow":"follow","max-snippet":"max-snippet:-1","max-image-preview":"max-image-preview:large","max-video-preview":"max-video-preview:-1"},"canonical":"https:\/\/www.translingua.ch\/it\/traduzioni\/tecniche\/","og_locale":"it_IT","og_type":"article","og_title":"Translingua AG &#8226; Traduzioni tecniche","og_description":"Traduzioni tecniche Traduzione di testi del settore tecnologico e tecnico Translingua collabora con rinomate imprese e organizzazioni del campo tecnologico, in alcuni casi anche da decenni. Comprendiamo fino in fondo i processi tecnici e le esigenze specifiche dei nostri clienti. Quando traducono testi come istruzioni, schede tecniche, specifiche, regolamenti, analisi, manuali, cataloghi o certificati di collaudo, i nostri professionisti si ... Weiterlesen","og_url":"https:\/\/www.translingua.ch\/it\/traduzioni\/tecniche\/","og_site_name":"Translingua AG","article_modified_time":"2022-03-18T10:13:44+00:00","og_image":[{"url":"https:\/\/www.translingua.ch\/wp-content\/uploads\/test-icon-1.jpg","type":"","width":"","height":""}],"twitter_card":"summary_large_image","twitter_misc":{"Tempo di lettura stimato":"3 minuti"},"schema":{"@context":"https:\/\/schema.org","@graph":[{"@type":"WebPage","@id":"https:\/\/www.translingua.ch\/it\/traduzioni\/tecniche\/","url":"https:\/\/www.translingua.ch\/it\/traduzioni\/tecniche\/","name":"Translingua AG &#8226; Traduzioni tecniche","isPartOf":{"@id":"https:\/\/www.translingua.ch\/#website"},"primaryImageOfPage":{"@id":"https:\/\/www.translingua.ch\/it\/traduzioni\/tecniche\/#primaryimage"},"image":{"@id":"https:\/\/www.translingua.ch\/it\/traduzioni\/tecniche\/#primaryimage"},"thumbnailUrl":"https:\/\/www.translingua.ch\/wp-content\/uploads\/test-icon-1.jpg","datePublished":"2017-03-01T14:16:26+00:00","dateModified":"2022-03-18T10:13:44+00:00","breadcrumb":{"@id":"https:\/\/www.translingua.ch\/it\/traduzioni\/tecniche\/#breadcrumb"},"inLanguage":"it-IT","potentialAction":[{"@type":"ReadAction","target":["https:\/\/www.translingua.ch\/it\/traduzioni\/tecniche\/"]}]},{"@type":"ImageObject","inLanguage":"it-IT","@id":"https:\/\/www.translingua.ch\/it\/traduzioni\/tecniche\/#primaryimage","url":"https:\/\/www.translingua.ch\/wp-content\/uploads\/test-icon-1.jpg","contentUrl":"https:\/\/www.translingua.ch\/wp-content\/uploads\/test-icon-1.jpg"},{"@type":"BreadcrumbList","@id":"https:\/\/www.translingua.ch\/it\/traduzioni\/tecniche\/#breadcrumb","itemListElement":[{"@type":"ListItem","position":1,"name":"Home","item":"https:\/\/www.translingua.ch\/it\/"},{"@type":"ListItem","position":2,"name":"Traduzioni specialistiche","item":"https:\/\/www.translingua.ch\/it\/traduzioni\/"},{"@type":"ListItem","position":3,"name":"Traduzioni tecniche"}]},{"@type":"WebSite","@id":"https:\/\/www.translingua.ch\/#website","url":"https:\/\/www.translingua.ch\/","name":"Translingua AG","description":"\u00dcbersetzungsb\u00fcro in Z\u00fcrich seit 1975","publisher":{"@id":"https:\/\/www.translingua.ch\/#organization"},"potentialAction":[{"@type":"SearchAction","target":{"@type":"EntryPoint","urlTemplate":"https:\/\/www.translingua.ch\/?s={search_term_string}"},"query-input":{"@type":"PropertyValueSpecification","valueRequired":true,"valueName":"search_term_string"}}],"inLanguage":"it-IT"},{"@type":"Organization","@id":"https:\/\/www.translingua.ch\/#organization","name":"Translingua AG","url":"https:\/\/www.translingua.ch\/","logo":{"@type":"ImageObject","inLanguage":"it-IT","@id":"https:\/\/www.translingua.ch\/#\/schema\/logo\/image\/","url":"https:\/\/www.translingua.ch\/wp-content\/uploads\/logo.png","contentUrl":"https:\/\/www.translingua.ch\/wp-content\/uploads\/logo.png","width":261,"height":106,"caption":"Translingua AG"},"image":{"@id":"https:\/\/www.translingua.ch\/#\/schema\/logo\/image\/"}}]}},"_links":{"self":[{"href":"https:\/\/www.translingua.ch\/it\/wp-json\/wp\/v2\/pages\/829","targetHints":{"allow":["GET"]}}],"collection":[{"href":"https:\/\/www.translingua.ch\/it\/wp-json\/wp\/v2\/pages"}],"about":[{"href":"https:\/\/www.translingua.ch\/it\/wp-json\/wp\/v2\/types\/page"}],"author":[{"embeddable":true,"href":"https:\/\/www.translingua.ch\/it\/wp-json\/wp\/v2\/users\/1"}],"replies":[{"embeddable":true,"href":"https:\/\/www.translingua.ch\/it\/wp-json\/wp\/v2\/comments?post=829"}],"version-history":[{"count":5,"href":"https:\/\/www.translingua.ch\/it\/wp-json\/wp\/v2\/pages\/829\/revisions"}],"predecessor-version":[{"id":6602,"href":"https:\/\/www.translingua.ch\/it\/wp-json\/wp\/v2\/pages\/829\/revisions\/6602"}],"up":[{"embeddable":true,"href":"https:\/\/www.translingua.ch\/it\/wp-json\/wp\/v2\/pages\/696"}],"wp:attachment":[{"href":"https:\/\/www.translingua.ch\/it\/wp-json\/wp\/v2\/media?parent=829"}],"curies":[{"name":"wp","href":"https:\/\/api.w.org\/{rel}","templated":true}]}}