{"id":6396,"date":"2022-02-25T15:46:26","date_gmt":"2022-02-25T14:46:26","guid":{"rendered":"https:\/\/www.translingua.ch\/?page_id=6396"},"modified":"2025-10-07T15:07:09","modified_gmt":"2025-10-07T13:07:09","slug":"servizi-linguistici-sostenibili","status":"publish","type":"page","link":"https:\/\/www.translingua.ch\/it\/chi-siamo\/servizi-linguistici-sostenibili\/","title":{"rendered":"Servizi linguistici sostenibili"},"content":{"rendered":"\n<h2 class=\"wp-block-heading\">Pi\u00f9 sostenibilit\u00e0, per davvero<\/h2>\n\n\n\n<p>Teniamo molto alla sostenibilit\u00e0, fa parte del DNA di Translingua. Ma cosa significa, concretamente, essere sostenibili nel campo dei servizi linguistici? \u00c8 sufficiente fare la raccolta differenziata, risparmiare energia o piantare alberi? Abbiamo deciso di non cedere a soluzioni isolate di carattere simbolico e di scegliere una strategia ambiziosa, a 360 gradi. Il nostro punto di riferimento sono i 17 Obiettivi per lo Sviluppo Sostenibile dell\u2019ONU (anche noti come Agenda 2030 o Sustainable Development Goals, SDG). La Confederazione ha riconosciuto tali obiettivi e li ha posti a sostegno dell\u2019attuazione della \u00abStrategia per uno sviluppo sostenibile 2030\u00bb (SSS&nbsp;2030).<\/p>\n\n\n\n<p>Translingua ha deciso di approfondire la conoscenza di questi obiettivi e di verificarne la rilevanza nel settore delle traduzioni e dei servizi linguistici, cos\u00ec nel 2020 ha aderito al programma Swiss Triple Impact (STI). STI \u00e8 stato lanciato da B Lab Schweiz e aiuta le imprese svizzere ad attuare misure concrete per raggiungere gli Obiettivi per lo Sviluppo Sostenibile.<\/p>\n\n\n\n<h2 class=\"wp-block-heading\">Obiettivi di sostenibilit\u00e0 ambiziosi<\/h2>\n\n\n\n<p>Siamo la prima agenzia di traduzioni svizzera ad aver avviato, insieme al personale esperto di STI, un percorso di analisi delle ricadute ecologiche e sociali delle nostre attivit\u00e0, sfociato nella definizione di obiettivi ambiziosi, specifici e misurabili.<\/p>\n\n\n\n<ul class=\"wp-block-list\">\n<li>dall\u20191% circa di oggi arriveremo al 5% di fatturato da servizi con valore aggiunto di sostenibilit\u00e0.<\/li>\n\n\n\n<li>Translingua assicura tramite un sondaggio che almeno il 90% dei freelance sia trattato in modo equo, che almeno il 75% di loro valuti il proprio compenso come equo o molto equo, e che non vi sia un divario retributivo di genere.<\/li>\n\n\n\n<li>compensiamo 100% delle nostre emissioni di tonnellate di CO2 equivalente (Scope 1 e Scope 2).<\/li>\n<\/ul>\n\n\n<div class=\"wp-block-image\">\n<figure class=\"aligncenter size-full\"><img loading=\"lazy\" decoding=\"async\" width=\"170\" height=\"231\" src=\"https:\/\/www.translingua.ch\/wp-content\/uploads\/Swiss-Triple-Impact-Directory-Logo-1.jpg\" alt=\"\" class=\"wp-image-6527\"\/><\/figure>\n<\/div>\n\n\n<p>A inizio 2022 il comitato indipendente di STI ha validato e approvato gli obiettivi, il piano per attuarli e lo stato di avanzamento. Con la \u00abCEO Commitment Letter\u00bb e la pubblicazione nel <a href=\"https:\/\/blab-switzerland.ch\/ecosystem-dashboard\/?jsf=jet-engine:type&amp;_s=Translingua\" target=\"_blank\" rel=\"noreferrer noopener\">registro di STI<\/a> ribadiamo l\u2019ambizione di concorrere al bene comune e di essere l\u2019agenzia svizzera di servizi linguistici pi\u00f9 sostenibile. Translingua ha anche esaminato gli obiettivi stabiliti con STI insieme al centro di consulenza \u00d6ko-Kompass di Zurigo per valutare gli aspetti relativi alla corrente elettrica, al riscaldamento e alla mobilit\u00e0, stabilendo cos\u00ec ulteriori obiettivi di riduzione specifici per il settore.<\/p>\n\n\n\n<p><strong>Secondo noi non c\u2019\u00e8 successo duraturo senza sostenibilit\u00e0.<\/strong> <strong>Anche la sua organizzazione misura le prestazioni in termini di sostenibilit\u00e0? Siamo la prima agenzia di traduzioni svizzera con obiettivi validati e misurabili, in grado di realizzare i progetti linguistici in modo sostenibile, contribuendo cos\u00ec anche al raggiungimento degli obiettivi di sostenibilit\u00e0 dei nostri clienti.<\/strong><\/p>\n\n\n\n<p>Siamo volentieri <a href=\"https:\/\/www.translingua.ch\/it\/chi-siamo\/contatto\/\">a disposizione per parlarne<\/a> insieme e approfondire il tema.<\/p>\n\n\n\n<div class=\"wp-block-buttons is-horizontal is-content-justification-center is-layout-flex wp-container-core-buttons-is-layout-499968f5 wp-block-buttons-is-layout-flex\">\n<div class=\"wp-block-button\"><a class=\"wp-block-button__link wp-element-button\" href=\"https:\/\/www.translingua.ch\/it\/richiesta-di-preventivo\/\">Si metta in contatto con noi!<\/a><\/div>\n<\/div>\n","protected":false},"excerpt":{"rendered":"<p>Pi\u00f9 sostenibilit\u00e0, per davvero Teniamo molto alla sostenibilit\u00e0, fa parte del DNA di Translingua. Ma cosa significa, concretamente, essere sostenibili nel campo dei servizi linguistici? \u00c8 sufficiente fare la raccolta differenziata, risparmiare energia o piantare alberi? Abbiamo deciso di non cedere a soluzioni isolate di carattere simbolico e di scegliere una strategia ambiziosa, a 360 gradi. Il nostro punto di &#8230; <a title=\"Servizi linguistici sostenibili\" class=\"read-more\" href=\"https:\/\/www.translingua.ch\/it\/chi-siamo\/servizi-linguistici-sostenibili\/\" aria-label=\"Per saperne di pi\u00f9 su Servizi linguistici sostenibili\">Weiterlesen<\/a><\/p>\n","protected":false},"author":2,"featured_media":0,"parent":909,"menu_order":0,"comment_status":"closed","ping_status":"closed","template":"","meta":{"footnotes":""},"class_list":["post-6396","page","type-page","status-publish"],"featured_image_urls_v2":{"full":"","thumbnail":"","medium":"","medium_large":"","large":"","1536x1536":"","2048x2048":"","gform-image-choice-sm":"","gform-image-choice-md":"","gform-image-choice-lg":""},"post_excerpt_stackable_v2":"<p>Pi\u00f9 sostenibilit\u00e0, per davvero Teniamo molto alla sostenibilit\u00e0, fa parte del DNA di Translingua. Ma cosa significa, concretamente, essere sostenibili nel campo dei servizi linguistici? \u00c8 sufficiente fare la raccolta differenziata, risparmiare energia o piantare alberi? Abbiamo deciso di non cedere a soluzioni isolate di carattere simbolico e di scegliere una strategia ambiziosa, a 360 gradi. Il nostro punto di riferimento sono i 17 Obiettivi per lo Sviluppo Sostenibile dell\u2019ONU (anche noti come Agenda 2030 o Sustainable Development Goals, SDG). La Confederazione ha riconosciuto tali obiettivi e li ha posti a sostegno dell\u2019attuazione della \u00abStrategia per uno sviluppo sostenibile 2030\u00bb&hellip;<\/p>\n","category_list_v2":"","author_info_v2":{"name":"Lorenz Eymann","url":"https:\/\/www.translingua.ch\/it\/author\/eymann\/"},"comments_num_v2":"0 commenti","yoast_head":"<!-- This site is optimized with the Yoast SEO plugin v27.3 - https:\/\/yoast.com\/product\/yoast-seo-wordpress\/ -->\n<title>Translingua AG &#8226; Servizi linguistici sostenibili<\/title>\n<meta name=\"robots\" content=\"index, follow, max-snippet:-1, max-image-preview:large, max-video-preview:-1\" \/>\n<link rel=\"canonical\" href=\"https:\/\/www.translingua.ch\/it\/chi-siamo\/servizi-linguistici-sostenibili\/\" \/>\n<meta property=\"og:locale\" content=\"it_IT\" \/>\n<meta property=\"og:type\" content=\"article\" \/>\n<meta property=\"og:title\" content=\"Translingua AG &#8226; Servizi linguistici sostenibili\" \/>\n<meta property=\"og:description\" content=\"Pi\u00f9 sostenibilit\u00e0, per davvero Teniamo molto alla sostenibilit\u00e0, fa parte del DNA di Translingua. Ma cosa significa, concretamente, essere sostenibili nel campo dei servizi linguistici? \u00c8 sufficiente fare la raccolta differenziata, risparmiare energia o piantare alberi? Abbiamo deciso di non cedere a soluzioni isolate di carattere simbolico e di scegliere una strategia ambiziosa, a 360 gradi. Il nostro punto di ... Weiterlesen\" \/>\n<meta property=\"og:url\" content=\"https:\/\/www.translingua.ch\/it\/chi-siamo\/servizi-linguistici-sostenibili\/\" \/>\n<meta property=\"og:site_name\" content=\"Translingua AG\" \/>\n<meta property=\"article:modified_time\" content=\"2025-10-07T13:07:09+00:00\" \/>\n<meta property=\"og:image\" content=\"https:\/\/www.translingua.ch\/wp-content\/uploads\/Swiss-Triple-Impact-Directory-Logo-1.jpg\" \/>\n\t<meta property=\"og:image:width\" content=\"170\" \/>\n\t<meta property=\"og:image:height\" content=\"231\" \/>\n\t<meta property=\"og:image:type\" content=\"image\/jpeg\" \/>\n<meta name=\"twitter:card\" content=\"summary_large_image\" \/>\n<meta name=\"twitter:label1\" content=\"Tempo di lettura stimato\" \/>\n\t<meta name=\"twitter:data1\" content=\"3 minuti\" \/>\n<script type=\"application\/ld+json\" class=\"yoast-schema-graph\">{\"@context\":\"https:\\\/\\\/schema.org\",\"@graph\":[{\"@type\":\"WebPage\",\"@id\":\"https:\\\/\\\/www.translingua.ch\\\/it\\\/chi-siamo\\\/servizi-linguistici-sostenibili\\\/\",\"url\":\"https:\\\/\\\/www.translingua.ch\\\/it\\\/chi-siamo\\\/servizi-linguistici-sostenibili\\\/\",\"name\":\"Translingua AG &#8226; Servizi linguistici sostenibili\",\"isPartOf\":{\"@id\":\"https:\\\/\\\/www.translingua.ch\\\/#website\"},\"primaryImageOfPage\":{\"@id\":\"https:\\\/\\\/www.translingua.ch\\\/it\\\/chi-siamo\\\/servizi-linguistici-sostenibili\\\/#primaryimage\"},\"image\":{\"@id\":\"https:\\\/\\\/www.translingua.ch\\\/it\\\/chi-siamo\\\/servizi-linguistici-sostenibili\\\/#primaryimage\"},\"thumbnailUrl\":\"https:\\\/\\\/www.translingua.ch\\\/wp-content\\\/uploads\\\/Swiss-Triple-Impact-Directory-Logo-1.jpg\",\"datePublished\":\"2022-02-25T14:46:26+00:00\",\"dateModified\":\"2025-10-07T13:07:09+00:00\",\"breadcrumb\":{\"@id\":\"https:\\\/\\\/www.translingua.ch\\\/it\\\/chi-siamo\\\/servizi-linguistici-sostenibili\\\/#breadcrumb\"},\"inLanguage\":\"it-IT\",\"potentialAction\":[{\"@type\":\"ReadAction\",\"target\":[\"https:\\\/\\\/www.translingua.ch\\\/it\\\/chi-siamo\\\/servizi-linguistici-sostenibili\\\/\"]}]},{\"@type\":\"ImageObject\",\"inLanguage\":\"it-IT\",\"@id\":\"https:\\\/\\\/www.translingua.ch\\\/it\\\/chi-siamo\\\/servizi-linguistici-sostenibili\\\/#primaryimage\",\"url\":\"https:\\\/\\\/www.translingua.ch\\\/wp-content\\\/uploads\\\/Swiss-Triple-Impact-Directory-Logo-1.jpg\",\"contentUrl\":\"https:\\\/\\\/www.translingua.ch\\\/wp-content\\\/uploads\\\/Swiss-Triple-Impact-Directory-Logo-1.jpg\"},{\"@type\":\"BreadcrumbList\",\"@id\":\"https:\\\/\\\/www.translingua.ch\\\/it\\\/chi-siamo\\\/servizi-linguistici-sostenibili\\\/#breadcrumb\",\"itemListElement\":[{\"@type\":\"ListItem\",\"position\":1,\"name\":\"Home\",\"item\":\"https:\\\/\\\/www.translingua.ch\\\/it\\\/\"},{\"@type\":\"ListItem\",\"position\":2,\"name\":\"Translingua: la sua agenzia di traduzioni svizzera\",\"item\":\"https:\\\/\\\/www.translingua.ch\\\/it\\\/chi-siamo\\\/\"},{\"@type\":\"ListItem\",\"position\":3,\"name\":\"Servizi linguistici sostenibili\"}]},{\"@type\":\"WebSite\",\"@id\":\"https:\\\/\\\/www.translingua.ch\\\/#website\",\"url\":\"https:\\\/\\\/www.translingua.ch\\\/\",\"name\":\"Translingua AG\",\"description\":\"\u00dcbersetzungsb\u00fcro in Z\u00fcrich seit 1975\",\"publisher\":{\"@id\":\"https:\\\/\\\/www.translingua.ch\\\/#organization\"},\"potentialAction\":[{\"@type\":\"SearchAction\",\"target\":{\"@type\":\"EntryPoint\",\"urlTemplate\":\"https:\\\/\\\/www.translingua.ch\\\/?s={search_term_string}\"},\"query-input\":{\"@type\":\"PropertyValueSpecification\",\"valueRequired\":true,\"valueName\":\"search_term_string\"}}],\"inLanguage\":\"it-IT\"},{\"@type\":\"Organization\",\"@id\":\"https:\\\/\\\/www.translingua.ch\\\/#organization\",\"name\":\"Translingua AG\",\"url\":\"https:\\\/\\\/www.translingua.ch\\\/\",\"logo\":{\"@type\":\"ImageObject\",\"inLanguage\":\"it-IT\",\"@id\":\"https:\\\/\\\/www.translingua.ch\\\/#\\\/schema\\\/logo\\\/image\\\/\",\"url\":\"https:\\\/\\\/www.translingua.ch\\\/wp-content\\\/uploads\\\/logo.png\",\"contentUrl\":\"https:\\\/\\\/www.translingua.ch\\\/wp-content\\\/uploads\\\/logo.png\",\"width\":261,\"height\":106,\"caption\":\"Translingua AG\"},\"image\":{\"@id\":\"https:\\\/\\\/www.translingua.ch\\\/#\\\/schema\\\/logo\\\/image\\\/\"}}]}<\/script>\n<!-- \/ Yoast SEO plugin. -->","yoast_head_json":{"title":"Translingua AG &#8226; Servizi linguistici sostenibili","robots":{"index":"index","follow":"follow","max-snippet":"max-snippet:-1","max-image-preview":"max-image-preview:large","max-video-preview":"max-video-preview:-1"},"canonical":"https:\/\/www.translingua.ch\/it\/chi-siamo\/servizi-linguistici-sostenibili\/","og_locale":"it_IT","og_type":"article","og_title":"Translingua AG &#8226; Servizi linguistici sostenibili","og_description":"Pi\u00f9 sostenibilit\u00e0, per davvero Teniamo molto alla sostenibilit\u00e0, fa parte del DNA di Translingua. Ma cosa significa, concretamente, essere sostenibili nel campo dei servizi linguistici? \u00c8 sufficiente fare la raccolta differenziata, risparmiare energia o piantare alberi? Abbiamo deciso di non cedere a soluzioni isolate di carattere simbolico e di scegliere una strategia ambiziosa, a 360 gradi. Il nostro punto di ... Weiterlesen","og_url":"https:\/\/www.translingua.ch\/it\/chi-siamo\/servizi-linguistici-sostenibili\/","og_site_name":"Translingua AG","article_modified_time":"2025-10-07T13:07:09+00:00","og_image":[{"width":170,"height":231,"url":"https:\/\/www.translingua.ch\/wp-content\/uploads\/Swiss-Triple-Impact-Directory-Logo-1.jpg","type":"image\/jpeg"}],"twitter_card":"summary_large_image","twitter_misc":{"Tempo di lettura stimato":"3 minuti"},"schema":{"@context":"https:\/\/schema.org","@graph":[{"@type":"WebPage","@id":"https:\/\/www.translingua.ch\/it\/chi-siamo\/servizi-linguistici-sostenibili\/","url":"https:\/\/www.translingua.ch\/it\/chi-siamo\/servizi-linguistici-sostenibili\/","name":"Translingua AG &#8226; Servizi linguistici sostenibili","isPartOf":{"@id":"https:\/\/www.translingua.ch\/#website"},"primaryImageOfPage":{"@id":"https:\/\/www.translingua.ch\/it\/chi-siamo\/servizi-linguistici-sostenibili\/#primaryimage"},"image":{"@id":"https:\/\/www.translingua.ch\/it\/chi-siamo\/servizi-linguistici-sostenibili\/#primaryimage"},"thumbnailUrl":"https:\/\/www.translingua.ch\/wp-content\/uploads\/Swiss-Triple-Impact-Directory-Logo-1.jpg","datePublished":"2022-02-25T14:46:26+00:00","dateModified":"2025-10-07T13:07:09+00:00","breadcrumb":{"@id":"https:\/\/www.translingua.ch\/it\/chi-siamo\/servizi-linguistici-sostenibili\/#breadcrumb"},"inLanguage":"it-IT","potentialAction":[{"@type":"ReadAction","target":["https:\/\/www.translingua.ch\/it\/chi-siamo\/servizi-linguistici-sostenibili\/"]}]},{"@type":"ImageObject","inLanguage":"it-IT","@id":"https:\/\/www.translingua.ch\/it\/chi-siamo\/servizi-linguistici-sostenibili\/#primaryimage","url":"https:\/\/www.translingua.ch\/wp-content\/uploads\/Swiss-Triple-Impact-Directory-Logo-1.jpg","contentUrl":"https:\/\/www.translingua.ch\/wp-content\/uploads\/Swiss-Triple-Impact-Directory-Logo-1.jpg"},{"@type":"BreadcrumbList","@id":"https:\/\/www.translingua.ch\/it\/chi-siamo\/servizi-linguistici-sostenibili\/#breadcrumb","itemListElement":[{"@type":"ListItem","position":1,"name":"Home","item":"https:\/\/www.translingua.ch\/it\/"},{"@type":"ListItem","position":2,"name":"Translingua: la sua agenzia di traduzioni svizzera","item":"https:\/\/www.translingua.ch\/it\/chi-siamo\/"},{"@type":"ListItem","position":3,"name":"Servizi linguistici sostenibili"}]},{"@type":"WebSite","@id":"https:\/\/www.translingua.ch\/#website","url":"https:\/\/www.translingua.ch\/","name":"Translingua AG","description":"\u00dcbersetzungsb\u00fcro in Z\u00fcrich seit 1975","publisher":{"@id":"https:\/\/www.translingua.ch\/#organization"},"potentialAction":[{"@type":"SearchAction","target":{"@type":"EntryPoint","urlTemplate":"https:\/\/www.translingua.ch\/?s={search_term_string}"},"query-input":{"@type":"PropertyValueSpecification","valueRequired":true,"valueName":"search_term_string"}}],"inLanguage":"it-IT"},{"@type":"Organization","@id":"https:\/\/www.translingua.ch\/#organization","name":"Translingua AG","url":"https:\/\/www.translingua.ch\/","logo":{"@type":"ImageObject","inLanguage":"it-IT","@id":"https:\/\/www.translingua.ch\/#\/schema\/logo\/image\/","url":"https:\/\/www.translingua.ch\/wp-content\/uploads\/logo.png","contentUrl":"https:\/\/www.translingua.ch\/wp-content\/uploads\/logo.png","width":261,"height":106,"caption":"Translingua AG"},"image":{"@id":"https:\/\/www.translingua.ch\/#\/schema\/logo\/image\/"}}]}},"_links":{"self":[{"href":"https:\/\/www.translingua.ch\/it\/wp-json\/wp\/v2\/pages\/6396","targetHints":{"allow":["GET"]}}],"collection":[{"href":"https:\/\/www.translingua.ch\/it\/wp-json\/wp\/v2\/pages"}],"about":[{"href":"https:\/\/www.translingua.ch\/it\/wp-json\/wp\/v2\/types\/page"}],"author":[{"embeddable":true,"href":"https:\/\/www.translingua.ch\/it\/wp-json\/wp\/v2\/users\/2"}],"replies":[{"embeddable":true,"href":"https:\/\/www.translingua.ch\/it\/wp-json\/wp\/v2\/comments?post=6396"}],"version-history":[{"count":10,"href":"https:\/\/www.translingua.ch\/it\/wp-json\/wp\/v2\/pages\/6396\/revisions"}],"predecessor-version":[{"id":10562,"href":"https:\/\/www.translingua.ch\/it\/wp-json\/wp\/v2\/pages\/6396\/revisions\/10562"}],"up":[{"embeddable":true,"href":"https:\/\/www.translingua.ch\/it\/wp-json\/wp\/v2\/pages\/909"}],"wp:attachment":[{"href":"https:\/\/www.translingua.ch\/it\/wp-json\/wp\/v2\/media?parent=6396"}],"curies":[{"name":"wp","href":"https:\/\/api.w.org\/{rel}","templated":true}]}}