{"id":5366,"date":"2022-01-07T16:40:01","date_gmt":"2022-01-07T15:40:01","guid":{"rendered":"https:\/\/www.translingua.ch\/?page_id=5366"},"modified":"2022-02-15T08:38:59","modified_gmt":"2022-02-15T07:38:59","slug":"traduzione-di-claim-e-slogan","status":"publish","type":"page","link":"https:\/\/www.translingua.ch\/it\/servizi-linguistici-e-testuali\/traduzione-di-claim-e-slogan\/","title":{"rendered":"Traduzione di claim e slogan"},"content":{"rendered":"\n<h2 class=\"wp-block-heading\" id=\"traduzione-di-claim-e-slogan-un-operazione-complessa\">Traduzione di claim e slogan: un\u2019operazione complessa<\/h2>\n\n\n\n<p>Spesso si tende a sottovalutare la complessit\u00e0 della traduzione di slogan, claim e giochi di parole. Molte campagne vengono concepite in una sola lingua e quando \u00e8 necessario trasferirle in una lingua e in una cultura diversa si presentano spesso delle difficolt\u00e0 pratiche e capita che manchi il tempo per ideare slogan altrettanto efficaci. Molte campagne sono cadute nel vuoto o sono risultate addirittura confuse proprio per le traduzioni stentate.<\/p>\n\n\n\n<h2 class=\"wp-block-heading\" id=\"slogan-e-claim-che-funzionano-anche-nelle-altre-lingue\">Slogan e claim che funzionano anche nelle altre lingue<\/h2>\n\n\n\n<p><a><\/a>Tradurre claim, slogan, titoli o giochi di parole in altre lingue \u00e8 un\u2019operazione complessa. Testi di questo tipo non devono mai essere tradotti letteralmente perch\u00e9 agiscono su piani informativi diversi e devono rispecchiare caratteristiche specifiche. Non possiamo perdere di vista neanche il messaggio trasmesso dalla combinazione tra testo e immagine, il contesto, il marchio e il target di riferimento. Oltre ad approfondite competenze traduttive, questo tipo di operazione richiede un know-how tipico dei copywriter e degli esperti di marketing. L\u2019obiettivo \u00e8 produrre messaggi chiari e incisivi, che il destinatario riesca a comprendere in una frazione di secondo.<\/p>\n\n\n\n<h2 class=\"wp-block-heading\" id=\"translingua-traduzione-professionale-di-slogan-e-claim\">Translingua: traduzione professionale di slogan e claim<\/h2>\n\n\n\n<p>Translingua fa confluire tutto il know-how necessario nel pacchetto slogan, per traduzioni in tedesco, francese, italiano e inglese. Con un prezzo forfettario offriamo una soluzione completa ed efficace:<\/p>\n\n\n\n<ul class=\"wp-block-list\"><li>definizione e analisi della situazione di partenza e del contesto<\/li><li>copywriter madrelingua<\/li><li>comunicazione diretta con i Project Manager che si occupano degli slogan<\/li><li>consegna di almeno tre proposte<\/li><li>adattamento dello slogan scelto alla <a href=\"https:\/\/www.translingua.ch\/it\/servizi-linguistici-e-testuali\/gestione-della-terminologia-termdata\/\">terminologia<\/a> in uso<\/li><li>revisione dello slogan e dell&#8217;intero testo<\/li><\/ul>\n\n\n\n<p><strong>Vuole utilizzare i suoi fantastici slogan, claim o titoli in altre regioni linguistiche e non vuole che il messaggio si indebolisca?<\/strong> Ci contatti per un preventivo non vincolante. Saremo lieti di sapere di pi\u00f9 del suo progetto.<\/p>\n\n\n\n<div class=\"wp-block-buttons is-horizontal is-content-justification-center is-layout-flex wp-container-core-buttons-is-layout-499968f5 wp-block-buttons-is-layout-flex\">\n<div class=\"wp-block-button\"><a class=\"wp-block-button__link\" href=\"https:\/\/www.translingua.ch\/it\/richiesta-di-preventivo\/\">Preventivo pacchetto slogan<\/a><\/div>\n<\/div>\n","protected":false},"excerpt":{"rendered":"<p>Traduzione di claim e slogan: un\u2019operazione complessa Spesso si tende a sottovalutare la complessit\u00e0 della traduzione di slogan, claim e giochi di parole. Molte campagne vengono concepite in una sola lingua e quando \u00e8 necessario trasferirle in una lingua e in una cultura diversa si presentano spesso delle difficolt\u00e0 pratiche e capita che manchi il tempo per ideare slogan altrettanto &#8230; <a title=\"Traduzione di claim e slogan\" class=\"read-more\" href=\"https:\/\/www.translingua.ch\/it\/servizi-linguistici-e-testuali\/traduzione-di-claim-e-slogan\/\" aria-label=\"Per saperne di pi\u00f9 su Traduzione di claim e slogan\">Weiterlesen<\/a><\/p>\n","protected":false},"author":1,"featured_media":0,"parent":861,"menu_order":0,"comment_status":"closed","ping_status":"closed","template":"","meta":{"footnotes":""},"class_list":["post-5366","page","type-page","status-publish"],"featured_image_urls_v2":{"full":"","thumbnail":"","medium":"","medium_large":"","large":"","1536x1536":"","2048x2048":"","gform-image-choice-sm":"","gform-image-choice-md":"","gform-image-choice-lg":""},"post_excerpt_stackable_v2":"<p>Traduzione di claim e slogan: un\u2019operazione complessa Spesso si tende a sottovalutare la complessit\u00e0 della traduzione di slogan, claim e giochi di parole. Molte campagne vengono concepite in una sola lingua e quando \u00e8 necessario trasferirle in una lingua e in una cultura diversa si presentano spesso delle difficolt\u00e0 pratiche e capita che manchi il tempo per ideare slogan altrettanto efficaci. Molte campagne sono cadute nel vuoto o sono risultate addirittura confuse proprio per le traduzioni stentate. Slogan e claim che funzionano anche nelle altre lingue Tradurre claim, slogan, titoli o giochi di parole in altre lingue \u00e8 un\u2019operazione complessa.&hellip;<\/p>\n","category_list_v2":"","author_info_v2":{"name":"nailedit","url":"https:\/\/www.translingua.ch\/it\/author\/nailedit\/"},"comments_num_v2":"0 commenti","yoast_head":"<!-- This site is optimized with the Yoast SEO plugin v27.3 - https:\/\/yoast.com\/product\/yoast-seo-wordpress\/ -->\n<title>Translingua AG &#8226; Traduzione di claim e slogan<\/title>\n<meta name=\"robots\" content=\"index, follow, max-snippet:-1, max-image-preview:large, max-video-preview:-1\" \/>\n<link rel=\"canonical\" href=\"https:\/\/www.translingua.ch\/it\/servizi-linguistici-e-testuali\/traduzione-di-claim-e-slogan\/\" \/>\n<meta property=\"og:locale\" content=\"it_IT\" \/>\n<meta property=\"og:type\" content=\"article\" \/>\n<meta property=\"og:title\" content=\"Translingua AG &#8226; Traduzione di claim e slogan\" \/>\n<meta property=\"og:description\" content=\"Traduzione di claim e slogan: un\u2019operazione complessa Spesso si tende a sottovalutare la complessit\u00e0 della traduzione di slogan, claim e giochi di parole. Molte campagne vengono concepite in una sola lingua e quando \u00e8 necessario trasferirle in una lingua e in una cultura diversa si presentano spesso delle difficolt\u00e0 pratiche e capita che manchi il tempo per ideare slogan altrettanto ... Weiterlesen\" \/>\n<meta property=\"og:url\" content=\"https:\/\/www.translingua.ch\/it\/servizi-linguistici-e-testuali\/traduzione-di-claim-e-slogan\/\" \/>\n<meta property=\"og:site_name\" content=\"Translingua AG\" \/>\n<meta property=\"article:modified_time\" content=\"2022-02-15T07:38:59+00:00\" \/>\n<meta name=\"twitter:card\" content=\"summary_large_image\" \/>\n<meta name=\"twitter:label1\" content=\"Tempo di lettura stimato\" \/>\n\t<meta name=\"twitter:data1\" content=\"2 minuti\" \/>\n<script type=\"application\/ld+json\" class=\"yoast-schema-graph\">{\"@context\":\"https:\\\/\\\/schema.org\",\"@graph\":[{\"@type\":\"WebPage\",\"@id\":\"https:\\\/\\\/www.translingua.ch\\\/it\\\/servizi-linguistici-e-testuali\\\/traduzione-di-claim-e-slogan\\\/\",\"url\":\"https:\\\/\\\/www.translingua.ch\\\/it\\\/servizi-linguistici-e-testuali\\\/traduzione-di-claim-e-slogan\\\/\",\"name\":\"Translingua AG &#8226; Traduzione di claim e slogan\",\"isPartOf\":{\"@id\":\"https:\\\/\\\/www.translingua.ch\\\/#website\"},\"datePublished\":\"2022-01-07T15:40:01+00:00\",\"dateModified\":\"2022-02-15T07:38:59+00:00\",\"breadcrumb\":{\"@id\":\"https:\\\/\\\/www.translingua.ch\\\/it\\\/servizi-linguistici-e-testuali\\\/traduzione-di-claim-e-slogan\\\/#breadcrumb\"},\"inLanguage\":\"it-IT\",\"potentialAction\":[{\"@type\":\"ReadAction\",\"target\":[\"https:\\\/\\\/www.translingua.ch\\\/it\\\/servizi-linguistici-e-testuali\\\/traduzione-di-claim-e-slogan\\\/\"]}]},{\"@type\":\"BreadcrumbList\",\"@id\":\"https:\\\/\\\/www.translingua.ch\\\/it\\\/servizi-linguistici-e-testuali\\\/traduzione-di-claim-e-slogan\\\/#breadcrumb\",\"itemListElement\":[{\"@type\":\"ListItem\",\"position\":1,\"name\":\"Home\",\"item\":\"https:\\\/\\\/www.translingua.ch\\\/it\\\/\"},{\"@type\":\"ListItem\",\"position\":2,\"name\":\"Tanti servizi, un unico fornitore\",\"item\":\"https:\\\/\\\/www.translingua.ch\\\/it\\\/servizi-linguistici-e-testuali\\\/\"},{\"@type\":\"ListItem\",\"position\":3,\"name\":\"Traduzione di claim e slogan\"}]},{\"@type\":\"WebSite\",\"@id\":\"https:\\\/\\\/www.translingua.ch\\\/#website\",\"url\":\"https:\\\/\\\/www.translingua.ch\\\/\",\"name\":\"Translingua AG\",\"description\":\"\u00dcbersetzungsb\u00fcro in Z\u00fcrich seit 1975\",\"publisher\":{\"@id\":\"https:\\\/\\\/www.translingua.ch\\\/#organization\"},\"potentialAction\":[{\"@type\":\"SearchAction\",\"target\":{\"@type\":\"EntryPoint\",\"urlTemplate\":\"https:\\\/\\\/www.translingua.ch\\\/?s={search_term_string}\"},\"query-input\":{\"@type\":\"PropertyValueSpecification\",\"valueRequired\":true,\"valueName\":\"search_term_string\"}}],\"inLanguage\":\"it-IT\"},{\"@type\":\"Organization\",\"@id\":\"https:\\\/\\\/www.translingua.ch\\\/#organization\",\"name\":\"Translingua AG\",\"url\":\"https:\\\/\\\/www.translingua.ch\\\/\",\"logo\":{\"@type\":\"ImageObject\",\"inLanguage\":\"it-IT\",\"@id\":\"https:\\\/\\\/www.translingua.ch\\\/#\\\/schema\\\/logo\\\/image\\\/\",\"url\":\"https:\\\/\\\/www.translingua.ch\\\/wp-content\\\/uploads\\\/logo.png\",\"contentUrl\":\"https:\\\/\\\/www.translingua.ch\\\/wp-content\\\/uploads\\\/logo.png\",\"width\":261,\"height\":106,\"caption\":\"Translingua AG\"},\"image\":{\"@id\":\"https:\\\/\\\/www.translingua.ch\\\/#\\\/schema\\\/logo\\\/image\\\/\"}}]}<\/script>\n<!-- \/ Yoast SEO plugin. -->","yoast_head_json":{"title":"Translingua AG &#8226; Traduzione di claim e slogan","robots":{"index":"index","follow":"follow","max-snippet":"max-snippet:-1","max-image-preview":"max-image-preview:large","max-video-preview":"max-video-preview:-1"},"canonical":"https:\/\/www.translingua.ch\/it\/servizi-linguistici-e-testuali\/traduzione-di-claim-e-slogan\/","og_locale":"it_IT","og_type":"article","og_title":"Translingua AG &#8226; Traduzione di claim e slogan","og_description":"Traduzione di claim e slogan: un\u2019operazione complessa Spesso si tende a sottovalutare la complessit\u00e0 della traduzione di slogan, claim e giochi di parole. Molte campagne vengono concepite in una sola lingua e quando \u00e8 necessario trasferirle in una lingua e in una cultura diversa si presentano spesso delle difficolt\u00e0 pratiche e capita che manchi il tempo per ideare slogan altrettanto ... Weiterlesen","og_url":"https:\/\/www.translingua.ch\/it\/servizi-linguistici-e-testuali\/traduzione-di-claim-e-slogan\/","og_site_name":"Translingua AG","article_modified_time":"2022-02-15T07:38:59+00:00","twitter_card":"summary_large_image","twitter_misc":{"Tempo di lettura stimato":"2 minuti"},"schema":{"@context":"https:\/\/schema.org","@graph":[{"@type":"WebPage","@id":"https:\/\/www.translingua.ch\/it\/servizi-linguistici-e-testuali\/traduzione-di-claim-e-slogan\/","url":"https:\/\/www.translingua.ch\/it\/servizi-linguistici-e-testuali\/traduzione-di-claim-e-slogan\/","name":"Translingua AG &#8226; Traduzione di claim e slogan","isPartOf":{"@id":"https:\/\/www.translingua.ch\/#website"},"datePublished":"2022-01-07T15:40:01+00:00","dateModified":"2022-02-15T07:38:59+00:00","breadcrumb":{"@id":"https:\/\/www.translingua.ch\/it\/servizi-linguistici-e-testuali\/traduzione-di-claim-e-slogan\/#breadcrumb"},"inLanguage":"it-IT","potentialAction":[{"@type":"ReadAction","target":["https:\/\/www.translingua.ch\/it\/servizi-linguistici-e-testuali\/traduzione-di-claim-e-slogan\/"]}]},{"@type":"BreadcrumbList","@id":"https:\/\/www.translingua.ch\/it\/servizi-linguistici-e-testuali\/traduzione-di-claim-e-slogan\/#breadcrumb","itemListElement":[{"@type":"ListItem","position":1,"name":"Home","item":"https:\/\/www.translingua.ch\/it\/"},{"@type":"ListItem","position":2,"name":"Tanti servizi, un unico fornitore","item":"https:\/\/www.translingua.ch\/it\/servizi-linguistici-e-testuali\/"},{"@type":"ListItem","position":3,"name":"Traduzione di claim e slogan"}]},{"@type":"WebSite","@id":"https:\/\/www.translingua.ch\/#website","url":"https:\/\/www.translingua.ch\/","name":"Translingua AG","description":"\u00dcbersetzungsb\u00fcro in Z\u00fcrich seit 1975","publisher":{"@id":"https:\/\/www.translingua.ch\/#organization"},"potentialAction":[{"@type":"SearchAction","target":{"@type":"EntryPoint","urlTemplate":"https:\/\/www.translingua.ch\/?s={search_term_string}"},"query-input":{"@type":"PropertyValueSpecification","valueRequired":true,"valueName":"search_term_string"}}],"inLanguage":"it-IT"},{"@type":"Organization","@id":"https:\/\/www.translingua.ch\/#organization","name":"Translingua AG","url":"https:\/\/www.translingua.ch\/","logo":{"@type":"ImageObject","inLanguage":"it-IT","@id":"https:\/\/www.translingua.ch\/#\/schema\/logo\/image\/","url":"https:\/\/www.translingua.ch\/wp-content\/uploads\/logo.png","contentUrl":"https:\/\/www.translingua.ch\/wp-content\/uploads\/logo.png","width":261,"height":106,"caption":"Translingua AG"},"image":{"@id":"https:\/\/www.translingua.ch\/#\/schema\/logo\/image\/"}}]}},"_links":{"self":[{"href":"https:\/\/www.translingua.ch\/it\/wp-json\/wp\/v2\/pages\/5366","targetHints":{"allow":["GET"]}}],"collection":[{"href":"https:\/\/www.translingua.ch\/it\/wp-json\/wp\/v2\/pages"}],"about":[{"href":"https:\/\/www.translingua.ch\/it\/wp-json\/wp\/v2\/types\/page"}],"author":[{"embeddable":true,"href":"https:\/\/www.translingua.ch\/it\/wp-json\/wp\/v2\/users\/1"}],"replies":[{"embeddable":true,"href":"https:\/\/www.translingua.ch\/it\/wp-json\/wp\/v2\/comments?post=5366"}],"version-history":[{"count":2,"href":"https:\/\/www.translingua.ch\/it\/wp-json\/wp\/v2\/pages\/5366\/revisions"}],"predecessor-version":[{"id":6129,"href":"https:\/\/www.translingua.ch\/it\/wp-json\/wp\/v2\/pages\/5366\/revisions\/6129"}],"up":[{"embeddable":true,"href":"https:\/\/www.translingua.ch\/it\/wp-json\/wp\/v2\/pages\/861"}],"wp:attachment":[{"href":"https:\/\/www.translingua.ch\/it\/wp-json\/wp\/v2\/media?parent=5366"}],"curies":[{"name":"wp","href":"https:\/\/api.w.org\/{rel}","templated":true}]}}