{"id":3611,"date":"2021-01-23T22:16:53","date_gmt":"2021-01-23T21:16:53","guid":{"rendered":"https:\/\/www.translingua.ch\/?page_id=3611"},"modified":"2025-10-13T09:10:31","modified_gmt":"2025-10-13T07:10:31","slug":"traduzioni-e-servizi-su-misura-per-i-clienti","status":"publish","type":"page","link":"https:\/\/www.translingua.ch\/it\/chi-siamo\/referenze\/traduzioni-e-servizi-su-misura-per-i-clienti\/","title":{"rendered":"Traduzioni e servizi su misura per i clienti"},"content":{"rendered":"\n<h2 class=\"wp-block-heading\">Cliente<\/h2>\n\n\n\n<p>Kistler \u00e8 leader nel mercato della tecnologia di misurazione dinamica di pressione, forza, momento torcente e accelerazione. Tecnologie eccellenti sono alla base delle soluzioni modulari di Kistler. Circa 2200 collaboratori in pi\u00f9 di 60 sedi nel mondo si dedicano allo sviluppo di nuove soluzioni e offrono servizi per applicazioni specifiche in loco.<\/p>\n\n\n\n<h2 class=\"wp-block-heading\">Compito<\/h2>\n\n\n\n<p>Il numero dei canali attraverso i quali un\u2019impresa comunica \u00e8 in continua crescita. Oltre a informazioni stampate come opuscoli <a href=\"https:\/\/www.translingua.ch\/it\/tipologie-di-testo\/\">illustrativi di prodotti o schede informative<\/a>, i clienti desiderano che ci si rivolga loro anche attraverso canali digitali: consultano il sito per informarsi su prodotti e servizi, leggono le success stories e si fanno un\u2019opinione dell\u2019azienda attraverso i social media. Questa immagine digitale va curata, usando il giusto tono di voce e un modo di rivolgersi adeguato.<\/p>\n\n\n\n<p>Per un\u2019impresa che opera a livello internazionale come Kistler, una comunicazione disinvolta anche nelle varie lingue straniere \u00e8 particolarmente importante. Per questa impresa tradizionale svizzera del settore delle tecnologie di precisione, anche i testi tradotti devono avere una qualit\u00e0 perfetta.<\/p>\n\n\n\n<p>\u00c8 una grande sfida, soprattutto per redattori e traduttori: si tratta di creare varianti di testi dello stesso contesto a seconda dei diversi destinatari.<\/p>\n\n\n\n<h2 class=\"wp-block-heading\">Soluzione<\/h2>\n\n\n\n<p>Qualsiasi sia il tipo di testo o il gruppo target, i traduttori di Translingua trovano sempre il tono di voce, le parole e le locuzioni adatte, anche per testi tecnici specialistici molto complessi. Le traduzioni sono adeguate al target e rispettano la terminologia messa a disposizione da Kistler.<\/p>\n\n\n\n<h2 class=\"wp-block-heading\">Fattori di successo<\/h2>\n\n\n\n<ul class=\"wp-block-list\">\n<li>Impiego di specialisti dall\u2019esperienza pluriennale nel settore delle tecnologie di misurazione e dei sensori.<\/li>\n\n\n\n<li>Inclusione e gestione di glossari multilingue<\/li>\n\n\n\n<li>Impiego di <a href=\"https:\/\/www.translingua.ch\/it\/servizi-linguistici-e-testuali\/post-editing-di-traduzione-automatica-mtpe\/\">memorie di traduzione<\/a><\/li>\n\n\n\n<li><a href=\"https:\/\/www.translingua.ch\/it\/servizi-linguistici-e-testuali\/gestione-della-terminologia-termdata\/\">Gestione terminologica<\/a><\/li>\n<\/ul>\n","protected":false},"excerpt":{"rendered":"<p>Cliente Kistler \u00e8 leader nel mercato della tecnologia di misurazione dinamica di pressione, forza, momento torcente e accelerazione. Tecnologie eccellenti sono alla base delle soluzioni modulari di Kistler. Circa 2200 collaboratori in pi\u00f9 di 60 sedi nel mondo si dedicano allo sviluppo di nuove soluzioni e offrono servizi per applicazioni specifiche in loco. Compito Il numero dei canali attraverso i &#8230; <a title=\"Traduzioni e servizi su misura per i clienti\" class=\"read-more\" href=\"https:\/\/www.translingua.ch\/it\/chi-siamo\/referenze\/traduzioni-e-servizi-su-misura-per-i-clienti\/\" aria-label=\"Per saperne di pi\u00f9 su Traduzioni e servizi su misura per i clienti\">Weiterlesen<\/a><\/p>\n","protected":false},"author":2,"featured_media":0,"parent":2294,"menu_order":0,"comment_status":"closed","ping_status":"closed","template":"","meta":{"footnotes":""},"class_list":["post-3611","page","type-page","status-publish"],"featured_image_urls_v2":{"full":"","thumbnail":"","medium":"","medium_large":"","large":"","1536x1536":"","2048x2048":"","gform-image-choice-sm":"","gform-image-choice-md":"","gform-image-choice-lg":""},"post_excerpt_stackable_v2":"<p>Cliente Kistler \u00e8 leader nel mercato della tecnologia di misurazione dinamica di pressione, forza, momento torcente e accelerazione. Tecnologie eccellenti sono alla base delle soluzioni modulari di Kistler. Circa 2200 collaboratori in pi\u00f9 di 60 sedi nel mondo si dedicano allo sviluppo di nuove soluzioni e offrono servizi per applicazioni specifiche in loco. Compito Il numero dei canali attraverso i quali un\u2019impresa comunica \u00e8 in continua crescita. Oltre a informazioni stampate come opuscoli illustrativi di prodotti o schede informative, i clienti desiderano che ci si rivolga loro anche attraverso canali digitali: consultano il sito per informarsi su prodotti e servizi,&hellip;<\/p>\n","category_list_v2":"","author_info_v2":{"name":"Lorenz Eymann","url":"https:\/\/www.translingua.ch\/it\/author\/eymann\/"},"comments_num_v2":"0 commenti","yoast_head":"<!-- This site is optimized with the Yoast SEO plugin v27.3 - https:\/\/yoast.com\/product\/yoast-seo-wordpress\/ -->\n<title>Translingua AG &#8226; Traduzioni e servizi su misura per i clienti<\/title>\n<meta name=\"robots\" content=\"index, follow, max-snippet:-1, max-image-preview:large, max-video-preview:-1\" \/>\n<link rel=\"canonical\" href=\"https:\/\/www.translingua.ch\/it\/chi-siamo\/referenze\/traduzioni-e-servizi-su-misura-per-i-clienti\/\" \/>\n<meta property=\"og:locale\" content=\"it_IT\" \/>\n<meta property=\"og:type\" content=\"article\" \/>\n<meta property=\"og:title\" content=\"Translingua AG &#8226; Traduzioni e servizi su misura per i clienti\" \/>\n<meta property=\"og:description\" content=\"Cliente Kistler \u00e8 leader nel mercato della tecnologia di misurazione dinamica di pressione, forza, momento torcente e accelerazione. Tecnologie eccellenti sono alla base delle soluzioni modulari di Kistler. Circa 2200 collaboratori in pi\u00f9 di 60 sedi nel mondo si dedicano allo sviluppo di nuove soluzioni e offrono servizi per applicazioni specifiche in loco. Compito Il numero dei canali attraverso i ... Weiterlesen\" \/>\n<meta property=\"og:url\" content=\"https:\/\/www.translingua.ch\/it\/chi-siamo\/referenze\/traduzioni-e-servizi-su-misura-per-i-clienti\/\" \/>\n<meta property=\"og:site_name\" content=\"Translingua AG\" \/>\n<meta property=\"article:modified_time\" content=\"2025-10-13T07:10:31+00:00\" \/>\n<meta name=\"twitter:card\" content=\"summary_large_image\" \/>\n<meta name=\"twitter:label1\" content=\"Tempo di lettura stimato\" \/>\n\t<meta name=\"twitter:data1\" content=\"2 minuti\" \/>\n<script type=\"application\/ld+json\" class=\"yoast-schema-graph\">{\"@context\":\"https:\\\/\\\/schema.org\",\"@graph\":[{\"@type\":\"WebPage\",\"@id\":\"https:\\\/\\\/www.translingua.ch\\\/it\\\/chi-siamo\\\/referenze\\\/traduzioni-e-servizi-su-misura-per-i-clienti\\\/\",\"url\":\"https:\\\/\\\/www.translingua.ch\\\/it\\\/chi-siamo\\\/referenze\\\/traduzioni-e-servizi-su-misura-per-i-clienti\\\/\",\"name\":\"Translingua AG &#8226; Traduzioni e servizi su misura per i clienti\",\"isPartOf\":{\"@id\":\"https:\\\/\\\/www.translingua.ch\\\/#website\"},\"datePublished\":\"2021-01-23T21:16:53+00:00\",\"dateModified\":\"2025-10-13T07:10:31+00:00\",\"breadcrumb\":{\"@id\":\"https:\\\/\\\/www.translingua.ch\\\/it\\\/chi-siamo\\\/referenze\\\/traduzioni-e-servizi-su-misura-per-i-clienti\\\/#breadcrumb\"},\"inLanguage\":\"it-IT\",\"potentialAction\":[{\"@type\":\"ReadAction\",\"target\":[\"https:\\\/\\\/www.translingua.ch\\\/it\\\/chi-siamo\\\/referenze\\\/traduzioni-e-servizi-su-misura-per-i-clienti\\\/\"]}]},{\"@type\":\"BreadcrumbList\",\"@id\":\"https:\\\/\\\/www.translingua.ch\\\/it\\\/chi-siamo\\\/referenze\\\/traduzioni-e-servizi-su-misura-per-i-clienti\\\/#breadcrumb\",\"itemListElement\":[{\"@type\":\"ListItem\",\"position\":1,\"name\":\"Home\",\"item\":\"https:\\\/\\\/www.translingua.ch\\\/it\\\/\"},{\"@type\":\"ListItem\",\"position\":2,\"name\":\"Translingua: la sua agenzia di traduzioni svizzera\",\"item\":\"https:\\\/\\\/www.translingua.ch\\\/it\\\/chi-siamo\\\/\"},{\"@type\":\"ListItem\",\"position\":3,\"name\":\"Referenze di Translingua\",\"item\":\"https:\\\/\\\/www.translingua.ch\\\/it\\\/chi-siamo\\\/referenze\\\/\"},{\"@type\":\"ListItem\",\"position\":4,\"name\":\"Traduzioni e servizi su misura per i clienti\"}]},{\"@type\":\"WebSite\",\"@id\":\"https:\\\/\\\/www.translingua.ch\\\/#website\",\"url\":\"https:\\\/\\\/www.translingua.ch\\\/\",\"name\":\"Translingua AG\",\"description\":\"\u00dcbersetzungsb\u00fcro in Z\u00fcrich seit 1975\",\"publisher\":{\"@id\":\"https:\\\/\\\/www.translingua.ch\\\/#organization\"},\"potentialAction\":[{\"@type\":\"SearchAction\",\"target\":{\"@type\":\"EntryPoint\",\"urlTemplate\":\"https:\\\/\\\/www.translingua.ch\\\/?s={search_term_string}\"},\"query-input\":{\"@type\":\"PropertyValueSpecification\",\"valueRequired\":true,\"valueName\":\"search_term_string\"}}],\"inLanguage\":\"it-IT\"},{\"@type\":\"Organization\",\"@id\":\"https:\\\/\\\/www.translingua.ch\\\/#organization\",\"name\":\"Translingua AG\",\"url\":\"https:\\\/\\\/www.translingua.ch\\\/\",\"logo\":{\"@type\":\"ImageObject\",\"inLanguage\":\"it-IT\",\"@id\":\"https:\\\/\\\/www.translingua.ch\\\/#\\\/schema\\\/logo\\\/image\\\/\",\"url\":\"https:\\\/\\\/www.translingua.ch\\\/wp-content\\\/uploads\\\/logo.png\",\"contentUrl\":\"https:\\\/\\\/www.translingua.ch\\\/wp-content\\\/uploads\\\/logo.png\",\"width\":261,\"height\":106,\"caption\":\"Translingua AG\"},\"image\":{\"@id\":\"https:\\\/\\\/www.translingua.ch\\\/#\\\/schema\\\/logo\\\/image\\\/\"}}]}<\/script>\n<!-- \/ Yoast SEO plugin. -->","yoast_head_json":{"title":"Translingua AG &#8226; Traduzioni e servizi su misura per i clienti","robots":{"index":"index","follow":"follow","max-snippet":"max-snippet:-1","max-image-preview":"max-image-preview:large","max-video-preview":"max-video-preview:-1"},"canonical":"https:\/\/www.translingua.ch\/it\/chi-siamo\/referenze\/traduzioni-e-servizi-su-misura-per-i-clienti\/","og_locale":"it_IT","og_type":"article","og_title":"Translingua AG &#8226; Traduzioni e servizi su misura per i clienti","og_description":"Cliente Kistler \u00e8 leader nel mercato della tecnologia di misurazione dinamica di pressione, forza, momento torcente e accelerazione. Tecnologie eccellenti sono alla base delle soluzioni modulari di Kistler. Circa 2200 collaboratori in pi\u00f9 di 60 sedi nel mondo si dedicano allo sviluppo di nuove soluzioni e offrono servizi per applicazioni specifiche in loco. Compito Il numero dei canali attraverso i ... Weiterlesen","og_url":"https:\/\/www.translingua.ch\/it\/chi-siamo\/referenze\/traduzioni-e-servizi-su-misura-per-i-clienti\/","og_site_name":"Translingua AG","article_modified_time":"2025-10-13T07:10:31+00:00","twitter_card":"summary_large_image","twitter_misc":{"Tempo di lettura stimato":"2 minuti"},"schema":{"@context":"https:\/\/schema.org","@graph":[{"@type":"WebPage","@id":"https:\/\/www.translingua.ch\/it\/chi-siamo\/referenze\/traduzioni-e-servizi-su-misura-per-i-clienti\/","url":"https:\/\/www.translingua.ch\/it\/chi-siamo\/referenze\/traduzioni-e-servizi-su-misura-per-i-clienti\/","name":"Translingua AG &#8226; Traduzioni e servizi su misura per i clienti","isPartOf":{"@id":"https:\/\/www.translingua.ch\/#website"},"datePublished":"2021-01-23T21:16:53+00:00","dateModified":"2025-10-13T07:10:31+00:00","breadcrumb":{"@id":"https:\/\/www.translingua.ch\/it\/chi-siamo\/referenze\/traduzioni-e-servizi-su-misura-per-i-clienti\/#breadcrumb"},"inLanguage":"it-IT","potentialAction":[{"@type":"ReadAction","target":["https:\/\/www.translingua.ch\/it\/chi-siamo\/referenze\/traduzioni-e-servizi-su-misura-per-i-clienti\/"]}]},{"@type":"BreadcrumbList","@id":"https:\/\/www.translingua.ch\/it\/chi-siamo\/referenze\/traduzioni-e-servizi-su-misura-per-i-clienti\/#breadcrumb","itemListElement":[{"@type":"ListItem","position":1,"name":"Home","item":"https:\/\/www.translingua.ch\/it\/"},{"@type":"ListItem","position":2,"name":"Translingua: la sua agenzia di traduzioni svizzera","item":"https:\/\/www.translingua.ch\/it\/chi-siamo\/"},{"@type":"ListItem","position":3,"name":"Referenze di Translingua","item":"https:\/\/www.translingua.ch\/it\/chi-siamo\/referenze\/"},{"@type":"ListItem","position":4,"name":"Traduzioni e servizi su misura per i clienti"}]},{"@type":"WebSite","@id":"https:\/\/www.translingua.ch\/#website","url":"https:\/\/www.translingua.ch\/","name":"Translingua AG","description":"\u00dcbersetzungsb\u00fcro in Z\u00fcrich seit 1975","publisher":{"@id":"https:\/\/www.translingua.ch\/#organization"},"potentialAction":[{"@type":"SearchAction","target":{"@type":"EntryPoint","urlTemplate":"https:\/\/www.translingua.ch\/?s={search_term_string}"},"query-input":{"@type":"PropertyValueSpecification","valueRequired":true,"valueName":"search_term_string"}}],"inLanguage":"it-IT"},{"@type":"Organization","@id":"https:\/\/www.translingua.ch\/#organization","name":"Translingua AG","url":"https:\/\/www.translingua.ch\/","logo":{"@type":"ImageObject","inLanguage":"it-IT","@id":"https:\/\/www.translingua.ch\/#\/schema\/logo\/image\/","url":"https:\/\/www.translingua.ch\/wp-content\/uploads\/logo.png","contentUrl":"https:\/\/www.translingua.ch\/wp-content\/uploads\/logo.png","width":261,"height":106,"caption":"Translingua AG"},"image":{"@id":"https:\/\/www.translingua.ch\/#\/schema\/logo\/image\/"}}]}},"_links":{"self":[{"href":"https:\/\/www.translingua.ch\/it\/wp-json\/wp\/v2\/pages\/3611","targetHints":{"allow":["GET"]}}],"collection":[{"href":"https:\/\/www.translingua.ch\/it\/wp-json\/wp\/v2\/pages"}],"about":[{"href":"https:\/\/www.translingua.ch\/it\/wp-json\/wp\/v2\/types\/page"}],"author":[{"embeddable":true,"href":"https:\/\/www.translingua.ch\/it\/wp-json\/wp\/v2\/users\/2"}],"replies":[{"embeddable":true,"href":"https:\/\/www.translingua.ch\/it\/wp-json\/wp\/v2\/comments?post=3611"}],"version-history":[{"count":7,"href":"https:\/\/www.translingua.ch\/it\/wp-json\/wp\/v2\/pages\/3611\/revisions"}],"predecessor-version":[{"id":10657,"href":"https:\/\/www.translingua.ch\/it\/wp-json\/wp\/v2\/pages\/3611\/revisions\/10657"}],"up":[{"embeddable":true,"href":"https:\/\/www.translingua.ch\/it\/wp-json\/wp\/v2\/pages\/2294"}],"wp:attachment":[{"href":"https:\/\/www.translingua.ch\/it\/wp-json\/wp\/v2\/media?parent=3611"}],"curies":[{"name":"wp","href":"https:\/\/api.w.org\/{rel}","templated":true}]}}