{"id":3608,"date":"2021-01-23T22:08:14","date_gmt":"2021-01-23T21:08:14","guid":{"rendered":"https:\/\/www.translingua.ch\/?page_id=3608"},"modified":"2025-10-13T08:55:11","modified_gmt":"2025-10-13T06:55:11","slug":"traduzioni-da-manuale-di-manuali-premiati","status":"publish","type":"page","link":"https:\/\/www.translingua.ch\/it\/chi-siamo\/referenze\/traduzioni-da-manuale-di-manuali-premiati\/","title":{"rendered":"Traduzioni da manuale di manuali premiati"},"content":{"rendered":"\n<h2 class=\"wp-block-heading\">Cliente<\/h2>\n\n\n\n<p>La casa editrice RE NOVIUM pubblica da oltre 45 anni con successo testi scientifici premiati per il settore alberghiero. Inoltre, si impegna attivamente negli ambiti che riguardano l\u2019istruzione e le competizioni professionali nazionali e internazionali, in particolare nelle SwissSkills e WorldSkills.<\/p>\n\n\n\n<h2 class=\"wp-block-heading\">Compito<\/h2>\n\n\n\n<p>Dopo aver pubblicato con successo la serie di manuali per impiegata\/o di ristorazione AFC e addetta\/o di ristorazione CFP, che comprende i sei manuali Servizio, Alimentazione e generi alimentari, Sommelier, Barman, Barista e Chef de Rang, complessivamente 1600 pagine, RE NOVIUM riceve diversi premi e, come conseguenza, anche numerose richieste per una traduzione in francese da parte di scuole alberghiere e professionali.<\/p>\n\n\n\n<p>Si tratta, dunque, di tradurre in tempi stretti i contenuti vasti e complessi a partire da InDesign e rispettando gli elevati requisiti didattici e specialistici. La traduzione deve inoltre tener conto degli input di professionisti esterni di associazioni di categoria e autorit\u00e0 competenti in materia di istruzione.<\/p>\n\n\n\n<h2 class=\"wp-block-heading\">Soluzione<\/h2>\n\n\n\n<p>Fin dal principio del progetto, Translingua definisce il layout dei volumi in francese e un limite di caratteri: ci\u00f2 permette di evitare, alla fine, modifiche grafiche dispendiose legate all\u2019estensione dei testi in lingua francese. Per garantire una terminologia omogenea, i terminologi di Translingua preparano fin dall\u2019inizio del progetto tutti gli indici analitici, in accordo con esperti esterni, e implementano il glossario (termbase) nel proprio tool di memorie di traduzione.<\/p>\n\n\n\n<p>Grazie all\u2019impiego di CAT-tool, all\u2019accurata preparazione e all\u2019utilizzo di pi\u00f9 team di traduttori specializzati che lavorano parallelamente sui testi e sono in contatto tra di loro, \u00e8 possibile ottenere la massima coerenza terminologica malgrado i termini di consegna stretti. Il layout a pi\u00f9 colonne dei testi, contenente tra l\u2019altro anche fumetti e sottotitoli per immagini, \u00e8 facilmente trasferito nella traduzione in francese.<\/p>\n\n\n\n<p>Attraverso l\u2019analisi approfondita dei contenuti dei volumi, Translingua crea preziosi input di contenuto, per cos\u00ec dire dei prodotti derivati, che accrescono anche la coerenza dei testi tedeschi di partenza.<\/p>\n\n\n\n<h2 class=\"wp-block-heading\">Fattori di successo<\/h2>\n\n\n\n<ul class=\"wp-block-list\">\n<li>Impiego di esperti traduttori e traduttrici di madrelingua<\/li>\n\n\n\n<li>Controllo precoce degli indici analitici e creazione della banca dati terminologica nel <a href=\"https:\/\/www.translingua.ch\/it\/servizi-linguistici-e-testuali\/post-editing-di-traduzione-automatica-mtpe\/\">CAT-tool<\/a>.<\/li>\n\n\n\n<li>Contatto costante con la clientela e il team di grafici della tipografia<\/li>\n\n\n\n<li><a href=\"https:\/\/www.translingua.ch\/it\/servizi-linguistici-e-testuali\/project-management-gestione-assistenza-clienti\/\">Gestione progettuale<\/a> versatile con la direzione e coordinazione di tre team di traduttori<\/li>\n<\/ul>\n","protected":false},"excerpt":{"rendered":"<p>Cliente La casa editrice RE NOVIUM pubblica da oltre 45 anni con successo testi scientifici premiati per il settore alberghiero. Inoltre, si impegna attivamente negli ambiti che riguardano l\u2019istruzione e le competizioni professionali nazionali e internazionali, in particolare nelle SwissSkills e WorldSkills. Compito Dopo aver pubblicato con successo la serie di manuali per impiegata\/o di ristorazione AFC e addetta\/o di &#8230; <a title=\"Traduzioni da manuale di manuali premiati\" class=\"read-more\" href=\"https:\/\/www.translingua.ch\/it\/chi-siamo\/referenze\/traduzioni-da-manuale-di-manuali-premiati\/\" aria-label=\"Per saperne di pi\u00f9 su Traduzioni da manuale di manuali premiati\">Weiterlesen<\/a><\/p>\n","protected":false},"author":2,"featured_media":0,"parent":2294,"menu_order":0,"comment_status":"closed","ping_status":"closed","template":"","meta":{"footnotes":""},"class_list":["post-3608","page","type-page","status-publish"],"featured_image_urls_v2":{"full":"","thumbnail":"","medium":"","medium_large":"","large":"","1536x1536":"","2048x2048":"","gform-image-choice-sm":"","gform-image-choice-md":"","gform-image-choice-lg":""},"post_excerpt_stackable_v2":"<p>Cliente La casa editrice RE NOVIUM pubblica da oltre 45 anni con successo testi scientifici premiati per il settore alberghiero. Inoltre, si impegna attivamente negli ambiti che riguardano l\u2019istruzione e le competizioni professionali nazionali e internazionali, in particolare nelle SwissSkills e WorldSkills. Compito Dopo aver pubblicato con successo la serie di manuali per impiegata\/o di ristorazione AFC e addetta\/o di ristorazione CFP, che comprende i sei manuali Servizio, Alimentazione e generi alimentari, Sommelier, Barman, Barista e Chef de Rang, complessivamente 1600 pagine, RE NOVIUM riceve diversi premi e, come conseguenza, anche numerose richieste per una traduzione in francese da parte&hellip;<\/p>\n","category_list_v2":"","author_info_v2":{"name":"Lorenz Eymann","url":"https:\/\/www.translingua.ch\/it\/author\/eymann\/"},"comments_num_v2":"0 commenti","yoast_head":"<!-- This site is optimized with the Yoast SEO plugin v27.3 - https:\/\/yoast.com\/product\/yoast-seo-wordpress\/ -->\n<title>Translingua AG &#8226; Traduzioni da manuale di manuali premiati<\/title>\n<meta name=\"robots\" content=\"index, follow, max-snippet:-1, max-image-preview:large, max-video-preview:-1\" \/>\n<link rel=\"canonical\" href=\"https:\/\/www.translingua.ch\/it\/chi-siamo\/referenze\/traduzioni-da-manuale-di-manuali-premiati\/\" \/>\n<meta property=\"og:locale\" content=\"it_IT\" \/>\n<meta property=\"og:type\" content=\"article\" \/>\n<meta property=\"og:title\" content=\"Translingua AG &#8226; Traduzioni da manuale di manuali premiati\" \/>\n<meta property=\"og:description\" content=\"Cliente La casa editrice RE NOVIUM pubblica da oltre 45 anni con successo testi scientifici premiati per il settore alberghiero. Inoltre, si impegna attivamente negli ambiti che riguardano l\u2019istruzione e le competizioni professionali nazionali e internazionali, in particolare nelle SwissSkills e WorldSkills. Compito Dopo aver pubblicato con successo la serie di manuali per impiegata\/o di ristorazione AFC e addetta\/o di ... Weiterlesen\" \/>\n<meta property=\"og:url\" content=\"https:\/\/www.translingua.ch\/it\/chi-siamo\/referenze\/traduzioni-da-manuale-di-manuali-premiati\/\" \/>\n<meta property=\"og:site_name\" content=\"Translingua AG\" \/>\n<meta property=\"article:modified_time\" content=\"2025-10-13T06:55:11+00:00\" \/>\n<meta name=\"twitter:card\" content=\"summary_large_image\" \/>\n<meta name=\"twitter:label1\" content=\"Tempo di lettura stimato\" \/>\n\t<meta name=\"twitter:data1\" content=\"3 minuti\" \/>\n<script type=\"application\/ld+json\" class=\"yoast-schema-graph\">{\"@context\":\"https:\\\/\\\/schema.org\",\"@graph\":[{\"@type\":\"WebPage\",\"@id\":\"https:\\\/\\\/www.translingua.ch\\\/it\\\/chi-siamo\\\/referenze\\\/traduzioni-da-manuale-di-manuali-premiati\\\/\",\"url\":\"https:\\\/\\\/www.translingua.ch\\\/it\\\/chi-siamo\\\/referenze\\\/traduzioni-da-manuale-di-manuali-premiati\\\/\",\"name\":\"Translingua AG &#8226; Traduzioni da manuale di manuali premiati\",\"isPartOf\":{\"@id\":\"https:\\\/\\\/www.translingua.ch\\\/#website\"},\"datePublished\":\"2021-01-23T21:08:14+00:00\",\"dateModified\":\"2025-10-13T06:55:11+00:00\",\"breadcrumb\":{\"@id\":\"https:\\\/\\\/www.translingua.ch\\\/it\\\/chi-siamo\\\/referenze\\\/traduzioni-da-manuale-di-manuali-premiati\\\/#breadcrumb\"},\"inLanguage\":\"it-IT\",\"potentialAction\":[{\"@type\":\"ReadAction\",\"target\":[\"https:\\\/\\\/www.translingua.ch\\\/it\\\/chi-siamo\\\/referenze\\\/traduzioni-da-manuale-di-manuali-premiati\\\/\"]}]},{\"@type\":\"BreadcrumbList\",\"@id\":\"https:\\\/\\\/www.translingua.ch\\\/it\\\/chi-siamo\\\/referenze\\\/traduzioni-da-manuale-di-manuali-premiati\\\/#breadcrumb\",\"itemListElement\":[{\"@type\":\"ListItem\",\"position\":1,\"name\":\"Home\",\"item\":\"https:\\\/\\\/www.translingua.ch\\\/it\\\/\"},{\"@type\":\"ListItem\",\"position\":2,\"name\":\"Translingua: la sua agenzia di traduzioni svizzera\",\"item\":\"https:\\\/\\\/www.translingua.ch\\\/it\\\/chi-siamo\\\/\"},{\"@type\":\"ListItem\",\"position\":3,\"name\":\"Referenze di Translingua\",\"item\":\"https:\\\/\\\/www.translingua.ch\\\/it\\\/chi-siamo\\\/referenze\\\/\"},{\"@type\":\"ListItem\",\"position\":4,\"name\":\"Traduzioni da manuale di manuali premiati\"}]},{\"@type\":\"WebSite\",\"@id\":\"https:\\\/\\\/www.translingua.ch\\\/#website\",\"url\":\"https:\\\/\\\/www.translingua.ch\\\/\",\"name\":\"Translingua AG\",\"description\":\"\u00dcbersetzungsb\u00fcro in Z\u00fcrich seit 1975\",\"publisher\":{\"@id\":\"https:\\\/\\\/www.translingua.ch\\\/#organization\"},\"potentialAction\":[{\"@type\":\"SearchAction\",\"target\":{\"@type\":\"EntryPoint\",\"urlTemplate\":\"https:\\\/\\\/www.translingua.ch\\\/?s={search_term_string}\"},\"query-input\":{\"@type\":\"PropertyValueSpecification\",\"valueRequired\":true,\"valueName\":\"search_term_string\"}}],\"inLanguage\":\"it-IT\"},{\"@type\":\"Organization\",\"@id\":\"https:\\\/\\\/www.translingua.ch\\\/#organization\",\"name\":\"Translingua AG\",\"url\":\"https:\\\/\\\/www.translingua.ch\\\/\",\"logo\":{\"@type\":\"ImageObject\",\"inLanguage\":\"it-IT\",\"@id\":\"https:\\\/\\\/www.translingua.ch\\\/#\\\/schema\\\/logo\\\/image\\\/\",\"url\":\"https:\\\/\\\/www.translingua.ch\\\/wp-content\\\/uploads\\\/logo.png\",\"contentUrl\":\"https:\\\/\\\/www.translingua.ch\\\/wp-content\\\/uploads\\\/logo.png\",\"width\":261,\"height\":106,\"caption\":\"Translingua AG\"},\"image\":{\"@id\":\"https:\\\/\\\/www.translingua.ch\\\/#\\\/schema\\\/logo\\\/image\\\/\"}}]}<\/script>\n<!-- \/ Yoast SEO plugin. -->","yoast_head_json":{"title":"Translingua AG &#8226; Traduzioni da manuale di manuali premiati","robots":{"index":"index","follow":"follow","max-snippet":"max-snippet:-1","max-image-preview":"max-image-preview:large","max-video-preview":"max-video-preview:-1"},"canonical":"https:\/\/www.translingua.ch\/it\/chi-siamo\/referenze\/traduzioni-da-manuale-di-manuali-premiati\/","og_locale":"it_IT","og_type":"article","og_title":"Translingua AG &#8226; Traduzioni da manuale di manuali premiati","og_description":"Cliente La casa editrice RE NOVIUM pubblica da oltre 45 anni con successo testi scientifici premiati per il settore alberghiero. Inoltre, si impegna attivamente negli ambiti che riguardano l\u2019istruzione e le competizioni professionali nazionali e internazionali, in particolare nelle SwissSkills e WorldSkills. Compito Dopo aver pubblicato con successo la serie di manuali per impiegata\/o di ristorazione AFC e addetta\/o di ... Weiterlesen","og_url":"https:\/\/www.translingua.ch\/it\/chi-siamo\/referenze\/traduzioni-da-manuale-di-manuali-premiati\/","og_site_name":"Translingua AG","article_modified_time":"2025-10-13T06:55:11+00:00","twitter_card":"summary_large_image","twitter_misc":{"Tempo di lettura stimato":"3 minuti"},"schema":{"@context":"https:\/\/schema.org","@graph":[{"@type":"WebPage","@id":"https:\/\/www.translingua.ch\/it\/chi-siamo\/referenze\/traduzioni-da-manuale-di-manuali-premiati\/","url":"https:\/\/www.translingua.ch\/it\/chi-siamo\/referenze\/traduzioni-da-manuale-di-manuali-premiati\/","name":"Translingua AG &#8226; Traduzioni da manuale di manuali premiati","isPartOf":{"@id":"https:\/\/www.translingua.ch\/#website"},"datePublished":"2021-01-23T21:08:14+00:00","dateModified":"2025-10-13T06:55:11+00:00","breadcrumb":{"@id":"https:\/\/www.translingua.ch\/it\/chi-siamo\/referenze\/traduzioni-da-manuale-di-manuali-premiati\/#breadcrumb"},"inLanguage":"it-IT","potentialAction":[{"@type":"ReadAction","target":["https:\/\/www.translingua.ch\/it\/chi-siamo\/referenze\/traduzioni-da-manuale-di-manuali-premiati\/"]}]},{"@type":"BreadcrumbList","@id":"https:\/\/www.translingua.ch\/it\/chi-siamo\/referenze\/traduzioni-da-manuale-di-manuali-premiati\/#breadcrumb","itemListElement":[{"@type":"ListItem","position":1,"name":"Home","item":"https:\/\/www.translingua.ch\/it\/"},{"@type":"ListItem","position":2,"name":"Translingua: la sua agenzia di traduzioni svizzera","item":"https:\/\/www.translingua.ch\/it\/chi-siamo\/"},{"@type":"ListItem","position":3,"name":"Referenze di Translingua","item":"https:\/\/www.translingua.ch\/it\/chi-siamo\/referenze\/"},{"@type":"ListItem","position":4,"name":"Traduzioni da manuale di manuali premiati"}]},{"@type":"WebSite","@id":"https:\/\/www.translingua.ch\/#website","url":"https:\/\/www.translingua.ch\/","name":"Translingua AG","description":"\u00dcbersetzungsb\u00fcro in Z\u00fcrich seit 1975","publisher":{"@id":"https:\/\/www.translingua.ch\/#organization"},"potentialAction":[{"@type":"SearchAction","target":{"@type":"EntryPoint","urlTemplate":"https:\/\/www.translingua.ch\/?s={search_term_string}"},"query-input":{"@type":"PropertyValueSpecification","valueRequired":true,"valueName":"search_term_string"}}],"inLanguage":"it-IT"},{"@type":"Organization","@id":"https:\/\/www.translingua.ch\/#organization","name":"Translingua AG","url":"https:\/\/www.translingua.ch\/","logo":{"@type":"ImageObject","inLanguage":"it-IT","@id":"https:\/\/www.translingua.ch\/#\/schema\/logo\/image\/","url":"https:\/\/www.translingua.ch\/wp-content\/uploads\/logo.png","contentUrl":"https:\/\/www.translingua.ch\/wp-content\/uploads\/logo.png","width":261,"height":106,"caption":"Translingua AG"},"image":{"@id":"https:\/\/www.translingua.ch\/#\/schema\/logo\/image\/"}}]}},"_links":{"self":[{"href":"https:\/\/www.translingua.ch\/it\/wp-json\/wp\/v2\/pages\/3608","targetHints":{"allow":["GET"]}}],"collection":[{"href":"https:\/\/www.translingua.ch\/it\/wp-json\/wp\/v2\/pages"}],"about":[{"href":"https:\/\/www.translingua.ch\/it\/wp-json\/wp\/v2\/types\/page"}],"author":[{"embeddable":true,"href":"https:\/\/www.translingua.ch\/it\/wp-json\/wp\/v2\/users\/2"}],"replies":[{"embeddable":true,"href":"https:\/\/www.translingua.ch\/it\/wp-json\/wp\/v2\/comments?post=3608"}],"version-history":[{"count":7,"href":"https:\/\/www.translingua.ch\/it\/wp-json\/wp\/v2\/pages\/3608\/revisions"}],"predecessor-version":[{"id":10632,"href":"https:\/\/www.translingua.ch\/it\/wp-json\/wp\/v2\/pages\/3608\/revisions\/10632"}],"up":[{"embeddable":true,"href":"https:\/\/www.translingua.ch\/it\/wp-json\/wp\/v2\/pages\/2294"}],"wp:attachment":[{"href":"https:\/\/www.translingua.ch\/it\/wp-json\/wp\/v2\/media?parent=3608"}],"curies":[{"name":"wp","href":"https:\/\/api.w.org\/{rel}","templated":true}]}}