{"id":3476,"date":"2021-01-18T17:13:43","date_gmt":"2021-01-18T16:13:43","guid":{"rendered":"https:\/\/www.translingua.ch\/?page_id=3476"},"modified":"2024-10-23T15:41:58","modified_gmt":"2024-10-23T13:41:58","slug":"della-moda-e-del-lifestyle","status":"publish","type":"page","link":"https:\/\/www.translingua.ch\/it\/traduzioni\/della-moda-e-del-lifestyle\/","title":{"rendered":"Traduzione per il settore della moda e del lifestyle"},"content":{"rendered":"\n<div class=\"wp-block-stackable-columns stk-block-columns stk-block stk-71736c3\" data-block-id=\"71736c3\"><style>.stk-71736c3{max-width:800px !important;min-width:auto !important;margin-right:auto !important;margin-left:auto !important}.stk-71736c3-column{row-gap:35px !important}<\/style><div class=\"stk-row stk-inner-blocks stk-block-content stk-content-align stk-71736c3-column\">\n<div class=\"wp-block-stackable-column stk-block-column stk-column stk-block stk-83e73f5\" data-block-id=\"83e73f5\"><style>@media screen and (min-width:768px){.stk-83e73f5{flex:1 1 calc(75% - var(--stk-column-gap,0px) * 1 \/ 2 ) !important}}.stk-83e73f5-container{margin-top:0px !important;margin-right:0px !important;margin-bottom:0px !important;margin-left:0px !important}<\/style><div class=\"stk-column-wrapper stk-block-column__content stk-container stk-83e73f5-container stk--no-background stk--no-padding\"><div class=\"stk-block-content stk-inner-blocks\">\n<h1 class=\"wp-block-heading\" id=\"traduzione-per-il-settore-della-moda-e-del-lifestyle\">Traduzione per il settore della moda e del lifestyle<\/h1>\n<\/div><\/div><\/div>\n\n\n\n<div class=\"wp-block-stackable-column stk-block-column stk-column stk-block stk-a802132\" data-block-id=\"a802132\"><style>@media screen and (min-width:768px){.stk-a802132{flex:1 1 calc(25% - var(--stk-column-gap,0px) * 1 \/ 2 ) !important}}.stk-a802132-container{margin-top:0px !important;margin-right:0px !important;margin-bottom:0px !important;margin-left:0px !important}<\/style><div class=\"stk-column-wrapper stk-block-column__content stk-container stk-a802132-container stk--no-background stk--no-padding\"><div class=\"stk-block-content stk-inner-blocks\">\n<div class=\"wp-block-image\"><figure class=\"aligncenter size-full is-resized\"><img loading=\"lazy\" decoding=\"async\" src=\"https:\/\/www.translingua.ch\/wp-content\/uploads\/ModeLifestyle_Icon-Schwarz.png\" alt=\"\" class=\"wp-image-4636\" width=\"190\" height=\"190\" srcset=\"https:\/\/www.translingua.ch\/wp-content\/uploads\/ModeLifestyle_Icon-Schwarz.png 500w, https:\/\/www.translingua.ch\/wp-content\/uploads\/ModeLifestyle_Icon-Schwarz-300x300.png 300w, https:\/\/www.translingua.ch\/wp-content\/uploads\/ModeLifestyle_Icon-Schwarz-150x150.png 150w\" sizes=\"auto, (max-width: 190px) 100vw, 190px\" \/><\/figure><\/div>\n<\/div><\/div><\/div>\n<\/div><\/div>\n\n\n\n<h2 class=\"wp-block-heading\" id=\"raggiungere-piu-clienti-con-traduzioni-professionali-nel-settore-della-moda-e-del-lifestyle\">Raggiungere pi\u00f9 clienti con traduzioni professionali nel settore della moda e del lifestyle<\/h2>\n\n\n\n<p>Ha prodotti fantastici da far conoscere a un pubblico maschile o femminile? Per raggiungere anche i potenziali clienti nella Svizzera francese, in Ticino o all\u2019estero, servono traduttrici e traduttori professionisti specializzati nel campo della moda e del lifestyle, perch\u00e9 non esiste alternativa per arrivare anche a quei potenziali clienti. Scelga il massimo dello stile per i suoi testi, senza compromessi e in pi\u00f9 lingue.<\/p>\n\n\n\n<h2 class=\"wp-block-heading\" id=\"le-traduttrici-e-i-traduttori-di-translingua-conoscono-bene-il-settore-della-moda\">Le traduttrici e i traduttori di Translingua conoscono bene il settore della moda<\/h2>\n\n\n\n<p>Le traduttrici e i traduttori di Translingua conoscono i prodotti e i target di riferimento, che si tratti di newsletter, social media, materiale commerciale o campagne di marketing. Sono in particolare i testi per i social media a richiedere traduzioni su misura, veloci, senza errori e specifiche per il segmento di riferimento: sono fondamentali per il successo. Anche le presentazioni commerciali e le descrizioni dei prodotti devono trasmettere il messaggio in modo convincente nelle lingue d\u2019arrivo. Sono numerose le aziende produttrici di calzature, abbigliamento e cosmetici che si affidano ai nostri servizi. Translingua \u00e8 il partner professionale sempre al suo fianco, che si tratti di materiale per la comunicazione online, su carta o interna alle filiali.<\/p>\n\n\n\n<h2 class=\"wp-block-heading\" id=\"trasmettere-i-dati-senza-problemi-collaborare-senza-difficolta\">Trasmettere i dati senza problemi, collaborare senza difficolt\u00e0<\/h2>\n\n\n\n<p>L\u2019esperienza e la flessibilit\u00e0 fanno di Translingua il partner perfetto per chi vuole traduzioni efficaci nel campo della moda, del lifestyle, dell\u2019abbigliamento e dei cosmetici. Lavoriamo in Word, PDF e altri formati: la sua brochure \u00e8 stata creata con InDesign? Nessun problema! Lavoriamo direttamente sui file IDML evitando di perdere tempo prezioso con i copia e incolla.<\/p>\n\n\n\n<p>Siamo a disposizione per domande e ulteriori informazioni e per ascoltare ogni sua richiesta: si metta in contatto con noi!<\/p>\n\n\n\n<div class=\"wp-block-buttons is-horizontal is-content-justification-center is-layout-flex wp-container-core-buttons-is-layout-499968f5 wp-block-buttons-is-layout-flex\">\n<div class=\"wp-block-button\"><a class=\"wp-block-button__link\" href=\"https:\/\/www.translingua.ch\/it\/richiesta-di-preventivo\/\">Traduzione moda e lifestyle<\/a><\/div>\n<\/div>\n","protected":false},"excerpt":{"rendered":"<p>Traduzione per il settore della moda e del lifestyle Raggiungere pi\u00f9 clienti con traduzioni professionali nel settore della moda e del lifestyle Ha prodotti fantastici da far conoscere a un pubblico maschile o femminile? Per raggiungere anche i potenziali clienti nella Svizzera francese, in Ticino o all\u2019estero, servono traduttrici e traduttori professionisti specializzati nel campo della moda e del lifestyle, &#8230; <a title=\"Traduzione per il settore della moda e del lifestyle\" class=\"read-more\" href=\"https:\/\/www.translingua.ch\/it\/traduzioni\/della-moda-e-del-lifestyle\/\" aria-label=\"Per saperne di pi\u00f9 su Traduzione per il settore della moda e del lifestyle\">Weiterlesen<\/a><\/p>\n","protected":false},"author":2,"featured_media":0,"parent":696,"menu_order":0,"comment_status":"closed","ping_status":"closed","template":"","meta":{"footnotes":""},"class_list":["post-3476","page","type-page","status-publish"],"featured_image_urls_v2":{"full":"","thumbnail":"","medium":"","medium_large":"","large":"","1536x1536":"","2048x2048":"","gform-image-choice-sm":"","gform-image-choice-md":"","gform-image-choice-lg":""},"post_excerpt_stackable_v2":"<p>Traduzione per il settore della moda e del lifestyle Raggiungere pi\u00f9 clienti con traduzioni professionali nel settore della moda e del lifestyle Ha prodotti fantastici da far conoscere a un pubblico maschile o femminile? Per raggiungere anche i potenziali clienti nella Svizzera francese, in Ticino o all\u2019estero, servono traduttrici e traduttori professionisti specializzati nel campo della moda e del lifestyle, perch\u00e9 non esiste alternativa per arrivare anche a quei potenziali clienti. Scelga il massimo dello stile per i suoi testi, senza compromessi e in pi\u00f9 lingue. Le traduttrici e i traduttori di Translingua conoscono bene il settore della moda Le&hellip;<\/p>\n","category_list_v2":"","author_info_v2":{"name":"Lorenz Eymann","url":"https:\/\/www.translingua.ch\/it\/author\/eymann\/"},"comments_num_v2":"0 commenti","yoast_head":"<!-- This site is optimized with the Yoast SEO plugin v27.3 - https:\/\/yoast.com\/product\/yoast-seo-wordpress\/ -->\n<title>Translingua AG &#8226; Traduzione per il settore della moda e del lifestyle<\/title>\n<meta name=\"robots\" content=\"index, follow, max-snippet:-1, max-image-preview:large, max-video-preview:-1\" \/>\n<link rel=\"canonical\" href=\"https:\/\/www.translingua.ch\/it\/traduzioni\/della-moda-e-del-lifestyle\/\" \/>\n<meta property=\"og:locale\" content=\"it_IT\" \/>\n<meta property=\"og:type\" content=\"article\" \/>\n<meta property=\"og:title\" content=\"Translingua AG &#8226; Traduzione per il settore della moda e del lifestyle\" \/>\n<meta property=\"og:description\" content=\"Traduzione per il settore della moda e del lifestyle Raggiungere pi\u00f9 clienti con traduzioni professionali nel settore della moda e del lifestyle Ha prodotti fantastici da far conoscere a un pubblico maschile o femminile? Per raggiungere anche i potenziali clienti nella Svizzera francese, in Ticino o all\u2019estero, servono traduttrici e traduttori professionisti specializzati nel campo della moda e del lifestyle, ... Weiterlesen\" \/>\n<meta property=\"og:url\" content=\"https:\/\/www.translingua.ch\/it\/traduzioni\/della-moda-e-del-lifestyle\/\" \/>\n<meta property=\"og:site_name\" content=\"Translingua AG\" \/>\n<meta property=\"article:modified_time\" content=\"2024-10-23T13:41:58+00:00\" \/>\n<meta property=\"og:image\" content=\"https:\/\/www.translingua.ch\/wp-content\/uploads\/ModeLifestyle_Icon-Schwarz.png\" \/>\n\t<meta property=\"og:image:width\" content=\"500\" \/>\n\t<meta property=\"og:image:height\" content=\"500\" \/>\n\t<meta property=\"og:image:type\" content=\"image\/png\" \/>\n<meta name=\"twitter:card\" content=\"summary_large_image\" \/>\n<meta name=\"twitter:label1\" content=\"Tempo di lettura stimato\" \/>\n\t<meta name=\"twitter:data1\" content=\"3 minuti\" \/>\n<script type=\"application\/ld+json\" class=\"yoast-schema-graph\">{\"@context\":\"https:\\\/\\\/schema.org\",\"@graph\":[{\"@type\":\"WebPage\",\"@id\":\"https:\\\/\\\/www.translingua.ch\\\/it\\\/traduzioni\\\/della-moda-e-del-lifestyle\\\/\",\"url\":\"https:\\\/\\\/www.translingua.ch\\\/it\\\/traduzioni\\\/della-moda-e-del-lifestyle\\\/\",\"name\":\"Translingua AG &#8226; Traduzione per il settore della moda e del lifestyle\",\"isPartOf\":{\"@id\":\"https:\\\/\\\/www.translingua.ch\\\/#website\"},\"primaryImageOfPage\":{\"@id\":\"https:\\\/\\\/www.translingua.ch\\\/it\\\/traduzioni\\\/della-moda-e-del-lifestyle\\\/#primaryimage\"},\"image\":{\"@id\":\"https:\\\/\\\/www.translingua.ch\\\/it\\\/traduzioni\\\/della-moda-e-del-lifestyle\\\/#primaryimage\"},\"thumbnailUrl\":\"https:\\\/\\\/www.translingua.ch\\\/wp-content\\\/uploads\\\/ModeLifestyle_Icon-Schwarz.png\",\"datePublished\":\"2021-01-18T16:13:43+00:00\",\"dateModified\":\"2024-10-23T13:41:58+00:00\",\"breadcrumb\":{\"@id\":\"https:\\\/\\\/www.translingua.ch\\\/it\\\/traduzioni\\\/della-moda-e-del-lifestyle\\\/#breadcrumb\"},\"inLanguage\":\"it-IT\",\"potentialAction\":[{\"@type\":\"ReadAction\",\"target\":[\"https:\\\/\\\/www.translingua.ch\\\/it\\\/traduzioni\\\/della-moda-e-del-lifestyle\\\/\"]}]},{\"@type\":\"ImageObject\",\"inLanguage\":\"it-IT\",\"@id\":\"https:\\\/\\\/www.translingua.ch\\\/it\\\/traduzioni\\\/della-moda-e-del-lifestyle\\\/#primaryimage\",\"url\":\"https:\\\/\\\/www.translingua.ch\\\/wp-content\\\/uploads\\\/ModeLifestyle_Icon-Schwarz.png\",\"contentUrl\":\"https:\\\/\\\/www.translingua.ch\\\/wp-content\\\/uploads\\\/ModeLifestyle_Icon-Schwarz.png\"},{\"@type\":\"BreadcrumbList\",\"@id\":\"https:\\\/\\\/www.translingua.ch\\\/it\\\/traduzioni\\\/della-moda-e-del-lifestyle\\\/#breadcrumb\",\"itemListElement\":[{\"@type\":\"ListItem\",\"position\":1,\"name\":\"Home\",\"item\":\"https:\\\/\\\/www.translingua.ch\\\/it\\\/\"},{\"@type\":\"ListItem\",\"position\":2,\"name\":\"Traduzioni specialistiche\",\"item\":\"https:\\\/\\\/www.translingua.ch\\\/it\\\/traduzioni\\\/\"},{\"@type\":\"ListItem\",\"position\":3,\"name\":\"Traduzione per il settore della moda e del lifestyle\"}]},{\"@type\":\"WebSite\",\"@id\":\"https:\\\/\\\/www.translingua.ch\\\/#website\",\"url\":\"https:\\\/\\\/www.translingua.ch\\\/\",\"name\":\"Translingua AG\",\"description\":\"\u00dcbersetzungsb\u00fcro in Z\u00fcrich seit 1975\",\"publisher\":{\"@id\":\"https:\\\/\\\/www.translingua.ch\\\/#organization\"},\"potentialAction\":[{\"@type\":\"SearchAction\",\"target\":{\"@type\":\"EntryPoint\",\"urlTemplate\":\"https:\\\/\\\/www.translingua.ch\\\/?s={search_term_string}\"},\"query-input\":{\"@type\":\"PropertyValueSpecification\",\"valueRequired\":true,\"valueName\":\"search_term_string\"}}],\"inLanguage\":\"it-IT\"},{\"@type\":\"Organization\",\"@id\":\"https:\\\/\\\/www.translingua.ch\\\/#organization\",\"name\":\"Translingua AG\",\"url\":\"https:\\\/\\\/www.translingua.ch\\\/\",\"logo\":{\"@type\":\"ImageObject\",\"inLanguage\":\"it-IT\",\"@id\":\"https:\\\/\\\/www.translingua.ch\\\/#\\\/schema\\\/logo\\\/image\\\/\",\"url\":\"https:\\\/\\\/www.translingua.ch\\\/wp-content\\\/uploads\\\/logo.png\",\"contentUrl\":\"https:\\\/\\\/www.translingua.ch\\\/wp-content\\\/uploads\\\/logo.png\",\"width\":261,\"height\":106,\"caption\":\"Translingua AG\"},\"image\":{\"@id\":\"https:\\\/\\\/www.translingua.ch\\\/#\\\/schema\\\/logo\\\/image\\\/\"}}]}<\/script>\n<!-- \/ Yoast SEO plugin. -->","yoast_head_json":{"title":"Translingua AG &#8226; Traduzione per il settore della moda e del lifestyle","robots":{"index":"index","follow":"follow","max-snippet":"max-snippet:-1","max-image-preview":"max-image-preview:large","max-video-preview":"max-video-preview:-1"},"canonical":"https:\/\/www.translingua.ch\/it\/traduzioni\/della-moda-e-del-lifestyle\/","og_locale":"it_IT","og_type":"article","og_title":"Translingua AG &#8226; Traduzione per il settore della moda e del lifestyle","og_description":"Traduzione per il settore della moda e del lifestyle Raggiungere pi\u00f9 clienti con traduzioni professionali nel settore della moda e del lifestyle Ha prodotti fantastici da far conoscere a un pubblico maschile o femminile? Per raggiungere anche i potenziali clienti nella Svizzera francese, in Ticino o all\u2019estero, servono traduttrici e traduttori professionisti specializzati nel campo della moda e del lifestyle, ... Weiterlesen","og_url":"https:\/\/www.translingua.ch\/it\/traduzioni\/della-moda-e-del-lifestyle\/","og_site_name":"Translingua AG","article_modified_time":"2024-10-23T13:41:58+00:00","og_image":[{"width":500,"height":500,"url":"https:\/\/www.translingua.ch\/wp-content\/uploads\/ModeLifestyle_Icon-Schwarz.png","type":"image\/png"}],"twitter_card":"summary_large_image","twitter_misc":{"Tempo di lettura stimato":"3 minuti"},"schema":{"@context":"https:\/\/schema.org","@graph":[{"@type":"WebPage","@id":"https:\/\/www.translingua.ch\/it\/traduzioni\/della-moda-e-del-lifestyle\/","url":"https:\/\/www.translingua.ch\/it\/traduzioni\/della-moda-e-del-lifestyle\/","name":"Translingua AG &#8226; Traduzione per il settore della moda e del lifestyle","isPartOf":{"@id":"https:\/\/www.translingua.ch\/#website"},"primaryImageOfPage":{"@id":"https:\/\/www.translingua.ch\/it\/traduzioni\/della-moda-e-del-lifestyle\/#primaryimage"},"image":{"@id":"https:\/\/www.translingua.ch\/it\/traduzioni\/della-moda-e-del-lifestyle\/#primaryimage"},"thumbnailUrl":"https:\/\/www.translingua.ch\/wp-content\/uploads\/ModeLifestyle_Icon-Schwarz.png","datePublished":"2021-01-18T16:13:43+00:00","dateModified":"2024-10-23T13:41:58+00:00","breadcrumb":{"@id":"https:\/\/www.translingua.ch\/it\/traduzioni\/della-moda-e-del-lifestyle\/#breadcrumb"},"inLanguage":"it-IT","potentialAction":[{"@type":"ReadAction","target":["https:\/\/www.translingua.ch\/it\/traduzioni\/della-moda-e-del-lifestyle\/"]}]},{"@type":"ImageObject","inLanguage":"it-IT","@id":"https:\/\/www.translingua.ch\/it\/traduzioni\/della-moda-e-del-lifestyle\/#primaryimage","url":"https:\/\/www.translingua.ch\/wp-content\/uploads\/ModeLifestyle_Icon-Schwarz.png","contentUrl":"https:\/\/www.translingua.ch\/wp-content\/uploads\/ModeLifestyle_Icon-Schwarz.png"},{"@type":"BreadcrumbList","@id":"https:\/\/www.translingua.ch\/it\/traduzioni\/della-moda-e-del-lifestyle\/#breadcrumb","itemListElement":[{"@type":"ListItem","position":1,"name":"Home","item":"https:\/\/www.translingua.ch\/it\/"},{"@type":"ListItem","position":2,"name":"Traduzioni specialistiche","item":"https:\/\/www.translingua.ch\/it\/traduzioni\/"},{"@type":"ListItem","position":3,"name":"Traduzione per il settore della moda e del lifestyle"}]},{"@type":"WebSite","@id":"https:\/\/www.translingua.ch\/#website","url":"https:\/\/www.translingua.ch\/","name":"Translingua AG","description":"\u00dcbersetzungsb\u00fcro in Z\u00fcrich seit 1975","publisher":{"@id":"https:\/\/www.translingua.ch\/#organization"},"potentialAction":[{"@type":"SearchAction","target":{"@type":"EntryPoint","urlTemplate":"https:\/\/www.translingua.ch\/?s={search_term_string}"},"query-input":{"@type":"PropertyValueSpecification","valueRequired":true,"valueName":"search_term_string"}}],"inLanguage":"it-IT"},{"@type":"Organization","@id":"https:\/\/www.translingua.ch\/#organization","name":"Translingua AG","url":"https:\/\/www.translingua.ch\/","logo":{"@type":"ImageObject","inLanguage":"it-IT","@id":"https:\/\/www.translingua.ch\/#\/schema\/logo\/image\/","url":"https:\/\/www.translingua.ch\/wp-content\/uploads\/logo.png","contentUrl":"https:\/\/www.translingua.ch\/wp-content\/uploads\/logo.png","width":261,"height":106,"caption":"Translingua AG"},"image":{"@id":"https:\/\/www.translingua.ch\/#\/schema\/logo\/image\/"}}]}},"_links":{"self":[{"href":"https:\/\/www.translingua.ch\/it\/wp-json\/wp\/v2\/pages\/3476","targetHints":{"allow":["GET"]}}],"collection":[{"href":"https:\/\/www.translingua.ch\/it\/wp-json\/wp\/v2\/pages"}],"about":[{"href":"https:\/\/www.translingua.ch\/it\/wp-json\/wp\/v2\/types\/page"}],"author":[{"embeddable":true,"href":"https:\/\/www.translingua.ch\/it\/wp-json\/wp\/v2\/users\/2"}],"replies":[{"embeddable":true,"href":"https:\/\/www.translingua.ch\/it\/wp-json\/wp\/v2\/comments?post=3476"}],"version-history":[{"count":6,"href":"https:\/\/www.translingua.ch\/it\/wp-json\/wp\/v2\/pages\/3476\/revisions"}],"predecessor-version":[{"id":9750,"href":"https:\/\/www.translingua.ch\/it\/wp-json\/wp\/v2\/pages\/3476\/revisions\/9750"}],"up":[{"embeddable":true,"href":"https:\/\/www.translingua.ch\/it\/wp-json\/wp\/v2\/pages\/696"}],"wp:attachment":[{"href":"https:\/\/www.translingua.ch\/it\/wp-json\/wp\/v2\/media?parent=3476"}],"curies":[{"name":"wp","href":"https:\/\/api.w.org\/{rel}","templated":true}]}}