{"id":3460,"date":"2021-01-18T16:53:46","date_gmt":"2021-01-18T15:53:46","guid":{"rendered":"https:\/\/www.translingua.ch\/?page_id=3460"},"modified":"2022-02-28T10:56:59","modified_gmt":"2022-02-28T09:56:59","slug":"fundraising","status":"publish","type":"page","link":"https:\/\/www.translingua.ch\/it\/traduzioni\/fundraising\/","title":{"rendered":"Traduzioni per il settore del fundraising"},"content":{"rendered":"\n<div class=\"wp-block-stackable-columns stk-block-columns stk-block stk-71736c3\" data-block-id=\"71736c3\"><style>.stk-71736c3{max-width:800px !important;min-width:auto !important;margin-right:auto !important;margin-left:auto !important}.stk-71736c3-column{row-gap:35px !important}<\/style><div class=\"stk-row stk-inner-blocks stk-block-content stk-content-align stk-71736c3-column\">\n<div class=\"wp-block-stackable-column stk-block-column stk-column stk-block stk-83e73f5\" data-block-id=\"83e73f5\"><style>@media screen and (min-width:768px){.stk-83e73f5{flex:1 1 calc(75% - var(--stk-column-gap,0px) * 1 \/ 2 ) !important}}.stk-83e73f5-container{margin-top:0px !important;margin-right:0px !important;margin-bottom:0px !important;margin-left:0px !important}<\/style><div class=\"stk-column-wrapper stk-block-column__content stk-container stk-83e73f5-container stk--no-background stk--no-padding\"><div class=\"stk-block-content stk-inner-blocks\">\n<h1 class=\"wp-block-heading\">Traduzioni per il settore del fundraising<\/h1>\n<\/div><\/div><\/div>\n\n\n\n<div class=\"wp-block-stackable-column stk-block-column stk-column stk-block stk-a802132\" data-block-id=\"a802132\"><style>@media screen and (min-width:768px){.stk-a802132{flex:1 1 calc(25% - var(--stk-column-gap,0px) * 1 \/ 2 ) !important}}.stk-a802132-container{margin-top:0px !important;margin-right:0px !important;margin-bottom:0px !important;margin-left:0px !important}<\/style><div class=\"stk-column-wrapper stk-block-column__content stk-container stk-a802132-container stk--no-background stk--no-padding\"><div class=\"stk-block-content stk-inner-blocks\">\n<div class=\"wp-block-image\"><figure class=\"aligncenter size-full is-resized\"><img loading=\"lazy\" decoding=\"async\" src=\"https:\/\/www.translingua.ch\/wp-content\/uploads\/NonProfit_Icon-Schwarz.png\" alt=\"\" class=\"wp-image-4640\" width=\"190\" height=\"190\" srcset=\"https:\/\/www.translingua.ch\/wp-content\/uploads\/NonProfit_Icon-Schwarz.png 500w, https:\/\/www.translingua.ch\/wp-content\/uploads\/NonProfit_Icon-Schwarz-300x300.png 300w, https:\/\/www.translingua.ch\/wp-content\/uploads\/NonProfit_Icon-Schwarz-150x150.png 150w\" sizes=\"auto, (max-width: 190px) 100vw, 190px\" \/><\/figure><\/div>\n<\/div><\/div><\/div>\n<\/div><\/div>\n\n\n\n<h2 class=\"wp-block-heading\">Traduzioni efficaci per organizzazioni non profit<\/h2>\n\n\n\n<p>Insieme per una buona causa, ovvero l\u2019obiettivo della sua organizzazione: rendere il mondo un posto migliore. Translingua sar\u00e0 felice di poterla aiutare. Per raggiungere il maggior numero possibile di potenziali sostenitori e riuscire cos\u00ec a raccogliere i fondi necessari, servono traduzioni convincenti in grado di trasmettere il messaggio nei mailing, nelle brochure, sui social media, nelle inserzioni e su ogni altro canale utile.<\/p>\n\n\n\n<h2 class=\"wp-block-heading\">Traduzioni professionali nel campo della raccolta fondi per raggiungere benefattrici e benefattori<\/h2>\n\n\n\n<p>Partner e sponsor vogliono sempre sapere in che modo i progetti saranno realizzati e quali effetti avranno. Tenendo informata l\u2019intera community attraverso resoconti su progetti e padrinati, con le newsletter e con regolari aggiornamenti, ovviamente nella loro lingua madre, \u00e8 possibile trasmettere ogni sfumatura di ogni messaggio rivolgendosi al proprio target in modo sempre adeguato.<\/p>\n\n\n\n<h2 class=\"wp-block-heading\">La comunicazione in pi\u00f9 lingue \u00e8 la chiave del successo per le organizzazioni non profit<\/h2>\n\n\n\n<p>Translingua pu\u00f2 contare su anni di esperienza maturata nella traduzione e nella localizzazione, traduce per numerose organizzazioni non profit rinomate che operano, ad esempio, nel campo della protezione dei minori, della formazione, della cooperazione internazionale, della tutela degli animali e dell&#8217;ambiente, delle emergenze, della medicina, della salute e dello sport. Translingua \u00e8 in grado di cogliere il tono giusto e di trasmettere ogni messaggio in modo efficace al pubblico target, anche quando si tratta di testi brevi e urgenti di attualit\u00e0 o di progetti a lungo termine, di testi per il marketing, per la raccolta fondi o per la comunicazione interna. Ogni volta scegliamo il traduttore pi\u00f9 adatto al suo settore tematico e riusciamo cos\u00ec a garantire che il prodotto finale sia corretto, coerente e realizzato con competenza.<\/p>\n\n\n\n<h2 class=\"wp-block-heading\">Translingua come partner per le organizzazioni non profit<\/h2>\n\n\n\n<p>La brochure \u00e8 stata realizzata in InDesign? Nessun problema! Lavoriamo direttamente sul file IDML, cos\u00ec non perdiamo tempo con inutili copia e incolla. Questo \u00e8 solo uno dei numerosi vantaggi che noi le offriamo in qualit\u00e0 di partner esperto e trasparente per le traduzioni. La specialit\u00e0 di Translingua sono le traduzioni di successo per le organizzazioni non profit. E, last but not least, siamo attivamente impegnati nel campo della sostenibilit\u00e0 e <a href=\"https:\/\/www.translingua.ch\/it\/chi-siamo\/servizi-linguistici-sostenibili\/\">contribuiamo<\/a> al raggiungimento degli obiettivi di sviluppo globali del Global Compact dell\u2019ONU. Si metta in contatto con noi per ulteriori informazioni, per parlarci o per richiedere una traduzione di prova gratuita.<\/p>\n\n\n\n<div class=\"wp-block-buttons is-horizontal is-content-justification-center is-layout-flex wp-container-core-buttons-is-layout-499968f5 wp-block-buttons-is-layout-flex\">\n<div class=\"wp-block-button\"><a class=\"wp-block-button__link\" href=\"https:\/\/www.translingua.ch\/it\/richiesta-di-preventivo\/\">Richiesta traduzione non profit<\/a><\/div>\n<\/div>\n","protected":false},"excerpt":{"rendered":"<p>Traduzioni per il settore del fundraising Traduzioni efficaci per organizzazioni non profit Insieme per una buona causa, ovvero l\u2019obiettivo della sua organizzazione: rendere il mondo un posto migliore. Translingua sar\u00e0 felice di poterla aiutare. Per raggiungere il maggior numero possibile di potenziali sostenitori e riuscire cos\u00ec a raccogliere i fondi necessari, servono traduzioni convincenti in grado di trasmettere il messaggio &#8230; <a title=\"Traduzioni per il settore del fundraising\" class=\"read-more\" href=\"https:\/\/www.translingua.ch\/it\/traduzioni\/fundraising\/\" aria-label=\"Per saperne di pi\u00f9 su Traduzioni per il settore del fundraising\">Weiterlesen<\/a><\/p>\n","protected":false},"author":2,"featured_media":0,"parent":696,"menu_order":0,"comment_status":"closed","ping_status":"closed","template":"","meta":{"footnotes":""},"class_list":["post-3460","page","type-page","status-publish"],"featured_image_urls_v2":{"full":"","thumbnail":"","medium":"","medium_large":"","large":"","1536x1536":"","2048x2048":"","gform-image-choice-sm":"","gform-image-choice-md":"","gform-image-choice-lg":""},"post_excerpt_stackable_v2":"<p>Traduzioni per il settore del fundraising Traduzioni efficaci per organizzazioni non profit Insieme per una buona causa, ovvero l\u2019obiettivo della sua organizzazione: rendere il mondo un posto migliore. Translingua sar\u00e0 felice di poterla aiutare. Per raggiungere il maggior numero possibile di potenziali sostenitori e riuscire cos\u00ec a raccogliere i fondi necessari, servono traduzioni convincenti in grado di trasmettere il messaggio nei mailing, nelle brochure, sui social media, nelle inserzioni e su ogni altro canale utile. Traduzioni professionali nel campo della raccolta fondi per raggiungere benefattrici e benefattori Partner e sponsor vogliono sempre sapere in che modo i progetti saranno realizzati&hellip;<\/p>\n","category_list_v2":"","author_info_v2":{"name":"Lorenz Eymann","url":"https:\/\/www.translingua.ch\/it\/author\/eymann\/"},"comments_num_v2":"0 commenti","yoast_head":"<!-- This site is optimized with the Yoast SEO plugin v27.3 - https:\/\/yoast.com\/product\/yoast-seo-wordpress\/ -->\n<title>Translingua AG &#8226; Traduzioni per il settore del fundraising<\/title>\n<meta name=\"robots\" content=\"index, follow, max-snippet:-1, max-image-preview:large, max-video-preview:-1\" \/>\n<link rel=\"canonical\" href=\"https:\/\/www.translingua.ch\/it\/traduzioni\/fundraising\/\" \/>\n<meta property=\"og:locale\" content=\"it_IT\" \/>\n<meta property=\"og:type\" content=\"article\" \/>\n<meta property=\"og:title\" content=\"Translingua AG &#8226; Traduzioni per il settore del fundraising\" \/>\n<meta property=\"og:description\" content=\"Traduzioni per il settore del fundraising Traduzioni efficaci per organizzazioni non profit Insieme per una buona causa, ovvero l\u2019obiettivo della sua organizzazione: rendere il mondo un posto migliore. Translingua sar\u00e0 felice di poterla aiutare. Per raggiungere il maggior numero possibile di potenziali sostenitori e riuscire cos\u00ec a raccogliere i fondi necessari, servono traduzioni convincenti in grado di trasmettere il messaggio ... Weiterlesen\" \/>\n<meta property=\"og:url\" content=\"https:\/\/www.translingua.ch\/it\/traduzioni\/fundraising\/\" \/>\n<meta property=\"og:site_name\" content=\"Translingua AG\" \/>\n<meta property=\"article:modified_time\" content=\"2022-02-28T09:56:59+00:00\" \/>\n<meta property=\"og:image\" content=\"https:\/\/www.translingua.ch\/wp-content\/uploads\/NonProfit_Icon-Schwarz.png\" \/>\n<meta name=\"twitter:card\" content=\"summary_large_image\" \/>\n<meta name=\"twitter:label1\" content=\"Tempo di lettura stimato\" \/>\n\t<meta name=\"twitter:data1\" content=\"3 minuti\" \/>\n<script type=\"application\/ld+json\" class=\"yoast-schema-graph\">{\"@context\":\"https:\\\/\\\/schema.org\",\"@graph\":[{\"@type\":\"WebPage\",\"@id\":\"https:\\\/\\\/www.translingua.ch\\\/it\\\/traduzioni\\\/fundraising\\\/\",\"url\":\"https:\\\/\\\/www.translingua.ch\\\/it\\\/traduzioni\\\/fundraising\\\/\",\"name\":\"Translingua AG &#8226; Traduzioni per il settore del fundraising\",\"isPartOf\":{\"@id\":\"https:\\\/\\\/www.translingua.ch\\\/#website\"},\"primaryImageOfPage\":{\"@id\":\"https:\\\/\\\/www.translingua.ch\\\/it\\\/traduzioni\\\/fundraising\\\/#primaryimage\"},\"image\":{\"@id\":\"https:\\\/\\\/www.translingua.ch\\\/it\\\/traduzioni\\\/fundraising\\\/#primaryimage\"},\"thumbnailUrl\":\"https:\\\/\\\/www.translingua.ch\\\/wp-content\\\/uploads\\\/NonProfit_Icon-Schwarz.png\",\"datePublished\":\"2021-01-18T15:53:46+00:00\",\"dateModified\":\"2022-02-28T09:56:59+00:00\",\"breadcrumb\":{\"@id\":\"https:\\\/\\\/www.translingua.ch\\\/it\\\/traduzioni\\\/fundraising\\\/#breadcrumb\"},\"inLanguage\":\"it-IT\",\"potentialAction\":[{\"@type\":\"ReadAction\",\"target\":[\"https:\\\/\\\/www.translingua.ch\\\/it\\\/traduzioni\\\/fundraising\\\/\"]}]},{\"@type\":\"ImageObject\",\"inLanguage\":\"it-IT\",\"@id\":\"https:\\\/\\\/www.translingua.ch\\\/it\\\/traduzioni\\\/fundraising\\\/#primaryimage\",\"url\":\"https:\\\/\\\/www.translingua.ch\\\/wp-content\\\/uploads\\\/NonProfit_Icon-Schwarz.png\",\"contentUrl\":\"https:\\\/\\\/www.translingua.ch\\\/wp-content\\\/uploads\\\/NonProfit_Icon-Schwarz.png\"},{\"@type\":\"BreadcrumbList\",\"@id\":\"https:\\\/\\\/www.translingua.ch\\\/it\\\/traduzioni\\\/fundraising\\\/#breadcrumb\",\"itemListElement\":[{\"@type\":\"ListItem\",\"position\":1,\"name\":\"Home\",\"item\":\"https:\\\/\\\/www.translingua.ch\\\/it\\\/\"},{\"@type\":\"ListItem\",\"position\":2,\"name\":\"Traduzioni specialistiche\",\"item\":\"https:\\\/\\\/www.translingua.ch\\\/it\\\/traduzioni\\\/\"},{\"@type\":\"ListItem\",\"position\":3,\"name\":\"Traduzioni per il settore del fundraising\"}]},{\"@type\":\"WebSite\",\"@id\":\"https:\\\/\\\/www.translingua.ch\\\/#website\",\"url\":\"https:\\\/\\\/www.translingua.ch\\\/\",\"name\":\"Translingua AG\",\"description\":\"\u00dcbersetzungsb\u00fcro in Z\u00fcrich seit 1975\",\"publisher\":{\"@id\":\"https:\\\/\\\/www.translingua.ch\\\/#organization\"},\"potentialAction\":[{\"@type\":\"SearchAction\",\"target\":{\"@type\":\"EntryPoint\",\"urlTemplate\":\"https:\\\/\\\/www.translingua.ch\\\/?s={search_term_string}\"},\"query-input\":{\"@type\":\"PropertyValueSpecification\",\"valueRequired\":true,\"valueName\":\"search_term_string\"}}],\"inLanguage\":\"it-IT\"},{\"@type\":\"Organization\",\"@id\":\"https:\\\/\\\/www.translingua.ch\\\/#organization\",\"name\":\"Translingua AG\",\"url\":\"https:\\\/\\\/www.translingua.ch\\\/\",\"logo\":{\"@type\":\"ImageObject\",\"inLanguage\":\"it-IT\",\"@id\":\"https:\\\/\\\/www.translingua.ch\\\/#\\\/schema\\\/logo\\\/image\\\/\",\"url\":\"https:\\\/\\\/www.translingua.ch\\\/wp-content\\\/uploads\\\/logo.png\",\"contentUrl\":\"https:\\\/\\\/www.translingua.ch\\\/wp-content\\\/uploads\\\/logo.png\",\"width\":261,\"height\":106,\"caption\":\"Translingua AG\"},\"image\":{\"@id\":\"https:\\\/\\\/www.translingua.ch\\\/#\\\/schema\\\/logo\\\/image\\\/\"}}]}<\/script>\n<!-- \/ Yoast SEO plugin. -->","yoast_head_json":{"title":"Translingua AG &#8226; Traduzioni per il settore del fundraising","robots":{"index":"index","follow":"follow","max-snippet":"max-snippet:-1","max-image-preview":"max-image-preview:large","max-video-preview":"max-video-preview:-1"},"canonical":"https:\/\/www.translingua.ch\/it\/traduzioni\/fundraising\/","og_locale":"it_IT","og_type":"article","og_title":"Translingua AG &#8226; Traduzioni per il settore del fundraising","og_description":"Traduzioni per il settore del fundraising Traduzioni efficaci per organizzazioni non profit Insieme per una buona causa, ovvero l\u2019obiettivo della sua organizzazione: rendere il mondo un posto migliore. Translingua sar\u00e0 felice di poterla aiutare. Per raggiungere il maggior numero possibile di potenziali sostenitori e riuscire cos\u00ec a raccogliere i fondi necessari, servono traduzioni convincenti in grado di trasmettere il messaggio ... Weiterlesen","og_url":"https:\/\/www.translingua.ch\/it\/traduzioni\/fundraising\/","og_site_name":"Translingua AG","article_modified_time":"2022-02-28T09:56:59+00:00","og_image":[{"url":"https:\/\/www.translingua.ch\/wp-content\/uploads\/NonProfit_Icon-Schwarz.png","type":"","width":"","height":""}],"twitter_card":"summary_large_image","twitter_misc":{"Tempo di lettura stimato":"3 minuti"},"schema":{"@context":"https:\/\/schema.org","@graph":[{"@type":"WebPage","@id":"https:\/\/www.translingua.ch\/it\/traduzioni\/fundraising\/","url":"https:\/\/www.translingua.ch\/it\/traduzioni\/fundraising\/","name":"Translingua AG &#8226; Traduzioni per il settore del fundraising","isPartOf":{"@id":"https:\/\/www.translingua.ch\/#website"},"primaryImageOfPage":{"@id":"https:\/\/www.translingua.ch\/it\/traduzioni\/fundraising\/#primaryimage"},"image":{"@id":"https:\/\/www.translingua.ch\/it\/traduzioni\/fundraising\/#primaryimage"},"thumbnailUrl":"https:\/\/www.translingua.ch\/wp-content\/uploads\/NonProfit_Icon-Schwarz.png","datePublished":"2021-01-18T15:53:46+00:00","dateModified":"2022-02-28T09:56:59+00:00","breadcrumb":{"@id":"https:\/\/www.translingua.ch\/it\/traduzioni\/fundraising\/#breadcrumb"},"inLanguage":"it-IT","potentialAction":[{"@type":"ReadAction","target":["https:\/\/www.translingua.ch\/it\/traduzioni\/fundraising\/"]}]},{"@type":"ImageObject","inLanguage":"it-IT","@id":"https:\/\/www.translingua.ch\/it\/traduzioni\/fundraising\/#primaryimage","url":"https:\/\/www.translingua.ch\/wp-content\/uploads\/NonProfit_Icon-Schwarz.png","contentUrl":"https:\/\/www.translingua.ch\/wp-content\/uploads\/NonProfit_Icon-Schwarz.png"},{"@type":"BreadcrumbList","@id":"https:\/\/www.translingua.ch\/it\/traduzioni\/fundraising\/#breadcrumb","itemListElement":[{"@type":"ListItem","position":1,"name":"Home","item":"https:\/\/www.translingua.ch\/it\/"},{"@type":"ListItem","position":2,"name":"Traduzioni specialistiche","item":"https:\/\/www.translingua.ch\/it\/traduzioni\/"},{"@type":"ListItem","position":3,"name":"Traduzioni per il settore del fundraising"}]},{"@type":"WebSite","@id":"https:\/\/www.translingua.ch\/#website","url":"https:\/\/www.translingua.ch\/","name":"Translingua AG","description":"\u00dcbersetzungsb\u00fcro in Z\u00fcrich seit 1975","publisher":{"@id":"https:\/\/www.translingua.ch\/#organization"},"potentialAction":[{"@type":"SearchAction","target":{"@type":"EntryPoint","urlTemplate":"https:\/\/www.translingua.ch\/?s={search_term_string}"},"query-input":{"@type":"PropertyValueSpecification","valueRequired":true,"valueName":"search_term_string"}}],"inLanguage":"it-IT"},{"@type":"Organization","@id":"https:\/\/www.translingua.ch\/#organization","name":"Translingua AG","url":"https:\/\/www.translingua.ch\/","logo":{"@type":"ImageObject","inLanguage":"it-IT","@id":"https:\/\/www.translingua.ch\/#\/schema\/logo\/image\/","url":"https:\/\/www.translingua.ch\/wp-content\/uploads\/logo.png","contentUrl":"https:\/\/www.translingua.ch\/wp-content\/uploads\/logo.png","width":261,"height":106,"caption":"Translingua AG"},"image":{"@id":"https:\/\/www.translingua.ch\/#\/schema\/logo\/image\/"}}]}},"_links":{"self":[{"href":"https:\/\/www.translingua.ch\/it\/wp-json\/wp\/v2\/pages\/3460","targetHints":{"allow":["GET"]}}],"collection":[{"href":"https:\/\/www.translingua.ch\/it\/wp-json\/wp\/v2\/pages"}],"about":[{"href":"https:\/\/www.translingua.ch\/it\/wp-json\/wp\/v2\/types\/page"}],"author":[{"embeddable":true,"href":"https:\/\/www.translingua.ch\/it\/wp-json\/wp\/v2\/users\/2"}],"replies":[{"embeddable":true,"href":"https:\/\/www.translingua.ch\/it\/wp-json\/wp\/v2\/comments?post=3460"}],"version-history":[{"count":4,"href":"https:\/\/www.translingua.ch\/it\/wp-json\/wp\/v2\/pages\/3460\/revisions"}],"predecessor-version":[{"id":6436,"href":"https:\/\/www.translingua.ch\/it\/wp-json\/wp\/v2\/pages\/3460\/revisions\/6436"}],"up":[{"embeddable":true,"href":"https:\/\/www.translingua.ch\/it\/wp-json\/wp\/v2\/pages\/696"}],"wp:attachment":[{"href":"https:\/\/www.translingua.ch\/it\/wp-json\/wp\/v2\/media?parent=3460"}],"curies":[{"name":"wp","href":"https:\/\/api.w.org\/{rel}","templated":true}]}}