{"id":2966,"date":"2020-03-10T13:24:56","date_gmt":"2020-03-10T12:24:56","guid":{"rendered":"https:\/\/www.translingua.ch\/?page_id=2966"},"modified":"2022-01-11T10:59:49","modified_gmt":"2022-01-11T09:59:49","slug":"protezione-dei-dati","status":"publish","type":"page","link":"https:\/\/www.translingua.ch\/it\/protezione-dei-dati\/","title":{"rendered":"Protezione dei dati"},"content":{"rendered":"\n<h2 class=\"wp-block-heading\">Protezione dei dati<\/h2>\n\n\n\n<p>Ai sensi dell\u2019articolo 13 della Costituzione federale e secondo le disposizioni legali della Confederazione svizzera sulla protezione dei dati, ognuno ha diritto al rispetto della sua vita privata nonch\u00e9 d\u2019essere protetto da un impiego abusivo dei suoi dati personali. Le autorit\u00e0 federali si attengono rigorosamente a queste disposizioni. I dati personali sono trattati con la massima riservatezza e non sono venduti n\u00e9 trasmessi a terzi.<\/p>\n\n\n\n<p>In stretta collaborazione con i nostri Hosting-Provider, ci sforziamo di proteggere al meglio possibile le banche dati da intrusioni esterne, perdite, abusi o falsificazioni.<\/p>\n\n\n\n<h2 class=\"wp-block-heading\">Cookies<\/h2>\n\n\n\n<p>Utilizziamo cookie per il nostro sito web. Nello specifico, i cookie sono piccoli file di testo che nel momento della visita del nostro sito web vengono salvati sul computer del cliente a titolo temporaneo o permanente. Lo scopo di questi cookie consiste soprattutto nell\u2019analisi statistica dell\u2019utilizzo del nostro sito web al fine di apportare miglioramenti. Il cliente pu\u00f2 disattivare in qualsiasi momento interamente o in parte l\u2019utilizzo di cookie sul nostro sito web nelle impostazioni relative ai cookie o alla sfera privata del proprio browser. In caso di disattivazione dei cookie, il cliente potrebbe tuttavia non avere pi\u00f9 accesso a tutte le funzioni del nostro sito web.<\/p>\n\n\n\n<h2 class=\"wp-block-heading\">Dichiarazione sulla protezione dei dati per l&#8217;utilizzo dei plugin di Facebook (Like-Button)<\/h2>\n\n\n\n<p>Sulle nostre pagine sono integrati plugin del social network Facebook, 1601 South California Avenue, Palo Alto, CA 94304, USA. I plugin di Facebook sono riconoscibili dal logo di Facebook o dal \u00abLike-Button\u00bb (\u00abmi piace\u00bb) sulla nostra pagina. Un elenco dei plugin di Facebook si trova qui www.facebook.com.<\/p>\n\n\n\n<p>Quando visitate le nostre pagine viene stabilita tramite il plugin una connessione diretta tra il vostro browser e il server di Facebook. Facebook riceve quindi l&#8217;informazione che voi avete visitato la nostra pagina tramite l&#8217;indirizzo IP. Se premete il \u00abLike-Button\u00bb di Facebook dopo avere effettuato il login nel vostro account di Facebook, potete trasferire i link dei contenuti delle nostre pagine direttamente sul vostro profilo di Facebook. In questa maniera Facebook pu\u00f2 attribuire la visita delle nostre pagine al vostro conto utente. Facciamo presente che, come fornitori di pagine, non riceviamo da Facebook alcuna informazione n\u00e9 sul contenuto dei dati trasmessi n\u00e9 sul loro utilizzo da parte di Facebook stessa. Ulteriori informazioni su questo argomento sono contenute nella dichiarazione sulla protezione dei dati di Facebook www.facebook.com<\/p>\n\n\n\n<p>Se non desiderate che Facebook possa attribuire le pagine visitate al vostro conto utente di Facebook, uscite dal vostro conto utente di Facebook (logout).<\/p>\n\n\n\n<h2 class=\"wp-block-heading\">Dichiarazione sulla protezione dei dati per l&#8217;utilizzo di Twitter<\/h2>\n\n\n\n<p>Sulle nostre pagine sono integrate le funzioni del servizio Twitter. Dette funzioni vengono offerte da Twitter Inc., 795 Folsom St., Suite 600, San Francisco, CA 94107, USA. Mediante l&#8217;utilizzo di Twitter e delle funzioni \u00abRe-Tweet\u00bb i siti web da voi visitati vengono collegati con il vostro account di Twitter e resi noti ad altri utenti.<\/p>\n\n\n\n<p>Facciamo presente che come erogatori di pagine non riceviamo alcuna informazione n\u00e9 sul contenuto dei dati trasmessi n\u00e9 sul loro utilizzo da parte di Twitter stessa. In considerazione dei continui aggiornamenti della dichiarazione sulla protezione dei dati di Twitter, rimandiamo alla versione pi\u00f9 recente sul sito: http:\/\/twitter.com\/privacy<\/p>\n\n\n\n<h2 class=\"wp-block-heading\">Dichiarazione sulla protezione dei dati per l&#8217;utilizzo di Google Analytics<\/h2>\n\n\n\n<p>Il sito web utilizza Google Analytics. Si tratta di un servizio della Google Inc. (&#8220;Google&#8221;). Google Analytics utilizza i cosiddetti &#8220;cookies&#8221;, file di testo che vengono salvati sul Vostro computer e consentono un&#8217;analisi del Vostro utilizzo del sito web. Le informazioni generate per mezzo dei cookie riguardo l&#8217;utenza del Vostro sito web esistente (compreso il Vostro indirizzo IP) vengono inviate ad un server Google negli USA e ivi memorizzate. Google rispetta le prescrizioni relative alla tutela dei dati del concordato &#8220;US-Safe-Harbor&#8221; ed \u00e8 registrata nel programma &#8220;Safe Harbor&#8221; del ministero di commercio statunitense.<\/p>\n\n\n\n<p>Google utilizza tali informazioni per valutare l&#8217;utenza del Vostro sito web, per redigere resoconti sull&#8217;attivit\u00e0 del sito web per gli operatori del sito e per fornire ulteriori servizi correlati all&#8217;utilizzo del sito web e di internet. Inoltre, Google trasmette eventualmente tali informazioni a terzi, a condizione che questo sia consentito dalla legge o nella misura in cui terzi utilizzino tali dati per incarico di Google. In nessun caso Google mette in relazione il Vostro indirizzo IP con altri dati appartenenti a Google Inc. \u00c8 possibile evitare l&#8217;installazione dei cookie attraverso una determinata configurazione del proprio browser; in questo caso avvertiamo che eventualmente non sar\u00e0 tuttavia possibile utilizzare completamente tutte le funzioni di questo sito web.<\/p>\n\n\n\n<h2 class=\"wp-block-heading\">Dichiarazione sulla protezione dei dati per l&#8217;utilizzo di Google +1<\/h2>\n\n\n\n<p>Il nostro sito web utilizza il pulsante \u201c+1\u201d del social network Google+ (Google Plus) di Google Inc., 1600 Amphitheatre Parkway, Mountain View, California, 94043 USA, (di seguito \u201cGoogle\u201d).<\/p>\n\n\n\n<p>Nel momento in cui richiami dal nostro sito una pagina che contiene il pulsante \u201c+1\u201d, il tuo browser carica e riproduce la rappresentazione grafica del pulsante \u201c+1\u201d dal server di Google. In questo modo al server di Google viene comunicata la pagina del nostro sito che stai visitando. Google protocolla la tua cronologia delle esplorazioni visualizzando il pulsante \u201c+1\u201d per un periodo massimo di due settimane al fine di gestire ed eseguire il debug dei propri sistemi. Google non utilizza in altro modo la tua visita a una pagina del nostro sito web contenente il pulsante \u201c+1\u201d.<\/p>\n\n\n\n<p>Se attivi il pulsante \u201c+1\u201d mentre sei connesso a Google+ (Google Plus), Google registra attraverso il tuo profilo informazioni circa l\u2019URL suggerito, il tuo indirizzo IP e altre informazioni correlate al browser, affinch\u00e9 il tuo consiglio \u201c+1\u201d venga memorizzato e reso visibile al pubblico. I \u201c+1\u201d possono essere visualizzati dagli altri utenti, sotto forma di annotazione con il nome e la foto del tuo profilo, nei servizi Google \u2013 ad esempio nei risultati di ricerca o nella scheda \u201c+1\u201d del tuo profilo Google \u2013 o altrove su siti web e annunci su Internet.<\/p>\n","protected":false},"excerpt":{"rendered":"<p>Protezione dei dati Ai sensi dell\u2019articolo 13 della Costituzione federale e secondo le disposizioni legali della Confederazione svizzera sulla protezione dei dati, ognuno ha diritto al rispetto della sua vita privata nonch\u00e9 d\u2019essere protetto da un impiego abusivo dei suoi dati personali. Le autorit\u00e0 federali si attengono rigorosamente a queste disposizioni. I dati personali sono trattati con la massima riservatezza &#8230; <a title=\"Protezione dei dati\" class=\"read-more\" href=\"https:\/\/www.translingua.ch\/it\/protezione-dei-dati\/\" aria-label=\"Per saperne di pi\u00f9 su Protezione dei dati\">Weiterlesen<\/a><\/p>\n","protected":false},"author":1,"featured_media":0,"parent":0,"menu_order":0,"comment_status":"closed","ping_status":"closed","template":"","meta":{"footnotes":""},"class_list":["post-2966","page","type-page","status-publish"],"featured_image_urls_v2":{"full":"","thumbnail":"","medium":"","medium_large":"","large":"","1536x1536":"","2048x2048":"","gform-image-choice-sm":"","gform-image-choice-md":"","gform-image-choice-lg":""},"post_excerpt_stackable_v2":"<p>Protezione dei dati Ai sensi dell\u2019articolo 13 della Costituzione federale e secondo le disposizioni legali della Confederazione svizzera sulla protezione dei dati, ognuno ha diritto al rispetto della sua vita privata nonch\u00e9 d\u2019essere protetto da un impiego abusivo dei suoi dati personali. Le autorit\u00e0 federali si attengono rigorosamente a queste disposizioni. I dati personali sono trattati con la massima riservatezza e non sono venduti n\u00e9 trasmessi a terzi. In stretta collaborazione con i nostri Hosting-Provider, ci sforziamo di proteggere al meglio possibile le banche dati da intrusioni esterne, perdite, abusi o falsificazioni. Cookies Utilizziamo cookie per il nostro sito web.&hellip;<\/p>\n","category_list_v2":"","author_info_v2":{"name":"nailedit","url":"https:\/\/www.translingua.ch\/it\/author\/nailedit\/"},"comments_num_v2":"0 commenti","yoast_head":"<!-- This site is optimized with the Yoast SEO plugin v27.3 - https:\/\/yoast.com\/product\/yoast-seo-wordpress\/ -->\n<title>Translingua AG &#8226; Protezione dei dati<\/title>\n<meta name=\"robots\" content=\"index, follow, max-snippet:-1, max-image-preview:large, max-video-preview:-1\" \/>\n<link rel=\"canonical\" href=\"https:\/\/www.translingua.ch\/it\/protezione-dei-dati\/\" \/>\n<meta property=\"og:locale\" content=\"it_IT\" \/>\n<meta property=\"og:type\" content=\"article\" \/>\n<meta property=\"og:title\" content=\"Translingua AG &#8226; Protezione dei dati\" \/>\n<meta property=\"og:description\" content=\"Protezione dei dati Ai sensi dell\u2019articolo 13 della Costituzione federale e secondo le disposizioni legali della Confederazione svizzera sulla protezione dei dati, ognuno ha diritto al rispetto della sua vita privata nonch\u00e9 d\u2019essere protetto da un impiego abusivo dei suoi dati personali. Le autorit\u00e0 federali si attengono rigorosamente a queste disposizioni. I dati personali sono trattati con la massima riservatezza ... Weiterlesen\" \/>\n<meta property=\"og:url\" content=\"https:\/\/www.translingua.ch\/it\/protezione-dei-dati\/\" \/>\n<meta property=\"og:site_name\" content=\"Translingua AG\" \/>\n<meta property=\"article:modified_time\" content=\"2022-01-11T09:59:49+00:00\" \/>\n<meta name=\"twitter:card\" content=\"summary_large_image\" \/>\n<meta name=\"twitter:label1\" content=\"Tempo di lettura stimato\" \/>\n\t<meta name=\"twitter:data1\" content=\"6 minuti\" \/>\n<script type=\"application\/ld+json\" class=\"yoast-schema-graph\">{\"@context\":\"https:\\\/\\\/schema.org\",\"@graph\":[{\"@type\":\"WebPage\",\"@id\":\"https:\\\/\\\/www.translingua.ch\\\/it\\\/protezione-dei-dati\\\/\",\"url\":\"https:\\\/\\\/www.translingua.ch\\\/it\\\/protezione-dei-dati\\\/\",\"name\":\"Translingua AG &#8226; Protezione dei dati\",\"isPartOf\":{\"@id\":\"https:\\\/\\\/www.translingua.ch\\\/#website\"},\"datePublished\":\"2020-03-10T12:24:56+00:00\",\"dateModified\":\"2022-01-11T09:59:49+00:00\",\"breadcrumb\":{\"@id\":\"https:\\\/\\\/www.translingua.ch\\\/it\\\/protezione-dei-dati\\\/#breadcrumb\"},\"inLanguage\":\"it-IT\",\"potentialAction\":[{\"@type\":\"ReadAction\",\"target\":[\"https:\\\/\\\/www.translingua.ch\\\/it\\\/protezione-dei-dati\\\/\"]}]},{\"@type\":\"BreadcrumbList\",\"@id\":\"https:\\\/\\\/www.translingua.ch\\\/it\\\/protezione-dei-dati\\\/#breadcrumb\",\"itemListElement\":[{\"@type\":\"ListItem\",\"position\":1,\"name\":\"Home\",\"item\":\"https:\\\/\\\/www.translingua.ch\\\/it\\\/\"},{\"@type\":\"ListItem\",\"position\":2,\"name\":\"Protezione dei dati\"}]},{\"@type\":\"WebSite\",\"@id\":\"https:\\\/\\\/www.translingua.ch\\\/#website\",\"url\":\"https:\\\/\\\/www.translingua.ch\\\/\",\"name\":\"Translingua AG\",\"description\":\"\u00dcbersetzungsb\u00fcro in Z\u00fcrich seit 1975\",\"publisher\":{\"@id\":\"https:\\\/\\\/www.translingua.ch\\\/#organization\"},\"potentialAction\":[{\"@type\":\"SearchAction\",\"target\":{\"@type\":\"EntryPoint\",\"urlTemplate\":\"https:\\\/\\\/www.translingua.ch\\\/?s={search_term_string}\"},\"query-input\":{\"@type\":\"PropertyValueSpecification\",\"valueRequired\":true,\"valueName\":\"search_term_string\"}}],\"inLanguage\":\"it-IT\"},{\"@type\":\"Organization\",\"@id\":\"https:\\\/\\\/www.translingua.ch\\\/#organization\",\"name\":\"Translingua AG\",\"url\":\"https:\\\/\\\/www.translingua.ch\\\/\",\"logo\":{\"@type\":\"ImageObject\",\"inLanguage\":\"it-IT\",\"@id\":\"https:\\\/\\\/www.translingua.ch\\\/#\\\/schema\\\/logo\\\/image\\\/\",\"url\":\"https:\\\/\\\/www.translingua.ch\\\/wp-content\\\/uploads\\\/logo.png\",\"contentUrl\":\"https:\\\/\\\/www.translingua.ch\\\/wp-content\\\/uploads\\\/logo.png\",\"width\":261,\"height\":106,\"caption\":\"Translingua AG\"},\"image\":{\"@id\":\"https:\\\/\\\/www.translingua.ch\\\/#\\\/schema\\\/logo\\\/image\\\/\"}}]}<\/script>\n<!-- \/ Yoast SEO plugin. -->","yoast_head_json":{"title":"Translingua AG &#8226; Protezione dei dati","robots":{"index":"index","follow":"follow","max-snippet":"max-snippet:-1","max-image-preview":"max-image-preview:large","max-video-preview":"max-video-preview:-1"},"canonical":"https:\/\/www.translingua.ch\/it\/protezione-dei-dati\/","og_locale":"it_IT","og_type":"article","og_title":"Translingua AG &#8226; Protezione dei dati","og_description":"Protezione dei dati Ai sensi dell\u2019articolo 13 della Costituzione federale e secondo le disposizioni legali della Confederazione svizzera sulla protezione dei dati, ognuno ha diritto al rispetto della sua vita privata nonch\u00e9 d\u2019essere protetto da un impiego abusivo dei suoi dati personali. Le autorit\u00e0 federali si attengono rigorosamente a queste disposizioni. I dati personali sono trattati con la massima riservatezza ... Weiterlesen","og_url":"https:\/\/www.translingua.ch\/it\/protezione-dei-dati\/","og_site_name":"Translingua AG","article_modified_time":"2022-01-11T09:59:49+00:00","twitter_card":"summary_large_image","twitter_misc":{"Tempo di lettura stimato":"6 minuti"},"schema":{"@context":"https:\/\/schema.org","@graph":[{"@type":"WebPage","@id":"https:\/\/www.translingua.ch\/it\/protezione-dei-dati\/","url":"https:\/\/www.translingua.ch\/it\/protezione-dei-dati\/","name":"Translingua AG &#8226; Protezione dei dati","isPartOf":{"@id":"https:\/\/www.translingua.ch\/#website"},"datePublished":"2020-03-10T12:24:56+00:00","dateModified":"2022-01-11T09:59:49+00:00","breadcrumb":{"@id":"https:\/\/www.translingua.ch\/it\/protezione-dei-dati\/#breadcrumb"},"inLanguage":"it-IT","potentialAction":[{"@type":"ReadAction","target":["https:\/\/www.translingua.ch\/it\/protezione-dei-dati\/"]}]},{"@type":"BreadcrumbList","@id":"https:\/\/www.translingua.ch\/it\/protezione-dei-dati\/#breadcrumb","itemListElement":[{"@type":"ListItem","position":1,"name":"Home","item":"https:\/\/www.translingua.ch\/it\/"},{"@type":"ListItem","position":2,"name":"Protezione dei dati"}]},{"@type":"WebSite","@id":"https:\/\/www.translingua.ch\/#website","url":"https:\/\/www.translingua.ch\/","name":"Translingua AG","description":"\u00dcbersetzungsb\u00fcro in Z\u00fcrich seit 1975","publisher":{"@id":"https:\/\/www.translingua.ch\/#organization"},"potentialAction":[{"@type":"SearchAction","target":{"@type":"EntryPoint","urlTemplate":"https:\/\/www.translingua.ch\/?s={search_term_string}"},"query-input":{"@type":"PropertyValueSpecification","valueRequired":true,"valueName":"search_term_string"}}],"inLanguage":"it-IT"},{"@type":"Organization","@id":"https:\/\/www.translingua.ch\/#organization","name":"Translingua AG","url":"https:\/\/www.translingua.ch\/","logo":{"@type":"ImageObject","inLanguage":"it-IT","@id":"https:\/\/www.translingua.ch\/#\/schema\/logo\/image\/","url":"https:\/\/www.translingua.ch\/wp-content\/uploads\/logo.png","contentUrl":"https:\/\/www.translingua.ch\/wp-content\/uploads\/logo.png","width":261,"height":106,"caption":"Translingua AG"},"image":{"@id":"https:\/\/www.translingua.ch\/#\/schema\/logo\/image\/"}}]}},"_links":{"self":[{"href":"https:\/\/www.translingua.ch\/it\/wp-json\/wp\/v2\/pages\/2966","targetHints":{"allow":["GET"]}}],"collection":[{"href":"https:\/\/www.translingua.ch\/it\/wp-json\/wp\/v2\/pages"}],"about":[{"href":"https:\/\/www.translingua.ch\/it\/wp-json\/wp\/v2\/types\/page"}],"author":[{"embeddable":true,"href":"https:\/\/www.translingua.ch\/it\/wp-json\/wp\/v2\/users\/1"}],"replies":[{"embeddable":true,"href":"https:\/\/www.translingua.ch\/it\/wp-json\/wp\/v2\/comments?post=2966"}],"version-history":[{"count":2,"href":"https:\/\/www.translingua.ch\/it\/wp-json\/wp\/v2\/pages\/2966\/revisions"}],"predecessor-version":[{"id":5516,"href":"https:\/\/www.translingua.ch\/it\/wp-json\/wp\/v2\/pages\/2966\/revisions\/5516"}],"wp:attachment":[{"href":"https:\/\/www.translingua.ch\/it\/wp-json\/wp\/v2\/media?parent=2966"}],"curies":[{"name":"wp","href":"https:\/\/api.w.org\/{rel}","templated":true}]}}