{"id":2202,"date":"2018-09-22T19:25:50","date_gmt":"2018-09-22T17:25:50","guid":{"rendered":"https:\/\/www.translingua.ch\/?page_id=2202"},"modified":"2025-10-07T10:16:11","modified_gmt":"2025-10-07T08:16:11","slug":"garanzia-di-qualita","status":"publish","type":"page","link":"https:\/\/www.translingua.ch\/it\/chi-siamo\/garanzia-di-qualita\/","title":{"rendered":"Traduzioni di qualit\u00e0 con la garanzia"},"content":{"rendered":"\n<h2 class=\"wp-block-heading\" id=\"translingua-traduzioni-di-qualita-svizzera\">Translingua: traduzioni di qualit\u00e0 svizzera<\/h2>\n\n\n\n<p>In un mercato sempre in corsa, Translingua definisce gli standard dal 1975 con traduzioni e servizi di qualit\u00e0 straordinaria. Ci basiamo sulle esigenze del cliente e, oltre al massimo livello di competenza linguistica e tecnica, garantiamo affidabilit\u00e0, iniziativa e flessibilit\u00e0. Siamo traduttori e siamo svizzeri, quindi siamo in grado di soddisfare anche le aspettative pi\u00f9 alte, siamo lo \u00abSwiss finish\u00bb nel campo della traduzione e dei servizi linguistici.<\/p>\n\n\n\n<p>Ma cosa significa concretamente? Il team di Translingua ragiona insieme al cliente e interviene con i consigli giusti al momento giusto. I clienti di Translingua possono contare su anni di esperienza per i propri progetti di traduzione. E per dimostrare che crediamo davvero nella qualit\u00e0 che offriamo, concediamo alle imprese l\u2019esclusiva garanzia di qualit\u00e0 Translingua:<\/p>\n\n\n<div class=\"wp-block-image\">\n<figure class=\"aligncenter size-full is-resized\"><img loading=\"lazy\" decoding=\"async\" width=\"591\" height=\"591\" src=\"https:\/\/www.translingua.ch\/wp-content\/uploads\/Translingua_Garanzia_di_qualit\u00e0.jpg\" alt=\"Translingua Garanzia di qualit\u00e0\" class=\"wp-image-2483\" style=\"width:296px;height:296px\" srcset=\"https:\/\/www.translingua.ch\/wp-content\/uploads\/Translingua_Garanzia_di_qualit\u00e0.jpg 591w, https:\/\/www.translingua.ch\/wp-content\/uploads\/Translingua_Garanzia_di_qualit\u00e0-150x150.jpg 150w, https:\/\/www.translingua.ch\/wp-content\/uploads\/Translingua_Garanzia_di_qualit\u00e0-300x300.jpg 300w, https:\/\/www.translingua.ch\/wp-content\/uploads\/Translingua_Garanzia_di_qualit\u00e0-100x100.jpg 100w\" sizes=\"auto, (max-width: 591px) 100vw, 591px\" \/><\/figure>\n<\/div>\n\n\n<p>Se la qualit\u00e0 non dovesse soddisfare le aspettative, in presenza di contestazioni fondate, offriamo un servizio gratuito di revisione e correzione. Perch\u00e9 per noi non \u00e8 una semplice promessa, \u00e8 un imperativo assoluto.<\/p>\n\n\n\n<h2 class=\"wp-block-heading\">Traduzioni certificate ISO<\/h2>\n\n\n\n<p>Oltre ad avere la propria garanzia di qualit\u00e0, Translingua \u00e8 anche certificata secondo gli standard di qualit\u00e0 della ISO 17100, la norma che disciplina i servizi di traduzione con tutti i processi operativi. Gli aspetti esaminati sono, per esempio, le competenze tecniche, le risorse tecnologiche, la gestione dei processi, la documentazione e la tracciabilit\u00e0.<\/p>\n\n\n\n<p>Sono numerose le agenzie di traduzione che fanno riferimento a varie norme ISO per la qualit\u00e0, ma molte scelgono di non sottoporsi agli audit e al processo di certificazione. Translingua, invece, ogni anno accoglie nella propria sede di Zurigo esperti esterni incaricati di verificare l\u2019attivit\u00e0 svolta. Quindi <a href=\"https:\/\/www.translingua.ch\/it\/certificato-iso-translingua\/\" target=\"_blank\" rel=\"noreferrer noopener\">siamo certificati ISO 17100<\/a> e questo non attesta unicamente la qualit\u00e0 dei <a href=\"https:\/\/www.translingua.ch\/it\/servizi-linguistici-e-testuali\/\">servizi di traduzione<\/a>, ma anche quella di tutti gli altri servizi linguistici professionali che offriamo (lettorato, correttorato, revisione, trascrizione e redazione testuale).<\/p>\n\n\n\n<h2 class=\"wp-block-heading\">Certificazione ISO 17100 \u2013 I vantaggi per il cliente<\/h2>\n\n\n\n<p>La certificazione ISO dei servizi di traduzione e dei servizi linguistici di Translingua non \u00e8 fine a se stessa: il suo obiettivo \u00e8 generare un valore aggiunto per i clienti. I requisiti previsti dalla norma ISO non escludono in alcun modo soluzioni efficienti ed economicamente vantaggiose. Grazie alla certificazione ISO 17100, chi si rivolge a Translingua pu\u00f2 usufruire dei seguenti vantaggi:<\/p>\n\n\n\n<ul class=\"wp-block-list\">\n<li>competenza e rispetto delle linee guida linguistiche;<\/li>\n\n\n\n<li>preparazione professionale dei progetti;<\/li>\n\n\n\n<li>affidamento degli incarichi esclusivamente a personale qualificato;<\/li>\n\n\n\n<li>costante aggiornamento del know-how grazie alla formazione continua;<\/li>\n\n\n\n<li>attenta gestione ed efficace prevenzione del rischio;<\/li>\n\n\n\n<li>sicurezza dei dati validata.<\/li>\n<\/ul>\n\n\n\n<p><strong>La certificazione ISO esterna e la garanzia di qualit\u00e0 di Translingua sono la dimostrazione dell\u2019impegno senza compromessi nel fornire servizi linguistici e di traduzione di qualit\u00e0. I numerosi vantaggi che ne derivano confluiscono naturalmente in ogni progetto.<\/strong><\/p>\n\n\n\n<div class=\"wp-block-buttons is-horizontal is-content-justification-center is-layout-flex wp-container-core-buttons-is-layout-499968f5 wp-block-buttons-is-layout-flex\">\n<div class=\"wp-block-button\"><a class=\"wp-block-button__link wp-element-button\" href=\"https:\/\/www.translingua.ch\/it\/richiesta-di-preventivo\/\">Richiesta preventivo<\/a><\/div>\n<\/div>\n\n\n\n<div style=\"height:25px\" aria-hidden=\"true\" class=\"wp-block-spacer\"><\/div>\n\n\n<div class=\"wp-block-image\">\n<figure class=\"aligncenter size-full\"><img loading=\"lazy\" decoding=\"async\" width=\"205\" height=\"249\" src=\"https:\/\/www.translingua.ch\/wp-content\/uploads\/Translingiua_LinquaCert_ISO_17100.jpg\" alt=\"\" class=\"wp-image-6215\"\/><\/figure>\n<\/div>","protected":false},"excerpt":{"rendered":"<p>Translingua: traduzioni di qualit\u00e0 svizzera In un mercato sempre in corsa, Translingua definisce gli standard dal 1975 con traduzioni e servizi di qualit\u00e0 straordinaria. Ci basiamo sulle esigenze del cliente e, oltre al massimo livello di competenza linguistica e tecnica, garantiamo affidabilit\u00e0, iniziativa e flessibilit\u00e0. Siamo traduttori e siamo svizzeri, quindi siamo in grado di soddisfare anche le aspettative pi\u00f9 &#8230; <a title=\"Traduzioni di qualit\u00e0 con la garanzia\" class=\"read-more\" href=\"https:\/\/www.translingua.ch\/it\/chi-siamo\/garanzia-di-qualita\/\" aria-label=\"Per saperne di pi\u00f9 su Traduzioni di qualit\u00e0 con la garanzia\">Weiterlesen<\/a><\/p>\n","protected":false},"author":1,"featured_media":0,"parent":909,"menu_order":0,"comment_status":"closed","ping_status":"closed","template":"","meta":{"footnotes":""},"class_list":["post-2202","page","type-page","status-publish"],"featured_image_urls_v2":{"full":"","thumbnail":"","medium":"","medium_large":"","large":"","1536x1536":"","2048x2048":"","gform-image-choice-sm":"","gform-image-choice-md":"","gform-image-choice-lg":""},"post_excerpt_stackable_v2":"<p>Translingua: traduzioni di qualit\u00e0 svizzera In un mercato sempre in corsa, Translingua definisce gli standard dal 1975 con traduzioni e servizi di qualit\u00e0 straordinaria. Ci basiamo sulle esigenze del cliente e, oltre al massimo livello di competenza linguistica e tecnica, garantiamo affidabilit\u00e0, iniziativa e flessibilit\u00e0. Siamo traduttori e siamo svizzeri, quindi siamo in grado di soddisfare anche le aspettative pi\u00f9 alte, siamo lo \u00abSwiss finish\u00bb nel campo della traduzione e dei servizi linguistici. Ma cosa significa concretamente? Il team di Translingua ragiona insieme al cliente e interviene con i consigli giusti al momento giusto. I clienti di Translingua possono contare&hellip;<\/p>\n","category_list_v2":"","author_info_v2":{"name":"nailedit","url":"https:\/\/www.translingua.ch\/it\/author\/nailedit\/"},"comments_num_v2":"0 commenti","yoast_head":"<!-- This site is optimized with the Yoast SEO plugin v27.3 - https:\/\/yoast.com\/product\/yoast-seo-wordpress\/ -->\n<title>Translingua AG &#8226; Traduzioni di qualit\u00e0 con la garanzia<\/title>\n<meta name=\"robots\" content=\"index, follow, max-snippet:-1, max-image-preview:large, max-video-preview:-1\" \/>\n<link rel=\"canonical\" href=\"https:\/\/www.translingua.ch\/it\/chi-siamo\/garanzia-di-qualita\/\" \/>\n<meta property=\"og:locale\" content=\"it_IT\" \/>\n<meta property=\"og:type\" content=\"article\" \/>\n<meta property=\"og:title\" content=\"Translingua AG &#8226; Traduzioni di qualit\u00e0 con la garanzia\" \/>\n<meta property=\"og:description\" content=\"Translingua: traduzioni di qualit\u00e0 svizzera In un mercato sempre in corsa, Translingua definisce gli standard dal 1975 con traduzioni e servizi di qualit\u00e0 straordinaria. Ci basiamo sulle esigenze del cliente e, oltre al massimo livello di competenza linguistica e tecnica, garantiamo affidabilit\u00e0, iniziativa e flessibilit\u00e0. Siamo traduttori e siamo svizzeri, quindi siamo in grado di soddisfare anche le aspettative pi\u00f9 ... Weiterlesen\" \/>\n<meta property=\"og:url\" content=\"https:\/\/www.translingua.ch\/it\/chi-siamo\/garanzia-di-qualita\/\" \/>\n<meta property=\"og:site_name\" content=\"Translingua AG\" \/>\n<meta property=\"article:modified_time\" content=\"2025-10-07T08:16:11+00:00\" \/>\n<meta property=\"og:image\" content=\"https:\/\/www.translingua.ch\/wp-content\/uploads\/Translingiua_LinquaCert_ISO_17100.jpg\" \/>\n<meta name=\"twitter:card\" content=\"summary_large_image\" \/>\n<meta name=\"twitter:label1\" content=\"Tempo di lettura stimato\" \/>\n\t<meta name=\"twitter:data1\" content=\"3 minuti\" \/>\n<script type=\"application\/ld+json\" class=\"yoast-schema-graph\">{\"@context\":\"https:\\\/\\\/schema.org\",\"@graph\":[{\"@type\":\"WebPage\",\"@id\":\"https:\\\/\\\/www.translingua.ch\\\/it\\\/chi-siamo\\\/garanzia-di-qualita\\\/\",\"url\":\"https:\\\/\\\/www.translingua.ch\\\/it\\\/chi-siamo\\\/garanzia-di-qualita\\\/\",\"name\":\"Translingua AG &#8226; Traduzioni di qualit\u00e0 con la garanzia\",\"isPartOf\":{\"@id\":\"https:\\\/\\\/www.translingua.ch\\\/#website\"},\"primaryImageOfPage\":{\"@id\":\"https:\\\/\\\/www.translingua.ch\\\/it\\\/chi-siamo\\\/garanzia-di-qualita\\\/#primaryimage\"},\"image\":{\"@id\":\"https:\\\/\\\/www.translingua.ch\\\/it\\\/chi-siamo\\\/garanzia-di-qualita\\\/#primaryimage\"},\"thumbnailUrl\":\"https:\\\/\\\/www.translingua.ch\\\/wp-content\\\/uploads\\\/Translingiua_LinquaCert_ISO_17100.jpg\",\"datePublished\":\"2018-09-22T17:25:50+00:00\",\"dateModified\":\"2025-10-07T08:16:11+00:00\",\"breadcrumb\":{\"@id\":\"https:\\\/\\\/www.translingua.ch\\\/it\\\/chi-siamo\\\/garanzia-di-qualita\\\/#breadcrumb\"},\"inLanguage\":\"it-IT\",\"potentialAction\":[{\"@type\":\"ReadAction\",\"target\":[\"https:\\\/\\\/www.translingua.ch\\\/it\\\/chi-siamo\\\/garanzia-di-qualita\\\/\"]}]},{\"@type\":\"ImageObject\",\"inLanguage\":\"it-IT\",\"@id\":\"https:\\\/\\\/www.translingua.ch\\\/it\\\/chi-siamo\\\/garanzia-di-qualita\\\/#primaryimage\",\"url\":\"https:\\\/\\\/www.translingua.ch\\\/wp-content\\\/uploads\\\/Translingiua_LinquaCert_ISO_17100.jpg\",\"contentUrl\":\"https:\\\/\\\/www.translingua.ch\\\/wp-content\\\/uploads\\\/Translingiua_LinquaCert_ISO_17100.jpg\"},{\"@type\":\"BreadcrumbList\",\"@id\":\"https:\\\/\\\/www.translingua.ch\\\/it\\\/chi-siamo\\\/garanzia-di-qualita\\\/#breadcrumb\",\"itemListElement\":[{\"@type\":\"ListItem\",\"position\":1,\"name\":\"Home\",\"item\":\"https:\\\/\\\/www.translingua.ch\\\/it\\\/\"},{\"@type\":\"ListItem\",\"position\":2,\"name\":\"Translingua: la sua agenzia di traduzioni svizzera\",\"item\":\"https:\\\/\\\/www.translingua.ch\\\/it\\\/chi-siamo\\\/\"},{\"@type\":\"ListItem\",\"position\":3,\"name\":\"Traduzioni di qualit\u00e0 con la garanzia\"}]},{\"@type\":\"WebSite\",\"@id\":\"https:\\\/\\\/www.translingua.ch\\\/#website\",\"url\":\"https:\\\/\\\/www.translingua.ch\\\/\",\"name\":\"Translingua AG\",\"description\":\"\u00dcbersetzungsb\u00fcro in Z\u00fcrich seit 1975\",\"publisher\":{\"@id\":\"https:\\\/\\\/www.translingua.ch\\\/#organization\"},\"potentialAction\":[{\"@type\":\"SearchAction\",\"target\":{\"@type\":\"EntryPoint\",\"urlTemplate\":\"https:\\\/\\\/www.translingua.ch\\\/?s={search_term_string}\"},\"query-input\":{\"@type\":\"PropertyValueSpecification\",\"valueRequired\":true,\"valueName\":\"search_term_string\"}}],\"inLanguage\":\"it-IT\"},{\"@type\":\"Organization\",\"@id\":\"https:\\\/\\\/www.translingua.ch\\\/#organization\",\"name\":\"Translingua AG\",\"url\":\"https:\\\/\\\/www.translingua.ch\\\/\",\"logo\":{\"@type\":\"ImageObject\",\"inLanguage\":\"it-IT\",\"@id\":\"https:\\\/\\\/www.translingua.ch\\\/#\\\/schema\\\/logo\\\/image\\\/\",\"url\":\"https:\\\/\\\/www.translingua.ch\\\/wp-content\\\/uploads\\\/logo.png\",\"contentUrl\":\"https:\\\/\\\/www.translingua.ch\\\/wp-content\\\/uploads\\\/logo.png\",\"width\":261,\"height\":106,\"caption\":\"Translingua AG\"},\"image\":{\"@id\":\"https:\\\/\\\/www.translingua.ch\\\/#\\\/schema\\\/logo\\\/image\\\/\"}}]}<\/script>\n<!-- \/ Yoast SEO plugin. -->","yoast_head_json":{"title":"Translingua AG &#8226; Traduzioni di qualit\u00e0 con la garanzia","robots":{"index":"index","follow":"follow","max-snippet":"max-snippet:-1","max-image-preview":"max-image-preview:large","max-video-preview":"max-video-preview:-1"},"canonical":"https:\/\/www.translingua.ch\/it\/chi-siamo\/garanzia-di-qualita\/","og_locale":"it_IT","og_type":"article","og_title":"Translingua AG &#8226; Traduzioni di qualit\u00e0 con la garanzia","og_description":"Translingua: traduzioni di qualit\u00e0 svizzera In un mercato sempre in corsa, Translingua definisce gli standard dal 1975 con traduzioni e servizi di qualit\u00e0 straordinaria. Ci basiamo sulle esigenze del cliente e, oltre al massimo livello di competenza linguistica e tecnica, garantiamo affidabilit\u00e0, iniziativa e flessibilit\u00e0. Siamo traduttori e siamo svizzeri, quindi siamo in grado di soddisfare anche le aspettative pi\u00f9 ... Weiterlesen","og_url":"https:\/\/www.translingua.ch\/it\/chi-siamo\/garanzia-di-qualita\/","og_site_name":"Translingua AG","article_modified_time":"2025-10-07T08:16:11+00:00","og_image":[{"url":"https:\/\/www.translingua.ch\/wp-content\/uploads\/Translingiua_LinquaCert_ISO_17100.jpg","type":"","width":"","height":""}],"twitter_card":"summary_large_image","twitter_misc":{"Tempo di lettura stimato":"3 minuti"},"schema":{"@context":"https:\/\/schema.org","@graph":[{"@type":"WebPage","@id":"https:\/\/www.translingua.ch\/it\/chi-siamo\/garanzia-di-qualita\/","url":"https:\/\/www.translingua.ch\/it\/chi-siamo\/garanzia-di-qualita\/","name":"Translingua AG &#8226; Traduzioni di qualit\u00e0 con la garanzia","isPartOf":{"@id":"https:\/\/www.translingua.ch\/#website"},"primaryImageOfPage":{"@id":"https:\/\/www.translingua.ch\/it\/chi-siamo\/garanzia-di-qualita\/#primaryimage"},"image":{"@id":"https:\/\/www.translingua.ch\/it\/chi-siamo\/garanzia-di-qualita\/#primaryimage"},"thumbnailUrl":"https:\/\/www.translingua.ch\/wp-content\/uploads\/Translingiua_LinquaCert_ISO_17100.jpg","datePublished":"2018-09-22T17:25:50+00:00","dateModified":"2025-10-07T08:16:11+00:00","breadcrumb":{"@id":"https:\/\/www.translingua.ch\/it\/chi-siamo\/garanzia-di-qualita\/#breadcrumb"},"inLanguage":"it-IT","potentialAction":[{"@type":"ReadAction","target":["https:\/\/www.translingua.ch\/it\/chi-siamo\/garanzia-di-qualita\/"]}]},{"@type":"ImageObject","inLanguage":"it-IT","@id":"https:\/\/www.translingua.ch\/it\/chi-siamo\/garanzia-di-qualita\/#primaryimage","url":"https:\/\/www.translingua.ch\/wp-content\/uploads\/Translingiua_LinquaCert_ISO_17100.jpg","contentUrl":"https:\/\/www.translingua.ch\/wp-content\/uploads\/Translingiua_LinquaCert_ISO_17100.jpg"},{"@type":"BreadcrumbList","@id":"https:\/\/www.translingua.ch\/it\/chi-siamo\/garanzia-di-qualita\/#breadcrumb","itemListElement":[{"@type":"ListItem","position":1,"name":"Home","item":"https:\/\/www.translingua.ch\/it\/"},{"@type":"ListItem","position":2,"name":"Translingua: la sua agenzia di traduzioni svizzera","item":"https:\/\/www.translingua.ch\/it\/chi-siamo\/"},{"@type":"ListItem","position":3,"name":"Traduzioni di qualit\u00e0 con la garanzia"}]},{"@type":"WebSite","@id":"https:\/\/www.translingua.ch\/#website","url":"https:\/\/www.translingua.ch\/","name":"Translingua AG","description":"\u00dcbersetzungsb\u00fcro in Z\u00fcrich seit 1975","publisher":{"@id":"https:\/\/www.translingua.ch\/#organization"},"potentialAction":[{"@type":"SearchAction","target":{"@type":"EntryPoint","urlTemplate":"https:\/\/www.translingua.ch\/?s={search_term_string}"},"query-input":{"@type":"PropertyValueSpecification","valueRequired":true,"valueName":"search_term_string"}}],"inLanguage":"it-IT"},{"@type":"Organization","@id":"https:\/\/www.translingua.ch\/#organization","name":"Translingua AG","url":"https:\/\/www.translingua.ch\/","logo":{"@type":"ImageObject","inLanguage":"it-IT","@id":"https:\/\/www.translingua.ch\/#\/schema\/logo\/image\/","url":"https:\/\/www.translingua.ch\/wp-content\/uploads\/logo.png","contentUrl":"https:\/\/www.translingua.ch\/wp-content\/uploads\/logo.png","width":261,"height":106,"caption":"Translingua AG"},"image":{"@id":"https:\/\/www.translingua.ch\/#\/schema\/logo\/image\/"}}]}},"_links":{"self":[{"href":"https:\/\/www.translingua.ch\/it\/wp-json\/wp\/v2\/pages\/2202","targetHints":{"allow":["GET"]}}],"collection":[{"href":"https:\/\/www.translingua.ch\/it\/wp-json\/wp\/v2\/pages"}],"about":[{"href":"https:\/\/www.translingua.ch\/it\/wp-json\/wp\/v2\/types\/page"}],"author":[{"embeddable":true,"href":"https:\/\/www.translingua.ch\/it\/wp-json\/wp\/v2\/users\/1"}],"replies":[{"embeddable":true,"href":"https:\/\/www.translingua.ch\/it\/wp-json\/wp\/v2\/comments?post=2202"}],"version-history":[{"count":15,"href":"https:\/\/www.translingua.ch\/it\/wp-json\/wp\/v2\/pages\/2202\/revisions"}],"predecessor-version":[{"id":10512,"href":"https:\/\/www.translingua.ch\/it\/wp-json\/wp\/v2\/pages\/2202\/revisions\/10512"}],"up":[{"embeddable":true,"href":"https:\/\/www.translingua.ch\/it\/wp-json\/wp\/v2\/pages\/909"}],"wp:attachment":[{"href":"https:\/\/www.translingua.ch\/it\/wp-json\/wp\/v2\/media?parent=2202"}],"curies":[{"name":"wp","href":"https:\/\/api.w.org\/{rel}","templated":true}]}}