{"id":2161,"date":"2018-09-22T16:29:42","date_gmt":"2018-09-22T14:29:42","guid":{"rendered":"https:\/\/www.translingua.ch\/?page_id=2161"},"modified":"2024-10-23T15:41:58","modified_gmt":"2024-10-23T13:41:58","slug":"testi-specialistici-di-vario-tipo-un-unico-partner-per-la-traduzione","status":"publish","type":"page","link":"https:\/\/www.translingua.ch\/it\/chi-siamo\/referenze\/testi-specialistici-di-vario-tipo-un-unico-partner-per-la-traduzione\/","title":{"rendered":"Testi specialistici  di vario tipo \u2013 un unico partner per la traduzione"},"content":{"rendered":"\n<h2 class=\"wp-block-heading\">Cliente<\/h2>\n\n\n\n<p>La Weiss+Appetito Holding AG, con sede principale a Berna, fu fondata nel 1923. A questo gruppo, attivo nel settore edile e dei servizi per l\u2019edilizia, con circa 500 dipendenti, fanno capo in Svizzera e all\u2019estero marche rinomate.<\/p>\n\n\n\n<h2 class=\"wp-block-heading\">Compito<\/h2>\n\n\n\n<p>Svariati settori commerciali, pi\u00f9 ditte e diverse sedi in Svizzera e all\u2019estero: la variet\u00e0 \u00e8 una prerogativa di cui la Weiss+Appetito Holding AG va fiera. Una comunicazione omogenea attraverso tutti i canali \u00e8 quindi particolarmente importante: \u00e8 il comune denominatore che unisce la rivista per i clienti \u00abSplitter\u00bb, gli stampati, i comunicati stampa, gli annunci di lavoro, i contratti d\u2019opera e le schede tecniche, e va mantenuta anche in un contesto plurilingue.<\/p>\n\n\n\n<h2 class=\"wp-block-heading\">Soluzione<\/h2>\n\n\n\n<p>L\u2019acquisizione di tutti i lavori di traduzione \u00e8 una competenza chiave di Translingua. Il team di Translingua lavora in modo ponderato, consegnando testi tecnicamente corretti e calzanti per gruppi target interni ed esterni in diversi settori. La terminologia coerente garantisce risultati omogenei.<\/p>\n\n\n\n<h2 class=\"wp-block-heading\">Fattori di successo<\/h2>\n\n\n\n<ul class=\"wp-block-list\"><li>Reperibilit\u00e0 costante e tempi rapidi di risposta<\/li><li><a href=\"https:\/\/www.translingua.ch\/it\/servizi-linguistici-e-testuali\/post-editing-di-traduzione-automatica-mtpe\/\">Memorie di traduzione<\/a><\/li><li>Interfaccia InDesign<\/li><\/ul>\n","protected":false},"excerpt":{"rendered":"<p>Cliente La Weiss+Appetito Holding AG, con sede principale a Berna, fu fondata nel 1923. A questo gruppo, attivo nel settore edile e dei servizi per l\u2019edilizia, con circa 500 dipendenti, fanno capo in Svizzera e all\u2019estero marche rinomate. Compito Svariati settori commerciali, pi\u00f9 ditte e diverse sedi in Svizzera e all\u2019estero: la variet\u00e0 \u00e8 una prerogativa di cui la Weiss+Appetito &#8230; <a title=\"Testi specialistici  di vario tipo \u2013 un unico partner per la traduzione\" class=\"read-more\" href=\"https:\/\/www.translingua.ch\/it\/chi-siamo\/referenze\/testi-specialistici-di-vario-tipo-un-unico-partner-per-la-traduzione\/\" aria-label=\"Per saperne di pi\u00f9 su Testi specialistici  di vario tipo \u2013 un unico partner per la traduzione\">Weiterlesen<\/a><\/p>\n","protected":false},"author":1,"featured_media":0,"parent":2294,"menu_order":0,"comment_status":"closed","ping_status":"closed","template":"","meta":{"footnotes":""},"class_list":["post-2161","page","type-page","status-publish"],"featured_image_urls_v2":{"full":"","thumbnail":"","medium":"","medium_large":"","large":"","1536x1536":"","2048x2048":"","gform-image-choice-sm":"","gform-image-choice-md":"","gform-image-choice-lg":""},"post_excerpt_stackable_v2":"<p>Cliente La Weiss+Appetito Holding AG, con sede principale a Berna, fu fondata nel 1923. A questo gruppo, attivo nel settore edile e dei servizi per l\u2019edilizia, con circa 500 dipendenti, fanno capo in Svizzera e all\u2019estero marche rinomate. Compito Svariati settori commerciali, pi\u00f9 ditte e diverse sedi in Svizzera e all\u2019estero: la variet\u00e0 \u00e8 una prerogativa di cui la Weiss+Appetito Holding AG va fiera. Una comunicazione omogenea attraverso tutti i canali \u00e8 quindi particolarmente importante: \u00e8 il comune denominatore che unisce la rivista per i clienti \u00abSplitter\u00bb, gli stampati, i comunicati stampa, gli annunci di lavoro, i contratti d\u2019opera e&hellip;<\/p>\n","category_list_v2":"","author_info_v2":{"name":"nailedit","url":"https:\/\/www.translingua.ch\/it\/author\/nailedit\/"},"comments_num_v2":"0 commenti","yoast_head":"<!-- This site is optimized with the Yoast SEO plugin v27.3 - https:\/\/yoast.com\/product\/yoast-seo-wordpress\/ -->\n<title>Translingua AG &#8226; Testi specialistici di vario tipo \u2013 un unico partner per la traduzione<\/title>\n<meta name=\"robots\" content=\"index, follow, max-snippet:-1, max-image-preview:large, max-video-preview:-1\" \/>\n<link rel=\"canonical\" href=\"https:\/\/www.translingua.ch\/it\/chi-siamo\/referenze\/testi-specialistici-di-vario-tipo-un-unico-partner-per-la-traduzione\/\" \/>\n<meta property=\"og:locale\" content=\"it_IT\" \/>\n<meta property=\"og:type\" content=\"article\" \/>\n<meta property=\"og:title\" content=\"Translingua AG &#8226; Testi specialistici di vario tipo \u2013 un unico partner per la traduzione\" \/>\n<meta property=\"og:description\" content=\"Cliente La Weiss+Appetito Holding AG, con sede principale a Berna, fu fondata nel 1923. A questo gruppo, attivo nel settore edile e dei servizi per l\u2019edilizia, con circa 500 dipendenti, fanno capo in Svizzera e all\u2019estero marche rinomate. Compito Svariati settori commerciali, pi\u00f9 ditte e diverse sedi in Svizzera e all\u2019estero: la variet\u00e0 \u00e8 una prerogativa di cui la Weiss+Appetito ... Weiterlesen\" \/>\n<meta property=\"og:url\" content=\"https:\/\/www.translingua.ch\/it\/chi-siamo\/referenze\/testi-specialistici-di-vario-tipo-un-unico-partner-per-la-traduzione\/\" \/>\n<meta property=\"og:site_name\" content=\"Translingua AG\" \/>\n<meta property=\"article:modified_time\" content=\"2024-10-23T13:41:58+00:00\" \/>\n<meta name=\"twitter:card\" content=\"summary_large_image\" \/>\n<meta name=\"twitter:label1\" content=\"Tempo di lettura stimato\" \/>\n\t<meta name=\"twitter:data1\" content=\"1 minuto\" \/>\n<script type=\"application\/ld+json\" class=\"yoast-schema-graph\">{\"@context\":\"https:\\\/\\\/schema.org\",\"@graph\":[{\"@type\":\"WebPage\",\"@id\":\"https:\\\/\\\/www.translingua.ch\\\/it\\\/chi-siamo\\\/referenze\\\/testi-specialistici-di-vario-tipo-un-unico-partner-per-la-traduzione\\\/\",\"url\":\"https:\\\/\\\/www.translingua.ch\\\/it\\\/chi-siamo\\\/referenze\\\/testi-specialistici-di-vario-tipo-un-unico-partner-per-la-traduzione\\\/\",\"name\":\"Translingua AG &#8226; Testi specialistici di vario tipo \u2013 un unico partner per la traduzione\",\"isPartOf\":{\"@id\":\"https:\\\/\\\/www.translingua.ch\\\/#website\"},\"datePublished\":\"2018-09-22T14:29:42+00:00\",\"dateModified\":\"2024-10-23T13:41:58+00:00\",\"breadcrumb\":{\"@id\":\"https:\\\/\\\/www.translingua.ch\\\/it\\\/chi-siamo\\\/referenze\\\/testi-specialistici-di-vario-tipo-un-unico-partner-per-la-traduzione\\\/#breadcrumb\"},\"inLanguage\":\"it-IT\",\"potentialAction\":[{\"@type\":\"ReadAction\",\"target\":[\"https:\\\/\\\/www.translingua.ch\\\/it\\\/chi-siamo\\\/referenze\\\/testi-specialistici-di-vario-tipo-un-unico-partner-per-la-traduzione\\\/\"]}]},{\"@type\":\"BreadcrumbList\",\"@id\":\"https:\\\/\\\/www.translingua.ch\\\/it\\\/chi-siamo\\\/referenze\\\/testi-specialistici-di-vario-tipo-un-unico-partner-per-la-traduzione\\\/#breadcrumb\",\"itemListElement\":[{\"@type\":\"ListItem\",\"position\":1,\"name\":\"Home\",\"item\":\"https:\\\/\\\/www.translingua.ch\\\/it\\\/\"},{\"@type\":\"ListItem\",\"position\":2,\"name\":\"Translingua: la sua agenzia di traduzioni svizzera\",\"item\":\"https:\\\/\\\/www.translingua.ch\\\/it\\\/chi-siamo\\\/\"},{\"@type\":\"ListItem\",\"position\":3,\"name\":\"Referenze di Translingua\",\"item\":\"https:\\\/\\\/www.translingua.ch\\\/it\\\/chi-siamo\\\/referenze\\\/\"},{\"@type\":\"ListItem\",\"position\":4,\"name\":\"Testi specialistici di vario tipo \u2013 un unico partner per la traduzione\"}]},{\"@type\":\"WebSite\",\"@id\":\"https:\\\/\\\/www.translingua.ch\\\/#website\",\"url\":\"https:\\\/\\\/www.translingua.ch\\\/\",\"name\":\"Translingua AG\",\"description\":\"\u00dcbersetzungsb\u00fcro in Z\u00fcrich seit 1975\",\"publisher\":{\"@id\":\"https:\\\/\\\/www.translingua.ch\\\/#organization\"},\"potentialAction\":[{\"@type\":\"SearchAction\",\"target\":{\"@type\":\"EntryPoint\",\"urlTemplate\":\"https:\\\/\\\/www.translingua.ch\\\/?s={search_term_string}\"},\"query-input\":{\"@type\":\"PropertyValueSpecification\",\"valueRequired\":true,\"valueName\":\"search_term_string\"}}],\"inLanguage\":\"it-IT\"},{\"@type\":\"Organization\",\"@id\":\"https:\\\/\\\/www.translingua.ch\\\/#organization\",\"name\":\"Translingua AG\",\"url\":\"https:\\\/\\\/www.translingua.ch\\\/\",\"logo\":{\"@type\":\"ImageObject\",\"inLanguage\":\"it-IT\",\"@id\":\"https:\\\/\\\/www.translingua.ch\\\/#\\\/schema\\\/logo\\\/image\\\/\",\"url\":\"https:\\\/\\\/www.translingua.ch\\\/wp-content\\\/uploads\\\/logo.png\",\"contentUrl\":\"https:\\\/\\\/www.translingua.ch\\\/wp-content\\\/uploads\\\/logo.png\",\"width\":261,\"height\":106,\"caption\":\"Translingua AG\"},\"image\":{\"@id\":\"https:\\\/\\\/www.translingua.ch\\\/#\\\/schema\\\/logo\\\/image\\\/\"}}]}<\/script>\n<!-- \/ Yoast SEO plugin. -->","yoast_head_json":{"title":"Translingua AG &#8226; Testi specialistici di vario tipo \u2013 un unico partner per la traduzione","robots":{"index":"index","follow":"follow","max-snippet":"max-snippet:-1","max-image-preview":"max-image-preview:large","max-video-preview":"max-video-preview:-1"},"canonical":"https:\/\/www.translingua.ch\/it\/chi-siamo\/referenze\/testi-specialistici-di-vario-tipo-un-unico-partner-per-la-traduzione\/","og_locale":"it_IT","og_type":"article","og_title":"Translingua AG &#8226; Testi specialistici di vario tipo \u2013 un unico partner per la traduzione","og_description":"Cliente La Weiss+Appetito Holding AG, con sede principale a Berna, fu fondata nel 1923. A questo gruppo, attivo nel settore edile e dei servizi per l\u2019edilizia, con circa 500 dipendenti, fanno capo in Svizzera e all\u2019estero marche rinomate. Compito Svariati settori commerciali, pi\u00f9 ditte e diverse sedi in Svizzera e all\u2019estero: la variet\u00e0 \u00e8 una prerogativa di cui la Weiss+Appetito ... Weiterlesen","og_url":"https:\/\/www.translingua.ch\/it\/chi-siamo\/referenze\/testi-specialistici-di-vario-tipo-un-unico-partner-per-la-traduzione\/","og_site_name":"Translingua AG","article_modified_time":"2024-10-23T13:41:58+00:00","twitter_card":"summary_large_image","twitter_misc":{"Tempo di lettura stimato":"1 minuto"},"schema":{"@context":"https:\/\/schema.org","@graph":[{"@type":"WebPage","@id":"https:\/\/www.translingua.ch\/it\/chi-siamo\/referenze\/testi-specialistici-di-vario-tipo-un-unico-partner-per-la-traduzione\/","url":"https:\/\/www.translingua.ch\/it\/chi-siamo\/referenze\/testi-specialistici-di-vario-tipo-un-unico-partner-per-la-traduzione\/","name":"Translingua AG &#8226; Testi specialistici di vario tipo \u2013 un unico partner per la traduzione","isPartOf":{"@id":"https:\/\/www.translingua.ch\/#website"},"datePublished":"2018-09-22T14:29:42+00:00","dateModified":"2024-10-23T13:41:58+00:00","breadcrumb":{"@id":"https:\/\/www.translingua.ch\/it\/chi-siamo\/referenze\/testi-specialistici-di-vario-tipo-un-unico-partner-per-la-traduzione\/#breadcrumb"},"inLanguage":"it-IT","potentialAction":[{"@type":"ReadAction","target":["https:\/\/www.translingua.ch\/it\/chi-siamo\/referenze\/testi-specialistici-di-vario-tipo-un-unico-partner-per-la-traduzione\/"]}]},{"@type":"BreadcrumbList","@id":"https:\/\/www.translingua.ch\/it\/chi-siamo\/referenze\/testi-specialistici-di-vario-tipo-un-unico-partner-per-la-traduzione\/#breadcrumb","itemListElement":[{"@type":"ListItem","position":1,"name":"Home","item":"https:\/\/www.translingua.ch\/it\/"},{"@type":"ListItem","position":2,"name":"Translingua: la sua agenzia di traduzioni svizzera","item":"https:\/\/www.translingua.ch\/it\/chi-siamo\/"},{"@type":"ListItem","position":3,"name":"Referenze di Translingua","item":"https:\/\/www.translingua.ch\/it\/chi-siamo\/referenze\/"},{"@type":"ListItem","position":4,"name":"Testi specialistici di vario tipo \u2013 un unico partner per la traduzione"}]},{"@type":"WebSite","@id":"https:\/\/www.translingua.ch\/#website","url":"https:\/\/www.translingua.ch\/","name":"Translingua AG","description":"\u00dcbersetzungsb\u00fcro in Z\u00fcrich seit 1975","publisher":{"@id":"https:\/\/www.translingua.ch\/#organization"},"potentialAction":[{"@type":"SearchAction","target":{"@type":"EntryPoint","urlTemplate":"https:\/\/www.translingua.ch\/?s={search_term_string}"},"query-input":{"@type":"PropertyValueSpecification","valueRequired":true,"valueName":"search_term_string"}}],"inLanguage":"it-IT"},{"@type":"Organization","@id":"https:\/\/www.translingua.ch\/#organization","name":"Translingua AG","url":"https:\/\/www.translingua.ch\/","logo":{"@type":"ImageObject","inLanguage":"it-IT","@id":"https:\/\/www.translingua.ch\/#\/schema\/logo\/image\/","url":"https:\/\/www.translingua.ch\/wp-content\/uploads\/logo.png","contentUrl":"https:\/\/www.translingua.ch\/wp-content\/uploads\/logo.png","width":261,"height":106,"caption":"Translingua AG"},"image":{"@id":"https:\/\/www.translingua.ch\/#\/schema\/logo\/image\/"}}]}},"_links":{"self":[{"href":"https:\/\/www.translingua.ch\/it\/wp-json\/wp\/v2\/pages\/2161","targetHints":{"allow":["GET"]}}],"collection":[{"href":"https:\/\/www.translingua.ch\/it\/wp-json\/wp\/v2\/pages"}],"about":[{"href":"https:\/\/www.translingua.ch\/it\/wp-json\/wp\/v2\/types\/page"}],"author":[{"embeddable":true,"href":"https:\/\/www.translingua.ch\/it\/wp-json\/wp\/v2\/users\/1"}],"replies":[{"embeddable":true,"href":"https:\/\/www.translingua.ch\/it\/wp-json\/wp\/v2\/comments?post=2161"}],"version-history":[{"count":6,"href":"https:\/\/www.translingua.ch\/it\/wp-json\/wp\/v2\/pages\/2161\/revisions"}],"predecessor-version":[{"id":9748,"href":"https:\/\/www.translingua.ch\/it\/wp-json\/wp\/v2\/pages\/2161\/revisions\/9748"}],"up":[{"embeddable":true,"href":"https:\/\/www.translingua.ch\/it\/wp-json\/wp\/v2\/pages\/2294"}],"wp:attachment":[{"href":"https:\/\/www.translingua.ch\/it\/wp-json\/wp\/v2\/media?parent=2161"}],"curies":[{"name":"wp","href":"https:\/\/api.w.org\/{rel}","templated":true}]}}