{"id":2155,"date":"2018-09-22T16:16:44","date_gmt":"2018-09-22T14:16:44","guid":{"rendered":"https:\/\/www.translingua.ch\/?page_id=2155"},"modified":"2025-10-13T09:10:31","modified_gmt":"2025-10-13T07:10:31","slug":"comunicazione-con-clienti-b2b-internazionali-specializzati","status":"publish","type":"page","link":"https:\/\/www.translingua.ch\/it\/chi-siamo\/referenze\/comunicazione-con-clienti-b2b-internazionali-specializzati\/","title":{"rendered":"Comunicazione con clienti B2B internazionali specializzati"},"content":{"rendered":"\n<h2 class=\"wp-block-heading\">Cliente<\/h2>\n\n\n\n<p>Fondata nel 1949, l\u2019azienda Panolin produce lubrificanti certificati di elevata qualit\u00e0. L\u2019innovativa impresa familiare conta oggi una novantina di dipendenti. Altri 400 collaboratori lavorano per partner commerciali locali e societ\u00e0 affiliate negli Stati Uniti, in Gran Bretagna e in Scandinavia.<\/p>\n\n\n\n<h2 class=\"wp-block-heading\">Compito<\/h2>\n\n\n\n<p>Il mercato dei lubrificanti \u00e8 molto complesso dal punto di vista tecnico. Per poter competere sul mercato mondiale, una PMI svizzera deve soddisfare i pi\u00f9 elevati requisiti tecnici. Una gestione ambientale equilibrata e una pluriennale esperienza sono fattori essenziali. La rivista per i clienti \u00abFeedback\u00bb, il sito Web, le informazioni generali sulla sicurezza, i comunicati PR, insomma tutta la comunicazione con la clientela commerciale, deve essere irreprensibile sia dal punto di vista tecnico sia da quello stilistico.<\/p>\n\n\n\n<h2 class=\"wp-block-heading\">Soluzione<\/h2>\n\n\n\n<p>Translingua gestisce con tempestivit\u00e0 e affidabilit\u00e0 tutti i progetti linguistici attuali e coordina anche la collaborazione con i partner esterni di Panolin. Il lavoro del competente team di traduttori include tutti gli aspetti indispensabili per il successo di una PMI. Translingua trasmette chiaramente ogni messaggio in modo tecnicamente corretto, con uno stile appropriato, online e in forma stampata.<\/p>\n\n\n\n<h2 class=\"wp-block-heading\">Fattori di successo<\/h2>\n\n\n\n<ul class=\"wp-block-list\">\n<li>Impiego di esperti traduttori e traduttrici di madrelingua<\/li>\n\n\n\n<li><a href=\"https:\/\/www.translingua.ch\/it\/servizi-linguistici-e-testuali\/lettorato-correttorato\/\">Lettori<\/a> competenti<\/li>\n\n\n\n<li>Impiego di <a href=\"https:\/\/www.translingua.ch\/it\/servizi-linguistici-e-testuali\/post-editing-di-traduzione-automatica-mtpe\/\">memorie di traduzione<\/a><\/li>\n<\/ul>\n","protected":false},"excerpt":{"rendered":"<p>Cliente Fondata nel 1949, l\u2019azienda Panolin produce lubrificanti certificati di elevata qualit\u00e0. L\u2019innovativa impresa familiare conta oggi una novantina di dipendenti. Altri 400 collaboratori lavorano per partner commerciali locali e societ\u00e0 affiliate negli Stati Uniti, in Gran Bretagna e in Scandinavia. Compito Il mercato dei lubrificanti \u00e8 molto complesso dal punto di vista tecnico. Per poter competere sul mercato mondiale, &#8230; <a title=\"Comunicazione con clienti B2B internazionali specializzati\" class=\"read-more\" href=\"https:\/\/www.translingua.ch\/it\/chi-siamo\/referenze\/comunicazione-con-clienti-b2b-internazionali-specializzati\/\" aria-label=\"Per saperne di pi\u00f9 su Comunicazione con clienti B2B internazionali specializzati\">Weiterlesen<\/a><\/p>\n","protected":false},"author":1,"featured_media":0,"parent":2294,"menu_order":0,"comment_status":"closed","ping_status":"closed","template":"","meta":{"footnotes":""},"class_list":["post-2155","page","type-page","status-publish"],"featured_image_urls_v2":{"full":"","thumbnail":"","medium":"","medium_large":"","large":"","1536x1536":"","2048x2048":"","gform-image-choice-sm":"","gform-image-choice-md":"","gform-image-choice-lg":""},"post_excerpt_stackable_v2":"<p>Cliente Fondata nel 1949, l\u2019azienda Panolin produce lubrificanti certificati di elevata qualit\u00e0. L\u2019innovativa impresa familiare conta oggi una novantina di dipendenti. Altri 400 collaboratori lavorano per partner commerciali locali e societ\u00e0 affiliate negli Stati Uniti, in Gran Bretagna e in Scandinavia. Compito Il mercato dei lubrificanti \u00e8 molto complesso dal punto di vista tecnico. Per poter competere sul mercato mondiale, una PMI svizzera deve soddisfare i pi\u00f9 elevati requisiti tecnici. Una gestione ambientale equilibrata e una pluriennale esperienza sono fattori essenziali. La rivista per i clienti \u00abFeedback\u00bb, il sito Web, le informazioni generali sulla sicurezza, i comunicati PR, insomma tutta&hellip;<\/p>\n","category_list_v2":"","author_info_v2":{"name":"nailedit","url":"https:\/\/www.translingua.ch\/it\/author\/nailedit\/"},"comments_num_v2":"0 commenti","yoast_head":"<!-- This site is optimized with the Yoast SEO plugin v27.3 - https:\/\/yoast.com\/product\/yoast-seo-wordpress\/ -->\n<title>Translingua AG &#8226; Comunicazione con clienti B2B internazionali specializzati<\/title>\n<meta name=\"robots\" content=\"index, follow, max-snippet:-1, max-image-preview:large, max-video-preview:-1\" \/>\n<link rel=\"canonical\" href=\"https:\/\/www.translingua.ch\/it\/chi-siamo\/referenze\/comunicazione-con-clienti-b2b-internazionali-specializzati\/\" \/>\n<meta property=\"og:locale\" content=\"it_IT\" \/>\n<meta property=\"og:type\" content=\"article\" \/>\n<meta property=\"og:title\" content=\"Translingua AG &#8226; Comunicazione con clienti B2B internazionali specializzati\" \/>\n<meta property=\"og:description\" content=\"Cliente Fondata nel 1949, l\u2019azienda Panolin produce lubrificanti certificati di elevata qualit\u00e0. L\u2019innovativa impresa familiare conta oggi una novantina di dipendenti. Altri 400 collaboratori lavorano per partner commerciali locali e societ\u00e0 affiliate negli Stati Uniti, in Gran Bretagna e in Scandinavia. Compito Il mercato dei lubrificanti \u00e8 molto complesso dal punto di vista tecnico. Per poter competere sul mercato mondiale, ... Weiterlesen\" \/>\n<meta property=\"og:url\" content=\"https:\/\/www.translingua.ch\/it\/chi-siamo\/referenze\/comunicazione-con-clienti-b2b-internazionali-specializzati\/\" \/>\n<meta property=\"og:site_name\" content=\"Translingua AG\" \/>\n<meta property=\"article:modified_time\" content=\"2025-10-13T07:10:31+00:00\" \/>\n<meta name=\"twitter:card\" content=\"summary_large_image\" \/>\n<meta name=\"twitter:label1\" content=\"Tempo di lettura stimato\" \/>\n\t<meta name=\"twitter:data1\" content=\"2 minuti\" \/>\n<script type=\"application\/ld+json\" class=\"yoast-schema-graph\">{\"@context\":\"https:\\\/\\\/schema.org\",\"@graph\":[{\"@type\":\"WebPage\",\"@id\":\"https:\\\/\\\/www.translingua.ch\\\/it\\\/chi-siamo\\\/referenze\\\/comunicazione-con-clienti-b2b-internazionali-specializzati\\\/\",\"url\":\"https:\\\/\\\/www.translingua.ch\\\/it\\\/chi-siamo\\\/referenze\\\/comunicazione-con-clienti-b2b-internazionali-specializzati\\\/\",\"name\":\"Translingua AG &#8226; Comunicazione con clienti B2B internazionali specializzati\",\"isPartOf\":{\"@id\":\"https:\\\/\\\/www.translingua.ch\\\/#website\"},\"datePublished\":\"2018-09-22T14:16:44+00:00\",\"dateModified\":\"2025-10-13T07:10:31+00:00\",\"breadcrumb\":{\"@id\":\"https:\\\/\\\/www.translingua.ch\\\/it\\\/chi-siamo\\\/referenze\\\/comunicazione-con-clienti-b2b-internazionali-specializzati\\\/#breadcrumb\"},\"inLanguage\":\"it-IT\",\"potentialAction\":[{\"@type\":\"ReadAction\",\"target\":[\"https:\\\/\\\/www.translingua.ch\\\/it\\\/chi-siamo\\\/referenze\\\/comunicazione-con-clienti-b2b-internazionali-specializzati\\\/\"]}]},{\"@type\":\"BreadcrumbList\",\"@id\":\"https:\\\/\\\/www.translingua.ch\\\/it\\\/chi-siamo\\\/referenze\\\/comunicazione-con-clienti-b2b-internazionali-specializzati\\\/#breadcrumb\",\"itemListElement\":[{\"@type\":\"ListItem\",\"position\":1,\"name\":\"Home\",\"item\":\"https:\\\/\\\/www.translingua.ch\\\/it\\\/\"},{\"@type\":\"ListItem\",\"position\":2,\"name\":\"Translingua: la sua agenzia di traduzioni svizzera\",\"item\":\"https:\\\/\\\/www.translingua.ch\\\/it\\\/chi-siamo\\\/\"},{\"@type\":\"ListItem\",\"position\":3,\"name\":\"Referenze di Translingua\",\"item\":\"https:\\\/\\\/www.translingua.ch\\\/it\\\/chi-siamo\\\/referenze\\\/\"},{\"@type\":\"ListItem\",\"position\":4,\"name\":\"Comunicazione con clienti B2B internazionali specializzati\"}]},{\"@type\":\"WebSite\",\"@id\":\"https:\\\/\\\/www.translingua.ch\\\/#website\",\"url\":\"https:\\\/\\\/www.translingua.ch\\\/\",\"name\":\"Translingua AG\",\"description\":\"\u00dcbersetzungsb\u00fcro in Z\u00fcrich seit 1975\",\"publisher\":{\"@id\":\"https:\\\/\\\/www.translingua.ch\\\/#organization\"},\"potentialAction\":[{\"@type\":\"SearchAction\",\"target\":{\"@type\":\"EntryPoint\",\"urlTemplate\":\"https:\\\/\\\/www.translingua.ch\\\/?s={search_term_string}\"},\"query-input\":{\"@type\":\"PropertyValueSpecification\",\"valueRequired\":true,\"valueName\":\"search_term_string\"}}],\"inLanguage\":\"it-IT\"},{\"@type\":\"Organization\",\"@id\":\"https:\\\/\\\/www.translingua.ch\\\/#organization\",\"name\":\"Translingua AG\",\"url\":\"https:\\\/\\\/www.translingua.ch\\\/\",\"logo\":{\"@type\":\"ImageObject\",\"inLanguage\":\"it-IT\",\"@id\":\"https:\\\/\\\/www.translingua.ch\\\/#\\\/schema\\\/logo\\\/image\\\/\",\"url\":\"https:\\\/\\\/www.translingua.ch\\\/wp-content\\\/uploads\\\/logo.png\",\"contentUrl\":\"https:\\\/\\\/www.translingua.ch\\\/wp-content\\\/uploads\\\/logo.png\",\"width\":261,\"height\":106,\"caption\":\"Translingua AG\"},\"image\":{\"@id\":\"https:\\\/\\\/www.translingua.ch\\\/#\\\/schema\\\/logo\\\/image\\\/\"}}]}<\/script>\n<!-- \/ Yoast SEO plugin. -->","yoast_head_json":{"title":"Translingua AG &#8226; Comunicazione con clienti B2B internazionali specializzati","robots":{"index":"index","follow":"follow","max-snippet":"max-snippet:-1","max-image-preview":"max-image-preview:large","max-video-preview":"max-video-preview:-1"},"canonical":"https:\/\/www.translingua.ch\/it\/chi-siamo\/referenze\/comunicazione-con-clienti-b2b-internazionali-specializzati\/","og_locale":"it_IT","og_type":"article","og_title":"Translingua AG &#8226; Comunicazione con clienti B2B internazionali specializzati","og_description":"Cliente Fondata nel 1949, l\u2019azienda Panolin produce lubrificanti certificati di elevata qualit\u00e0. L\u2019innovativa impresa familiare conta oggi una novantina di dipendenti. Altri 400 collaboratori lavorano per partner commerciali locali e societ\u00e0 affiliate negli Stati Uniti, in Gran Bretagna e in Scandinavia. Compito Il mercato dei lubrificanti \u00e8 molto complesso dal punto di vista tecnico. Per poter competere sul mercato mondiale, ... Weiterlesen","og_url":"https:\/\/www.translingua.ch\/it\/chi-siamo\/referenze\/comunicazione-con-clienti-b2b-internazionali-specializzati\/","og_site_name":"Translingua AG","article_modified_time":"2025-10-13T07:10:31+00:00","twitter_card":"summary_large_image","twitter_misc":{"Tempo di lettura stimato":"2 minuti"},"schema":{"@context":"https:\/\/schema.org","@graph":[{"@type":"WebPage","@id":"https:\/\/www.translingua.ch\/it\/chi-siamo\/referenze\/comunicazione-con-clienti-b2b-internazionali-specializzati\/","url":"https:\/\/www.translingua.ch\/it\/chi-siamo\/referenze\/comunicazione-con-clienti-b2b-internazionali-specializzati\/","name":"Translingua AG &#8226; Comunicazione con clienti B2B internazionali specializzati","isPartOf":{"@id":"https:\/\/www.translingua.ch\/#website"},"datePublished":"2018-09-22T14:16:44+00:00","dateModified":"2025-10-13T07:10:31+00:00","breadcrumb":{"@id":"https:\/\/www.translingua.ch\/it\/chi-siamo\/referenze\/comunicazione-con-clienti-b2b-internazionali-specializzati\/#breadcrumb"},"inLanguage":"it-IT","potentialAction":[{"@type":"ReadAction","target":["https:\/\/www.translingua.ch\/it\/chi-siamo\/referenze\/comunicazione-con-clienti-b2b-internazionali-specializzati\/"]}]},{"@type":"BreadcrumbList","@id":"https:\/\/www.translingua.ch\/it\/chi-siamo\/referenze\/comunicazione-con-clienti-b2b-internazionali-specializzati\/#breadcrumb","itemListElement":[{"@type":"ListItem","position":1,"name":"Home","item":"https:\/\/www.translingua.ch\/it\/"},{"@type":"ListItem","position":2,"name":"Translingua: la sua agenzia di traduzioni svizzera","item":"https:\/\/www.translingua.ch\/it\/chi-siamo\/"},{"@type":"ListItem","position":3,"name":"Referenze di Translingua","item":"https:\/\/www.translingua.ch\/it\/chi-siamo\/referenze\/"},{"@type":"ListItem","position":4,"name":"Comunicazione con clienti B2B internazionali specializzati"}]},{"@type":"WebSite","@id":"https:\/\/www.translingua.ch\/#website","url":"https:\/\/www.translingua.ch\/","name":"Translingua AG","description":"\u00dcbersetzungsb\u00fcro in Z\u00fcrich seit 1975","publisher":{"@id":"https:\/\/www.translingua.ch\/#organization"},"potentialAction":[{"@type":"SearchAction","target":{"@type":"EntryPoint","urlTemplate":"https:\/\/www.translingua.ch\/?s={search_term_string}"},"query-input":{"@type":"PropertyValueSpecification","valueRequired":true,"valueName":"search_term_string"}}],"inLanguage":"it-IT"},{"@type":"Organization","@id":"https:\/\/www.translingua.ch\/#organization","name":"Translingua AG","url":"https:\/\/www.translingua.ch\/","logo":{"@type":"ImageObject","inLanguage":"it-IT","@id":"https:\/\/www.translingua.ch\/#\/schema\/logo\/image\/","url":"https:\/\/www.translingua.ch\/wp-content\/uploads\/logo.png","contentUrl":"https:\/\/www.translingua.ch\/wp-content\/uploads\/logo.png","width":261,"height":106,"caption":"Translingua AG"},"image":{"@id":"https:\/\/www.translingua.ch\/#\/schema\/logo\/image\/"}}]}},"_links":{"self":[{"href":"https:\/\/www.translingua.ch\/it\/wp-json\/wp\/v2\/pages\/2155","targetHints":{"allow":["GET"]}}],"collection":[{"href":"https:\/\/www.translingua.ch\/it\/wp-json\/wp\/v2\/pages"}],"about":[{"href":"https:\/\/www.translingua.ch\/it\/wp-json\/wp\/v2\/types\/page"}],"author":[{"embeddable":true,"href":"https:\/\/www.translingua.ch\/it\/wp-json\/wp\/v2\/users\/1"}],"replies":[{"embeddable":true,"href":"https:\/\/www.translingua.ch\/it\/wp-json\/wp\/v2\/comments?post=2155"}],"version-history":[{"count":7,"href":"https:\/\/www.translingua.ch\/it\/wp-json\/wp\/v2\/pages\/2155\/revisions"}],"predecessor-version":[{"id":10658,"href":"https:\/\/www.translingua.ch\/it\/wp-json\/wp\/v2\/pages\/2155\/revisions\/10658"}],"up":[{"embeddable":true,"href":"https:\/\/www.translingua.ch\/it\/wp-json\/wp\/v2\/pages\/2294"}],"wp:attachment":[{"href":"https:\/\/www.translingua.ch\/it\/wp-json\/wp\/v2\/media?parent=2155"}],"curies":[{"name":"wp","href":"https:\/\/api.w.org\/{rel}","templated":true}]}}