{"id":2143,"date":"2018-09-22T16:03:54","date_gmt":"2018-09-22T14:03:54","guid":{"rendered":"https:\/\/www.translingua.ch\/?page_id=2143"},"modified":"2025-10-13T09:10:31","modified_gmt":"2025-10-13T07:10:31","slug":"traduzione-convincente","status":"publish","type":"page","link":"https:\/\/www.translingua.ch\/it\/chi-siamo\/referenze\/traduzione-convincente\/","title":{"rendered":"Traduzione convincente"},"content":{"rendered":"\n<h2 class=\"wp-block-heading\">Cliente<\/h2>\n\n\n\n<p>Dal 1946 la Fondazione Villaggio Pestalozzi per bambini, con sede a Trogen AR, si impegna a favore di bambini e adolescenti svantaggiati. L\u2019opera assistenziale internazionale offre loro una formazione, favorendo la comprensione reciproca. Un gran numero di imprese, associazioni e privati sostiene la Fondazione Villaggio Pestalozzi per bambini idealmente e finanziariamente.<\/p>\n\n\n\n<h2 class=\"wp-block-heading\">Compito<\/h2>\n\n\n\n<p>La trasparenza e la credibilit\u00e0 sono due importanti pilastri della comunicazione di un\u2019opera assistenziale \u2013 verso l\u2019interno e l\u2019esterno. Una <a href=\"https:\/\/www.translingua.ch\/it\/servizi-linguistici-e-testuali\/gestione-della-terminologia-termdata\/\">terminologia<\/a> coerente, l\u2019esatta trasposizione dei contenuti e uno stile chiaro assumono un\u2019importanza centrale per comunicare fiducia e convincere con messaggi efficaci i potenziali gruppi target.<\/p>\n\n\n\n<h2 class=\"wp-block-heading\">Soluzione<\/h2>\n\n\n\n<p>Dal 2013 un rapporto di intensa collaborazione lega Translingua alla Fondazione Villaggio Pestalozzi per bambini. Translingua sponsorizza tra l\u2019altro la festa d\u2019estate, che ha luogo ogni anno. In virt\u00f9 di questi contatti personali, ma anche grazie all\u2019impiego di un glossario costantemente aggiornato e alla collaborazione consolidata negli anni di traduttrici e traduttori, Translingua \u00e8 in grado di offrire qualit\u00e0 linguistica al massimo livello. Relazioni annuali, rivista, newsletter, contributi del sito, lettere, comunicazioni interne \u2026 la traduzione \u00e8 quella giusta.<\/p>\n\n\n\n<h2 class=\"wp-block-heading\">Fattori di successo<\/h2>\n\n\n\n<ul class=\"wp-block-list\"><li>Impiego di traduttori fissi, esperti e di madrelingua<\/li><li>Garanzia della terminologia aziendale (Corporate Wording) attraverso l\u2019impiego di <a href=\"https:\/\/www.translingua.ch\/it\/servizi-linguistici-e-testuali\/post-editing-di-traduzione-automatica-mtpe\/\">memorie di traduzione<\/a><\/li><li>Regolare scambio di informazioni<\/li><\/ul>\n","protected":false},"excerpt":{"rendered":"<p>Cliente Dal 1946 la Fondazione Villaggio Pestalozzi per bambini, con sede a Trogen AR, si impegna a favore di bambini e adolescenti svantaggiati. L\u2019opera assistenziale internazionale offre loro una formazione, favorendo la comprensione reciproca. Un gran numero di imprese, associazioni e privati sostiene la Fondazione Villaggio Pestalozzi per bambini idealmente e finanziariamente. Compito La trasparenza e la credibilit\u00e0 sono due &#8230; <a title=\"Traduzione convincente\" class=\"read-more\" href=\"https:\/\/www.translingua.ch\/it\/chi-siamo\/referenze\/traduzione-convincente\/\" aria-label=\"Per saperne di pi\u00f9 su Traduzione convincente\">Weiterlesen<\/a><\/p>\n","protected":false},"author":2,"featured_media":0,"parent":2294,"menu_order":0,"comment_status":"closed","ping_status":"closed","template":"","meta":{"footnotes":""},"class_list":["post-2143","page","type-page","status-publish"],"featured_image_urls_v2":{"full":"","thumbnail":"","medium":"","medium_large":"","large":"","1536x1536":"","2048x2048":"","gform-image-choice-sm":"","gform-image-choice-md":"","gform-image-choice-lg":""},"post_excerpt_stackable_v2":"<p>Cliente Dal 1946 la Fondazione Villaggio Pestalozzi per bambini, con sede a Trogen AR, si impegna a favore di bambini e adolescenti svantaggiati. L\u2019opera assistenziale internazionale offre loro una formazione, favorendo la comprensione reciproca. Un gran numero di imprese, associazioni e privati sostiene la Fondazione Villaggio Pestalozzi per bambini idealmente e finanziariamente. Compito La trasparenza e la credibilit\u00e0 sono due importanti pilastri della comunicazione di un\u2019opera assistenziale \u2013 verso l\u2019interno e l\u2019esterno. Una terminologia coerente, l\u2019esatta trasposizione dei contenuti e uno stile chiaro assumono un\u2019importanza centrale per comunicare fiducia e convincere con messaggi efficaci i potenziali gruppi target. Soluzione Dal&hellip;<\/p>\n","category_list_v2":"","author_info_v2":{"name":"Lorenz Eymann","url":"https:\/\/www.translingua.ch\/it\/author\/eymann\/"},"comments_num_v2":"0 commenti","yoast_head":"<!-- This site is optimized with the Yoast SEO plugin v27.3 - https:\/\/yoast.com\/product\/yoast-seo-wordpress\/ -->\n<title>Translingua AG &#8226; Traduzione convincente<\/title>\n<meta name=\"robots\" content=\"index, follow, max-snippet:-1, max-image-preview:large, max-video-preview:-1\" \/>\n<link rel=\"canonical\" href=\"https:\/\/www.translingua.ch\/it\/chi-siamo\/referenze\/traduzione-convincente\/\" \/>\n<meta property=\"og:locale\" content=\"it_IT\" \/>\n<meta property=\"og:type\" content=\"article\" \/>\n<meta property=\"og:title\" content=\"Translingua AG &#8226; Traduzione convincente\" \/>\n<meta property=\"og:description\" content=\"Cliente Dal 1946 la Fondazione Villaggio Pestalozzi per bambini, con sede a Trogen AR, si impegna a favore di bambini e adolescenti svantaggiati. L\u2019opera assistenziale internazionale offre loro una formazione, favorendo la comprensione reciproca. Un gran numero di imprese, associazioni e privati sostiene la Fondazione Villaggio Pestalozzi per bambini idealmente e finanziariamente. Compito La trasparenza e la credibilit\u00e0 sono due ... Weiterlesen\" \/>\n<meta property=\"og:url\" content=\"https:\/\/www.translingua.ch\/it\/chi-siamo\/referenze\/traduzione-convincente\/\" \/>\n<meta property=\"og:site_name\" content=\"Translingua AG\" \/>\n<meta property=\"article:modified_time\" content=\"2025-10-13T07:10:31+00:00\" \/>\n<meta name=\"twitter:card\" content=\"summary_large_image\" \/>\n<meta name=\"twitter:label1\" content=\"Tempo di lettura stimato\" \/>\n\t<meta name=\"twitter:data1\" content=\"2 minuti\" \/>\n<script type=\"application\/ld+json\" class=\"yoast-schema-graph\">{\"@context\":\"https:\\\/\\\/schema.org\",\"@graph\":[{\"@type\":\"WebPage\",\"@id\":\"https:\\\/\\\/www.translingua.ch\\\/it\\\/chi-siamo\\\/referenze\\\/traduzione-convincente\\\/\",\"url\":\"https:\\\/\\\/www.translingua.ch\\\/it\\\/chi-siamo\\\/referenze\\\/traduzione-convincente\\\/\",\"name\":\"Translingua AG &#8226; Traduzione convincente\",\"isPartOf\":{\"@id\":\"https:\\\/\\\/www.translingua.ch\\\/#website\"},\"datePublished\":\"2018-09-22T14:03:54+00:00\",\"dateModified\":\"2025-10-13T07:10:31+00:00\",\"breadcrumb\":{\"@id\":\"https:\\\/\\\/www.translingua.ch\\\/it\\\/chi-siamo\\\/referenze\\\/traduzione-convincente\\\/#breadcrumb\"},\"inLanguage\":\"it-IT\",\"potentialAction\":[{\"@type\":\"ReadAction\",\"target\":[\"https:\\\/\\\/www.translingua.ch\\\/it\\\/chi-siamo\\\/referenze\\\/traduzione-convincente\\\/\"]}]},{\"@type\":\"BreadcrumbList\",\"@id\":\"https:\\\/\\\/www.translingua.ch\\\/it\\\/chi-siamo\\\/referenze\\\/traduzione-convincente\\\/#breadcrumb\",\"itemListElement\":[{\"@type\":\"ListItem\",\"position\":1,\"name\":\"Home\",\"item\":\"https:\\\/\\\/www.translingua.ch\\\/it\\\/\"},{\"@type\":\"ListItem\",\"position\":2,\"name\":\"Translingua: la sua agenzia di traduzioni svizzera\",\"item\":\"https:\\\/\\\/www.translingua.ch\\\/it\\\/chi-siamo\\\/\"},{\"@type\":\"ListItem\",\"position\":3,\"name\":\"Referenze di Translingua\",\"item\":\"https:\\\/\\\/www.translingua.ch\\\/it\\\/chi-siamo\\\/referenze\\\/\"},{\"@type\":\"ListItem\",\"position\":4,\"name\":\"Traduzione convincente\"}]},{\"@type\":\"WebSite\",\"@id\":\"https:\\\/\\\/www.translingua.ch\\\/#website\",\"url\":\"https:\\\/\\\/www.translingua.ch\\\/\",\"name\":\"Translingua AG\",\"description\":\"\u00dcbersetzungsb\u00fcro in Z\u00fcrich seit 1975\",\"publisher\":{\"@id\":\"https:\\\/\\\/www.translingua.ch\\\/#organization\"},\"potentialAction\":[{\"@type\":\"SearchAction\",\"target\":{\"@type\":\"EntryPoint\",\"urlTemplate\":\"https:\\\/\\\/www.translingua.ch\\\/?s={search_term_string}\"},\"query-input\":{\"@type\":\"PropertyValueSpecification\",\"valueRequired\":true,\"valueName\":\"search_term_string\"}}],\"inLanguage\":\"it-IT\"},{\"@type\":\"Organization\",\"@id\":\"https:\\\/\\\/www.translingua.ch\\\/#organization\",\"name\":\"Translingua AG\",\"url\":\"https:\\\/\\\/www.translingua.ch\\\/\",\"logo\":{\"@type\":\"ImageObject\",\"inLanguage\":\"it-IT\",\"@id\":\"https:\\\/\\\/www.translingua.ch\\\/#\\\/schema\\\/logo\\\/image\\\/\",\"url\":\"https:\\\/\\\/www.translingua.ch\\\/wp-content\\\/uploads\\\/logo.png\",\"contentUrl\":\"https:\\\/\\\/www.translingua.ch\\\/wp-content\\\/uploads\\\/logo.png\",\"width\":261,\"height\":106,\"caption\":\"Translingua AG\"},\"image\":{\"@id\":\"https:\\\/\\\/www.translingua.ch\\\/#\\\/schema\\\/logo\\\/image\\\/\"}}]}<\/script>\n<!-- \/ Yoast SEO plugin. -->","yoast_head_json":{"title":"Translingua AG &#8226; Traduzione convincente","robots":{"index":"index","follow":"follow","max-snippet":"max-snippet:-1","max-image-preview":"max-image-preview:large","max-video-preview":"max-video-preview:-1"},"canonical":"https:\/\/www.translingua.ch\/it\/chi-siamo\/referenze\/traduzione-convincente\/","og_locale":"it_IT","og_type":"article","og_title":"Translingua AG &#8226; Traduzione convincente","og_description":"Cliente Dal 1946 la Fondazione Villaggio Pestalozzi per bambini, con sede a Trogen AR, si impegna a favore di bambini e adolescenti svantaggiati. L\u2019opera assistenziale internazionale offre loro una formazione, favorendo la comprensione reciproca. Un gran numero di imprese, associazioni e privati sostiene la Fondazione Villaggio Pestalozzi per bambini idealmente e finanziariamente. Compito La trasparenza e la credibilit\u00e0 sono due ... Weiterlesen","og_url":"https:\/\/www.translingua.ch\/it\/chi-siamo\/referenze\/traduzione-convincente\/","og_site_name":"Translingua AG","article_modified_time":"2025-10-13T07:10:31+00:00","twitter_card":"summary_large_image","twitter_misc":{"Tempo di lettura stimato":"2 minuti"},"schema":{"@context":"https:\/\/schema.org","@graph":[{"@type":"WebPage","@id":"https:\/\/www.translingua.ch\/it\/chi-siamo\/referenze\/traduzione-convincente\/","url":"https:\/\/www.translingua.ch\/it\/chi-siamo\/referenze\/traduzione-convincente\/","name":"Translingua AG &#8226; Traduzione convincente","isPartOf":{"@id":"https:\/\/www.translingua.ch\/#website"},"datePublished":"2018-09-22T14:03:54+00:00","dateModified":"2025-10-13T07:10:31+00:00","breadcrumb":{"@id":"https:\/\/www.translingua.ch\/it\/chi-siamo\/referenze\/traduzione-convincente\/#breadcrumb"},"inLanguage":"it-IT","potentialAction":[{"@type":"ReadAction","target":["https:\/\/www.translingua.ch\/it\/chi-siamo\/referenze\/traduzione-convincente\/"]}]},{"@type":"BreadcrumbList","@id":"https:\/\/www.translingua.ch\/it\/chi-siamo\/referenze\/traduzione-convincente\/#breadcrumb","itemListElement":[{"@type":"ListItem","position":1,"name":"Home","item":"https:\/\/www.translingua.ch\/it\/"},{"@type":"ListItem","position":2,"name":"Translingua: la sua agenzia di traduzioni svizzera","item":"https:\/\/www.translingua.ch\/it\/chi-siamo\/"},{"@type":"ListItem","position":3,"name":"Referenze di Translingua","item":"https:\/\/www.translingua.ch\/it\/chi-siamo\/referenze\/"},{"@type":"ListItem","position":4,"name":"Traduzione convincente"}]},{"@type":"WebSite","@id":"https:\/\/www.translingua.ch\/#website","url":"https:\/\/www.translingua.ch\/","name":"Translingua AG","description":"\u00dcbersetzungsb\u00fcro in Z\u00fcrich seit 1975","publisher":{"@id":"https:\/\/www.translingua.ch\/#organization"},"potentialAction":[{"@type":"SearchAction","target":{"@type":"EntryPoint","urlTemplate":"https:\/\/www.translingua.ch\/?s={search_term_string}"},"query-input":{"@type":"PropertyValueSpecification","valueRequired":true,"valueName":"search_term_string"}}],"inLanguage":"it-IT"},{"@type":"Organization","@id":"https:\/\/www.translingua.ch\/#organization","name":"Translingua AG","url":"https:\/\/www.translingua.ch\/","logo":{"@type":"ImageObject","inLanguage":"it-IT","@id":"https:\/\/www.translingua.ch\/#\/schema\/logo\/image\/","url":"https:\/\/www.translingua.ch\/wp-content\/uploads\/logo.png","contentUrl":"https:\/\/www.translingua.ch\/wp-content\/uploads\/logo.png","width":261,"height":106,"caption":"Translingua AG"},"image":{"@id":"https:\/\/www.translingua.ch\/#\/schema\/logo\/image\/"}}]}},"_links":{"self":[{"href":"https:\/\/www.translingua.ch\/it\/wp-json\/wp\/v2\/pages\/2143","targetHints":{"allow":["GET"]}}],"collection":[{"href":"https:\/\/www.translingua.ch\/it\/wp-json\/wp\/v2\/pages"}],"about":[{"href":"https:\/\/www.translingua.ch\/it\/wp-json\/wp\/v2\/types\/page"}],"author":[{"embeddable":true,"href":"https:\/\/www.translingua.ch\/it\/wp-json\/wp\/v2\/users\/2"}],"replies":[{"embeddable":true,"href":"https:\/\/www.translingua.ch\/it\/wp-json\/wp\/v2\/comments?post=2143"}],"version-history":[{"count":8,"href":"https:\/\/www.translingua.ch\/it\/wp-json\/wp\/v2\/pages\/2143\/revisions"}],"predecessor-version":[{"id":10656,"href":"https:\/\/www.translingua.ch\/it\/wp-json\/wp\/v2\/pages\/2143\/revisions\/10656"}],"up":[{"embeddable":true,"href":"https:\/\/www.translingua.ch\/it\/wp-json\/wp\/v2\/pages\/2294"}],"wp:attachment":[{"href":"https:\/\/www.translingua.ch\/it\/wp-json\/wp\/v2\/media?parent=2143"}],"curies":[{"name":"wp","href":"https:\/\/api.w.org\/{rel}","templated":true}]}}