{"id":2137,"date":"2018-09-22T16:01:19","date_gmt":"2018-09-22T14:01:19","guid":{"rendered":"https:\/\/www.translingua.ch\/?page_id=2137"},"modified":"2022-01-18T12:08:45","modified_gmt":"2022-01-18T11:08:45","slug":"ununica-fonte-per-la-rivista-clienti","status":"publish","type":"page","link":"https:\/\/www.translingua.ch\/it\/chi-siamo\/referenze\/ununica-fonte-per-la-rivista-clienti\/","title":{"rendered":"Un\u2019unica fonte per la rivista clienti"},"content":{"rendered":"\n<h2 class=\"wp-block-heading\">Cliente<\/h2>\n\n\n\n<p>Protectas SA fa parte del gruppo internazionale svedese Securitas AB. Dal 1976 l\u2019azienda, che conta in Svizzera quasi 3000 collaboratori, offre soluzioni di sicurezza integrate.<\/p>\n\n\n\n<h2 class=\"wp-block-heading\">Compito<\/h2>\n\n\n\n<p>La rivista Protectas esce due volte all\u2019anno in lingua tedesca e francese. Clienti e collaboratori vi apprendono interessanti e rilevanti novit\u00e0 in formato compatto e chiaro. Protectas deve poter contare sui servizi di un partner valido, in grado di redigere e visionare caso per caso testi originali in pi\u00f9 lingue.\u00a0 Segue poi la <a href=\"https:\/\/www.translingua.ch\/it\/traduzioni\/\">traduzione<\/a> coordinata, tecnicamente e stilisticamente corretta e il controllo finale del documento pronto per la stampa. Tutto ci\u00f2 \u00e8 attuato rispettando un rigido calendario.<\/p>\n\n\n\n<h2 class=\"wp-block-heading\">Soluzione<\/h2>\n\n\n\n<p>Translingua \u00e8 in grado di offrire da un\u2019unica fonte la soluzione alle molteplici esigenze. Il capo progetto \u00e8 il punto di riferimento durante tutto il processo produttivo: coordinazione con i prestatori di servizi esterni, autorizzazione dei contenuti, revisione e traduzione \u2013 sempre in consultazione con Protectas. Translingua ha sotto controllo tanto il calendario quanto il <a href=\"https:\/\/www.translingua.ch\/it\/servizi-linguistici-e-testuali\/gestione-della-terminologia-termdata\/\">glossario<\/a>.<\/p>\n\n\n\n<h2 class=\"wp-block-heading\">Fattori di successo<\/h2>\n\n\n\n<ul class=\"wp-block-list\"><li><a href=\"https:\/\/www.translingua.ch\/it\/servizi-linguistici-e-testuali\/project-management-gestione-assistenza-clienti\/\">Project management<\/a> efficiente ed affidabile<\/li><li>Consulenza personale, regolare scambio di informazioni e progettazione comune<\/li><li>Redattori, <a href=\"https:\/\/www.translingua.ch\/it\/servizi-linguistici-e-testuali\/copywriter\/\">copyrighter<\/a> e <a href=\"https:\/\/www.translingua.ch\/it\/servizi-linguistici-e-testuali\/lettorato-correttorato\/\">lettori<\/a> esperti<\/li><\/ul>\n","protected":false},"excerpt":{"rendered":"<p>Cliente Protectas SA fa parte del gruppo internazionale svedese Securitas AB. Dal 1976 l\u2019azienda, che conta in Svizzera quasi 3000 collaboratori, offre soluzioni di sicurezza integrate. Compito La rivista Protectas esce due volte all\u2019anno in lingua tedesca e francese. Clienti e collaboratori vi apprendono interessanti e rilevanti novit\u00e0 in formato compatto e chiaro. Protectas deve poter contare sui servizi di &#8230; <a title=\"Un\u2019unica fonte per la rivista clienti\" class=\"read-more\" href=\"https:\/\/www.translingua.ch\/it\/chi-siamo\/referenze\/ununica-fonte-per-la-rivista-clienti\/\" aria-label=\"Per saperne di pi\u00f9 su Un\u2019unica fonte per la rivista clienti\">Weiterlesen<\/a><\/p>\n","protected":false},"author":1,"featured_media":0,"parent":2294,"menu_order":0,"comment_status":"closed","ping_status":"closed","template":"","meta":{"footnotes":""},"class_list":["post-2137","page","type-page","status-publish"],"featured_image_urls_v2":{"full":"","thumbnail":"","medium":"","medium_large":"","large":"","1536x1536":"","2048x2048":"","gform-image-choice-sm":"","gform-image-choice-md":"","gform-image-choice-lg":""},"post_excerpt_stackable_v2":"<p>Cliente Protectas SA fa parte del gruppo internazionale svedese Securitas AB. Dal 1976 l\u2019azienda, che conta in Svizzera quasi 3000 collaboratori, offre soluzioni di sicurezza integrate. Compito La rivista Protectas esce due volte all\u2019anno in lingua tedesca e francese. Clienti e collaboratori vi apprendono interessanti e rilevanti novit\u00e0 in formato compatto e chiaro. Protectas deve poter contare sui servizi di un partner valido, in grado di redigere e visionare caso per caso testi originali in pi\u00f9 lingue.\u00a0 Segue poi la traduzione coordinata, tecnicamente e stilisticamente corretta e il controllo finale del documento pronto per la stampa. Tutto ci\u00f2 \u00e8 attuato&hellip;<\/p>\n","category_list_v2":"","author_info_v2":{"name":"nailedit","url":"https:\/\/www.translingua.ch\/it\/author\/nailedit\/"},"comments_num_v2":"0 commenti","yoast_head":"<!-- This site is optimized with the Yoast SEO plugin v27.3 - https:\/\/yoast.com\/product\/yoast-seo-wordpress\/ -->\n<title>Translingua AG &#8226; Un\u2019unica fonte per la rivista clienti<\/title>\n<meta name=\"robots\" content=\"index, follow, max-snippet:-1, max-image-preview:large, max-video-preview:-1\" \/>\n<link rel=\"canonical\" href=\"https:\/\/www.translingua.ch\/it\/chi-siamo\/case-studies\/ununica-fonte-per-la-rivista-clienti\/\" \/>\n<meta property=\"og:locale\" content=\"it_IT\" \/>\n<meta property=\"og:type\" content=\"article\" \/>\n<meta property=\"og:title\" content=\"Translingua AG &#8226; Un\u2019unica fonte per la rivista clienti\" \/>\n<meta property=\"og:description\" content=\"Cliente Protectas SA fa parte del gruppo internazionale svedese Securitas AB. Dal 1976 l\u2019azienda, che conta in Svizzera quasi 3000 collaboratori, offre soluzioni di sicurezza integrate. Compito La rivista Protectas esce due volte all\u2019anno in lingua tedesca e francese. Clienti e collaboratori vi apprendono interessanti e rilevanti novit\u00e0 in formato compatto e chiaro. Protectas deve poter contare sui servizi di ... Weiterlesen\" \/>\n<meta property=\"og:url\" content=\"https:\/\/www.translingua.ch\/it\/chi-siamo\/case-studies\/ununica-fonte-per-la-rivista-clienti\/\" \/>\n<meta property=\"og:site_name\" content=\"Translingua AG\" \/>\n<meta property=\"article:modified_time\" content=\"2022-01-18T11:08:45+00:00\" \/>\n<meta name=\"twitter:card\" content=\"summary_large_image\" \/>\n<meta name=\"twitter:label1\" content=\"Tempo di lettura stimato\" \/>\n\t<meta name=\"twitter:data1\" content=\"2 minuti\" \/>\n<script type=\"application\/ld+json\" class=\"yoast-schema-graph\">{\"@context\":\"https:\\\/\\\/schema.org\",\"@graph\":[{\"@type\":\"WebPage\",\"@id\":\"https:\\\/\\\/www.translingua.ch\\\/it\\\/chi-siamo\\\/case-studies\\\/ununica-fonte-per-la-rivista-clienti\\\/\",\"url\":\"https:\\\/\\\/www.translingua.ch\\\/it\\\/chi-siamo\\\/case-studies\\\/ununica-fonte-per-la-rivista-clienti\\\/\",\"name\":\"Translingua AG &#8226; Un\u2019unica fonte per la rivista clienti\",\"isPartOf\":{\"@id\":\"https:\\\/\\\/www.translingua.ch\\\/#website\"},\"datePublished\":\"2018-09-22T14:01:19+00:00\",\"dateModified\":\"2022-01-18T11:08:45+00:00\",\"breadcrumb\":{\"@id\":\"https:\\\/\\\/www.translingua.ch\\\/it\\\/chi-siamo\\\/case-studies\\\/ununica-fonte-per-la-rivista-clienti\\\/#breadcrumb\"},\"inLanguage\":\"it-IT\",\"potentialAction\":[{\"@type\":\"ReadAction\",\"target\":[\"https:\\\/\\\/www.translingua.ch\\\/it\\\/chi-siamo\\\/case-studies\\\/ununica-fonte-per-la-rivista-clienti\\\/\"]}]},{\"@type\":\"BreadcrumbList\",\"@id\":\"https:\\\/\\\/www.translingua.ch\\\/it\\\/chi-siamo\\\/case-studies\\\/ununica-fonte-per-la-rivista-clienti\\\/#breadcrumb\",\"itemListElement\":[{\"@type\":\"ListItem\",\"position\":1,\"name\":\"Home\",\"item\":\"https:\\\/\\\/www.translingua.ch\\\/it\\\/\"},{\"@type\":\"ListItem\",\"position\":2,\"name\":\"Translingua: la sua agenzia di traduzioni svizzera\",\"item\":\"https:\\\/\\\/www.translingua.ch\\\/it\\\/chi-siamo\\\/\"},{\"@type\":\"ListItem\",\"position\":3,\"name\":\"Case studies\",\"item\":\"https:\\\/\\\/www.translingua.ch\\\/it\\\/chi-siamo\\\/case-studies\\\/\"},{\"@type\":\"ListItem\",\"position\":4,\"name\":\"Un\u2019unica fonte per la rivista clienti\"}]},{\"@type\":\"WebSite\",\"@id\":\"https:\\\/\\\/www.translingua.ch\\\/#website\",\"url\":\"https:\\\/\\\/www.translingua.ch\\\/\",\"name\":\"Translingua AG\",\"description\":\"\u00dcbersetzungsb\u00fcro in Z\u00fcrich seit 1975\",\"publisher\":{\"@id\":\"https:\\\/\\\/www.translingua.ch\\\/#organization\"},\"potentialAction\":[{\"@type\":\"SearchAction\",\"target\":{\"@type\":\"EntryPoint\",\"urlTemplate\":\"https:\\\/\\\/www.translingua.ch\\\/?s={search_term_string}\"},\"query-input\":{\"@type\":\"PropertyValueSpecification\",\"valueRequired\":true,\"valueName\":\"search_term_string\"}}],\"inLanguage\":\"it-IT\"},{\"@type\":\"Organization\",\"@id\":\"https:\\\/\\\/www.translingua.ch\\\/#organization\",\"name\":\"Translingua AG\",\"url\":\"https:\\\/\\\/www.translingua.ch\\\/\",\"logo\":{\"@type\":\"ImageObject\",\"inLanguage\":\"it-IT\",\"@id\":\"https:\\\/\\\/www.translingua.ch\\\/#\\\/schema\\\/logo\\\/image\\\/\",\"url\":\"https:\\\/\\\/www.translingua.ch\\\/wp-content\\\/uploads\\\/logo.png\",\"contentUrl\":\"https:\\\/\\\/www.translingua.ch\\\/wp-content\\\/uploads\\\/logo.png\",\"width\":261,\"height\":106,\"caption\":\"Translingua AG\"},\"image\":{\"@id\":\"https:\\\/\\\/www.translingua.ch\\\/#\\\/schema\\\/logo\\\/image\\\/\"}}]}<\/script>\n<!-- \/ Yoast SEO plugin. -->","yoast_head_json":{"title":"Translingua AG &#8226; Un\u2019unica fonte per la rivista clienti","robots":{"index":"index","follow":"follow","max-snippet":"max-snippet:-1","max-image-preview":"max-image-preview:large","max-video-preview":"max-video-preview:-1"},"canonical":"https:\/\/www.translingua.ch\/it\/chi-siamo\/case-studies\/ununica-fonte-per-la-rivista-clienti\/","og_locale":"it_IT","og_type":"article","og_title":"Translingua AG &#8226; Un\u2019unica fonte per la rivista clienti","og_description":"Cliente Protectas SA fa parte del gruppo internazionale svedese Securitas AB. Dal 1976 l\u2019azienda, che conta in Svizzera quasi 3000 collaboratori, offre soluzioni di sicurezza integrate. Compito La rivista Protectas esce due volte all\u2019anno in lingua tedesca e francese. Clienti e collaboratori vi apprendono interessanti e rilevanti novit\u00e0 in formato compatto e chiaro. Protectas deve poter contare sui servizi di ... Weiterlesen","og_url":"https:\/\/www.translingua.ch\/it\/chi-siamo\/case-studies\/ununica-fonte-per-la-rivista-clienti\/","og_site_name":"Translingua AG","article_modified_time":"2022-01-18T11:08:45+00:00","twitter_card":"summary_large_image","twitter_misc":{"Tempo di lettura stimato":"2 minuti"},"schema":{"@context":"https:\/\/schema.org","@graph":[{"@type":"WebPage","@id":"https:\/\/www.translingua.ch\/it\/chi-siamo\/case-studies\/ununica-fonte-per-la-rivista-clienti\/","url":"https:\/\/www.translingua.ch\/it\/chi-siamo\/case-studies\/ununica-fonte-per-la-rivista-clienti\/","name":"Translingua AG &#8226; Un\u2019unica fonte per la rivista clienti","isPartOf":{"@id":"https:\/\/www.translingua.ch\/#website"},"datePublished":"2018-09-22T14:01:19+00:00","dateModified":"2022-01-18T11:08:45+00:00","breadcrumb":{"@id":"https:\/\/www.translingua.ch\/it\/chi-siamo\/case-studies\/ununica-fonte-per-la-rivista-clienti\/#breadcrumb"},"inLanguage":"it-IT","potentialAction":[{"@type":"ReadAction","target":["https:\/\/www.translingua.ch\/it\/chi-siamo\/case-studies\/ununica-fonte-per-la-rivista-clienti\/"]}]},{"@type":"BreadcrumbList","@id":"https:\/\/www.translingua.ch\/it\/chi-siamo\/case-studies\/ununica-fonte-per-la-rivista-clienti\/#breadcrumb","itemListElement":[{"@type":"ListItem","position":1,"name":"Home","item":"https:\/\/www.translingua.ch\/it\/"},{"@type":"ListItem","position":2,"name":"Translingua: la sua agenzia di traduzioni svizzera","item":"https:\/\/www.translingua.ch\/it\/chi-siamo\/"},{"@type":"ListItem","position":3,"name":"Case studies","item":"https:\/\/www.translingua.ch\/it\/chi-siamo\/case-studies\/"},{"@type":"ListItem","position":4,"name":"Un\u2019unica fonte per la rivista clienti"}]},{"@type":"WebSite","@id":"https:\/\/www.translingua.ch\/#website","url":"https:\/\/www.translingua.ch\/","name":"Translingua AG","description":"\u00dcbersetzungsb\u00fcro in Z\u00fcrich seit 1975","publisher":{"@id":"https:\/\/www.translingua.ch\/#organization"},"potentialAction":[{"@type":"SearchAction","target":{"@type":"EntryPoint","urlTemplate":"https:\/\/www.translingua.ch\/?s={search_term_string}"},"query-input":{"@type":"PropertyValueSpecification","valueRequired":true,"valueName":"search_term_string"}}],"inLanguage":"it-IT"},{"@type":"Organization","@id":"https:\/\/www.translingua.ch\/#organization","name":"Translingua AG","url":"https:\/\/www.translingua.ch\/","logo":{"@type":"ImageObject","inLanguage":"it-IT","@id":"https:\/\/www.translingua.ch\/#\/schema\/logo\/image\/","url":"https:\/\/www.translingua.ch\/wp-content\/uploads\/logo.png","contentUrl":"https:\/\/www.translingua.ch\/wp-content\/uploads\/logo.png","width":261,"height":106,"caption":"Translingua AG"},"image":{"@id":"https:\/\/www.translingua.ch\/#\/schema\/logo\/image\/"}}]}},"_links":{"self":[{"href":"https:\/\/www.translingua.ch\/it\/wp-json\/wp\/v2\/pages\/2137","targetHints":{"allow":["GET"]}}],"collection":[{"href":"https:\/\/www.translingua.ch\/it\/wp-json\/wp\/v2\/pages"}],"about":[{"href":"https:\/\/www.translingua.ch\/it\/wp-json\/wp\/v2\/types\/page"}],"author":[{"embeddable":true,"href":"https:\/\/www.translingua.ch\/it\/wp-json\/wp\/v2\/users\/1"}],"replies":[{"embeddable":true,"href":"https:\/\/www.translingua.ch\/it\/wp-json\/wp\/v2\/comments?post=2137"}],"version-history":[{"count":4,"href":"https:\/\/www.translingua.ch\/it\/wp-json\/wp\/v2\/pages\/2137\/revisions"}],"predecessor-version":[{"id":5853,"href":"https:\/\/www.translingua.ch\/it\/wp-json\/wp\/v2\/pages\/2137\/revisions\/5853"}],"up":[{"embeddable":true,"href":"https:\/\/www.translingua.ch\/it\/wp-json\/wp\/v2\/pages\/2294"}],"wp:attachment":[{"href":"https:\/\/www.translingua.ch\/it\/wp-json\/wp\/v2\/media?parent=2137"}],"curies":[{"name":"wp","href":"https:\/\/api.w.org\/{rel}","templated":true}]}}