{"id":10569,"date":"2025-10-07T16:16:58","date_gmt":"2025-10-07T14:16:58","guid":{"rendered":"https:\/\/www.translingua.ch\/?page_id=10569"},"modified":"2025-10-09T17:48:24","modified_gmt":"2025-10-09T15:48:24","slug":"efficienza-grazie-a-unestensione-del-cms-e-alla-traduzione-automatica","status":"publish","type":"page","link":"https:\/\/www.translingua.ch\/it\/chi-siamo\/referenze\/efficienza-grazie-a-unestensione-del-cms-e-alla-traduzione-automatica\/","title":{"rendered":"Efficienza grazie a un\u2019estensione del CMS e alla traduzione automatica"},"content":{"rendered":"\n<h2 class=\"wp-block-heading\">Cliente<\/h2>\n\n\n\n<p>La Globetrotter Travel Service AG \u00e8 una rinomata agenzia di viaggi con sede a Berna che offre una vasta gamma di servizi e soluzioni personalizzate per clienti privati e aziendali.<\/p>\n\n\n<div class=\"wp-block-image\">\n<figure class=\"aligncenter size-full\"><img loading=\"lazy\" decoding=\"async\" width=\"896\" height=\"752\" src=\"https:\/\/www.translingua.ch\/wp-content\/uploads\/Globetrotter_Reiseerlebnisse-1.jpg\" alt=\"\" class=\"wp-image-9508\" srcset=\"https:\/\/www.translingua.ch\/wp-content\/uploads\/Globetrotter_Reiseerlebnisse-1.jpg 896w, https:\/\/www.translingua.ch\/wp-content\/uploads\/Globetrotter_Reiseerlebnisse-1-300x252.jpg 300w\" sizes=\"auto, (max-width: 896px) 100vw, 896px\" \/><\/figure>\n<\/div>\n\n\n<h2 class=\"wp-block-heading\">Richiesta<\/h2>\n\n\n\n<p>Rendere accessibili online al pubblico francofono tutta una serie di testi web e resoconti di viaggio dettagliati. Il budget era limitato. L\u2019idea iniziale era fornire il materiale sotto forma di file di Word per poi procedere alla traduzione, ma il flusso di lavoro non sarebbe stato efficiente e avrebbe richiesto troppo tempo.<\/p>\n\n\n\n<h2 class=\"wp-block-heading\">Soluzione<\/h2>\n\n\n\n<p>Translingua ha proposto di aggiungere un\u2019estensione al CMS (Content Management System) di Globetrotter che consente di esportare e importare file XLIFF. Questa soluzione si integra alla perfezione nell\u2019infrastruttura informatica del cliente e consente di modificare direttamente i contenuti in pi\u00f9 lingue senza perdere tempo con i copia e incolla. L\u2019avvio definitivo del progetto \u00e8 stato preceduto da una prova per individuare e risolvere subito le possibili criticit\u00e0.<\/p>\n\n\n\n<p>Per gestire grandi quantit\u00e0 di parole contenendo i costi, Translingua ha realizzato una pre-traduzione automatica che \u00e8 poi stata sottoposta alla verifica di una traduttrice madrelingua specializzata nel settore dei viaggi (post editing). Il testo tradotto \u00e8 stato poi ulteriormente revisionato da Translingua.<\/p>\n\n\n\n<h2 class=\"wp-block-heading\">Fattori di successo<\/h2>\n\n\n\n<ul class=\"wp-block-list\">\n<li>Impostazione proattiva: Translingua ha proposto una soluzione basata sulle esigenze specifiche di Globetrotter, facile da attuare e altamente efficiente.<\/li>\n\n\n\n<li>Integrazione tecnologica: con il plug-in \u00abTranslation Manager\u00bb il processo traduttivo \u00e8 stato inserito direttamente nel CMS di Globetrotter risparmiando tempo ed evitando possibili fonti di errore.<\/li>\n\n\n\n<li>Problem solving: gli intoppi iniziali nell\u2019implementazione del nuovo sistema sono stati superati grazie a un\u2019analisi attenta e alla correzione del processo.<\/li>\n\n\n\n<li>Strumenti di traduzione automatica basati sull\u2019IA: questi sistemi integrati nel software di Translingua consentono di utilizzare anche le traduzioni e la terminologia del cliente.<\/li>\n<\/ul>\n\n\n\n<div style=\"height:25px\" aria-hidden=\"true\" class=\"wp-block-spacer\"><\/div>\n\n\n\n<div class=\"wp-block-buttons is-content-justification-center is-layout-flex wp-container-core-buttons-is-layout-16018d1d wp-block-buttons-is-layout-flex\">\n<div class=\"wp-block-button\"><a class=\"wp-block-button__link has-text-align-center wp-element-button\" href=\"https:\/\/www.translingua.ch\/it\/richiesta-di-preventivo\/\">Richiedere un preventivo<\/a><\/div>\n<\/div>\n\n\n\n<div style=\"height:25px\" aria-hidden=\"true\" class=\"wp-block-spacer\"><\/div>\n","protected":false},"excerpt":{"rendered":"<p>Cliente La Globetrotter Travel Service AG \u00e8 una rinomata agenzia di viaggi con sede a Berna che offre una vasta gamma di servizi e soluzioni personalizzate per clienti privati e aziendali. Richiesta Rendere accessibili online al pubblico francofono tutta una serie di testi web e resoconti di viaggio dettagliati. Il budget era limitato. L\u2019idea iniziale era fornire il materiale sotto &#8230; <a title=\"Efficienza grazie a un\u2019estensione del CMS e alla traduzione automatica\" class=\"read-more\" href=\"https:\/\/www.translingua.ch\/it\/chi-siamo\/referenze\/efficienza-grazie-a-unestensione-del-cms-e-alla-traduzione-automatica\/\" aria-label=\"Per saperne di pi\u00f9 su Efficienza grazie a un\u2019estensione del CMS e alla traduzione automatica\">Weiterlesen<\/a><\/p>\n","protected":false},"author":2,"featured_media":0,"parent":2294,"menu_order":0,"comment_status":"closed","ping_status":"closed","template":"","meta":{"footnotes":""},"class_list":["post-10569","page","type-page","status-publish"],"featured_image_urls_v2":{"full":"","thumbnail":"","medium":"","medium_large":"","large":"","1536x1536":"","2048x2048":"","gform-image-choice-sm":"","gform-image-choice-md":"","gform-image-choice-lg":""},"post_excerpt_stackable_v2":"<p>Cliente La Globetrotter Travel Service AG \u00e8 una rinomata agenzia di viaggi con sede a Berna che offre una vasta gamma di servizi e soluzioni personalizzate per clienti privati e aziendali. Richiesta Rendere accessibili online al pubblico francofono tutta una serie di testi web e resoconti di viaggio dettagliati. Il budget era limitato. L\u2019idea iniziale era fornire il materiale sotto forma di file di Word per poi procedere alla traduzione, ma il flusso di lavoro non sarebbe stato efficiente e avrebbe richiesto troppo tempo. Soluzione Translingua ha proposto di aggiungere un\u2019estensione al CMS (Content Management System) di Globetrotter che consente&hellip;<\/p>\n","category_list_v2":"","author_info_v2":{"name":"Lorenz Eymann","url":"https:\/\/www.translingua.ch\/it\/author\/eymann\/"},"comments_num_v2":"0 commenti","yoast_head":"<!-- This site is optimized with the Yoast SEO plugin v27.3 - https:\/\/yoast.com\/product\/yoast-seo-wordpress\/ -->\n<title>Translingua AG &#8226; Efficienza grazie a un\u2019estensione del CMS e alla traduzione automatica<\/title>\n<meta name=\"robots\" content=\"index, follow, max-snippet:-1, max-image-preview:large, max-video-preview:-1\" \/>\n<link rel=\"canonical\" href=\"https:\/\/www.translingua.ch\/it\/chi-siamo\/referenze\/efficienza-grazie-a-unestensione-del-cms-e-alla-traduzione-automatica\/\" \/>\n<meta property=\"og:locale\" content=\"it_IT\" \/>\n<meta property=\"og:type\" content=\"article\" \/>\n<meta property=\"og:title\" content=\"Translingua AG &#8226; Efficienza grazie a un\u2019estensione del CMS e alla traduzione automatica\" \/>\n<meta property=\"og:description\" content=\"Cliente La Globetrotter Travel Service AG \u00e8 una rinomata agenzia di viaggi con sede a Berna che offre una vasta gamma di servizi e soluzioni personalizzate per clienti privati e aziendali. Richiesta Rendere accessibili online al pubblico francofono tutta una serie di testi web e resoconti di viaggio dettagliati. Il budget era limitato. L\u2019idea iniziale era fornire il materiale sotto ... Weiterlesen\" \/>\n<meta property=\"og:url\" content=\"https:\/\/www.translingua.ch\/it\/chi-siamo\/referenze\/efficienza-grazie-a-unestensione-del-cms-e-alla-traduzione-automatica\/\" \/>\n<meta property=\"og:site_name\" content=\"Translingua AG\" \/>\n<meta property=\"article:modified_time\" content=\"2025-10-09T15:48:24+00:00\" \/>\n<meta property=\"og:image\" content=\"https:\/\/www.translingua.ch\/wp-content\/uploads\/Globetrotter_Reiseerlebnisse-1.jpg\" \/>\n\t<meta property=\"og:image:width\" content=\"896\" \/>\n\t<meta property=\"og:image:height\" content=\"752\" \/>\n\t<meta property=\"og:image:type\" content=\"image\/jpeg\" \/>\n<meta name=\"twitter:card\" content=\"summary_large_image\" \/>\n<meta name=\"twitter:label1\" content=\"Tempo di lettura stimato\" \/>\n\t<meta name=\"twitter:data1\" content=\"2 minuti\" \/>\n<script type=\"application\/ld+json\" class=\"yoast-schema-graph\">{\"@context\":\"https:\\\/\\\/schema.org\",\"@graph\":[{\"@type\":\"WebPage\",\"@id\":\"https:\\\/\\\/www.translingua.ch\\\/it\\\/chi-siamo\\\/referenze\\\/efficienza-grazie-a-unestensione-del-cms-e-alla-traduzione-automatica\\\/\",\"url\":\"https:\\\/\\\/www.translingua.ch\\\/it\\\/chi-siamo\\\/referenze\\\/efficienza-grazie-a-unestensione-del-cms-e-alla-traduzione-automatica\\\/\",\"name\":\"Translingua AG &#8226; Efficienza grazie a un\u2019estensione del CMS e alla traduzione automatica\",\"isPartOf\":{\"@id\":\"https:\\\/\\\/www.translingua.ch\\\/#website\"},\"primaryImageOfPage\":{\"@id\":\"https:\\\/\\\/www.translingua.ch\\\/it\\\/chi-siamo\\\/referenze\\\/efficienza-grazie-a-unestensione-del-cms-e-alla-traduzione-automatica\\\/#primaryimage\"},\"image\":{\"@id\":\"https:\\\/\\\/www.translingua.ch\\\/it\\\/chi-siamo\\\/referenze\\\/efficienza-grazie-a-unestensione-del-cms-e-alla-traduzione-automatica\\\/#primaryimage\"},\"thumbnailUrl\":\"https:\\\/\\\/www.translingua.ch\\\/wp-content\\\/uploads\\\/Globetrotter_Reiseerlebnisse-1.jpg\",\"datePublished\":\"2025-10-07T14:16:58+00:00\",\"dateModified\":\"2025-10-09T15:48:24+00:00\",\"breadcrumb\":{\"@id\":\"https:\\\/\\\/www.translingua.ch\\\/it\\\/chi-siamo\\\/referenze\\\/efficienza-grazie-a-unestensione-del-cms-e-alla-traduzione-automatica\\\/#breadcrumb\"},\"inLanguage\":\"it-IT\",\"potentialAction\":[{\"@type\":\"ReadAction\",\"target\":[\"https:\\\/\\\/www.translingua.ch\\\/it\\\/chi-siamo\\\/referenze\\\/efficienza-grazie-a-unestensione-del-cms-e-alla-traduzione-automatica\\\/\"]}]},{\"@type\":\"ImageObject\",\"inLanguage\":\"it-IT\",\"@id\":\"https:\\\/\\\/www.translingua.ch\\\/it\\\/chi-siamo\\\/referenze\\\/efficienza-grazie-a-unestensione-del-cms-e-alla-traduzione-automatica\\\/#primaryimage\",\"url\":\"https:\\\/\\\/www.translingua.ch\\\/wp-content\\\/uploads\\\/Globetrotter_Reiseerlebnisse-1.jpg\",\"contentUrl\":\"https:\\\/\\\/www.translingua.ch\\\/wp-content\\\/uploads\\\/Globetrotter_Reiseerlebnisse-1.jpg\"},{\"@type\":\"BreadcrumbList\",\"@id\":\"https:\\\/\\\/www.translingua.ch\\\/it\\\/chi-siamo\\\/referenze\\\/efficienza-grazie-a-unestensione-del-cms-e-alla-traduzione-automatica\\\/#breadcrumb\",\"itemListElement\":[{\"@type\":\"ListItem\",\"position\":1,\"name\":\"Home\",\"item\":\"https:\\\/\\\/www.translingua.ch\\\/it\\\/\"},{\"@type\":\"ListItem\",\"position\":2,\"name\":\"Translingua: la sua agenzia di traduzioni svizzera\",\"item\":\"https:\\\/\\\/www.translingua.ch\\\/it\\\/chi-siamo\\\/\"},{\"@type\":\"ListItem\",\"position\":3,\"name\":\"Referenze di Translingua\",\"item\":\"https:\\\/\\\/www.translingua.ch\\\/it\\\/chi-siamo\\\/referenze\\\/\"},{\"@type\":\"ListItem\",\"position\":4,\"name\":\"Efficienza grazie a un\u2019estensione del CMS e alla traduzione automatica\"}]},{\"@type\":\"WebSite\",\"@id\":\"https:\\\/\\\/www.translingua.ch\\\/#website\",\"url\":\"https:\\\/\\\/www.translingua.ch\\\/\",\"name\":\"Translingua AG\",\"description\":\"\u00dcbersetzungsb\u00fcro in Z\u00fcrich seit 1975\",\"publisher\":{\"@id\":\"https:\\\/\\\/www.translingua.ch\\\/#organization\"},\"potentialAction\":[{\"@type\":\"SearchAction\",\"target\":{\"@type\":\"EntryPoint\",\"urlTemplate\":\"https:\\\/\\\/www.translingua.ch\\\/?s={search_term_string}\"},\"query-input\":{\"@type\":\"PropertyValueSpecification\",\"valueRequired\":true,\"valueName\":\"search_term_string\"}}],\"inLanguage\":\"it-IT\"},{\"@type\":\"Organization\",\"@id\":\"https:\\\/\\\/www.translingua.ch\\\/#organization\",\"name\":\"Translingua AG\",\"url\":\"https:\\\/\\\/www.translingua.ch\\\/\",\"logo\":{\"@type\":\"ImageObject\",\"inLanguage\":\"it-IT\",\"@id\":\"https:\\\/\\\/www.translingua.ch\\\/#\\\/schema\\\/logo\\\/image\\\/\",\"url\":\"https:\\\/\\\/www.translingua.ch\\\/wp-content\\\/uploads\\\/logo.png\",\"contentUrl\":\"https:\\\/\\\/www.translingua.ch\\\/wp-content\\\/uploads\\\/logo.png\",\"width\":261,\"height\":106,\"caption\":\"Translingua AG\"},\"image\":{\"@id\":\"https:\\\/\\\/www.translingua.ch\\\/#\\\/schema\\\/logo\\\/image\\\/\"}}]}<\/script>\n<!-- \/ Yoast SEO plugin. -->","yoast_head_json":{"title":"Translingua AG &#8226; Efficienza grazie a un\u2019estensione del CMS e alla traduzione automatica","robots":{"index":"index","follow":"follow","max-snippet":"max-snippet:-1","max-image-preview":"max-image-preview:large","max-video-preview":"max-video-preview:-1"},"canonical":"https:\/\/www.translingua.ch\/it\/chi-siamo\/referenze\/efficienza-grazie-a-unestensione-del-cms-e-alla-traduzione-automatica\/","og_locale":"it_IT","og_type":"article","og_title":"Translingua AG &#8226; Efficienza grazie a un\u2019estensione del CMS e alla traduzione automatica","og_description":"Cliente La Globetrotter Travel Service AG \u00e8 una rinomata agenzia di viaggi con sede a Berna che offre una vasta gamma di servizi e soluzioni personalizzate per clienti privati e aziendali. Richiesta Rendere accessibili online al pubblico francofono tutta una serie di testi web e resoconti di viaggio dettagliati. Il budget era limitato. L\u2019idea iniziale era fornire il materiale sotto ... Weiterlesen","og_url":"https:\/\/www.translingua.ch\/it\/chi-siamo\/referenze\/efficienza-grazie-a-unestensione-del-cms-e-alla-traduzione-automatica\/","og_site_name":"Translingua AG","article_modified_time":"2025-10-09T15:48:24+00:00","og_image":[{"width":896,"height":752,"url":"https:\/\/www.translingua.ch\/wp-content\/uploads\/Globetrotter_Reiseerlebnisse-1.jpg","type":"image\/jpeg"}],"twitter_card":"summary_large_image","twitter_misc":{"Tempo di lettura stimato":"2 minuti"},"schema":{"@context":"https:\/\/schema.org","@graph":[{"@type":"WebPage","@id":"https:\/\/www.translingua.ch\/it\/chi-siamo\/referenze\/efficienza-grazie-a-unestensione-del-cms-e-alla-traduzione-automatica\/","url":"https:\/\/www.translingua.ch\/it\/chi-siamo\/referenze\/efficienza-grazie-a-unestensione-del-cms-e-alla-traduzione-automatica\/","name":"Translingua AG &#8226; Efficienza grazie a un\u2019estensione del CMS e alla traduzione automatica","isPartOf":{"@id":"https:\/\/www.translingua.ch\/#website"},"primaryImageOfPage":{"@id":"https:\/\/www.translingua.ch\/it\/chi-siamo\/referenze\/efficienza-grazie-a-unestensione-del-cms-e-alla-traduzione-automatica\/#primaryimage"},"image":{"@id":"https:\/\/www.translingua.ch\/it\/chi-siamo\/referenze\/efficienza-grazie-a-unestensione-del-cms-e-alla-traduzione-automatica\/#primaryimage"},"thumbnailUrl":"https:\/\/www.translingua.ch\/wp-content\/uploads\/Globetrotter_Reiseerlebnisse-1.jpg","datePublished":"2025-10-07T14:16:58+00:00","dateModified":"2025-10-09T15:48:24+00:00","breadcrumb":{"@id":"https:\/\/www.translingua.ch\/it\/chi-siamo\/referenze\/efficienza-grazie-a-unestensione-del-cms-e-alla-traduzione-automatica\/#breadcrumb"},"inLanguage":"it-IT","potentialAction":[{"@type":"ReadAction","target":["https:\/\/www.translingua.ch\/it\/chi-siamo\/referenze\/efficienza-grazie-a-unestensione-del-cms-e-alla-traduzione-automatica\/"]}]},{"@type":"ImageObject","inLanguage":"it-IT","@id":"https:\/\/www.translingua.ch\/it\/chi-siamo\/referenze\/efficienza-grazie-a-unestensione-del-cms-e-alla-traduzione-automatica\/#primaryimage","url":"https:\/\/www.translingua.ch\/wp-content\/uploads\/Globetrotter_Reiseerlebnisse-1.jpg","contentUrl":"https:\/\/www.translingua.ch\/wp-content\/uploads\/Globetrotter_Reiseerlebnisse-1.jpg"},{"@type":"BreadcrumbList","@id":"https:\/\/www.translingua.ch\/it\/chi-siamo\/referenze\/efficienza-grazie-a-unestensione-del-cms-e-alla-traduzione-automatica\/#breadcrumb","itemListElement":[{"@type":"ListItem","position":1,"name":"Home","item":"https:\/\/www.translingua.ch\/it\/"},{"@type":"ListItem","position":2,"name":"Translingua: la sua agenzia di traduzioni svizzera","item":"https:\/\/www.translingua.ch\/it\/chi-siamo\/"},{"@type":"ListItem","position":3,"name":"Referenze di Translingua","item":"https:\/\/www.translingua.ch\/it\/chi-siamo\/referenze\/"},{"@type":"ListItem","position":4,"name":"Efficienza grazie a un\u2019estensione del CMS e alla traduzione automatica"}]},{"@type":"WebSite","@id":"https:\/\/www.translingua.ch\/#website","url":"https:\/\/www.translingua.ch\/","name":"Translingua AG","description":"\u00dcbersetzungsb\u00fcro in Z\u00fcrich seit 1975","publisher":{"@id":"https:\/\/www.translingua.ch\/#organization"},"potentialAction":[{"@type":"SearchAction","target":{"@type":"EntryPoint","urlTemplate":"https:\/\/www.translingua.ch\/?s={search_term_string}"},"query-input":{"@type":"PropertyValueSpecification","valueRequired":true,"valueName":"search_term_string"}}],"inLanguage":"it-IT"},{"@type":"Organization","@id":"https:\/\/www.translingua.ch\/#organization","name":"Translingua AG","url":"https:\/\/www.translingua.ch\/","logo":{"@type":"ImageObject","inLanguage":"it-IT","@id":"https:\/\/www.translingua.ch\/#\/schema\/logo\/image\/","url":"https:\/\/www.translingua.ch\/wp-content\/uploads\/logo.png","contentUrl":"https:\/\/www.translingua.ch\/wp-content\/uploads\/logo.png","width":261,"height":106,"caption":"Translingua AG"},"image":{"@id":"https:\/\/www.translingua.ch\/#\/schema\/logo\/image\/"}}]}},"_links":{"self":[{"href":"https:\/\/www.translingua.ch\/it\/wp-json\/wp\/v2\/pages\/10569","targetHints":{"allow":["GET"]}}],"collection":[{"href":"https:\/\/www.translingua.ch\/it\/wp-json\/wp\/v2\/pages"}],"about":[{"href":"https:\/\/www.translingua.ch\/it\/wp-json\/wp\/v2\/types\/page"}],"author":[{"embeddable":true,"href":"https:\/\/www.translingua.ch\/it\/wp-json\/wp\/v2\/users\/2"}],"replies":[{"embeddable":true,"href":"https:\/\/www.translingua.ch\/it\/wp-json\/wp\/v2\/comments?post=10569"}],"version-history":[{"count":3,"href":"https:\/\/www.translingua.ch\/it\/wp-json\/wp\/v2\/pages\/10569\/revisions"}],"predecessor-version":[{"id":10575,"href":"https:\/\/www.translingua.ch\/it\/wp-json\/wp\/v2\/pages\/10569\/revisions\/10575"}],"up":[{"embeddable":true,"href":"https:\/\/www.translingua.ch\/it\/wp-json\/wp\/v2\/pages\/2294"}],"wp:attachment":[{"href":"https:\/\/www.translingua.ch\/it\/wp-json\/wp\/v2\/media?parent=10569"}],"curies":[{"name":"wp","href":"https:\/\/api.w.org\/{rel}","templated":true}]}}