{"id":919,"date":"2017-03-02T10:33:36","date_gmt":"2017-03-02T09:33:36","guid":{"rendered":"https:\/\/www.translingua.ch\/?page_id=919\/"},"modified":"2022-02-04T16:17:10","modified_gmt":"2022-02-04T15:17:10","slug":"gestion-de-projet-planification-conseils","status":"publish","type":"page","link":"https:\/\/www.translingua.ch\/fr\/services-linguistiques\/gestion-de-projet-planification-conseils\/","title":{"rendered":"Gestion de projet \u2013 planification \u2013 conseils"},"content":{"rendered":"\n<h2 class=\"wp-block-heading\" id=\"vos-attentes-sont-notre-priorite-absolue\">Vos attentes sont notre priorit\u00e9 absolue<\/h2>\n\n\n\n<p><a><\/a>Il n\u2019existe pas de \u00ab&nbsp;client&nbsp;\u00bb typique avec un mandat de traduction \u00ab&nbsp;typique&nbsp;\u00bb. Chaque entreprise et chaque organisation doit affronter des d\u00e9fis personnels dans le domaine des langues. Nous sommes votre partenaire linguistique et de traduction et disposons d\u2019une excellente infrastructure, d\u2019outils qui ont fait leurs preuves, d\u2019un flux de travail structur\u00e9 et surtout d\u2019une \u00e9quipe de gestion de projets comp\u00e9tente et exp\u00e9riment\u00e9e. Nous ne mettons pas les clients dans un moule, mais cherchons toujours la meilleure solution pour chaque projet&nbsp;!<\/p>\n\n\n\n<p>Nous avons s\u00e9lectionn\u00e9 quelques exemples de projet de notre quotidien&nbsp;:<\/p>\n\n\n\n<ul class=\"wp-block-list\"><li>Weiss+Appetito Holding AG\u00a0: <a href=\"https:\/\/www.translingua.ch\/fr\/ce-que-nos-clients-disent-de-nous\/des-textes-varies-un-seul-partenaire-de-traduction\/\">des textes vari\u00e9s, un seul partenaire de traduction<\/a><\/li><li>Protectas SA\u00a0: <a href=\"https:\/\/www.translingua.ch\/fr\/ce-que-nos-clients-disent-de-nous\/magazine-client-gere-de-bout-en-bout\/\">magazine client g\u00e9r\u00e9 de bout en bout<\/a><\/li><li>Panolin AG\u00a0: <a href=\"https:\/\/www.translingua.ch\/fr\/ce-que-nos-clients-disent-de-nous\/communication-avec-des-clients-specialises-b2b-internationaux\/\">communication avec des clients sp\u00e9cialis\u00e9s B2B internationaux<\/a><\/li><li>Veriset K\u00fcchen AG\u00a0: <a href=\"https:\/\/www.translingua.ch\/fr\/ce-que-nos-clients-disent-de-nous\/modeles-rh-comme-bases-de-la-croissance-efficace\/\">mod\u00e8les RH comme bases de la croissance efficace<\/a><\/li><li>Fondation Village d\u2019enfants Pestalozzi\u00a0: <a href=\"https:\/\/www.translingua.ch\/fr\/ce-que-nos-clients-disent-de-nous\/traduction-convaincante\/\">traduction convaincante<\/a><\/li><li>Powerade\u00a0: <a href=\"https:\/\/www.translingua.ch\/fr\/ce-que-nos-clients-disent-de-nous\/travail-de-groupe-efficient-pour-des-programmes-dentrainement-de-triathlon-de-powerade\/\">d\u00e9lai de livraison \u00ab\u00a0impossible\u00a0\u00bb respect\u00e9<\/a><\/li><li>Agence marketing \u00e0 Zurich\u00a0: <a href=\"https:\/\/www.translingua.ch\/fr\/ce-que-nos-clients-disent-de-nous\/reprise-de-donnees-simplifiee-dans-dtp-avec-indesign\/\">reprise de donn\u00e9es simplifi\u00e9e dans DTP avec InDesign<\/a><\/li><\/ul>\n\n\n\n<div class=\"wp-block-buttons is-horizontal is-content-justification-center is-layout-flex wp-container-core-buttons-is-layout-499968f5 wp-block-buttons-is-layout-flex\">\n<div class=\"wp-block-button\"><a class=\"wp-block-button__link\" href=\"https:\/\/www.translingua.ch\/fr\/demande-de-devis\/\">Demander un devis<\/a><\/div>\n\n\n\n<div class=\"wp-block-button\"><a class=\"wp-block-button__link\" href=\"https:\/\/www.translingua.ch\/fr\/a-propos-de-nous\/contact\/\">Contact Translingua<\/a><\/div>\n<\/div>\n","protected":false},"excerpt":{"rendered":"<p>Vos attentes sont notre priorit\u00e9 absolue Il n\u2019existe pas de \u00ab&nbsp;client&nbsp;\u00bb typique avec un mandat de traduction \u00ab&nbsp;typique&nbsp;\u00bb. Chaque entreprise et chaque organisation doit affronter des d\u00e9fis personnels dans le domaine des langues. Nous sommes votre partenaire linguistique et de traduction et disposons d\u2019une excellente infrastructure, d\u2019outils qui ont fait leurs preuves, d\u2019un flux de travail structur\u00e9 et surtout d\u2019une &#8230; <a title=\"Gestion de projet \u2013 planification \u2013 conseils\" class=\"read-more\" href=\"https:\/\/www.translingua.ch\/fr\/services-linguistiques\/gestion-de-projet-planification-conseils\/\" aria-label=\"En savoir plus sur Gestion de projet \u2013 planification \u2013 conseils\">Weiterlesen<\/a><\/p>\n","protected":false},"author":1,"featured_media":0,"parent":859,"menu_order":0,"comment_status":"closed","ping_status":"closed","template":"","meta":{"footnotes":""},"class_list":["post-919","page","type-page","status-publish"],"featured_image_urls_v2":{"full":"","thumbnail":"","medium":"","medium_large":"","large":"","1536x1536":"","2048x2048":"","gform-image-choice-sm":"","gform-image-choice-md":"","gform-image-choice-lg":""},"post_excerpt_stackable_v2":"<p>Vos attentes sont notre priorit\u00e9 absolue Il n\u2019existe pas de \u00ab&nbsp;client&nbsp;\u00bb typique avec un mandat de traduction \u00ab&nbsp;typique&nbsp;\u00bb. Chaque entreprise et chaque organisation doit affronter des d\u00e9fis personnels dans le domaine des langues. Nous sommes votre partenaire linguistique et de traduction et disposons d\u2019une excellente infrastructure, d\u2019outils qui ont fait leurs preuves, d\u2019un flux de travail structur\u00e9 et surtout d\u2019une \u00e9quipe de gestion de projets comp\u00e9tente et exp\u00e9riment\u00e9e. Nous ne mettons pas les clients dans un moule, mais cherchons toujours la meilleure solution pour chaque projet&nbsp;! Nous avons s\u00e9lectionn\u00e9 quelques exemples de projet de notre quotidien&nbsp;: Weiss+Appetito Holding AG\u00a0: des\u2026<\/p>\n","category_list_v2":"","author_info_v2":{"name":"nailedit","url":"https:\/\/www.translingua.ch\/fr\/author\/nailedit\/"},"comments_num_v2":"0 commentaire","yoast_head":"<!-- This site is optimized with the Yoast SEO plugin v27.3 - https:\/\/yoast.com\/product\/yoast-seo-wordpress\/ -->\n<title>Translingua AG &#8226; Gestion de projet \u2013 planification \u2013 conseils<\/title>\n<meta name=\"robots\" content=\"index, follow, max-snippet:-1, max-image-preview:large, max-video-preview:-1\" \/>\n<link rel=\"canonical\" href=\"https:\/\/www.translingua.ch\/fr\/services-linguistiques\/gestion-de-projet-planification-conseils\/\" \/>\n<meta property=\"og:locale\" content=\"fr_FR\" \/>\n<meta property=\"og:type\" content=\"article\" \/>\n<meta property=\"og:title\" content=\"Translingua AG &#8226; Gestion de projet \u2013 planification \u2013 conseils\" \/>\n<meta property=\"og:description\" content=\"Vos attentes sont notre priorit\u00e9 absolue Il n\u2019existe pas de \u00ab&nbsp;client&nbsp;\u00bb typique avec un mandat de traduction \u00ab&nbsp;typique&nbsp;\u00bb. Chaque entreprise et chaque organisation doit affronter des d\u00e9fis personnels dans le domaine des langues. Nous sommes votre partenaire linguistique et de traduction et disposons d\u2019une excellente infrastructure, d\u2019outils qui ont fait leurs preuves, d\u2019un flux de travail structur\u00e9 et surtout d\u2019une ... Weiterlesen\" \/>\n<meta property=\"og:url\" content=\"https:\/\/www.translingua.ch\/fr\/services-linguistiques\/gestion-de-projet-planification-conseils\/\" \/>\n<meta property=\"og:site_name\" content=\"Translingua AG\" \/>\n<meta property=\"article:modified_time\" content=\"2022-02-04T15:17:10+00:00\" \/>\n<meta name=\"twitter:card\" content=\"summary_large_image\" \/>\n<meta name=\"twitter:label1\" content=\"Dur\u00e9e de lecture estim\u00e9e\" \/>\n\t<meta name=\"twitter:data1\" content=\"1 minute\" \/>\n<script type=\"application\/ld+json\" class=\"yoast-schema-graph\">{\"@context\":\"https:\\\/\\\/schema.org\",\"@graph\":[{\"@type\":\"WebPage\",\"@id\":\"https:\\\/\\\/www.translingua.ch\\\/fr\\\/services-linguistiques\\\/gestion-de-projet-planification-conseils\\\/\",\"url\":\"https:\\\/\\\/www.translingua.ch\\\/fr\\\/services-linguistiques\\\/gestion-de-projet-planification-conseils\\\/\",\"name\":\"Translingua AG &#8226; Gestion de projet \u2013 planification \u2013 conseils\",\"isPartOf\":{\"@id\":\"https:\\\/\\\/www.translingua.ch\\\/#website\"},\"datePublished\":\"2017-03-02T09:33:36+00:00\",\"dateModified\":\"2022-02-04T15:17:10+00:00\",\"breadcrumb\":{\"@id\":\"https:\\\/\\\/www.translingua.ch\\\/fr\\\/services-linguistiques\\\/gestion-de-projet-planification-conseils\\\/#breadcrumb\"},\"inLanguage\":\"fr-FR\",\"potentialAction\":[{\"@type\":\"ReadAction\",\"target\":[\"https:\\\/\\\/www.translingua.ch\\\/fr\\\/services-linguistiques\\\/gestion-de-projet-planification-conseils\\\/\"]}]},{\"@type\":\"BreadcrumbList\",\"@id\":\"https:\\\/\\\/www.translingua.ch\\\/fr\\\/services-linguistiques\\\/gestion-de-projet-planification-conseils\\\/#breadcrumb\",\"itemListElement\":[{\"@type\":\"ListItem\",\"position\":1,\"name\":\"Home\",\"item\":\"https:\\\/\\\/www.translingua.ch\\\/fr\\\/\"},{\"@type\":\"ListItem\",\"position\":2,\"name\":\"Tous les services linguistiques aupr\u00e8s d\u2019un seul prestataire\",\"item\":\"https:\\\/\\\/www.translingua.ch\\\/fr\\\/services-linguistiques\\\/\"},{\"@type\":\"ListItem\",\"position\":3,\"name\":\"Gestion de projet \u2013 planification \u2013 conseils\"}]},{\"@type\":\"WebSite\",\"@id\":\"https:\\\/\\\/www.translingua.ch\\\/#website\",\"url\":\"https:\\\/\\\/www.translingua.ch\\\/\",\"name\":\"Translingua AG\",\"description\":\"\u00dcbersetzungsb\u00fcro in Z\u00fcrich seit 1975\",\"publisher\":{\"@id\":\"https:\\\/\\\/www.translingua.ch\\\/#organization\"},\"potentialAction\":[{\"@type\":\"SearchAction\",\"target\":{\"@type\":\"EntryPoint\",\"urlTemplate\":\"https:\\\/\\\/www.translingua.ch\\\/?s={search_term_string}\"},\"query-input\":{\"@type\":\"PropertyValueSpecification\",\"valueRequired\":true,\"valueName\":\"search_term_string\"}}],\"inLanguage\":\"fr-FR\"},{\"@type\":\"Organization\",\"@id\":\"https:\\\/\\\/www.translingua.ch\\\/#organization\",\"name\":\"Translingua AG\",\"url\":\"https:\\\/\\\/www.translingua.ch\\\/\",\"logo\":{\"@type\":\"ImageObject\",\"inLanguage\":\"fr-FR\",\"@id\":\"https:\\\/\\\/www.translingua.ch\\\/#\\\/schema\\\/logo\\\/image\\\/\",\"url\":\"https:\\\/\\\/www.translingua.ch\\\/wp-content\\\/uploads\\\/logo.png\",\"contentUrl\":\"https:\\\/\\\/www.translingua.ch\\\/wp-content\\\/uploads\\\/logo.png\",\"width\":261,\"height\":106,\"caption\":\"Translingua AG\"},\"image\":{\"@id\":\"https:\\\/\\\/www.translingua.ch\\\/#\\\/schema\\\/logo\\\/image\\\/\"}}]}<\/script>\n<!-- \/ Yoast SEO plugin. -->","yoast_head_json":{"title":"Translingua AG &#8226; Gestion de projet \u2013 planification \u2013 conseils","robots":{"index":"index","follow":"follow","max-snippet":"max-snippet:-1","max-image-preview":"max-image-preview:large","max-video-preview":"max-video-preview:-1"},"canonical":"https:\/\/www.translingua.ch\/fr\/services-linguistiques\/gestion-de-projet-planification-conseils\/","og_locale":"fr_FR","og_type":"article","og_title":"Translingua AG &#8226; Gestion de projet \u2013 planification \u2013 conseils","og_description":"Vos attentes sont notre priorit\u00e9 absolue Il n\u2019existe pas de \u00ab&nbsp;client&nbsp;\u00bb typique avec un mandat de traduction \u00ab&nbsp;typique&nbsp;\u00bb. Chaque entreprise et chaque organisation doit affronter des d\u00e9fis personnels dans le domaine des langues. Nous sommes votre partenaire linguistique et de traduction et disposons d\u2019une excellente infrastructure, d\u2019outils qui ont fait leurs preuves, d\u2019un flux de travail structur\u00e9 et surtout d\u2019une ... Weiterlesen","og_url":"https:\/\/www.translingua.ch\/fr\/services-linguistiques\/gestion-de-projet-planification-conseils\/","og_site_name":"Translingua AG","article_modified_time":"2022-02-04T15:17:10+00:00","twitter_card":"summary_large_image","twitter_misc":{"Dur\u00e9e de lecture estim\u00e9e":"1 minute"},"schema":{"@context":"https:\/\/schema.org","@graph":[{"@type":"WebPage","@id":"https:\/\/www.translingua.ch\/fr\/services-linguistiques\/gestion-de-projet-planification-conseils\/","url":"https:\/\/www.translingua.ch\/fr\/services-linguistiques\/gestion-de-projet-planification-conseils\/","name":"Translingua AG &#8226; Gestion de projet \u2013 planification \u2013 conseils","isPartOf":{"@id":"https:\/\/www.translingua.ch\/#website"},"datePublished":"2017-03-02T09:33:36+00:00","dateModified":"2022-02-04T15:17:10+00:00","breadcrumb":{"@id":"https:\/\/www.translingua.ch\/fr\/services-linguistiques\/gestion-de-projet-planification-conseils\/#breadcrumb"},"inLanguage":"fr-FR","potentialAction":[{"@type":"ReadAction","target":["https:\/\/www.translingua.ch\/fr\/services-linguistiques\/gestion-de-projet-planification-conseils\/"]}]},{"@type":"BreadcrumbList","@id":"https:\/\/www.translingua.ch\/fr\/services-linguistiques\/gestion-de-projet-planification-conseils\/#breadcrumb","itemListElement":[{"@type":"ListItem","position":1,"name":"Home","item":"https:\/\/www.translingua.ch\/fr\/"},{"@type":"ListItem","position":2,"name":"Tous les services linguistiques aupr\u00e8s d\u2019un seul prestataire","item":"https:\/\/www.translingua.ch\/fr\/services-linguistiques\/"},{"@type":"ListItem","position":3,"name":"Gestion de projet \u2013 planification \u2013 conseils"}]},{"@type":"WebSite","@id":"https:\/\/www.translingua.ch\/#website","url":"https:\/\/www.translingua.ch\/","name":"Translingua AG","description":"\u00dcbersetzungsb\u00fcro in Z\u00fcrich seit 1975","publisher":{"@id":"https:\/\/www.translingua.ch\/#organization"},"potentialAction":[{"@type":"SearchAction","target":{"@type":"EntryPoint","urlTemplate":"https:\/\/www.translingua.ch\/?s={search_term_string}"},"query-input":{"@type":"PropertyValueSpecification","valueRequired":true,"valueName":"search_term_string"}}],"inLanguage":"fr-FR"},{"@type":"Organization","@id":"https:\/\/www.translingua.ch\/#organization","name":"Translingua AG","url":"https:\/\/www.translingua.ch\/","logo":{"@type":"ImageObject","inLanguage":"fr-FR","@id":"https:\/\/www.translingua.ch\/#\/schema\/logo\/image\/","url":"https:\/\/www.translingua.ch\/wp-content\/uploads\/logo.png","contentUrl":"https:\/\/www.translingua.ch\/wp-content\/uploads\/logo.png","width":261,"height":106,"caption":"Translingua AG"},"image":{"@id":"https:\/\/www.translingua.ch\/#\/schema\/logo\/image\/"}}]}},"_links":{"self":[{"href":"https:\/\/www.translingua.ch\/fr\/wp-json\/wp\/v2\/pages\/919","targetHints":{"allow":["GET"]}}],"collection":[{"href":"https:\/\/www.translingua.ch\/fr\/wp-json\/wp\/v2\/pages"}],"about":[{"href":"https:\/\/www.translingua.ch\/fr\/wp-json\/wp\/v2\/types\/page"}],"author":[{"embeddable":true,"href":"https:\/\/www.translingua.ch\/fr\/wp-json\/wp\/v2\/users\/1"}],"replies":[{"embeddable":true,"href":"https:\/\/www.translingua.ch\/fr\/wp-json\/wp\/v2\/comments?post=919"}],"version-history":[{"count":10,"href":"https:\/\/www.translingua.ch\/fr\/wp-json\/wp\/v2\/pages\/919\/revisions"}],"predecessor-version":[{"id":5995,"href":"https:\/\/www.translingua.ch\/fr\/wp-json\/wp\/v2\/pages\/919\/revisions\/5995"}],"up":[{"embeddable":true,"href":"https:\/\/www.translingua.ch\/fr\/wp-json\/wp\/v2\/pages\/859"}],"wp:attachment":[{"href":"https:\/\/www.translingua.ch\/fr\/wp-json\/wp\/v2\/media?parent=919"}],"curies":[{"name":"wp","href":"https:\/\/api.w.org\/{rel}","templated":true}]}}