{"id":848,"date":"2017-03-01T15:27:13","date_gmt":"2017-03-01T14:27:13","guid":{"rendered":"https:\/\/www.translingua.ch\/?page_id=848\/"},"modified":"2026-01-19T16:17:08","modified_gmt":"2026-01-19T15:17:08","slug":"autres-domaines","status":"publish","type":"page","link":"https:\/\/www.translingua.ch\/fr\/traductions\/autres-domaines\/","title":{"rendered":"Traduction autres domaines"},"content":{"rendered":"\n<div class=\"wp-block-stackable-columns stk-block-columns stk-block stk-71736c3\" data-block-id=\"71736c3\"><style>.stk-71736c3 {max-width:800px !important;min-width:auto !important;margin-right:auto !important;margin-left:auto !important;}.stk-71736c3-column{row-gap:35px !important;}<\/style><div class=\"stk-row stk-inner-blocks stk-block-content stk-content-align stk-71736c3-column\">\n<div class=\"wp-block-stackable-column stk-block-column stk-column stk-block stk-83e73f5\" data-block-id=\"83e73f5\"><style>.stk-83e73f5-container{margin-top:0px !important;margin-right:0px !important;margin-bottom:0px !important;margin-left:0px !important;}@media screen and (min-width: 768px){.stk-83e73f5 {flex:var(--stk-flex-grow, 1) 1 calc(75% - var(--stk-column-gap, 0px) * 1 \/ 2 ) !important;}}<\/style><div class=\"stk-column-wrapper stk-block-column__content stk-container stk-83e73f5-container stk--no-background stk--no-padding\"><div class=\"stk-block-content stk-inner-blocks stk-83e73f5-inner-blocks\">\n<h1 class=\"wp-block-heading\" id=\"traduction-autres-domaines\">Traduction autres domaines<\/h1>\n<\/div><\/div><\/div>\n\n\n\n<div class=\"wp-block-stackable-column stk-block-column stk-column stk-block stk-a802132\" data-block-id=\"a802132\"><style>.stk-a802132-container{margin-top:0px !important;margin-right:0px !important;margin-bottom:0px !important;margin-left:0px !important;}@media screen and (min-width: 768px){.stk-a802132 {flex:var(--stk-flex-grow, 1) 1 calc(25% - var(--stk-column-gap, 0px) * 1 \/ 2 ) !important;}}<\/style><div class=\"stk-column-wrapper stk-block-column__content stk-container stk-a802132-container stk--no-background stk--no-padding\"><div class=\"stk-block-content stk-inner-blocks stk-a802132-inner-blocks\"><div class=\"wp-block-image\">\n<figure class=\"aligncenter size-full\"><img loading=\"lazy\" decoding=\"async\" width=\"500\" height=\"500\" src=\"https:\/\/www.translingua.ch\/wp-content\/uploads\/Andere-Fachuebersetzungen_Icon-Schwarz.png\" alt=\"\" class=\"wp-image-4612\" srcset=\"https:\/\/www.translingua.ch\/wp-content\/uploads\/Andere-Fachuebersetzungen_Icon-Schwarz.png 500w, https:\/\/www.translingua.ch\/wp-content\/uploads\/Andere-Fachuebersetzungen_Icon-Schwarz-300x300.png 300w, https:\/\/www.translingua.ch\/wp-content\/uploads\/Andere-Fachuebersetzungen_Icon-Schwarz-150x150.png 150w\" sizes=\"auto, (max-width: 500px) 100vw, 500px\" \/><\/figure>\n<\/div><\/div><\/div><\/div>\n<\/div><\/div>\n\n\n\n<h2 class=\"wp-block-heading\" id=\"des-traductions-professionnelles-dans-de-nombreux-domaines\">Des traductions professionnelles dans de nombreux domaines<\/h2>\n\n\n\n<p>Translingua est depuis 1975 synonyme de comp\u00e9tence linguistique <em>et<\/em> de savoir-faire technique. Gr\u00e2ce \u00e0 notre longue exp\u00e9rience et \u00e0 l\u2019\u00e9change quotidien avec les clients et les sp\u00e9cialistes linguistiques, nous avons d\u2019excellentes connaissances dans de nombreux th\u00e8mes et domaines. Translingua r\u00e9alise des projets de traduction avec succ\u00e8s dans les branches suivantes&nbsp;:<\/p>\n\n\n\n<div class=\"wp-block-columns is-layout-flex wp-container-core-columns-is-layout-9d6595d7 wp-block-columns-is-layout-flex\">\n<div class=\"wp-block-column is-layout-flow wp-block-column-is-layout-flow\">\n<ul class=\"wp-block-list\">\n<li>Administration<\/li>\n\n\n\n<li>Administration publique<\/li>\n\n\n\n<li>Agriculture<\/li>\n\n\n\n<li><a href=\"https:\/\/www.translingua.ch\/fr\/traductions\/agroalimentaire\/\">Agroalimentaire<\/a><\/li>\n\n\n\n<li>Appareils \u00e9lectroniques<\/li>\n\n\n\n<li>Appels d\u2019offres<\/li>\n\n\n\n<li><a href=\"https:\/\/www.translingua.ch\/fr\/traductions\/construction-et-immobilier\/\">Architecture<\/a><\/li>\n\n\n\n<li>Art<\/li>\n\n\n\n<li>Assurances<\/li>\n\n\n\n<li>Automobile<\/li>\n\n\n\n<li><a href=\"https:\/\/www.translingua.ch\/fr\/traductions\/construction-et-immobilier\/\">B\u00e2timent<\/a><\/li>\n\n\n\n<li>Biens de consommation<\/li>\n\n\n\n<li>Brevets<\/li>\n\n\n\n<li>Caisses de pension<\/li>\n\n\n\n<li>Cat\u00e9naires<\/li>\n\n\n\n<li><a href=\"https:\/\/www.translingua.ch\/fr\/traductions\/agroalimentaire\/\">Cha\u00eenes de restauration<\/a><\/li>\n\n\n\n<li>Chimie<\/li>\n\n\n\n<li>Climatisation<\/li>\n\n\n\n<li>Commerce<\/li>\n\n\n\n<li><a href=\"https:\/\/www.translingua.ch\/fr\/traductions\/marketing-et-communication\/\">Communication<\/a><\/li>\n\n\n\n<li>Conseil<\/li>\n\n\n\n<li><a href=\"https:\/\/www.translingua.ch\/fr\/traductions\/construction-et-immobilier\/\">Construction<\/a><\/li>\n\n\n\n<li>Construction automobile<\/li>\n\n\n\n<li>Construction d\u2019\u00e9quipements<\/li>\n\n\n\n<li><a href=\"https:\/\/www.translingua.ch\/fr\/traductions\/techniques\/\">Construction de machines<\/a><\/li>\n\n\n\n<li>Construction de tunnels<\/li>\n\n\n\n<li>Construction m\u00e9tallique<\/li>\n\n\n\n<li><a href=\"https:\/\/www.translingua.ch\/fr\/traductions\/mode-et-lifestyle\/\">Cosm\u00e9tique<\/a><\/li>\n\n\n\n<li>Couleurs et peintures<\/li>\n\n\n\n<li>Culture<\/li>\n\n\n\n<li>D\u00e9veloppement durable<\/li>\n\n\n\n<li>Distribution<\/li>\n\n\n\n<li><a href=\"https:\/\/www.translingua.ch\/fr\/langue-et-droit\/\">Droit<\/a><\/li>\n\n\n\n<li>\u00c9conomie<\/li>\n\n\n\n<li>\u00c9lectronique<\/li>\n\n\n\n<li>\u00c9nergie<\/li>\n\n\n\n<li>\u00c9nergie nucl\u00e9aire<\/li>\n\n\n\n<li>Environnement<\/li>\n\n\n\n<li>Export<\/li>\n\n\n\n<li>Film<\/li>\n\n\n\n<li><a href=\"https:\/\/www.translingua.ch\/fr\/traductions\/finances\/\">Finances<\/a><\/li>\n\n\n\n<li><a href=\"https:\/\/www.translingua.ch\/fr\/traductions\/pedagogie-et-formation\/\">Formation<\/a><\/li>\n\n\n\n<li><a href=\"https:\/\/www.translingua.ch\/fr\/traductions\/pedagogie-et-formation\/\">Formation continue<\/a><\/li>\n\n\n\n<li>Fournisseur de mat\u00e9riaux de construction<\/li>\n\n\n\n<li><a href=\"https:\/\/www.translingua.ch\/fr\/traductions\/mode-et-lifestyle\/\">Habillement<\/a><\/li>\n<\/ul>\n<\/div>\n\n\n\n<div class=\"wp-block-column is-layout-flow wp-block-column-is-layout-flow\">\n<ul id=\"block-1c269d48-54ba-41f5-9cb4-91402f5e140b\" class=\"wp-block-list\">\n<li><a href=\"https:\/\/www.translingua.ch\/fr\/traductions\/construction-et-immobilier\/\">Immobilier<\/a><\/li>\n\n\n\n<li>Industrie<\/li>\n\n\n\n<li>Industrie graphique<\/li>\n\n\n\n<li>Industrie pharmaceutique<\/li>\n\n\n\n<li>Informatique<\/li>\n\n\n\n<li>Infrastructure<\/li>\n\n\n\n<li><a href=\"https:\/\/www.translingua.ch\/fr\/traductions\/techniques\/\">Ing\u00e9nierie<\/a><\/li>\n\n\n\n<li><a href=\"https:\/\/www.translingua.ch\/fr\/traductions\/finances\/\">Leasing<\/a><\/li>\n\n\n\n<li>Logistique<\/li>\n\n\n\n<li>Machines de construction<\/li>\n\n\n\n<li><a href=\"https:\/\/www.translingua.ch\/fr\/traductions\/marketing-et-communication\/\">Marketing<\/a><\/li>\n\n\n\n<li>Mat\u00e9riaux de construction<\/li>\n\n\n\n<li><a href=\"https:\/\/www.translingua.ch\/fr\/traductions\/pedagogie-et-formation\/\">Mat\u00e9riel p\u00e9dagogique<\/a><\/li>\n\n\n\n<li>M\u00e9decine<\/li>\n\n\n\n<li>M\u00e9dias<\/li>\n\n\n\n<li>M\u00e9tallurgie<\/li>\n\n\n\n<li>Mobilit\u00e9<\/li>\n\n\n\n<li><a href=\"https:\/\/www.translingua.ch\/fr\/traductions\/mode-et-lifestyle\/\">Mode et lifestyle<\/a><\/li>\n\n\n\n<li>Optique<\/li>\n\n\n\n<li><a href=\"https:\/\/www.translingua.ch\/fr\/traductions\/collecte-de-fonds\/\">Organisations \u00e0 but non lucratif<\/a><\/li>\n\n\n\n<li>Photographie<\/li>\n\n\n\n<li>Planification<\/li>\n\n\n\n<li>Protection incendie<\/li>\n\n\n\n<li>Recherche et d\u00e9veloppement<\/li>\n\n\n\n<li>Relations publiques<\/li>\n\n\n\n<li><a href=\"https:\/\/www.translingua.ch\/fr\/traductions\/marketing-et-communication\/\">R\u00e9seaux sociaux<\/a><\/li>\n\n\n\n<li><a href=\"https:\/\/www.translingua.ch\/fr\/traductions\/ressources-humaines-rh\/\">Ressources humaines<\/a><\/li>\n\n\n\n<li>Restauration<\/li>\n\n\n\n<li>Salons<\/li>\n\n\n\n<li>Sciences<\/li>\n\n\n\n<li>S\u00e9curit\u00e9<\/li>\n\n\n\n<li>S\u00e9curit\u00e9 du travail<\/li>\n\n\n\n<li>Software<\/li>\n\n\n\n<li>T\u00e9l\u00e9communication<\/li>\n\n\n\n<li><a href=\"https:\/\/www.translingua.ch\/fr\/traductions\/mode-et-lifestyle\/\">Textile<\/a><\/li>\n\n\n\n<li>Tourisme<\/li>\n\n\n\n<li>Traitement de surface<\/li>\n\n\n\n<li>Traitement des d\u00e9chets<\/li>\n\n\n\n<li>Transport<\/li>\n\n\n\n<li>Transport ferroviaire<\/li>\n\n\n\n<li>Transports publics<\/li>\n\n\n\n<li>Travaux publics<\/li>\n\n\n\n<li>Vente au d\u00e9tail<\/li>\n<\/ul>\n<\/div>\n<\/div>\n\n\n\n<p>Si vous planifiez des traductions dans un domaine sp\u00e9cifique, faites appel \u00e0 Translingua, un partenaire linguistique et de traduction au b\u00e9n\u00e9fice d\u2019une longue exp\u00e9rience. Nous nous ferons un plaisir de d\u00e9couvrir vos besoins et de vous conseiller gratuitement et en toute transparence.<\/p>\n\n\n\n<div class=\"wp-block-buttons is-horizontal is-content-justification-center is-layout-flex wp-container-core-buttons-is-layout-499968f5 wp-block-buttons-is-layout-flex\">\n<div class=\"wp-block-button\"><a class=\"wp-block-button__link wp-element-button\" href=\"https:\/\/www.translingua.ch\/fr\/demande-de-devis\/\">Demander une traduction sp\u00e9cifique<\/a><\/div>\n<\/div>\n","protected":false},"excerpt":{"rendered":"<p>Traduction autres domaines Des traductions professionnelles dans de nombreux domaines Translingua est depuis 1975 synonyme de comp\u00e9tence linguistique et de savoir-faire technique. Gr\u00e2ce \u00e0 notre longue exp\u00e9rience et \u00e0 l\u2019\u00e9change quotidien avec les clients et les sp\u00e9cialistes linguistiques, nous avons d\u2019excellentes connaissances dans de nombreux th\u00e8mes et domaines. Translingua r\u00e9alise des projets de traduction avec succ\u00e8s dans les branches suivantes&nbsp;: &#8230; <a title=\"Traduction autres domaines\" class=\"read-more\" href=\"https:\/\/www.translingua.ch\/fr\/traductions\/autres-domaines\/\" aria-label=\"En savoir plus sur Traduction autres domaines\">Weiterlesen<\/a><\/p>\n","protected":false},"author":1,"featured_media":0,"parent":694,"menu_order":0,"comment_status":"closed","ping_status":"closed","template":"","meta":{"footnotes":""},"class_list":["post-848","page","type-page","status-publish"],"featured_image_urls_v2":{"full":"","thumbnail":"","medium":"","medium_large":"","large":"","1536x1536":"","2048x2048":"","gform-image-choice-sm":"","gform-image-choice-md":"","gform-image-choice-lg":""},"post_excerpt_stackable_v2":"<p>Traduction autres domaines Des traductions professionnelles dans de nombreux domaines Translingua est depuis 1975 synonyme de comp\u00e9tence linguistique et de savoir-faire technique. Gr\u00e2ce \u00e0 notre longue exp\u00e9rience et \u00e0 l\u2019\u00e9change quotidien avec les clients et les sp\u00e9cialistes linguistiques, nous avons d\u2019excellentes connaissances dans de nombreux th\u00e8mes et domaines. Translingua r\u00e9alise des projets de traduction avec succ\u00e8s dans les branches suivantes&nbsp;: Administration Administration publique Agriculture Agroalimentaire Appareils \u00e9lectroniques Appels d\u2019offres Architecture Art Assurances Automobile B\u00e2timent Biens de consommation Brevets Caisses de pension Cat\u00e9naires Cha\u00eenes de restauration Chimie Climatisation Commerce Communication Conseil Construction Construction automobile Construction d\u2019\u00e9quipements Construction de machines Construction de\u2026<\/p>\n","category_list_v2":"","author_info_v2":{"name":"nailedit","url":"https:\/\/www.translingua.ch\/fr\/author\/nailedit\/"},"comments_num_v2":"0 commentaire","yoast_head":"<!-- This site is optimized with the Yoast SEO plugin v27.3 - https:\/\/yoast.com\/product\/yoast-seo-wordpress\/ -->\n<title>Translingua AG &#8226; Traduction autres domaines<\/title>\n<meta name=\"robots\" content=\"index, follow, max-snippet:-1, max-image-preview:large, max-video-preview:-1\" \/>\n<link rel=\"canonical\" href=\"https:\/\/www.translingua.ch\/fr\/traductions\/autres-domaines\/\" \/>\n<meta property=\"og:locale\" content=\"fr_FR\" \/>\n<meta property=\"og:type\" content=\"article\" \/>\n<meta property=\"og:title\" content=\"Translingua AG &#8226; Traduction autres domaines\" \/>\n<meta property=\"og:description\" content=\"Traduction autres domaines Des traductions professionnelles dans de nombreux domaines Translingua est depuis 1975 synonyme de comp\u00e9tence linguistique et de savoir-faire technique. Gr\u00e2ce \u00e0 notre longue exp\u00e9rience et \u00e0 l\u2019\u00e9change quotidien avec les clients et les sp\u00e9cialistes linguistiques, nous avons d\u2019excellentes connaissances dans de nombreux th\u00e8mes et domaines. Translingua r\u00e9alise des projets de traduction avec succ\u00e8s dans les branches suivantes&nbsp;: ... Weiterlesen\" \/>\n<meta property=\"og:url\" content=\"https:\/\/www.translingua.ch\/fr\/traductions\/autres-domaines\/\" \/>\n<meta property=\"og:site_name\" content=\"Translingua AG\" \/>\n<meta property=\"article:modified_time\" content=\"2026-01-19T15:17:08+00:00\" \/>\n<meta property=\"og:image\" content=\"https:\/\/www.translingua.ch\/wp-content\/uploads\/Andere-Fachuebersetzungen_Icon-Schwarz.png\" \/>\n\t<meta property=\"og:image:width\" content=\"500\" \/>\n\t<meta property=\"og:image:height\" content=\"500\" \/>\n\t<meta property=\"og:image:type\" content=\"image\/png\" \/>\n<meta name=\"twitter:card\" content=\"summary_large_image\" \/>\n<meta name=\"twitter:label1\" content=\"Dur\u00e9e de lecture estim\u00e9e\" \/>\n\t<meta name=\"twitter:data1\" content=\"2 minutes\" \/>\n<script type=\"application\/ld+json\" class=\"yoast-schema-graph\">{\"@context\":\"https:\\\/\\\/schema.org\",\"@graph\":[{\"@type\":\"WebPage\",\"@id\":\"https:\\\/\\\/www.translingua.ch\\\/fr\\\/traductions\\\/autres-domaines\\\/\",\"url\":\"https:\\\/\\\/www.translingua.ch\\\/fr\\\/traductions\\\/autres-domaines\\\/\",\"name\":\"Translingua AG &#8226; Traduction autres domaines\",\"isPartOf\":{\"@id\":\"https:\\\/\\\/www.translingua.ch\\\/#website\"},\"primaryImageOfPage\":{\"@id\":\"https:\\\/\\\/www.translingua.ch\\\/fr\\\/traductions\\\/autres-domaines\\\/#primaryimage\"},\"image\":{\"@id\":\"https:\\\/\\\/www.translingua.ch\\\/fr\\\/traductions\\\/autres-domaines\\\/#primaryimage\"},\"thumbnailUrl\":\"https:\\\/\\\/www.translingua.ch\\\/wp-content\\\/uploads\\\/Andere-Fachuebersetzungen_Icon-Schwarz.png\",\"datePublished\":\"2017-03-01T14:27:13+00:00\",\"dateModified\":\"2026-01-19T15:17:08+00:00\",\"breadcrumb\":{\"@id\":\"https:\\\/\\\/www.translingua.ch\\\/fr\\\/traductions\\\/autres-domaines\\\/#breadcrumb\"},\"inLanguage\":\"fr-FR\",\"potentialAction\":[{\"@type\":\"ReadAction\",\"target\":[\"https:\\\/\\\/www.translingua.ch\\\/fr\\\/traductions\\\/autres-domaines\\\/\"]}]},{\"@type\":\"ImageObject\",\"inLanguage\":\"fr-FR\",\"@id\":\"https:\\\/\\\/www.translingua.ch\\\/fr\\\/traductions\\\/autres-domaines\\\/#primaryimage\",\"url\":\"https:\\\/\\\/www.translingua.ch\\\/wp-content\\\/uploads\\\/Andere-Fachuebersetzungen_Icon-Schwarz.png\",\"contentUrl\":\"https:\\\/\\\/www.translingua.ch\\\/wp-content\\\/uploads\\\/Andere-Fachuebersetzungen_Icon-Schwarz.png\"},{\"@type\":\"BreadcrumbList\",\"@id\":\"https:\\\/\\\/www.translingua.ch\\\/fr\\\/traductions\\\/autres-domaines\\\/#breadcrumb\",\"itemListElement\":[{\"@type\":\"ListItem\",\"position\":1,\"name\":\"Home\",\"item\":\"https:\\\/\\\/www.translingua.ch\\\/fr\\\/\"},{\"@type\":\"ListItem\",\"position\":2,\"name\":\"Traductions sp\u00e9cialis\u00e9es\",\"item\":\"https:\\\/\\\/www.translingua.ch\\\/fr\\\/traductions\\\/\"},{\"@type\":\"ListItem\",\"position\":3,\"name\":\"Traduction autres domaines\"}]},{\"@type\":\"WebSite\",\"@id\":\"https:\\\/\\\/www.translingua.ch\\\/#website\",\"url\":\"https:\\\/\\\/www.translingua.ch\\\/\",\"name\":\"Translingua AG\",\"description\":\"\u00dcbersetzungsb\u00fcro in Z\u00fcrich seit 1975\",\"publisher\":{\"@id\":\"https:\\\/\\\/www.translingua.ch\\\/#organization\"},\"potentialAction\":[{\"@type\":\"SearchAction\",\"target\":{\"@type\":\"EntryPoint\",\"urlTemplate\":\"https:\\\/\\\/www.translingua.ch\\\/?s={search_term_string}\"},\"query-input\":{\"@type\":\"PropertyValueSpecification\",\"valueRequired\":true,\"valueName\":\"search_term_string\"}}],\"inLanguage\":\"fr-FR\"},{\"@type\":\"Organization\",\"@id\":\"https:\\\/\\\/www.translingua.ch\\\/#organization\",\"name\":\"Translingua AG\",\"url\":\"https:\\\/\\\/www.translingua.ch\\\/\",\"logo\":{\"@type\":\"ImageObject\",\"inLanguage\":\"fr-FR\",\"@id\":\"https:\\\/\\\/www.translingua.ch\\\/#\\\/schema\\\/logo\\\/image\\\/\",\"url\":\"https:\\\/\\\/www.translingua.ch\\\/wp-content\\\/uploads\\\/logo.png\",\"contentUrl\":\"https:\\\/\\\/www.translingua.ch\\\/wp-content\\\/uploads\\\/logo.png\",\"width\":261,\"height\":106,\"caption\":\"Translingua AG\"},\"image\":{\"@id\":\"https:\\\/\\\/www.translingua.ch\\\/#\\\/schema\\\/logo\\\/image\\\/\"}}]}<\/script>\n<!-- \/ Yoast SEO plugin. -->","yoast_head_json":{"title":"Translingua AG &#8226; Traduction autres domaines","robots":{"index":"index","follow":"follow","max-snippet":"max-snippet:-1","max-image-preview":"max-image-preview:large","max-video-preview":"max-video-preview:-1"},"canonical":"https:\/\/www.translingua.ch\/fr\/traductions\/autres-domaines\/","og_locale":"fr_FR","og_type":"article","og_title":"Translingua AG &#8226; Traduction autres domaines","og_description":"Traduction autres domaines Des traductions professionnelles dans de nombreux domaines Translingua est depuis 1975 synonyme de comp\u00e9tence linguistique et de savoir-faire technique. Gr\u00e2ce \u00e0 notre longue exp\u00e9rience et \u00e0 l\u2019\u00e9change quotidien avec les clients et les sp\u00e9cialistes linguistiques, nous avons d\u2019excellentes connaissances dans de nombreux th\u00e8mes et domaines. Translingua r\u00e9alise des projets de traduction avec succ\u00e8s dans les branches suivantes&nbsp;: ... Weiterlesen","og_url":"https:\/\/www.translingua.ch\/fr\/traductions\/autres-domaines\/","og_site_name":"Translingua AG","article_modified_time":"2026-01-19T15:17:08+00:00","og_image":[{"width":500,"height":500,"url":"https:\/\/www.translingua.ch\/wp-content\/uploads\/Andere-Fachuebersetzungen_Icon-Schwarz.png","type":"image\/png"}],"twitter_card":"summary_large_image","twitter_misc":{"Dur\u00e9e de lecture estim\u00e9e":"2 minutes"},"schema":{"@context":"https:\/\/schema.org","@graph":[{"@type":"WebPage","@id":"https:\/\/www.translingua.ch\/fr\/traductions\/autres-domaines\/","url":"https:\/\/www.translingua.ch\/fr\/traductions\/autres-domaines\/","name":"Translingua AG &#8226; Traduction autres domaines","isPartOf":{"@id":"https:\/\/www.translingua.ch\/#website"},"primaryImageOfPage":{"@id":"https:\/\/www.translingua.ch\/fr\/traductions\/autres-domaines\/#primaryimage"},"image":{"@id":"https:\/\/www.translingua.ch\/fr\/traductions\/autres-domaines\/#primaryimage"},"thumbnailUrl":"https:\/\/www.translingua.ch\/wp-content\/uploads\/Andere-Fachuebersetzungen_Icon-Schwarz.png","datePublished":"2017-03-01T14:27:13+00:00","dateModified":"2026-01-19T15:17:08+00:00","breadcrumb":{"@id":"https:\/\/www.translingua.ch\/fr\/traductions\/autres-domaines\/#breadcrumb"},"inLanguage":"fr-FR","potentialAction":[{"@type":"ReadAction","target":["https:\/\/www.translingua.ch\/fr\/traductions\/autres-domaines\/"]}]},{"@type":"ImageObject","inLanguage":"fr-FR","@id":"https:\/\/www.translingua.ch\/fr\/traductions\/autres-domaines\/#primaryimage","url":"https:\/\/www.translingua.ch\/wp-content\/uploads\/Andere-Fachuebersetzungen_Icon-Schwarz.png","contentUrl":"https:\/\/www.translingua.ch\/wp-content\/uploads\/Andere-Fachuebersetzungen_Icon-Schwarz.png"},{"@type":"BreadcrumbList","@id":"https:\/\/www.translingua.ch\/fr\/traductions\/autres-domaines\/#breadcrumb","itemListElement":[{"@type":"ListItem","position":1,"name":"Home","item":"https:\/\/www.translingua.ch\/fr\/"},{"@type":"ListItem","position":2,"name":"Traductions sp\u00e9cialis\u00e9es","item":"https:\/\/www.translingua.ch\/fr\/traductions\/"},{"@type":"ListItem","position":3,"name":"Traduction autres domaines"}]},{"@type":"WebSite","@id":"https:\/\/www.translingua.ch\/#website","url":"https:\/\/www.translingua.ch\/","name":"Translingua AG","description":"\u00dcbersetzungsb\u00fcro in Z\u00fcrich seit 1975","publisher":{"@id":"https:\/\/www.translingua.ch\/#organization"},"potentialAction":[{"@type":"SearchAction","target":{"@type":"EntryPoint","urlTemplate":"https:\/\/www.translingua.ch\/?s={search_term_string}"},"query-input":{"@type":"PropertyValueSpecification","valueRequired":true,"valueName":"search_term_string"}}],"inLanguage":"fr-FR"},{"@type":"Organization","@id":"https:\/\/www.translingua.ch\/#organization","name":"Translingua AG","url":"https:\/\/www.translingua.ch\/","logo":{"@type":"ImageObject","inLanguage":"fr-FR","@id":"https:\/\/www.translingua.ch\/#\/schema\/logo\/image\/","url":"https:\/\/www.translingua.ch\/wp-content\/uploads\/logo.png","contentUrl":"https:\/\/www.translingua.ch\/wp-content\/uploads\/logo.png","width":261,"height":106,"caption":"Translingua AG"},"image":{"@id":"https:\/\/www.translingua.ch\/#\/schema\/logo\/image\/"}}]}},"_links":{"self":[{"href":"https:\/\/www.translingua.ch\/fr\/wp-json\/wp\/v2\/pages\/848","targetHints":{"allow":["GET"]}}],"collection":[{"href":"https:\/\/www.translingua.ch\/fr\/wp-json\/wp\/v2\/pages"}],"about":[{"href":"https:\/\/www.translingua.ch\/fr\/wp-json\/wp\/v2\/types\/page"}],"author":[{"embeddable":true,"href":"https:\/\/www.translingua.ch\/fr\/wp-json\/wp\/v2\/users\/1"}],"replies":[{"embeddable":true,"href":"https:\/\/www.translingua.ch\/fr\/wp-json\/wp\/v2\/comments?post=848"}],"version-history":[{"count":7,"href":"https:\/\/www.translingua.ch\/fr\/wp-json\/wp\/v2\/pages\/848\/revisions"}],"predecessor-version":[{"id":11301,"href":"https:\/\/www.translingua.ch\/fr\/wp-json\/wp\/v2\/pages\/848\/revisions\/11301"}],"up":[{"embeddable":true,"href":"https:\/\/www.translingua.ch\/fr\/wp-json\/wp\/v2\/pages\/694"}],"wp:attachment":[{"href":"https:\/\/www.translingua.ch\/fr\/wp-json\/wp\/v2\/media?parent=848"}],"curies":[{"name":"wp","href":"https:\/\/api.w.org\/{rel}","templated":true}]}}