{"id":3709,"date":"2021-01-24T16:51:10","date_gmt":"2021-01-24T15:51:10","guid":{"rendered":"https:\/\/www.translingua.ch\/?page_id=3709"},"modified":"2025-10-07T13:35:10","modified_gmt":"2025-10-07T11:35:10","slug":"structure-des-prix","status":"publish","type":"page","link":"https:\/\/www.translingua.ch\/fr\/structure-des-prix\/","title":{"rendered":"Prix"},"content":{"rendered":"\n<h2 class=\"wp-block-heading\" id=\"un-excellent-rapport-qualite-prix-pour-les-traductions-et-les-services-linguistiques\">Un excellent rapport qualit\u00e9-prix pour les traductions et les services linguistiques<\/h2>\n\n\n\n<p>Les clients de Translingua profitent d\u2019une qualit\u00e9 optimale, de la technologie linguistique bas\u00e9e sur l\u2019IA et de modalit\u00e9s int\u00e9ressantes. Pour tous les <a href=\"https:\/\/www.translingua.ch\/fr\/projets-de-traduction\/\">projets de traduction<\/a>, nous pouvons, gr\u00e2ce \u00e0 notre savoir-faire, r\u00e9duire les co\u00fbts, am\u00e9liorer la qualit\u00e9 ou obtenir des d\u00e9lais de livraison plus rapides.<\/p>\n\n\n\n<p>Nos offres sur mesure pour les entreprises, les associations, les organisations \u00e0 but non lucratif et les administrations publiques sont particuli\u00e8rement attrayantes. Sur la base de vos besoins actuels, nous vous proposons une offre de services personnalis\u00e9e, en tenant compte des \u00e9conomies d\u2019\u00e9chelle et d\u2019autres avantages tarifaires.<\/p>\n\n\n\n<p>Quoi qu\u2019il en soit, une <a href=\"https:\/\/www.translingua.ch\/fr\/demande-de-devis\/\">offre<\/a> personnalis\u00e9e de Translingua vaut toujours la peine !<\/p>\n\n\n\n<h2 class=\"wp-block-heading\" id=\"une-politique-de-prix-equitable-et-transparente\">Une politique de prix \u00e9quitable et transparente<\/h2>\n\n\n\n<p>Translingua mise sur des relations client \u00e0 long terme et renonce syst\u00e9matiquement aux frais cach\u00e9s ou suppl\u00e9ments. Nous ne r\u00e9alisons les prestations suppl\u00e9mentaires payantes comme les certifications ou les travaux de formatage ainsi que les livraisons express que sur votre accord explicite. Bon \u00e0 savoir&nbsp;: chez Translingua, les r\u00e9p\u00e9titions figurant dans le texte sont automatiquement d\u00e9tect\u00e9es et vous b\u00e9n\u00e9ficiez de remises pour celles-ci.<\/p>\n\n\n\n<h2 class=\"wp-block-heading\" id=\"quand-le-temps-presse-nos-traductions-express-sont-la-pour-vous\">Quand le temps presse, nos traductions express sont l\u00e0 pour vous<\/h2>\n\n\n\n<p>Translingua est synonyme de flexibilit\u00e9, processus efficaces et livraisons rapides. Quand les d\u00e9lais sont encore plus serr\u00e9s, nos clients disposent des mod\u00e8les d\u2019urgence suivants&nbsp;:<\/p>\n\n\n\n<ul class=\"wp-block-list\">\n<li>Livraison le jour m\u00eame&nbsp;: suppl\u00e9ment de 100&nbsp;%<\/li>\n\n\n\n<li>Livraison le jour ouvr\u00e9 suivant&nbsp;: suppl\u00e9ment de 50&nbsp;%<\/li>\n\n\n\n<li>Livraison pendant le week-end&nbsp;: suppl\u00e9ment de 50&nbsp;%<\/li>\n<\/ul>\n\n\n\n<h2 class=\"wp-block-heading\" id=\"avec-translingua-economiser-du-temps-et-de-l-argent\">Avec Translingua, \u00e9conomisez du temps et de l\u2019argent<\/h2>\n\n\n\n<p>Vous souhaitez vous concentrer totalement sur votre activit\u00e9 principale&nbsp;? Confiez des travaux chronophages tels que la relecture, les travaux de formatage ou les contr\u00f4les finaux (bon \u00e0 tirer) aux professionnels de Translingua. Nous pouvons \u00e9galement vous d\u00e9charger efficacement de la cr\u00e9ation de textes, la r\u00e9daction ou des t\u00e2ches de gestion de projet. Si n\u00e9cessaire, nous coordonnons de plus la production de vos magazines clients, catalogues ou sites web. Gr\u00e2ce \u00e0 notre sp\u00e9cialisation et notre efficience de niveau \u00e9lev\u00e9, les co\u00fbts restent sous contr\u00f4le.<\/p>\n\n\n\n<p><strong>Avec Translingua, r\u00e9alisez votre projet linguistique dans les temps et respectant le budget. Contactez-nous pour des informations suppl\u00e9mentaires.<\/strong><\/p>\n\n\n\n<div class=\"wp-block-buttons is-horizontal is-content-justification-center is-layout-flex wp-container-core-buttons-is-layout-499968f5 wp-block-buttons-is-layout-flex\">\n<div class=\"wp-block-button\"><a class=\"wp-block-button__link wp-element-button\" href=\"https:\/\/www.translingua.ch\/fr\/demande-de-devis\/\">Demander un devis<\/a><\/div>\n<\/div>\n","protected":false},"excerpt":{"rendered":"<p>Un excellent rapport qualit\u00e9-prix pour les traductions et les services linguistiques Les clients de Translingua profitent d\u2019une qualit\u00e9 optimale, de la technologie linguistique bas\u00e9e sur l\u2019IA et de modalit\u00e9s int\u00e9ressantes. Pour tous les projets de traduction, nous pouvons, gr\u00e2ce \u00e0 notre savoir-faire, r\u00e9duire les co\u00fbts, am\u00e9liorer la qualit\u00e9 ou obtenir des d\u00e9lais de livraison plus rapides. Nos offres sur mesure &#8230; <a title=\"Prix\" class=\"read-more\" href=\"https:\/\/www.translingua.ch\/fr\/structure-des-prix\/\" aria-label=\"En savoir plus sur Prix\">Weiterlesen<\/a><\/p>\n","protected":false},"author":2,"featured_media":0,"parent":0,"menu_order":0,"comment_status":"closed","ping_status":"closed","template":"","meta":{"footnotes":""},"class_list":["post-3709","page","type-page","status-publish"],"featured_image_urls_v2":{"full":"","thumbnail":"","medium":"","medium_large":"","large":"","1536x1536":"","2048x2048":"","gform-image-choice-sm":"","gform-image-choice-md":"","gform-image-choice-lg":""},"post_excerpt_stackable_v2":"<p>Un excellent rapport qualit\u00e9-prix pour les traductions et les services linguistiques Les clients de Translingua profitent d\u2019une qualit\u00e9 optimale, de la technologie linguistique bas\u00e9e sur l\u2019IA et de modalit\u00e9s int\u00e9ressantes. Pour tous les projets de traduction, nous pouvons, gr\u00e2ce \u00e0 notre savoir-faire, r\u00e9duire les co\u00fbts, am\u00e9liorer la qualit\u00e9 ou obtenir des d\u00e9lais de livraison plus rapides. Nos offres sur mesure pour les entreprises, les associations, les organisations \u00e0 but non lucratif et les administrations publiques sont particuli\u00e8rement attrayantes. Sur la base de vos besoins actuels, nous vous proposons une offre de services personnalis\u00e9e, en tenant compte des \u00e9conomies d\u2019\u00e9chelle et\u2026<\/p>\n","category_list_v2":"","author_info_v2":{"name":"Lorenz Eymann","url":"https:\/\/www.translingua.ch\/fr\/author\/eymann\/"},"comments_num_v2":"0 commentaire","yoast_head":"<!-- This site is optimized with the Yoast SEO plugin v27.3 - https:\/\/yoast.com\/product\/yoast-seo-wordpress\/ -->\n<title>Translingua AG &#8226; Prix<\/title>\n<meta name=\"robots\" content=\"index, follow, max-snippet:-1, max-image-preview:large, max-video-preview:-1\" \/>\n<link rel=\"canonical\" href=\"https:\/\/www.translingua.ch\/fr\/structure-des-prix\/\" \/>\n<meta property=\"og:locale\" content=\"fr_FR\" \/>\n<meta property=\"og:type\" content=\"article\" \/>\n<meta property=\"og:title\" content=\"Translingua AG &#8226; Prix\" \/>\n<meta property=\"og:description\" content=\"Un excellent rapport qualit\u00e9-prix pour les traductions et les services linguistiques Les clients de Translingua profitent d\u2019une qualit\u00e9 optimale, de la technologie linguistique bas\u00e9e sur l\u2019IA et de modalit\u00e9s int\u00e9ressantes. Pour tous les projets de traduction, nous pouvons, gr\u00e2ce \u00e0 notre savoir-faire, r\u00e9duire les co\u00fbts, am\u00e9liorer la qualit\u00e9 ou obtenir des d\u00e9lais de livraison plus rapides. Nos offres sur mesure ... Weiterlesen\" \/>\n<meta property=\"og:url\" content=\"https:\/\/www.translingua.ch\/fr\/structure-des-prix\/\" \/>\n<meta property=\"og:site_name\" content=\"Translingua AG\" \/>\n<meta property=\"article:modified_time\" content=\"2025-10-07T11:35:10+00:00\" \/>\n<meta name=\"twitter:card\" content=\"summary_large_image\" \/>\n<meta name=\"twitter:label1\" content=\"Dur\u00e9e de lecture estim\u00e9e\" \/>\n\t<meta name=\"twitter:data1\" content=\"2 minutes\" \/>\n<script type=\"application\/ld+json\" class=\"yoast-schema-graph\">{\"@context\":\"https:\\\/\\\/schema.org\",\"@graph\":[{\"@type\":\"WebPage\",\"@id\":\"https:\\\/\\\/www.translingua.ch\\\/fr\\\/structure-des-prix\\\/\",\"url\":\"https:\\\/\\\/www.translingua.ch\\\/fr\\\/structure-des-prix\\\/\",\"name\":\"Translingua AG &#8226; Prix\",\"isPartOf\":{\"@id\":\"https:\\\/\\\/www.translingua.ch\\\/#website\"},\"datePublished\":\"2021-01-24T15:51:10+00:00\",\"dateModified\":\"2025-10-07T11:35:10+00:00\",\"breadcrumb\":{\"@id\":\"https:\\\/\\\/www.translingua.ch\\\/fr\\\/structure-des-prix\\\/#breadcrumb\"},\"inLanguage\":\"fr-FR\",\"potentialAction\":[{\"@type\":\"ReadAction\",\"target\":[\"https:\\\/\\\/www.translingua.ch\\\/fr\\\/structure-des-prix\\\/\"]}]},{\"@type\":\"BreadcrumbList\",\"@id\":\"https:\\\/\\\/www.translingua.ch\\\/fr\\\/structure-des-prix\\\/#breadcrumb\",\"itemListElement\":[{\"@type\":\"ListItem\",\"position\":1,\"name\":\"Home\",\"item\":\"https:\\\/\\\/www.translingua.ch\\\/fr\\\/\"},{\"@type\":\"ListItem\",\"position\":2,\"name\":\"Prix\"}]},{\"@type\":\"WebSite\",\"@id\":\"https:\\\/\\\/www.translingua.ch\\\/#website\",\"url\":\"https:\\\/\\\/www.translingua.ch\\\/\",\"name\":\"Translingua AG\",\"description\":\"\u00dcbersetzungsb\u00fcro in Z\u00fcrich seit 1975\",\"publisher\":{\"@id\":\"https:\\\/\\\/www.translingua.ch\\\/#organization\"},\"potentialAction\":[{\"@type\":\"SearchAction\",\"target\":{\"@type\":\"EntryPoint\",\"urlTemplate\":\"https:\\\/\\\/www.translingua.ch\\\/?s={search_term_string}\"},\"query-input\":{\"@type\":\"PropertyValueSpecification\",\"valueRequired\":true,\"valueName\":\"search_term_string\"}}],\"inLanguage\":\"fr-FR\"},{\"@type\":\"Organization\",\"@id\":\"https:\\\/\\\/www.translingua.ch\\\/#organization\",\"name\":\"Translingua AG\",\"url\":\"https:\\\/\\\/www.translingua.ch\\\/\",\"logo\":{\"@type\":\"ImageObject\",\"inLanguage\":\"fr-FR\",\"@id\":\"https:\\\/\\\/www.translingua.ch\\\/#\\\/schema\\\/logo\\\/image\\\/\",\"url\":\"https:\\\/\\\/www.translingua.ch\\\/wp-content\\\/uploads\\\/logo.png\",\"contentUrl\":\"https:\\\/\\\/www.translingua.ch\\\/wp-content\\\/uploads\\\/logo.png\",\"width\":261,\"height\":106,\"caption\":\"Translingua AG\"},\"image\":{\"@id\":\"https:\\\/\\\/www.translingua.ch\\\/#\\\/schema\\\/logo\\\/image\\\/\"}}]}<\/script>\n<!-- \/ Yoast SEO plugin. -->","yoast_head_json":{"title":"Translingua AG &#8226; Prix","robots":{"index":"index","follow":"follow","max-snippet":"max-snippet:-1","max-image-preview":"max-image-preview:large","max-video-preview":"max-video-preview:-1"},"canonical":"https:\/\/www.translingua.ch\/fr\/structure-des-prix\/","og_locale":"fr_FR","og_type":"article","og_title":"Translingua AG &#8226; Prix","og_description":"Un excellent rapport qualit\u00e9-prix pour les traductions et les services linguistiques Les clients de Translingua profitent d\u2019une qualit\u00e9 optimale, de la technologie linguistique bas\u00e9e sur l\u2019IA et de modalit\u00e9s int\u00e9ressantes. Pour tous les projets de traduction, nous pouvons, gr\u00e2ce \u00e0 notre savoir-faire, r\u00e9duire les co\u00fbts, am\u00e9liorer la qualit\u00e9 ou obtenir des d\u00e9lais de livraison plus rapides. Nos offres sur mesure ... Weiterlesen","og_url":"https:\/\/www.translingua.ch\/fr\/structure-des-prix\/","og_site_name":"Translingua AG","article_modified_time":"2025-10-07T11:35:10+00:00","twitter_card":"summary_large_image","twitter_misc":{"Dur\u00e9e de lecture estim\u00e9e":"2 minutes"},"schema":{"@context":"https:\/\/schema.org","@graph":[{"@type":"WebPage","@id":"https:\/\/www.translingua.ch\/fr\/structure-des-prix\/","url":"https:\/\/www.translingua.ch\/fr\/structure-des-prix\/","name":"Translingua AG &#8226; Prix","isPartOf":{"@id":"https:\/\/www.translingua.ch\/#website"},"datePublished":"2021-01-24T15:51:10+00:00","dateModified":"2025-10-07T11:35:10+00:00","breadcrumb":{"@id":"https:\/\/www.translingua.ch\/fr\/structure-des-prix\/#breadcrumb"},"inLanguage":"fr-FR","potentialAction":[{"@type":"ReadAction","target":["https:\/\/www.translingua.ch\/fr\/structure-des-prix\/"]}]},{"@type":"BreadcrumbList","@id":"https:\/\/www.translingua.ch\/fr\/structure-des-prix\/#breadcrumb","itemListElement":[{"@type":"ListItem","position":1,"name":"Home","item":"https:\/\/www.translingua.ch\/fr\/"},{"@type":"ListItem","position":2,"name":"Prix"}]},{"@type":"WebSite","@id":"https:\/\/www.translingua.ch\/#website","url":"https:\/\/www.translingua.ch\/","name":"Translingua AG","description":"\u00dcbersetzungsb\u00fcro in Z\u00fcrich seit 1975","publisher":{"@id":"https:\/\/www.translingua.ch\/#organization"},"potentialAction":[{"@type":"SearchAction","target":{"@type":"EntryPoint","urlTemplate":"https:\/\/www.translingua.ch\/?s={search_term_string}"},"query-input":{"@type":"PropertyValueSpecification","valueRequired":true,"valueName":"search_term_string"}}],"inLanguage":"fr-FR"},{"@type":"Organization","@id":"https:\/\/www.translingua.ch\/#organization","name":"Translingua AG","url":"https:\/\/www.translingua.ch\/","logo":{"@type":"ImageObject","inLanguage":"fr-FR","@id":"https:\/\/www.translingua.ch\/#\/schema\/logo\/image\/","url":"https:\/\/www.translingua.ch\/wp-content\/uploads\/logo.png","contentUrl":"https:\/\/www.translingua.ch\/wp-content\/uploads\/logo.png","width":261,"height":106,"caption":"Translingua AG"},"image":{"@id":"https:\/\/www.translingua.ch\/#\/schema\/logo\/image\/"}}]}},"_links":{"self":[{"href":"https:\/\/www.translingua.ch\/fr\/wp-json\/wp\/v2\/pages\/3709","targetHints":{"allow":["GET"]}}],"collection":[{"href":"https:\/\/www.translingua.ch\/fr\/wp-json\/wp\/v2\/pages"}],"about":[{"href":"https:\/\/www.translingua.ch\/fr\/wp-json\/wp\/v2\/types\/page"}],"author":[{"embeddable":true,"href":"https:\/\/www.translingua.ch\/fr\/wp-json\/wp\/v2\/users\/2"}],"replies":[{"embeddable":true,"href":"https:\/\/www.translingua.ch\/fr\/wp-json\/wp\/v2\/comments?post=3709"}],"version-history":[{"count":17,"href":"https:\/\/www.translingua.ch\/fr\/wp-json\/wp\/v2\/pages\/3709\/revisions"}],"predecessor-version":[{"id":10544,"href":"https:\/\/www.translingua.ch\/fr\/wp-json\/wp\/v2\/pages\/3709\/revisions\/10544"}],"wp:attachment":[{"href":"https:\/\/www.translingua.ch\/fr\/wp-json\/wp\/v2\/media?parent=3709"}],"curies":[{"name":"wp","href":"https:\/\/api.w.org\/{rel}","templated":true}]}}