{"id":2963,"date":"2020-03-10T13:24:22","date_gmt":"2020-03-10T12:24:22","guid":{"rendered":"https:\/\/www.translingua.ch\/?page_id=2963"},"modified":"2022-01-11T10:59:37","modified_gmt":"2022-01-11T09:59:37","slug":"protection-des-donnees","status":"publish","type":"page","link":"https:\/\/www.translingua.ch\/fr\/protection-des-donnees\/","title":{"rendered":"Protection des donn\u00e9es"},"content":{"rendered":"\n<h2 class=\"wp-block-heading\">Protection des donn\u00e9es<\/h2>\n\n\n\n<p>L\u2019art. 13 de la Constitution f\u00e9d\u00e9rale et les dispositions l\u00e9gales de la Conf\u00e9d\u00e9ration suisse sur la protection des donn\u00e9es disposent que toute personne a droit \u00e0 la protection de sa sph\u00e8re priv\u00e9e ainsi qu\u2019\u00e0 la protection contre l\u2019emploi abusif des donn\u00e9es qui la concernent. Les autorit\u00e9s f\u00e9d\u00e9rales observent strictement ces dispositions. Les donn\u00e9es personnelles sont trait\u00e9es de fa\u00e7on parfaitement confidentielle et ne sont ni vendues, ni transmises \u00e0 des tiers.<\/p>\n\n\n\n<p>Nous nous effor\u00e7ons, en collaboration \u00e9troite avec nos h\u00e9bergeurs, de prot\u00e9ger au mieux possible nos banques de donn\u00e9es des intrusions externes, des pertes, du mauvais usage et de la falsification.<\/p>\n\n\n\n<h2 class=\"wp-block-heading\">Cookies<\/h2>\n\n\n\n<p>Dans certains cas, nous utilisons des cookies. Un cookie est un petit fichier qui est envoy\u00e9 par le serveur web \u00e0 votre navigateur Internet et enregistr\u00e9 sur votre ordinateur. Ainsi nous sommes en mesure de vous reconna\u00eetre lors de votre prochaine visite.<\/p>\n\n\n\n<p>Des cookies et des techniques comparables sont \u00e9galement employ\u00e9s pour permettre certains processus, prestations et transactions, par exemple lorsque vous utilisez un panier virtuel dans une boutique \u00e9lectronique en ligne. Vous pouvez r\u00e9gler votre navigateur de mani\u00e8re \u00e0 ce qu\u2019un avertissement apparaisse sur l\u2019\u00e9cran avant l\u2019enregistrement d\u2019un cookie ou \u00e0 ce qu\u2019il soit impossible d\u2019enregistrer les cookies.<\/p>\n\n\n\n<p>Vous pouvez r\u00e9gler votre navigateur de mani\u00e8re \u00e0 emp\u00eacher l\u2019installation des cookies&nbsp;; dans ce cas, toutefois, il est possible que vous ne puissiez pas utiliser toutes les fonctions de ce site Internet.<\/p>\n\n\n\n<h2 class=\"wp-block-heading\">D\u00e9claration de confidentialit\u00e9 pour l\u2019utilisation des plugins Facebook (comme le bouton)<\/h2>\n\n\n\n<p>Sur nos pages vous trouvez des plugins du r\u00e9seau social Facebook, 1601 South California Avenue, Palo Alto, CA 94304, Etats-Unis. Vous reconnaitrez le logo Facebook ou le \u00abLike Button \u00bb (\u00ab Like \u00bb) sur notre site. Vous trouvez un aper\u00e7u des plugins Facebook ici: http:\/\/developers.facebook.com\/docs\/plugins\/.<\/p>\n\n\n\n<p>Lorsque vous visitez nos sites, le plugin \u00e9tablit une connexion directe entre votre navigateur et le serveur Facebook est \u00e9tablie. Facebook obtient ensuite l\u2019information que vous avez visit\u00e9 notre site avec votre adresse IP. Si vous cliquez sur \u00ab Like button \u00bb pendant que vous \u00eates connect\u00e9 \u00e0 votre compte Facebook, vous pouvez lier le contenu de nos pages sur votre profil Facebook. Cela permet \u00e0 Facebook d\u2019attribuer votre visite sur notre site Web \u00e0 votre compte utilisateur. Nous rappelons qu\u2019en tant de fournisseurs des sites nous n\u2019avons aucune connaissance du contenu des donn\u00e9es transmises et utilis\u00e9es \u00e0 travers de Facebook. Vous trouvez plus d\u2019informations concernant la protection de donn\u00e9es de Facebook sur https:\/\/www.facebook.com\/about\/privacy\/<\/p>\n\n\n\n<p>Si vous ne souhaitez pas que Facebook peut attribuer votre visite \u00e0 nos pages \u00e0 votre compte d\u2019utilisateur Facebook, veuillez vous d\u00e9connecter de votre compte Facebook.<\/p>\n\n\n\n<h2 class=\"wp-block-heading\">D\u00e9claration de protection des donn\u00e9es relative \u00e0 l\u2019utilisation de Twitter<\/h2>\n\n\n\n<p>Notre site int\u00e8gre les fonctions du service Twitter. Celles-ci sont fournies par Twitter Inc., 1355 Market St, Suite 900, San Francisco, CA 94103, \u00c9tats-Unis. En utilisant Twitter et la fonction \u00abre-tweet\u00bb, les pages web que vous aurez affich\u00e9es seront associ\u00e9es \u00e0 votre compte Twitter et visibles par d\u2019autres utilisateurs. Lors de cette op\u00e9ration, des donn\u00e9es seront \u00e9galement transmises \u00e0 Twitter.<\/p>\n\n\n\n<p>Nous rappelons que nous n\u2019avons, en tant que fournisseur des pages web du site, aucune connaissance du contenu des donn\u00e9es transmises ni de leur utilisation par Twitter. Pour obtenir des informations d\u00e9taill\u00e9es, consultez la d\u00e9claration de protection des donn\u00e9es de Twitter surhttp:\/\/twitter.com\/privacy.<\/p>\n\n\n\n<h2 class=\"wp-block-heading\">D\u00e9claration de protection des donn\u00e9es pour l\u2019utilisation de Google Analytics<\/h2>\n\n\n\n<p>Ce site utilise Google Analytics, un service d\u2019analyse de site internet fourni par Google Inc. (\u00abGoogle\u00bb). Google Analytics utilise. \u00ab Cookies \u00bb, des fichiers texte qui sont stock\u00e9s sur votre ordinateur et permettent une analyse de votre utilisation du site. Les informations g\u00e9n\u00e9r\u00e9es par les cookies concernant votre utilisation de ce site sont g\u00e9n\u00e9ralement transmises \u00e0 un serveur de Google aux \u00c9tats-Unis et y sont stock\u00e9es. En cas d\u2019activation de l\u2019anonymisation IP sur ce site votre adresse IP de Google sera tronqu\u00e9 au sein des \u00c9tats membres de l\u2019Union europ\u00e9enne ou d\u2019autres parties \u00e0 l\u2019accord sur l\u2019Espace \u00e9conomique europ\u00e9en.<\/p>\n\n\n\n<p>Seulement dans des cas exceptionnels l\u2019adresse IP compl\u00e8te est transmise \u00e0 un serveur de Google aux USA et abr\u00e9g\u00e9e. Google utilisera cette information pour \u00e9valuer votre utilisation du site, de compiler des rapports sur l\u2019activit\u00e9 du site pour les op\u00e9rateurs de site Web et fournir d\u2019autres services li\u00e9s au site ou \u00e0 l\u2019Internet. Google peut \u00e9galement transf\u00e9rer ces informations \u00e0 des tiers en cas d\u2019obligation l\u00e9gale ou lorsque ces tiers traitent ces donn\u00e9es pour le compte de Google. L\u2019adresse IP transmise par votre navigateur dans le cadre de Google Analytics ne sera pas fusionn\u00e9e avec d\u2019autres donn\u00e9es de Google.<\/p>\n\n\n\n<p>Vous pouvez refuser l\u2019utilisation de cookies en s\u00e9lectionnant les param\u00e8tres appropri\u00e9s de votre navigateur, mais nous rappelons que dans ce cas, certaines fonctions de ce site ne pourraient pas \u00eatre utilis\u00e9es. En utilisant ce site, vous consentez express\u00e9ment au traitement des donn\u00e9es vous concernant par Google de la mani\u00e8re d\u00e9crite ci-dessus et aux fins \u00e9nonc\u00e9es ci-dessus.<\/p>\n\n\n\n<h2 class=\"wp-block-heading\">D\u00e9claration de protection des donn\u00e9es relative \u00e0 l\u2019utilisation de plugins Google +1<\/h2>\n\n\n\n<p>Ce site utilise le bouton \u00ab+1\u00bb du r\u00e9seau social Google Plus, exploit\u00e9 par Google Inc., 1600 Amphitheatre Parkway, Mountain View, CA 94043, \u00c9tats-Unis (\u00ab Google \u00bb). Ce bouton est symbolis\u00e9 par \u00ab+1\u00bb sur fond blanc ou color\u00e9.<\/p>\n\n\n\n<p>Lorsque vous affichez une page web de notre site Internet contenant ce bouton, votre navigateur \u00e9tablit une connexion directe avec les serveurs de Google.<\/p>\n\n\n\n<p>Le contenu du bouton \u00ab+1\u00bb sera transmis directement \u00e0 votre navigateur qui l\u2019int\u00e8grera \u00e0 la page web affich\u00e9e. Nous n\u2019avons par cons\u00e9quent aucune influence sur l\u2019\u00e9tendue des donn\u00e9es que Google collecte par le biais de ce plugin. Selon Google, aucunes donn\u00e9es \u00e0 caract\u00e8re personnel ne seront collect\u00e9es sans avoir cliqu\u00e9 sur le bouton. La collecte et le traitement de ce type de donn\u00e9es, telles que l\u2019adresse IP entre autres, ne sera effectu\u00e9 qu\u2019aupr\u00e8s d\u2019utilisateurs connect\u00e9s. Pour obtenir des informations d\u00e9taill\u00e9es sur l\u2019\u00e9tendue et l\u2019objectif de la collecte de donn\u00e9es, le traitement des donn\u00e9es et leur utilisation par Google ainsi que vos droits et possibilit\u00e9s de param\u00e9trage en vue de prot\u00e9ger votre vie priv\u00e9e, veuillez consulter les indications de Google relatives \u00e0 la protection des donn\u00e9es concernant le bouton \u00ab+1\u00bb: http:\/\/www.google.com\/intl\/de\/+\/policy\/+1button.html, le FAQ: https:\/\/support.google.com\/plus\/?guide=1207011&amp;answer=1319578#topic=3049661 ainsi que les dispositions de Google relatives \u00e0 la protection des donn\u00e9es : https:\/\/www.google.com\/intl\/de\/policies\/privacy<\/p>\n\n\n\n<p>Si vous \u00eates membre de Google Plus et que vous ne souhaitez pas que Google collecte des donn\u00e9es vous concernant via notre site Internet et les associe \u00e0 vos donn\u00e9es de membre enregistr\u00e9es par Google, vous devrez vous d\u00e9connecter de Google Plus avant de visiter notre site Internet.<\/p>\n","protected":false},"excerpt":{"rendered":"<p>Protection des donn\u00e9es L\u2019art. 13 de la Constitution f\u00e9d\u00e9rale et les dispositions l\u00e9gales de la Conf\u00e9d\u00e9ration suisse sur la protection des donn\u00e9es disposent que toute personne a droit \u00e0 la protection de sa sph\u00e8re priv\u00e9e ainsi qu\u2019\u00e0 la protection contre l\u2019emploi abusif des donn\u00e9es qui la concernent. Les autorit\u00e9s f\u00e9d\u00e9rales observent strictement ces dispositions. Les donn\u00e9es personnelles sont trait\u00e9es de &#8230; <a title=\"Protection des donn\u00e9es\" class=\"read-more\" href=\"https:\/\/www.translingua.ch\/fr\/protection-des-donnees\/\" aria-label=\"En savoir plus sur Protection des donn\u00e9es\">Weiterlesen<\/a><\/p>\n","protected":false},"author":1,"featured_media":0,"parent":0,"menu_order":0,"comment_status":"closed","ping_status":"closed","template":"","meta":{"footnotes":""},"class_list":["post-2963","page","type-page","status-publish"],"featured_image_urls_v2":{"full":"","thumbnail":"","medium":"","medium_large":"","large":"","1536x1536":"","2048x2048":"","gform-image-choice-sm":"","gform-image-choice-md":"","gform-image-choice-lg":""},"post_excerpt_stackable_v2":"<p>Protection des donn\u00e9es L\u2019art. 13 de la Constitution f\u00e9d\u00e9rale et les dispositions l\u00e9gales de la Conf\u00e9d\u00e9ration suisse sur la protection des donn\u00e9es disposent que toute personne a droit \u00e0 la protection de sa sph\u00e8re priv\u00e9e ainsi qu\u2019\u00e0 la protection contre l\u2019emploi abusif des donn\u00e9es qui la concernent. Les autorit\u00e9s f\u00e9d\u00e9rales observent strictement ces dispositions. Les donn\u00e9es personnelles sont trait\u00e9es de fa\u00e7on parfaitement confidentielle et ne sont ni vendues, ni transmises \u00e0 des tiers. Nous nous effor\u00e7ons, en collaboration \u00e9troite avec nos h\u00e9bergeurs, de prot\u00e9ger au mieux possible nos banques de donn\u00e9es des intrusions externes, des pertes, du mauvais usage et\u2026<\/p>\n","category_list_v2":"","author_info_v2":{"name":"nailedit","url":"https:\/\/www.translingua.ch\/fr\/author\/nailedit\/"},"comments_num_v2":"0 commentaire","yoast_head":"<!-- This site is optimized with the Yoast SEO plugin v27.3 - https:\/\/yoast.com\/product\/yoast-seo-wordpress\/ -->\n<title>Translingua AG &#8226; Protection des donn\u00e9es<\/title>\n<meta name=\"robots\" content=\"index, follow, max-snippet:-1, max-image-preview:large, max-video-preview:-1\" \/>\n<link rel=\"canonical\" href=\"https:\/\/www.translingua.ch\/fr\/protection-des-donnees\/\" \/>\n<meta property=\"og:locale\" content=\"fr_FR\" \/>\n<meta property=\"og:type\" content=\"article\" \/>\n<meta property=\"og:title\" content=\"Translingua AG &#8226; Protection des donn\u00e9es\" \/>\n<meta property=\"og:description\" content=\"Protection des donn\u00e9es L\u2019art. 13 de la Constitution f\u00e9d\u00e9rale et les dispositions l\u00e9gales de la Conf\u00e9d\u00e9ration suisse sur la protection des donn\u00e9es disposent que toute personne a droit \u00e0 la protection de sa sph\u00e8re priv\u00e9e ainsi qu\u2019\u00e0 la protection contre l\u2019emploi abusif des donn\u00e9es qui la concernent. Les autorit\u00e9s f\u00e9d\u00e9rales observent strictement ces dispositions. Les donn\u00e9es personnelles sont trait\u00e9es de ... Weiterlesen\" \/>\n<meta property=\"og:url\" content=\"https:\/\/www.translingua.ch\/fr\/protection-des-donnees\/\" \/>\n<meta property=\"og:site_name\" content=\"Translingua AG\" \/>\n<meta property=\"article:modified_time\" content=\"2022-01-11T09:59:37+00:00\" \/>\n<meta name=\"twitter:card\" content=\"summary_large_image\" \/>\n<meta name=\"twitter:label1\" content=\"Dur\u00e9e de lecture estim\u00e9e\" \/>\n\t<meta name=\"twitter:data1\" content=\"6 minutes\" \/>\n<script type=\"application\/ld+json\" class=\"yoast-schema-graph\">{\"@context\":\"https:\\\/\\\/schema.org\",\"@graph\":[{\"@type\":\"WebPage\",\"@id\":\"https:\\\/\\\/www.translingua.ch\\\/fr\\\/protection-des-donnees\\\/\",\"url\":\"https:\\\/\\\/www.translingua.ch\\\/fr\\\/protection-des-donnees\\\/\",\"name\":\"Translingua AG &#8226; Protection des donn\u00e9es\",\"isPartOf\":{\"@id\":\"https:\\\/\\\/www.translingua.ch\\\/#website\"},\"datePublished\":\"2020-03-10T12:24:22+00:00\",\"dateModified\":\"2022-01-11T09:59:37+00:00\",\"breadcrumb\":{\"@id\":\"https:\\\/\\\/www.translingua.ch\\\/fr\\\/protection-des-donnees\\\/#breadcrumb\"},\"inLanguage\":\"fr-FR\",\"potentialAction\":[{\"@type\":\"ReadAction\",\"target\":[\"https:\\\/\\\/www.translingua.ch\\\/fr\\\/protection-des-donnees\\\/\"]}]},{\"@type\":\"BreadcrumbList\",\"@id\":\"https:\\\/\\\/www.translingua.ch\\\/fr\\\/protection-des-donnees\\\/#breadcrumb\",\"itemListElement\":[{\"@type\":\"ListItem\",\"position\":1,\"name\":\"Home\",\"item\":\"https:\\\/\\\/www.translingua.ch\\\/fr\\\/\"},{\"@type\":\"ListItem\",\"position\":2,\"name\":\"Protection des donn\u00e9es\"}]},{\"@type\":\"WebSite\",\"@id\":\"https:\\\/\\\/www.translingua.ch\\\/#website\",\"url\":\"https:\\\/\\\/www.translingua.ch\\\/\",\"name\":\"Translingua AG\",\"description\":\"\u00dcbersetzungsb\u00fcro in Z\u00fcrich seit 1975\",\"publisher\":{\"@id\":\"https:\\\/\\\/www.translingua.ch\\\/#organization\"},\"potentialAction\":[{\"@type\":\"SearchAction\",\"target\":{\"@type\":\"EntryPoint\",\"urlTemplate\":\"https:\\\/\\\/www.translingua.ch\\\/?s={search_term_string}\"},\"query-input\":{\"@type\":\"PropertyValueSpecification\",\"valueRequired\":true,\"valueName\":\"search_term_string\"}}],\"inLanguage\":\"fr-FR\"},{\"@type\":\"Organization\",\"@id\":\"https:\\\/\\\/www.translingua.ch\\\/#organization\",\"name\":\"Translingua AG\",\"url\":\"https:\\\/\\\/www.translingua.ch\\\/\",\"logo\":{\"@type\":\"ImageObject\",\"inLanguage\":\"fr-FR\",\"@id\":\"https:\\\/\\\/www.translingua.ch\\\/#\\\/schema\\\/logo\\\/image\\\/\",\"url\":\"https:\\\/\\\/www.translingua.ch\\\/wp-content\\\/uploads\\\/logo.png\",\"contentUrl\":\"https:\\\/\\\/www.translingua.ch\\\/wp-content\\\/uploads\\\/logo.png\",\"width\":261,\"height\":106,\"caption\":\"Translingua AG\"},\"image\":{\"@id\":\"https:\\\/\\\/www.translingua.ch\\\/#\\\/schema\\\/logo\\\/image\\\/\"}}]}<\/script>\n<!-- \/ Yoast SEO plugin. -->","yoast_head_json":{"title":"Translingua AG &#8226; Protection des donn\u00e9es","robots":{"index":"index","follow":"follow","max-snippet":"max-snippet:-1","max-image-preview":"max-image-preview:large","max-video-preview":"max-video-preview:-1"},"canonical":"https:\/\/www.translingua.ch\/fr\/protection-des-donnees\/","og_locale":"fr_FR","og_type":"article","og_title":"Translingua AG &#8226; Protection des donn\u00e9es","og_description":"Protection des donn\u00e9es L\u2019art. 13 de la Constitution f\u00e9d\u00e9rale et les dispositions l\u00e9gales de la Conf\u00e9d\u00e9ration suisse sur la protection des donn\u00e9es disposent que toute personne a droit \u00e0 la protection de sa sph\u00e8re priv\u00e9e ainsi qu\u2019\u00e0 la protection contre l\u2019emploi abusif des donn\u00e9es qui la concernent. Les autorit\u00e9s f\u00e9d\u00e9rales observent strictement ces dispositions. Les donn\u00e9es personnelles sont trait\u00e9es de ... Weiterlesen","og_url":"https:\/\/www.translingua.ch\/fr\/protection-des-donnees\/","og_site_name":"Translingua AG","article_modified_time":"2022-01-11T09:59:37+00:00","twitter_card":"summary_large_image","twitter_misc":{"Dur\u00e9e de lecture estim\u00e9e":"6 minutes"},"schema":{"@context":"https:\/\/schema.org","@graph":[{"@type":"WebPage","@id":"https:\/\/www.translingua.ch\/fr\/protection-des-donnees\/","url":"https:\/\/www.translingua.ch\/fr\/protection-des-donnees\/","name":"Translingua AG &#8226; Protection des donn\u00e9es","isPartOf":{"@id":"https:\/\/www.translingua.ch\/#website"},"datePublished":"2020-03-10T12:24:22+00:00","dateModified":"2022-01-11T09:59:37+00:00","breadcrumb":{"@id":"https:\/\/www.translingua.ch\/fr\/protection-des-donnees\/#breadcrumb"},"inLanguage":"fr-FR","potentialAction":[{"@type":"ReadAction","target":["https:\/\/www.translingua.ch\/fr\/protection-des-donnees\/"]}]},{"@type":"BreadcrumbList","@id":"https:\/\/www.translingua.ch\/fr\/protection-des-donnees\/#breadcrumb","itemListElement":[{"@type":"ListItem","position":1,"name":"Home","item":"https:\/\/www.translingua.ch\/fr\/"},{"@type":"ListItem","position":2,"name":"Protection des donn\u00e9es"}]},{"@type":"WebSite","@id":"https:\/\/www.translingua.ch\/#website","url":"https:\/\/www.translingua.ch\/","name":"Translingua AG","description":"\u00dcbersetzungsb\u00fcro in Z\u00fcrich seit 1975","publisher":{"@id":"https:\/\/www.translingua.ch\/#organization"},"potentialAction":[{"@type":"SearchAction","target":{"@type":"EntryPoint","urlTemplate":"https:\/\/www.translingua.ch\/?s={search_term_string}"},"query-input":{"@type":"PropertyValueSpecification","valueRequired":true,"valueName":"search_term_string"}}],"inLanguage":"fr-FR"},{"@type":"Organization","@id":"https:\/\/www.translingua.ch\/#organization","name":"Translingua AG","url":"https:\/\/www.translingua.ch\/","logo":{"@type":"ImageObject","inLanguage":"fr-FR","@id":"https:\/\/www.translingua.ch\/#\/schema\/logo\/image\/","url":"https:\/\/www.translingua.ch\/wp-content\/uploads\/logo.png","contentUrl":"https:\/\/www.translingua.ch\/wp-content\/uploads\/logo.png","width":261,"height":106,"caption":"Translingua AG"},"image":{"@id":"https:\/\/www.translingua.ch\/#\/schema\/logo\/image\/"}}]}},"_links":{"self":[{"href":"https:\/\/www.translingua.ch\/fr\/wp-json\/wp\/v2\/pages\/2963","targetHints":{"allow":["GET"]}}],"collection":[{"href":"https:\/\/www.translingua.ch\/fr\/wp-json\/wp\/v2\/pages"}],"about":[{"href":"https:\/\/www.translingua.ch\/fr\/wp-json\/wp\/v2\/types\/page"}],"author":[{"embeddable":true,"href":"https:\/\/www.translingua.ch\/fr\/wp-json\/wp\/v2\/users\/1"}],"replies":[{"embeddable":true,"href":"https:\/\/www.translingua.ch\/fr\/wp-json\/wp\/v2\/comments?post=2963"}],"version-history":[{"count":3,"href":"https:\/\/www.translingua.ch\/fr\/wp-json\/wp\/v2\/pages\/2963\/revisions"}],"predecessor-version":[{"id":5515,"href":"https:\/\/www.translingua.ch\/fr\/wp-json\/wp\/v2\/pages\/2963\/revisions\/5515"}],"wp:attachment":[{"href":"https:\/\/www.translingua.ch\/fr\/wp-json\/wp\/v2\/media?parent=2963"}],"curies":[{"name":"wp","href":"https:\/\/api.w.org\/{rel}","templated":true}]}}