{"id":2200,"date":"2018-09-22T19:24:50","date_gmt":"2018-09-22T17:24:50","guid":{"rendered":"https:\/\/www.translingua.ch\/?page_id=2200"},"modified":"2025-10-07T10:15:40","modified_gmt":"2025-10-07T08:15:40","slug":"garantie-de-qualite","status":"publish","type":"page","link":"https:\/\/www.translingua.ch\/fr\/a-propos-de-nous\/garantie-de-qualite\/","title":{"rendered":"Traductions de qualit\u00e9 avec garantie"},"content":{"rendered":"\n<h2 class=\"wp-block-heading\">Translingua \u2013 la qualit\u00e9 du traducteur suisse<\/h2>\n\n\n\n<p>Dans un march\u00e9 marqu\u00e9 par la rapidit\u00e9, Translingua impose ses propres id\u00e9es avec succ\u00e8s depuis 1975 gr\u00e2ce \u00e0 des traductions et des services d\u2019excellente qualit\u00e9. Notre exigence est bas\u00e9e sur les besoins des clients et repose sur une comp\u00e9tence technique et linguistique de pointe mais aussi sur la fiabilit\u00e9, la proactivit\u00e9 et la flexibilit\u00e9. En tant que traducteur suisse, nous r\u00e9pondons aux attentes les plus \u00e9lev\u00e9es et incarnons le \u00ab&nbsp;Swiss finish&nbsp;\u00bb dans les domaines de la langue et de la traduction.<\/p>\n\n\n\n<p>Qu\u2019est-ce que cela signifie concr\u00e8tement&nbsp;? L\u2019\u00e9quipe de Translingua est attentive et conseille en cas de besoin. Pour leurs projets de traduction, les clients de Translingua profitent d\u2019une exp\u00e9rience de plusieurs d\u00e9cennies. Pour \u00e9tayer notre exigence de qualit\u00e9, la garantie Translingua est offerte en exclusivit\u00e9 aux clients de Translingua&nbsp;:<\/p>\n\n\n<div class=\"wp-block-image\">\n<figure class=\"aligncenter size-full is-resized\"><img loading=\"lazy\" decoding=\"async\" width=\"591\" height=\"591\" src=\"https:\/\/www.translingua.ch\/wp-content\/uploads\/Translingua_Garantie_de_qualit\u00e9.jpg\" alt=\"Translingua Garantie de qualit\u00e9\" class=\"wp-image-2477\" style=\"width:296px;height:296px\" srcset=\"https:\/\/www.translingua.ch\/wp-content\/uploads\/Translingua_Garantie_de_qualit\u00e9.jpg 591w, https:\/\/www.translingua.ch\/wp-content\/uploads\/Translingua_Garantie_de_qualit\u00e9-150x150.jpg 150w, https:\/\/www.translingua.ch\/wp-content\/uploads\/Translingua_Garantie_de_qualit\u00e9-300x300.jpg 300w, https:\/\/www.translingua.ch\/wp-content\/uploads\/Translingua_Garantie_de_qualit\u00e9-100x100.jpg 100w\" sizes=\"auto, (max-width: 591px) 100vw, 591px\" \/><\/figure>\n<\/div>\n\n\n<p>Si, contre toute attente, nous ne remplissons pas nos propres exigences de qualit\u00e9, nous vous offrons un remaniement gratuit en cas de r\u00e9clamations justifi\u00e9es. Pour la bonne raison que, chez Translingua, votre satisfaction n\u2019est pas seulement une promesse, c\u2019est un devoir.<\/p>\n\n\n\n<h2 class=\"wp-block-heading\">Traductions certifi\u00e9es ISO<\/h2>\n\n\n\n<p>En plus de sa propre garantie de qualit\u00e9, Translingua dispose de la certification de conformit\u00e9 \u00e0 la norme ISO 17100. Celle-ci d\u00e9finit les exigences en mati\u00e8re de prestations dans le secteur de la traduction et inclut l\u2019ensemble des processus. Les comp\u00e9tences sp\u00e9cifiques, les ressources technologiques, la stabilit\u00e9 du processus, la documentation ou la tra\u00e7abilit\u00e9 sont examin\u00e9es.<\/p>\n\n\n\n<p>Moult prestataires dans le secteur de la traduction indiquent certes les normes ISO comme r\u00e9f\u00e9rence de qualit\u00e9 mais renoncent \u00e0 l\u2019audit et \u00e0 la certification. Ce n\u2019est pas le cas de Translingua&nbsp;: Notre travail est contr\u00f4l\u00e9 chaque ann\u00e9e par des experts externes dans nos bureaux \u00e0 Zurich. R\u00e9sultat&nbsp;: <a href=\"https:\/\/www.translingua.ch\/fr\/certificat-iso-translingua\/\" target=\"_blank\" rel=\"noreferrer noopener\">Notre certification de conformit\u00e9 \u00e0 la norme ISO 17100<\/a> garantit non seulement des traductions d\u2019un excellent niveau, mais elle est aussi un label de qualit\u00e9 de nos <a href=\"https:\/\/www.translingua.ch\/fr\/services-linguistiques\/\">services linguistiques<\/a> professionnels tels que la relecture, la correction, la transcription et la r\u00e9daction.<\/p>\n\n\n\n<h2 class=\"wp-block-heading\">Certification ISO 17100 \u2013 vos avantages<\/h2>\n\n\n\n<p>Chez Translingua, les services linguistiques et de traduction certifi\u00e9s ISO ne sont pas une finalit\u00e9 en soi, mais ont pour objectif de cr\u00e9er une valeur ajout\u00e9e pour nos clients. Les crit\u00e8res ISO n\u2019excluent en aucun cas des solutions de traduction efficaces et \u00e0 un prix avantageux. Gr\u00e2ce \u00e0 la validit\u00e9 de notre certification ISO 17100, les clientes et clients de Translingua profitent des avantages suivants&nbsp;:<\/p>\n\n\n\n<ul class=\"wp-block-list\">\n<li>Adoption comp\u00e9tente des r\u00e8gles linguistiques existantes<\/li>\n\n\n\n<li>Pr\u00e9paration professionnelle du projet<\/li>\n\n\n\n<li>R\u00e9alisation du mandat uniquement par des collaborateurs form\u00e9s<\/li>\n\n\n\n<li>Savoir-faire toujours \u00e0 jour gr\u00e2ce \u00e0 la formation continue<\/li>\n\n\n\n<li>Gestion du risque bien con\u00e7ue et pr\u00e9vention efficace du risque<\/li>\n\n\n\n<li>S\u00e9curit\u00e9 des donn\u00e9es approuv\u00e9e<\/li>\n<\/ul>\n\n\n\n<p><strong>La certification ISO externe et la garantie de qualit\u00e9 de Translingua d\u00e9montrent notre engagement sans compromis pour assurer d\u2019excellentes traductions et services linguistiques. Nous vous faisons profiter de ces nombreux avantages dans vos projets linguistiques.<\/strong><\/p>\n\n\n\n<div class=\"wp-block-buttons is-horizontal is-content-justification-center is-layout-flex wp-container-core-buttons-is-layout-499968f5 wp-block-buttons-is-layout-flex\">\n<div class=\"wp-block-button\"><a class=\"wp-block-button__link wp-element-button\" href=\"https:\/\/www.translingua.ch\/fr\/demande-de-devis\/\">Demander une offre<\/a><\/div>\n<\/div>\n\n\n\n<div style=\"height:25px\" aria-hidden=\"true\" class=\"wp-block-spacer\"><\/div>\n\n\n<div class=\"wp-block-image\">\n<figure class=\"aligncenter size-full\"><img loading=\"lazy\" decoding=\"async\" width=\"205\" height=\"249\" src=\"https:\/\/www.translingua.ch\/wp-content\/uploads\/Translingiua_LinquaCert_ISO_17100.jpg\" alt=\"\" class=\"wp-image-6214\"\/><\/figure>\n<\/div>","protected":false},"excerpt":{"rendered":"<p>Translingua \u2013 la qualit\u00e9 du traducteur suisse Dans un march\u00e9 marqu\u00e9 par la rapidit\u00e9, Translingua impose ses propres id\u00e9es avec succ\u00e8s depuis 1975 gr\u00e2ce \u00e0 des traductions et des services d\u2019excellente qualit\u00e9. Notre exigence est bas\u00e9e sur les besoins des clients et repose sur une comp\u00e9tence technique et linguistique de pointe mais aussi sur la fiabilit\u00e9, la proactivit\u00e9 et la &#8230; <a title=\"Traductions de qualit\u00e9 avec garantie\" class=\"read-more\" href=\"https:\/\/www.translingua.ch\/fr\/a-propos-de-nous\/garantie-de-qualite\/\" aria-label=\"En savoir plus sur Traductions de qualit\u00e9 avec garantie\">Weiterlesen<\/a><\/p>\n","protected":false},"author":1,"featured_media":0,"parent":907,"menu_order":0,"comment_status":"closed","ping_status":"closed","template":"","meta":{"footnotes":""},"class_list":["post-2200","page","type-page","status-publish"],"featured_image_urls_v2":{"full":"","thumbnail":"","medium":"","medium_large":"","large":"","1536x1536":"","2048x2048":"","gform-image-choice-sm":"","gform-image-choice-md":"","gform-image-choice-lg":""},"post_excerpt_stackable_v2":"<p>Translingua \u2013 la qualit\u00e9 du traducteur suisse Dans un march\u00e9 marqu\u00e9 par la rapidit\u00e9, Translingua impose ses propres id\u00e9es avec succ\u00e8s depuis 1975 gr\u00e2ce \u00e0 des traductions et des services d\u2019excellente qualit\u00e9. Notre exigence est bas\u00e9e sur les besoins des clients et repose sur une comp\u00e9tence technique et linguistique de pointe mais aussi sur la fiabilit\u00e9, la proactivit\u00e9 et la flexibilit\u00e9. En tant que traducteur suisse, nous r\u00e9pondons aux attentes les plus \u00e9lev\u00e9es et incarnons le \u00ab&nbsp;Swiss finish&nbsp;\u00bb dans les domaines de la langue et de la traduction. Qu\u2019est-ce que cela signifie concr\u00e8tement&nbsp;? L\u2019\u00e9quipe de Translingua est attentive et conseille\u2026<\/p>\n","category_list_v2":"","author_info_v2":{"name":"nailedit","url":"https:\/\/www.translingua.ch\/fr\/author\/nailedit\/"},"comments_num_v2":"0 commentaire","yoast_head":"<!-- This site is optimized with the Yoast SEO plugin v27.3 - https:\/\/yoast.com\/product\/yoast-seo-wordpress\/ -->\n<title>Translingua AG &#8226; Traductions de qualit\u00e9 avec garantie<\/title>\n<meta name=\"robots\" content=\"index, follow, max-snippet:-1, max-image-preview:large, max-video-preview:-1\" \/>\n<link rel=\"canonical\" href=\"https:\/\/www.translingua.ch\/fr\/a-propos-de-nous\/garantie-de-qualite\/\" \/>\n<meta property=\"og:locale\" content=\"fr_FR\" \/>\n<meta property=\"og:type\" content=\"article\" \/>\n<meta property=\"og:title\" content=\"Translingua AG &#8226; Traductions de qualit\u00e9 avec garantie\" \/>\n<meta property=\"og:description\" content=\"Translingua \u2013 la qualit\u00e9 du traducteur suisse Dans un march\u00e9 marqu\u00e9 par la rapidit\u00e9, Translingua impose ses propres id\u00e9es avec succ\u00e8s depuis 1975 gr\u00e2ce \u00e0 des traductions et des services d\u2019excellente qualit\u00e9. Notre exigence est bas\u00e9e sur les besoins des clients et repose sur une comp\u00e9tence technique et linguistique de pointe mais aussi sur la fiabilit\u00e9, la proactivit\u00e9 et la ... Weiterlesen\" \/>\n<meta property=\"og:url\" content=\"https:\/\/www.translingua.ch\/fr\/a-propos-de-nous\/garantie-de-qualite\/\" \/>\n<meta property=\"og:site_name\" content=\"Translingua AG\" \/>\n<meta property=\"article:modified_time\" content=\"2025-10-07T08:15:40+00:00\" \/>\n<meta property=\"og:image\" content=\"https:\/\/www.translingua.ch\/wp-content\/uploads\/Translingiua_LinquaCert_ISO_17100.jpg\" \/>\n<meta name=\"twitter:card\" content=\"summary_large_image\" \/>\n<meta name=\"twitter:label1\" content=\"Dur\u00e9e de lecture estim\u00e9e\" \/>\n\t<meta name=\"twitter:data1\" content=\"4 minutes\" \/>\n<script type=\"application\/ld+json\" class=\"yoast-schema-graph\">{\"@context\":\"https:\\\/\\\/schema.org\",\"@graph\":[{\"@type\":\"WebPage\",\"@id\":\"https:\\\/\\\/www.translingua.ch\\\/fr\\\/a-propos-de-nous\\\/garantie-de-qualite\\\/\",\"url\":\"https:\\\/\\\/www.translingua.ch\\\/fr\\\/a-propos-de-nous\\\/garantie-de-qualite\\\/\",\"name\":\"Translingua AG &#8226; Traductions de qualit\u00e9 avec garantie\",\"isPartOf\":{\"@id\":\"https:\\\/\\\/www.translingua.ch\\\/#website\"},\"primaryImageOfPage\":{\"@id\":\"https:\\\/\\\/www.translingua.ch\\\/fr\\\/a-propos-de-nous\\\/garantie-de-qualite\\\/#primaryimage\"},\"image\":{\"@id\":\"https:\\\/\\\/www.translingua.ch\\\/fr\\\/a-propos-de-nous\\\/garantie-de-qualite\\\/#primaryimage\"},\"thumbnailUrl\":\"https:\\\/\\\/www.translingua.ch\\\/wp-content\\\/uploads\\\/Translingiua_LinquaCert_ISO_17100.jpg\",\"datePublished\":\"2018-09-22T17:24:50+00:00\",\"dateModified\":\"2025-10-07T08:15:40+00:00\",\"breadcrumb\":{\"@id\":\"https:\\\/\\\/www.translingua.ch\\\/fr\\\/a-propos-de-nous\\\/garantie-de-qualite\\\/#breadcrumb\"},\"inLanguage\":\"fr-FR\",\"potentialAction\":[{\"@type\":\"ReadAction\",\"target\":[\"https:\\\/\\\/www.translingua.ch\\\/fr\\\/a-propos-de-nous\\\/garantie-de-qualite\\\/\"]}]},{\"@type\":\"ImageObject\",\"inLanguage\":\"fr-FR\",\"@id\":\"https:\\\/\\\/www.translingua.ch\\\/fr\\\/a-propos-de-nous\\\/garantie-de-qualite\\\/#primaryimage\",\"url\":\"https:\\\/\\\/www.translingua.ch\\\/wp-content\\\/uploads\\\/Translingiua_LinquaCert_ISO_17100.jpg\",\"contentUrl\":\"https:\\\/\\\/www.translingua.ch\\\/wp-content\\\/uploads\\\/Translingiua_LinquaCert_ISO_17100.jpg\"},{\"@type\":\"BreadcrumbList\",\"@id\":\"https:\\\/\\\/www.translingua.ch\\\/fr\\\/a-propos-de-nous\\\/garantie-de-qualite\\\/#breadcrumb\",\"itemListElement\":[{\"@type\":\"ListItem\",\"position\":1,\"name\":\"Home\",\"item\":\"https:\\\/\\\/www.translingua.ch\\\/fr\\\/\"},{\"@type\":\"ListItem\",\"position\":2,\"name\":\"Translingua \u2013 votre service de traduction en Suisse\",\"item\":\"https:\\\/\\\/www.translingua.ch\\\/fr\\\/a-propos-de-nous\\\/\"},{\"@type\":\"ListItem\",\"position\":3,\"name\":\"Traductions de qualit\u00e9 avec garantie\"}]},{\"@type\":\"WebSite\",\"@id\":\"https:\\\/\\\/www.translingua.ch\\\/#website\",\"url\":\"https:\\\/\\\/www.translingua.ch\\\/\",\"name\":\"Translingua AG\",\"description\":\"\u00dcbersetzungsb\u00fcro in Z\u00fcrich seit 1975\",\"publisher\":{\"@id\":\"https:\\\/\\\/www.translingua.ch\\\/#organization\"},\"potentialAction\":[{\"@type\":\"SearchAction\",\"target\":{\"@type\":\"EntryPoint\",\"urlTemplate\":\"https:\\\/\\\/www.translingua.ch\\\/?s={search_term_string}\"},\"query-input\":{\"@type\":\"PropertyValueSpecification\",\"valueRequired\":true,\"valueName\":\"search_term_string\"}}],\"inLanguage\":\"fr-FR\"},{\"@type\":\"Organization\",\"@id\":\"https:\\\/\\\/www.translingua.ch\\\/#organization\",\"name\":\"Translingua AG\",\"url\":\"https:\\\/\\\/www.translingua.ch\\\/\",\"logo\":{\"@type\":\"ImageObject\",\"inLanguage\":\"fr-FR\",\"@id\":\"https:\\\/\\\/www.translingua.ch\\\/#\\\/schema\\\/logo\\\/image\\\/\",\"url\":\"https:\\\/\\\/www.translingua.ch\\\/wp-content\\\/uploads\\\/logo.png\",\"contentUrl\":\"https:\\\/\\\/www.translingua.ch\\\/wp-content\\\/uploads\\\/logo.png\",\"width\":261,\"height\":106,\"caption\":\"Translingua AG\"},\"image\":{\"@id\":\"https:\\\/\\\/www.translingua.ch\\\/#\\\/schema\\\/logo\\\/image\\\/\"}}]}<\/script>\n<!-- \/ Yoast SEO plugin. -->","yoast_head_json":{"title":"Translingua AG &#8226; Traductions de qualit\u00e9 avec garantie","robots":{"index":"index","follow":"follow","max-snippet":"max-snippet:-1","max-image-preview":"max-image-preview:large","max-video-preview":"max-video-preview:-1"},"canonical":"https:\/\/www.translingua.ch\/fr\/a-propos-de-nous\/garantie-de-qualite\/","og_locale":"fr_FR","og_type":"article","og_title":"Translingua AG &#8226; Traductions de qualit\u00e9 avec garantie","og_description":"Translingua \u2013 la qualit\u00e9 du traducteur suisse Dans un march\u00e9 marqu\u00e9 par la rapidit\u00e9, Translingua impose ses propres id\u00e9es avec succ\u00e8s depuis 1975 gr\u00e2ce \u00e0 des traductions et des services d\u2019excellente qualit\u00e9. Notre exigence est bas\u00e9e sur les besoins des clients et repose sur une comp\u00e9tence technique et linguistique de pointe mais aussi sur la fiabilit\u00e9, la proactivit\u00e9 et la ... Weiterlesen","og_url":"https:\/\/www.translingua.ch\/fr\/a-propos-de-nous\/garantie-de-qualite\/","og_site_name":"Translingua AG","article_modified_time":"2025-10-07T08:15:40+00:00","og_image":[{"url":"https:\/\/www.translingua.ch\/wp-content\/uploads\/Translingiua_LinquaCert_ISO_17100.jpg","type":"","width":"","height":""}],"twitter_card":"summary_large_image","twitter_misc":{"Dur\u00e9e de lecture estim\u00e9e":"4 minutes"},"schema":{"@context":"https:\/\/schema.org","@graph":[{"@type":"WebPage","@id":"https:\/\/www.translingua.ch\/fr\/a-propos-de-nous\/garantie-de-qualite\/","url":"https:\/\/www.translingua.ch\/fr\/a-propos-de-nous\/garantie-de-qualite\/","name":"Translingua AG &#8226; Traductions de qualit\u00e9 avec garantie","isPartOf":{"@id":"https:\/\/www.translingua.ch\/#website"},"primaryImageOfPage":{"@id":"https:\/\/www.translingua.ch\/fr\/a-propos-de-nous\/garantie-de-qualite\/#primaryimage"},"image":{"@id":"https:\/\/www.translingua.ch\/fr\/a-propos-de-nous\/garantie-de-qualite\/#primaryimage"},"thumbnailUrl":"https:\/\/www.translingua.ch\/wp-content\/uploads\/Translingiua_LinquaCert_ISO_17100.jpg","datePublished":"2018-09-22T17:24:50+00:00","dateModified":"2025-10-07T08:15:40+00:00","breadcrumb":{"@id":"https:\/\/www.translingua.ch\/fr\/a-propos-de-nous\/garantie-de-qualite\/#breadcrumb"},"inLanguage":"fr-FR","potentialAction":[{"@type":"ReadAction","target":["https:\/\/www.translingua.ch\/fr\/a-propos-de-nous\/garantie-de-qualite\/"]}]},{"@type":"ImageObject","inLanguage":"fr-FR","@id":"https:\/\/www.translingua.ch\/fr\/a-propos-de-nous\/garantie-de-qualite\/#primaryimage","url":"https:\/\/www.translingua.ch\/wp-content\/uploads\/Translingiua_LinquaCert_ISO_17100.jpg","contentUrl":"https:\/\/www.translingua.ch\/wp-content\/uploads\/Translingiua_LinquaCert_ISO_17100.jpg"},{"@type":"BreadcrumbList","@id":"https:\/\/www.translingua.ch\/fr\/a-propos-de-nous\/garantie-de-qualite\/#breadcrumb","itemListElement":[{"@type":"ListItem","position":1,"name":"Home","item":"https:\/\/www.translingua.ch\/fr\/"},{"@type":"ListItem","position":2,"name":"Translingua \u2013 votre service de traduction en Suisse","item":"https:\/\/www.translingua.ch\/fr\/a-propos-de-nous\/"},{"@type":"ListItem","position":3,"name":"Traductions de qualit\u00e9 avec garantie"}]},{"@type":"WebSite","@id":"https:\/\/www.translingua.ch\/#website","url":"https:\/\/www.translingua.ch\/","name":"Translingua AG","description":"\u00dcbersetzungsb\u00fcro in Z\u00fcrich seit 1975","publisher":{"@id":"https:\/\/www.translingua.ch\/#organization"},"potentialAction":[{"@type":"SearchAction","target":{"@type":"EntryPoint","urlTemplate":"https:\/\/www.translingua.ch\/?s={search_term_string}"},"query-input":{"@type":"PropertyValueSpecification","valueRequired":true,"valueName":"search_term_string"}}],"inLanguage":"fr-FR"},{"@type":"Organization","@id":"https:\/\/www.translingua.ch\/#organization","name":"Translingua AG","url":"https:\/\/www.translingua.ch\/","logo":{"@type":"ImageObject","inLanguage":"fr-FR","@id":"https:\/\/www.translingua.ch\/#\/schema\/logo\/image\/","url":"https:\/\/www.translingua.ch\/wp-content\/uploads\/logo.png","contentUrl":"https:\/\/www.translingua.ch\/wp-content\/uploads\/logo.png","width":261,"height":106,"caption":"Translingua AG"},"image":{"@id":"https:\/\/www.translingua.ch\/#\/schema\/logo\/image\/"}}]}},"_links":{"self":[{"href":"https:\/\/www.translingua.ch\/fr\/wp-json\/wp\/v2\/pages\/2200","targetHints":{"allow":["GET"]}}],"collection":[{"href":"https:\/\/www.translingua.ch\/fr\/wp-json\/wp\/v2\/pages"}],"about":[{"href":"https:\/\/www.translingua.ch\/fr\/wp-json\/wp\/v2\/types\/page"}],"author":[{"embeddable":true,"href":"https:\/\/www.translingua.ch\/fr\/wp-json\/wp\/v2\/users\/1"}],"replies":[{"embeddable":true,"href":"https:\/\/www.translingua.ch\/fr\/wp-json\/wp\/v2\/comments?post=2200"}],"version-history":[{"count":11,"href":"https:\/\/www.translingua.ch\/fr\/wp-json\/wp\/v2\/pages\/2200\/revisions"}],"predecessor-version":[{"id":10511,"href":"https:\/\/www.translingua.ch\/fr\/wp-json\/wp\/v2\/pages\/2200\/revisions\/10511"}],"up":[{"embeddable":true,"href":"https:\/\/www.translingua.ch\/fr\/wp-json\/wp\/v2\/pages\/907"}],"wp:attachment":[{"href":"https:\/\/www.translingua.ch\/fr\/wp-json\/wp\/v2\/media?parent=2200"}],"curies":[{"name":"wp","href":"https:\/\/api.w.org\/{rel}","templated":true}]}}