{"id":1111,"date":"2017-03-02T13:43:40","date_gmt":"2017-03-02T12:43:40","guid":{"rendered":"https:\/\/www.translingua.ch\/?page_id=1111\/"},"modified":"2022-02-04T16:26:40","modified_gmt":"2022-02-04T15:26:40","slug":"mentions-legales","status":"publish","type":"page","link":"https:\/\/www.translingua.ch\/fr\/mentions-legales\/","title":{"rendered":"Mentions l\u00e9gales"},"content":{"rendered":"\n<h2 class=\"wp-block-heading\" id=\"contact\">Contact<\/h2>\n\n\n\n<p>Translingua AG<br>Geibelstrasse 35<br>CH-8037 Z\u00fcrich<\/p>\n\n\n\n<p>T\u00e9l.\u00a0: <a href=\"tel:+41442724340\">+41 44 272 43 40<br><\/a>Fax\u00a0: <a href=\"tel:+41442724347\">+41 44 272 43 47<\/a><br>E-mail\u00a0: <a href=\"mailto:translingua@translingua.ch\">translingua@translingua.ch<\/a><\/p>\n\n\n\n<p><a href=\"http:\/\/www.nailedit.ch\" target=\"_blank\" rel=\"noopener noreferrer\">Website Development &amp; SEO&nbsp;: Webdesign Agency NailedIT<\/a><\/p>\n","protected":false},"excerpt":{"rendered":"<p>Contact Translingua AGGeibelstrasse 35CH-8037 Z\u00fcrich T\u00e9l.\u00a0: +41 44 272 43 40Fax\u00a0: +41 44 272 43 47E-mail\u00a0: translingua@translingua.ch Website Development &amp; SEO&nbsp;: Webdesign Agency NailedIT<\/p>\n","protected":false},"author":1,"featured_media":0,"parent":0,"menu_order":0,"comment_status":"closed","ping_status":"closed","template":"","meta":{"footnotes":""},"class_list":["post-1111","page","type-page","status-publish"],"featured_image_urls_v2":{"full":"","thumbnail":"","medium":"","medium_large":"","large":"","1536x1536":"","2048x2048":"","gform-image-choice-sm":"","gform-image-choice-md":"","gform-image-choice-lg":""},"post_excerpt_stackable_v2":"<p>Contact Translingua AGGeibelstrasse 35CH-8037 Z\u00fcrich T\u00e9l.\u00a0: +41 44 272 43 40Fax\u00a0: +41 44 272 43 47E-mail\u00a0: translingua@translingua.ch Website Development &amp; SEO&nbsp;: Webdesign Agency NailedIT<\/p>\n","category_list_v2":"","author_info_v2":{"name":"nailedit","url":"https:\/\/www.translingua.ch\/fr\/author\/nailedit\/"},"comments_num_v2":"0 commentaire","yoast_head":"<!-- This site is optimized with the Yoast SEO plugin v27.3 - https:\/\/yoast.com\/product\/yoast-seo-wordpress\/ -->\n<title>Translingua AG &#8226; Mentions l\u00e9gales<\/title>\n<meta name=\"robots\" content=\"index, follow, max-snippet:-1, max-image-preview:large, max-video-preview:-1\" \/>\n<link rel=\"canonical\" href=\"https:\/\/www.translingua.ch\/fr\/mentions-legales\/\" \/>\n<meta property=\"og:locale\" content=\"fr_FR\" \/>\n<meta property=\"og:type\" content=\"article\" \/>\n<meta property=\"og:title\" content=\"Translingua AG &#8226; Mentions l\u00e9gales\" \/>\n<meta property=\"og:description\" content=\"Contact Translingua AGGeibelstrasse 35CH-8037 Z\u00fcrich T\u00e9l.\u00a0: +41 44 272 43 40Fax\u00a0: +41 44 272 43 47E-mail\u00a0: translingua@translingua.ch Website Development &amp; SEO&nbsp;: Webdesign Agency NailedIT\" \/>\n<meta property=\"og:url\" content=\"https:\/\/www.translingua.ch\/fr\/mentions-legales\/\" \/>\n<meta property=\"og:site_name\" content=\"Translingua AG\" \/>\n<meta property=\"article:modified_time\" content=\"2022-02-04T15:26:40+00:00\" \/>\n<meta name=\"twitter:card\" content=\"summary_large_image\" \/>\n<meta name=\"twitter:label1\" content=\"Dur\u00e9e de lecture estim\u00e9e\" \/>\n\t<meta name=\"twitter:data1\" content=\"1 minute\" \/>\n<script type=\"application\/ld+json\" class=\"yoast-schema-graph\">{\"@context\":\"https:\\\/\\\/schema.org\",\"@graph\":[{\"@type\":\"WebPage\",\"@id\":\"https:\\\/\\\/www.translingua.ch\\\/fr\\\/mentions-legales\\\/\",\"url\":\"https:\\\/\\\/www.translingua.ch\\\/fr\\\/mentions-legales\\\/\",\"name\":\"Translingua AG &#8226; Mentions l\u00e9gales\",\"isPartOf\":{\"@id\":\"https:\\\/\\\/www.translingua.ch\\\/#website\"},\"datePublished\":\"2017-03-02T12:43:40+00:00\",\"dateModified\":\"2022-02-04T15:26:40+00:00\",\"breadcrumb\":{\"@id\":\"https:\\\/\\\/www.translingua.ch\\\/fr\\\/mentions-legales\\\/#breadcrumb\"},\"inLanguage\":\"fr-FR\",\"potentialAction\":[{\"@type\":\"ReadAction\",\"target\":[\"https:\\\/\\\/www.translingua.ch\\\/fr\\\/mentions-legales\\\/\"]}]},{\"@type\":\"BreadcrumbList\",\"@id\":\"https:\\\/\\\/www.translingua.ch\\\/fr\\\/mentions-legales\\\/#breadcrumb\",\"itemListElement\":[{\"@type\":\"ListItem\",\"position\":1,\"name\":\"Home\",\"item\":\"https:\\\/\\\/www.translingua.ch\\\/fr\\\/\"},{\"@type\":\"ListItem\",\"position\":2,\"name\":\"Mentions l\u00e9gales\"}]},{\"@type\":\"WebSite\",\"@id\":\"https:\\\/\\\/www.translingua.ch\\\/#website\",\"url\":\"https:\\\/\\\/www.translingua.ch\\\/\",\"name\":\"Translingua AG\",\"description\":\"\u00dcbersetzungsb\u00fcro in Z\u00fcrich seit 1975\",\"publisher\":{\"@id\":\"https:\\\/\\\/www.translingua.ch\\\/#organization\"},\"potentialAction\":[{\"@type\":\"SearchAction\",\"target\":{\"@type\":\"EntryPoint\",\"urlTemplate\":\"https:\\\/\\\/www.translingua.ch\\\/?s={search_term_string}\"},\"query-input\":{\"@type\":\"PropertyValueSpecification\",\"valueRequired\":true,\"valueName\":\"search_term_string\"}}],\"inLanguage\":\"fr-FR\"},{\"@type\":\"Organization\",\"@id\":\"https:\\\/\\\/www.translingua.ch\\\/#organization\",\"name\":\"Translingua AG\",\"url\":\"https:\\\/\\\/www.translingua.ch\\\/\",\"logo\":{\"@type\":\"ImageObject\",\"inLanguage\":\"fr-FR\",\"@id\":\"https:\\\/\\\/www.translingua.ch\\\/#\\\/schema\\\/logo\\\/image\\\/\",\"url\":\"https:\\\/\\\/www.translingua.ch\\\/wp-content\\\/uploads\\\/logo.png\",\"contentUrl\":\"https:\\\/\\\/www.translingua.ch\\\/wp-content\\\/uploads\\\/logo.png\",\"width\":261,\"height\":106,\"caption\":\"Translingua AG\"},\"image\":{\"@id\":\"https:\\\/\\\/www.translingua.ch\\\/#\\\/schema\\\/logo\\\/image\\\/\"}}]}<\/script>\n<!-- \/ Yoast SEO plugin. -->","yoast_head_json":{"title":"Translingua AG &#8226; Mentions l\u00e9gales","robots":{"index":"index","follow":"follow","max-snippet":"max-snippet:-1","max-image-preview":"max-image-preview:large","max-video-preview":"max-video-preview:-1"},"canonical":"https:\/\/www.translingua.ch\/fr\/mentions-legales\/","og_locale":"fr_FR","og_type":"article","og_title":"Translingua AG &#8226; Mentions l\u00e9gales","og_description":"Contact Translingua AGGeibelstrasse 35CH-8037 Z\u00fcrich T\u00e9l.\u00a0: +41 44 272 43 40Fax\u00a0: +41 44 272 43 47E-mail\u00a0: translingua@translingua.ch Website Development &amp; SEO&nbsp;: Webdesign Agency NailedIT","og_url":"https:\/\/www.translingua.ch\/fr\/mentions-legales\/","og_site_name":"Translingua AG","article_modified_time":"2022-02-04T15:26:40+00:00","twitter_card":"summary_large_image","twitter_misc":{"Dur\u00e9e de lecture estim\u00e9e":"1 minute"},"schema":{"@context":"https:\/\/schema.org","@graph":[{"@type":"WebPage","@id":"https:\/\/www.translingua.ch\/fr\/mentions-legales\/","url":"https:\/\/www.translingua.ch\/fr\/mentions-legales\/","name":"Translingua AG &#8226; Mentions l\u00e9gales","isPartOf":{"@id":"https:\/\/www.translingua.ch\/#website"},"datePublished":"2017-03-02T12:43:40+00:00","dateModified":"2022-02-04T15:26:40+00:00","breadcrumb":{"@id":"https:\/\/www.translingua.ch\/fr\/mentions-legales\/#breadcrumb"},"inLanguage":"fr-FR","potentialAction":[{"@type":"ReadAction","target":["https:\/\/www.translingua.ch\/fr\/mentions-legales\/"]}]},{"@type":"BreadcrumbList","@id":"https:\/\/www.translingua.ch\/fr\/mentions-legales\/#breadcrumb","itemListElement":[{"@type":"ListItem","position":1,"name":"Home","item":"https:\/\/www.translingua.ch\/fr\/"},{"@type":"ListItem","position":2,"name":"Mentions l\u00e9gales"}]},{"@type":"WebSite","@id":"https:\/\/www.translingua.ch\/#website","url":"https:\/\/www.translingua.ch\/","name":"Translingua AG","description":"\u00dcbersetzungsb\u00fcro in Z\u00fcrich seit 1975","publisher":{"@id":"https:\/\/www.translingua.ch\/#organization"},"potentialAction":[{"@type":"SearchAction","target":{"@type":"EntryPoint","urlTemplate":"https:\/\/www.translingua.ch\/?s={search_term_string}"},"query-input":{"@type":"PropertyValueSpecification","valueRequired":true,"valueName":"search_term_string"}}],"inLanguage":"fr-FR"},{"@type":"Organization","@id":"https:\/\/www.translingua.ch\/#organization","name":"Translingua AG","url":"https:\/\/www.translingua.ch\/","logo":{"@type":"ImageObject","inLanguage":"fr-FR","@id":"https:\/\/www.translingua.ch\/#\/schema\/logo\/image\/","url":"https:\/\/www.translingua.ch\/wp-content\/uploads\/logo.png","contentUrl":"https:\/\/www.translingua.ch\/wp-content\/uploads\/logo.png","width":261,"height":106,"caption":"Translingua AG"},"image":{"@id":"https:\/\/www.translingua.ch\/#\/schema\/logo\/image\/"}}]}},"_links":{"self":[{"href":"https:\/\/www.translingua.ch\/fr\/wp-json\/wp\/v2\/pages\/1111","targetHints":{"allow":["GET"]}}],"collection":[{"href":"https:\/\/www.translingua.ch\/fr\/wp-json\/wp\/v2\/pages"}],"about":[{"href":"https:\/\/www.translingua.ch\/fr\/wp-json\/wp\/v2\/types\/page"}],"author":[{"embeddable":true,"href":"https:\/\/www.translingua.ch\/fr\/wp-json\/wp\/v2\/users\/1"}],"replies":[{"embeddable":true,"href":"https:\/\/www.translingua.ch\/fr\/wp-json\/wp\/v2\/comments?post=1111"}],"version-history":[{"count":7,"href":"https:\/\/www.translingua.ch\/fr\/wp-json\/wp\/v2\/pages\/1111\/revisions"}],"predecessor-version":[{"id":6007,"href":"https:\/\/www.translingua.ch\/fr\/wp-json\/wp\/v2\/pages\/1111\/revisions\/6007"}],"wp:attachment":[{"href":"https:\/\/www.translingua.ch\/fr\/wp-json\/wp\/v2\/media?parent=1111"}],"curies":[{"name":"wp","href":"https:\/\/api.w.org\/{rel}","templated":true}]}}