{"id":10464,"date":"2025-10-03T18:23:03","date_gmt":"2025-10-03T16:23:03","guid":{"rendered":"https:\/\/www.translingua.ch\/?page_id=10464"},"modified":"2026-02-20T13:56:15","modified_gmt":"2026-02-20T12:56:15","slug":"autres-services","status":"publish","type":"page","link":"https:\/\/www.translingua.ch\/fr\/autres-services\/","title":{"rendered":"Autres services"},"content":{"rendered":"\n<p>D\u00e9couvrez ici ce que Translingua peut faire pour vous&nbsp;:<\/p>\n\n\n\n<ul class=\"wp-block-list\">\n<li><a href=\"https:\/\/www.translingua.ch\/fr\/services-linguistiques\/langage-facile\/\">Langage facile<\/a><\/li>\n\n\n\n<li><a href=\"https:\/\/www.translingua.ch\/fr\/services-linguistiques\/transcriptions\/\">Transcription<\/a><\/li>\n\n\n\n<li><a href=\"https:\/\/www.translingua.ch\/fr\/services-linguistiques\/sous-titre\/\">Sous-titre<\/a><\/li>\n\n\n\n<li><a href=\"https:\/\/www.translingua.ch\/fr\/services-linguistiques\/gestion-terminologique-termdata\/\">Gestion terminologique<\/a><\/li>\n\n\n\n<li><a href=\"https:\/\/www.translingua.ch\/fr\/services-linguistiques\/gestion-de-projet-planification-conseils\/\">Gestion de projet<\/a><\/li>\n\n\n\n<li><a href=\"https:\/\/www.translingua.ch\/fr\/langue-et-droit\/traductions-legalisees-apostille\/\" type=\"page\" id=\"11148\">Traductions l\u00e9galis\u00e9es \/\u00a0apostille<\/a><\/li>\n\n\n\n<li><a href=\"https:\/\/www.translingua.ch\/fr\/attestation-translingua\/\">Attestation Translingua<\/a><\/li>\n<\/ul>\n\n\n\n<p>N\u2019h\u00e9sitez pas \u00e0 collaborer avec nous pour aller plus loin dans vos projets linguistiques. Nous vous assurons un soutien rapide, simple et n\u00e9anmoins comp\u00e9tent.<\/p>\n\n\n\n<div style=\"height:25px\" aria-hidden=\"true\" class=\"wp-block-spacer\"><\/div>\n\n\n\n<div class=\"wp-block-buttons is-content-justification-center is-layout-flex wp-container-core-buttons-is-layout-16018d1d wp-block-buttons-is-layout-flex\">\n<div class=\"wp-block-button\"><a class=\"wp-block-button__link has-text-align-center wp-element-button\" href=\"https:\/\/www.translingua.ch\/fr\/demande-de-devis\/\">Contacter Translingua<\/a><\/div>\n<\/div>\n\n\n\n<div style=\"height:25px\" aria-hidden=\"true\" class=\"wp-block-spacer\"><\/div>\n","protected":false},"excerpt":{"rendered":"<p>D\u00e9couvrez ici ce que Translingua peut faire pour vous&nbsp;: N\u2019h\u00e9sitez pas \u00e0 collaborer avec nous pour aller plus loin dans vos projets linguistiques. Nous vous assurons un soutien rapide, simple et n\u00e9anmoins comp\u00e9tent.<\/p>\n","protected":false},"author":2,"featured_media":0,"parent":0,"menu_order":0,"comment_status":"closed","ping_status":"closed","template":"","meta":{"footnotes":""},"class_list":["post-10464","page","type-page","status-publish"],"featured_image_urls_v2":{"full":"","thumbnail":"","medium":"","medium_large":"","large":"","1536x1536":"","2048x2048":"","gform-image-choice-sm":"","gform-image-choice-md":"","gform-image-choice-lg":""},"post_excerpt_stackable_v2":"<p>D\u00e9couvrez ici ce que Translingua peut faire pour vous&nbsp;: Langage facile Transcription Sous-titre Gestion terminologique Gestion de projet Traductions l\u00e9galis\u00e9es \/\u00a0apostille Attestation Translingua N\u2019h\u00e9sitez pas \u00e0 collaborer avec nous pour aller plus loin dans vos projets linguistiques. Nous vous assurons un soutien rapide, simple et n\u00e9anmoins comp\u00e9tent. Contacter Translingua<\/p>\n","category_list_v2":"","author_info_v2":{"name":"Lorenz Eymann","url":"https:\/\/www.translingua.ch\/fr\/author\/eymann\/"},"comments_num_v2":"0 commentaire","yoast_head":"<!-- This site is optimized with the Yoast SEO plugin v27.3 - https:\/\/yoast.com\/product\/yoast-seo-wordpress\/ -->\n<title>Translingua AG &#8226; Autres services<\/title>\n<meta name=\"robots\" content=\"index, follow, max-snippet:-1, max-image-preview:large, max-video-preview:-1\" \/>\n<link rel=\"canonical\" href=\"https:\/\/www.translingua.ch\/fr\/autres-services\/\" \/>\n<meta property=\"og:locale\" content=\"fr_FR\" \/>\n<meta property=\"og:type\" content=\"article\" \/>\n<meta property=\"og:title\" content=\"Translingua AG &#8226; Autres services\" \/>\n<meta property=\"og:description\" content=\"D\u00e9couvrez ici ce que Translingua peut faire pour vous&nbsp;: N\u2019h\u00e9sitez pas \u00e0 collaborer avec nous pour aller plus loin dans vos projets linguistiques. Nous vous assurons un soutien rapide, simple et n\u00e9anmoins comp\u00e9tent.\" \/>\n<meta property=\"og:url\" content=\"https:\/\/www.translingua.ch\/fr\/autres-services\/\" \/>\n<meta property=\"og:site_name\" content=\"Translingua AG\" \/>\n<meta property=\"article:modified_time\" content=\"2026-02-20T12:56:15+00:00\" \/>\n<meta name=\"twitter:card\" content=\"summary_large_image\" \/>\n<meta name=\"twitter:label1\" content=\"Dur\u00e9e de lecture estim\u00e9e\" \/>\n\t<meta name=\"twitter:data1\" content=\"1 minute\" \/>\n<script type=\"application\/ld+json\" class=\"yoast-schema-graph\">{\"@context\":\"https:\\\/\\\/schema.org\",\"@graph\":[{\"@type\":\"WebPage\",\"@id\":\"https:\\\/\\\/www.translingua.ch\\\/fr\\\/autres-services\\\/\",\"url\":\"https:\\\/\\\/www.translingua.ch\\\/fr\\\/autres-services\\\/\",\"name\":\"Translingua AG &#8226; Autres services\",\"isPartOf\":{\"@id\":\"https:\\\/\\\/www.translingua.ch\\\/#website\"},\"datePublished\":\"2025-10-03T16:23:03+00:00\",\"dateModified\":\"2026-02-20T12:56:15+00:00\",\"breadcrumb\":{\"@id\":\"https:\\\/\\\/www.translingua.ch\\\/fr\\\/autres-services\\\/#breadcrumb\"},\"inLanguage\":\"fr-FR\",\"potentialAction\":[{\"@type\":\"ReadAction\",\"target\":[\"https:\\\/\\\/www.translingua.ch\\\/fr\\\/autres-services\\\/\"]}]},{\"@type\":\"BreadcrumbList\",\"@id\":\"https:\\\/\\\/www.translingua.ch\\\/fr\\\/autres-services\\\/#breadcrumb\",\"itemListElement\":[{\"@type\":\"ListItem\",\"position\":1,\"name\":\"Home\",\"item\":\"https:\\\/\\\/www.translingua.ch\\\/fr\\\/\"},{\"@type\":\"ListItem\",\"position\":2,\"name\":\"Autres services\"}]},{\"@type\":\"WebSite\",\"@id\":\"https:\\\/\\\/www.translingua.ch\\\/#website\",\"url\":\"https:\\\/\\\/www.translingua.ch\\\/\",\"name\":\"Translingua AG\",\"description\":\"\u00dcbersetzungsb\u00fcro in Z\u00fcrich seit 1975\",\"publisher\":{\"@id\":\"https:\\\/\\\/www.translingua.ch\\\/#organization\"},\"potentialAction\":[{\"@type\":\"SearchAction\",\"target\":{\"@type\":\"EntryPoint\",\"urlTemplate\":\"https:\\\/\\\/www.translingua.ch\\\/?s={search_term_string}\"},\"query-input\":{\"@type\":\"PropertyValueSpecification\",\"valueRequired\":true,\"valueName\":\"search_term_string\"}}],\"inLanguage\":\"fr-FR\"},{\"@type\":\"Organization\",\"@id\":\"https:\\\/\\\/www.translingua.ch\\\/#organization\",\"name\":\"Translingua AG\",\"url\":\"https:\\\/\\\/www.translingua.ch\\\/\",\"logo\":{\"@type\":\"ImageObject\",\"inLanguage\":\"fr-FR\",\"@id\":\"https:\\\/\\\/www.translingua.ch\\\/#\\\/schema\\\/logo\\\/image\\\/\",\"url\":\"https:\\\/\\\/www.translingua.ch\\\/wp-content\\\/uploads\\\/logo.png\",\"contentUrl\":\"https:\\\/\\\/www.translingua.ch\\\/wp-content\\\/uploads\\\/logo.png\",\"width\":261,\"height\":106,\"caption\":\"Translingua AG\"},\"image\":{\"@id\":\"https:\\\/\\\/www.translingua.ch\\\/#\\\/schema\\\/logo\\\/image\\\/\"}}]}<\/script>\n<!-- \/ Yoast SEO plugin. -->","yoast_head_json":{"title":"Translingua AG &#8226; Autres services","robots":{"index":"index","follow":"follow","max-snippet":"max-snippet:-1","max-image-preview":"max-image-preview:large","max-video-preview":"max-video-preview:-1"},"canonical":"https:\/\/www.translingua.ch\/fr\/autres-services\/","og_locale":"fr_FR","og_type":"article","og_title":"Translingua AG &#8226; Autres services","og_description":"D\u00e9couvrez ici ce que Translingua peut faire pour vous&nbsp;: N\u2019h\u00e9sitez pas \u00e0 collaborer avec nous pour aller plus loin dans vos projets linguistiques. Nous vous assurons un soutien rapide, simple et n\u00e9anmoins comp\u00e9tent.","og_url":"https:\/\/www.translingua.ch\/fr\/autres-services\/","og_site_name":"Translingua AG","article_modified_time":"2026-02-20T12:56:15+00:00","twitter_card":"summary_large_image","twitter_misc":{"Dur\u00e9e de lecture estim\u00e9e":"1 minute"},"schema":{"@context":"https:\/\/schema.org","@graph":[{"@type":"WebPage","@id":"https:\/\/www.translingua.ch\/fr\/autres-services\/","url":"https:\/\/www.translingua.ch\/fr\/autres-services\/","name":"Translingua AG &#8226; Autres services","isPartOf":{"@id":"https:\/\/www.translingua.ch\/#website"},"datePublished":"2025-10-03T16:23:03+00:00","dateModified":"2026-02-20T12:56:15+00:00","breadcrumb":{"@id":"https:\/\/www.translingua.ch\/fr\/autres-services\/#breadcrumb"},"inLanguage":"fr-FR","potentialAction":[{"@type":"ReadAction","target":["https:\/\/www.translingua.ch\/fr\/autres-services\/"]}]},{"@type":"BreadcrumbList","@id":"https:\/\/www.translingua.ch\/fr\/autres-services\/#breadcrumb","itemListElement":[{"@type":"ListItem","position":1,"name":"Home","item":"https:\/\/www.translingua.ch\/fr\/"},{"@type":"ListItem","position":2,"name":"Autres services"}]},{"@type":"WebSite","@id":"https:\/\/www.translingua.ch\/#website","url":"https:\/\/www.translingua.ch\/","name":"Translingua AG","description":"\u00dcbersetzungsb\u00fcro in Z\u00fcrich seit 1975","publisher":{"@id":"https:\/\/www.translingua.ch\/#organization"},"potentialAction":[{"@type":"SearchAction","target":{"@type":"EntryPoint","urlTemplate":"https:\/\/www.translingua.ch\/?s={search_term_string}"},"query-input":{"@type":"PropertyValueSpecification","valueRequired":true,"valueName":"search_term_string"}}],"inLanguage":"fr-FR"},{"@type":"Organization","@id":"https:\/\/www.translingua.ch\/#organization","name":"Translingua AG","url":"https:\/\/www.translingua.ch\/","logo":{"@type":"ImageObject","inLanguage":"fr-FR","@id":"https:\/\/www.translingua.ch\/#\/schema\/logo\/image\/","url":"https:\/\/www.translingua.ch\/wp-content\/uploads\/logo.png","contentUrl":"https:\/\/www.translingua.ch\/wp-content\/uploads\/logo.png","width":261,"height":106,"caption":"Translingua AG"},"image":{"@id":"https:\/\/www.translingua.ch\/#\/schema\/logo\/image\/"}}]}},"_links":{"self":[{"href":"https:\/\/www.translingua.ch\/fr\/wp-json\/wp\/v2\/pages\/10464","targetHints":{"allow":["GET"]}}],"collection":[{"href":"https:\/\/www.translingua.ch\/fr\/wp-json\/wp\/v2\/pages"}],"about":[{"href":"https:\/\/www.translingua.ch\/fr\/wp-json\/wp\/v2\/types\/page"}],"author":[{"embeddable":true,"href":"https:\/\/www.translingua.ch\/fr\/wp-json\/wp\/v2\/users\/2"}],"replies":[{"embeddable":true,"href":"https:\/\/www.translingua.ch\/fr\/wp-json\/wp\/v2\/comments?post=10464"}],"version-history":[{"count":7,"href":"https:\/\/www.translingua.ch\/fr\/wp-json\/wp\/v2\/pages\/10464\/revisions"}],"predecessor-version":[{"id":11408,"href":"https:\/\/www.translingua.ch\/fr\/wp-json\/wp\/v2\/pages\/10464\/revisions\/11408"}],"wp:attachment":[{"href":"https:\/\/www.translingua.ch\/fr\/wp-json\/wp\/v2\/media?parent=10464"}],"curies":[{"name":"wp","href":"https:\/\/api.w.org\/{rel}","templated":true}]}}