{"id":717,"date":"2017-02-28T16:31:18","date_gmt":"2017-02-28T15:31:18","guid":{"rendered":"https:\/\/www.translingua.ch\/?page_id=717\/"},"modified":"2026-01-19T16:16:45","modified_gmt":"2026-01-19T15:16:45","slug":"other-specialist-areas","status":"publish","type":"page","link":"https:\/\/www.translingua.ch\/en\/transllingua-specialist-translations\/other-specialist-areas\/","title":{"rendered":"Other specialist areas"},"content":{"rendered":"\n<div class=\"wp-block-stackable-columns stk-block-columns stk-block stk-71736c3\" data-block-id=\"71736c3\"><style>.stk-71736c3 {max-width:800px !important;min-width:auto !important;margin-right:auto !important;margin-left:auto !important;}.stk-71736c3-column{row-gap:35px !important;}<\/style><div class=\"stk-row stk-inner-blocks stk-block-content stk-content-align stk-71736c3-column\">\n<div class=\"wp-block-stackable-column stk-block-column stk-column stk-block stk-83e73f5\" data-block-id=\"83e73f5\"><style>.stk-83e73f5-container{margin-top:0px !important;margin-right:0px !important;margin-bottom:0px !important;margin-left:0px !important;}@media screen and (min-width: 768px){.stk-83e73f5 {flex:var(--stk-flex-grow, 1) 1 calc(75% - var(--stk-column-gap, 0px) * 1 \/ 2 ) !important;}}<\/style><div class=\"stk-column-wrapper stk-block-column__content stk-container stk-83e73f5-container stk--no-background stk--no-padding\"><div class=\"stk-block-content stk-inner-blocks stk-83e73f5-inner-blocks\">\n<h1 class=\"wp-block-heading\" id=\"other-specialist-areas\">Other specialist areas<\/h1>\n<\/div><\/div><\/div>\n\n\n\n<div class=\"wp-block-stackable-column stk-block-column stk-column stk-block stk-a802132\" data-block-id=\"a802132\"><style>.stk-a802132-container{margin-top:0px !important;margin-right:0px !important;margin-bottom:0px !important;margin-left:0px !important;}@media screen and (min-width: 768px){.stk-a802132 {flex:var(--stk-flex-grow, 1) 1 calc(25% - var(--stk-column-gap, 0px) * 1 \/ 2 ) !important;}}<\/style><div class=\"stk-column-wrapper stk-block-column__content stk-container stk-a802132-container stk--no-background stk--no-padding\"><div class=\"stk-block-content stk-inner-blocks stk-a802132-inner-blocks\"><div class=\"wp-block-image\">\n<figure class=\"aligncenter size-full\"><img loading=\"lazy\" decoding=\"async\" width=\"500\" height=\"500\" src=\"https:\/\/www.translingua.ch\/wp-content\/uploads\/Andere-Fachuebersetzungen_Icon-Schwarz.png\" alt=\"\" class=\"wp-image-4612\" srcset=\"https:\/\/www.translingua.ch\/wp-content\/uploads\/Andere-Fachuebersetzungen_Icon-Schwarz.png 500w, https:\/\/www.translingua.ch\/wp-content\/uploads\/Andere-Fachuebersetzungen_Icon-Schwarz-300x300.png 300w, https:\/\/www.translingua.ch\/wp-content\/uploads\/Andere-Fachuebersetzungen_Icon-Schwarz-150x150.png 150w\" sizes=\"auto, (max-width: 500px) 100vw, 500px\" \/><\/figure>\n<\/div><\/div><\/div><\/div>\n<\/div><\/div>\n\n\n\n<h2 class=\"wp-block-heading\" id=\"professional-translations-in-a-wide-range-of-specialist-areas\">Professional translations in a wide range of specialist areas<\/h2>\n\n\n\n<p>Translingua has stood for linguistic competence and industry expertise since 1975. We know a wide range of subjects and specialist areas inside and out thanks to these many years of experience and our daily interaction with customers and linguists. Translingua successfully handles translation projects in the following areas:<\/p>\n\n\n\n<div class=\"wp-block-columns is-layout-flex wp-container-core-columns-is-layout-9d6595d7 wp-block-columns-is-layout-flex\">\n<div class=\"wp-block-column is-layout-flow wp-block-column-is-layout-flow\">\n<ul class=\"wp-block-list\">\n<li>Administration<\/li>\n\n\n\n<li>Agriculture<\/li>\n\n\n\n<li>Air conditioning<\/li>\n\n\n\n<li>Apparatus engineering<\/li>\n\n\n\n<li><a href=\"https:\/\/www.translingua.ch\/en\/translations\/construction-industry-and-real-estate\/\">Architecture<\/a><\/li>\n\n\n\n<li>Art<\/li>\n\n\n\n<li>Automotive<\/li>\n\n\n\n<li><a href=\"https:\/\/www.translingua.ch\/en\/translations\/construction-industry-and-real-estate\/\">Building materials<\/a><\/li>\n\n\n\n<li>Business<\/li>\n\n\n\n<li><a href=\"https:\/\/www.translingua.ch\/en\/translations\/food\/\">Catering<\/a><\/li>\n\n\n\n<li>Chemistry<\/li>\n\n\n\n<li>Civil engineering<\/li>\n\n\n\n<li><a href=\"https:\/\/www.translingua.ch\/en\/translations\/fashion-and-lifestyle\/\">Clothing industry<\/a><\/li>\n\n\n\n<li><a href=\"https:\/\/www.translingua.ch\/en\/translations\/construction-industry-and-real-estate\/\">Construction<\/a><\/li>\n\n\n\n<li>Construction machinery<\/li>\n\n\n\n<li>Construction suppliers<\/li>\n\n\n\n<li>Consulting<\/li>\n\n\n\n<li>Consumer electronics<\/li>\n\n\n\n<li>Consumer goods<\/li>\n\n\n\n<li><a href=\"https:\/\/www.translingua.ch\/en\/translations\/fashion-and-lifestyle\/\">Cosmetics<\/a><\/li>\n\n\n\n<li>Culture<\/li>\n\n\n\n<li>Design<\/li>\n\n\n\n<li>Disposal<\/li>\n\n\n\n<li><a href=\"https:\/\/www.translingua.ch\/en\/translations\/education\/\">Education<\/a><\/li>\n\n\n\n<li>Electronics<\/li>\n\n\n\n<li>Engineering<\/li>\n\n\n\n<li>Environmental technology<\/li>\n\n\n\n<li>Export<\/li>\n\n\n\n<li><a href=\"https:\/\/www.translingua.ch\/en\/translations\/fashion-and-lifestyle\/\">Fashion and lifestyle<\/a><\/li>\n\n\n\n<li>Film<\/li>\n\n\n\n<li><a href=\"https:\/\/www.translingua.ch\/en\/translations\/finance\/\">Finance<\/a><\/li>\n\n\n\n<li>Fire prevention<\/li>\n\n\n\n<li>Foodstuffs<\/li>\n\n\n\n<li><a href=\"https:\/\/www.translingua.ch\/en\/translations\/education\/\">Further education<\/a><\/li>\n\n\n\n<li><a href=\"https:\/\/www.translingua.ch\/en\/translations\/food\/\">Gastronomy<\/a><\/li>\n\n\n\n<li>Graphic design<\/li>\n\n\n\n<li>Human Relations management<\/li>\n\n\n\n<li>Industry<\/li>\n\n\n\n<li>Information technology<\/li>\n\n\n\n<li>Infrastructure<\/li>\n\n\n\n<li>Insurance<\/li>\n\n\n\n<li><a href=\"https:\/\/www.translingua.ch\/en\/language-and-law\/\">Law<\/a><\/li>\n\n\n\n<li>Leasing<\/li>\n\n\n\n<li>Logistics<\/li>\n\n\n\n<li><a href=\"https:\/\/www.translingua.ch\/en\/translations\/technology\/\">Machine construction<\/a><\/li>\n<\/ul>\n<\/div>\n\n\n\n<div class=\"wp-block-column is-layout-flow wp-block-column-is-layout-flow\">\n<ul id=\"block-33498728-2c48-4ca3-b784-d88920f69185\" class=\"wp-block-list\">\n<li><a href=\"https:\/\/www.translingua.ch\/en\/translations\/marketing-and-communication\/\">Marketing, communication and PR<\/a><\/li>\n\n\n\n<li>Media<\/li>\n\n\n\n<li>Medicine<\/li>\n\n\n\n<li>Metal construction<\/li>\n\n\n\n<li>Metal processing<\/li>\n\n\n\n<li>Mobility<\/li>\n\n\n\n<li><a href=\"https:\/\/www.translingua.ch\/en\/translations\/fundraising\/\">Non-profit organisations<\/a><\/li>\n\n\n\n<li>Nuclear energy<\/li>\n\n\n\n<li>Occupational safety<\/li>\n\n\n\n<li>Optics<\/li>\n\n\n\n<li>Overhead lines<\/li>\n\n\n\n<li>Paints &amp; varnishes<\/li>\n\n\n\n<li>Patents<\/li>\n\n\n\n<li>Pension funds<\/li>\n\n\n\n<li>Pharmaceuticals<\/li>\n\n\n\n<li>Photography<\/li>\n\n\n\n<li>Power engineering<\/li>\n\n\n\n<li>Public administration<\/li>\n\n\n\n<li>Public relations<\/li>\n\n\n\n<li>Public transport<\/li>\n\n\n\n<li>Rail transport<\/li>\n\n\n\n<li><a href=\"https:\/\/www.translingua.ch\/en\/translations\/construction-industry-and-real-estate\/\">Real estate<\/a><\/li>\n\n\n\n<li>Research &amp; development<\/li>\n\n\n\n<li>Retail<\/li>\n\n\n\n<li>Sales<\/li>\n\n\n\n<li>Science<\/li>\n\n\n\n<li>Security<\/li>\n\n\n\n<li><a href=\"https:\/\/www.translingua.ch\/en\/translations\/marketing-and-communication\/\">Social media<\/a><\/li>\n\n\n\n<li>Software<\/li>\n\n\n\n<li>Structural engineering<\/li>\n\n\n\n<li>Surface treatment<\/li>\n\n\n\n<li>Sustainability<\/li>\n\n\n\n<li><a href=\"https:\/\/www.translingua.ch\/en\/translations\/food\/\">System catering<\/a><\/li>\n\n\n\n<li><a href=\"https:\/\/www.translingua.ch\/en\/translations\/education\/\">Teaching materials<\/a><\/li>\n\n\n\n<li>Telecommunications<\/li>\n\n\n\n<li>Tendering<\/li>\n\n\n\n<li><a href=\"https:\/\/www.translingua.ch\/en\/translations\/fashion-and-lifestyle\/\">Textiles<\/a><\/li>\n\n\n\n<li>Tourism<\/li>\n\n\n\n<li>Trade<\/li>\n\n\n\n<li>Trade fairs<\/li>\n\n\n\n<li>Transport<\/li>\n\n\n\n<li><a href=\"https:\/\/www.translingua.ch\/en\/translations\/construction-industry-and-real-estate\/\">Tunnel construction<\/a><\/li>\n\n\n\n<li>Vehicle production<\/li>\n<\/ul>\n<\/div>\n<\/div>\n\n\n\n<p>If you are planning translations in a specific area, feel free to consult Translingua as an experienced partner for languages and translation. We will be pleased to hear about your needs and will provide you with transparent advice free of charge.<\/p>\n\n\n\n<div class=\"wp-block-buttons is-horizontal is-content-justification-center is-layout-flex wp-container-core-buttons-is-layout-499968f5 wp-block-buttons-is-layout-flex\">\n<div class=\"wp-block-button\"><a class=\"wp-block-button__link wp-element-button\" href=\"https:\/\/www.translingua.ch\/en\/request-a-quote\/\">Ask about specialist translations<\/a><\/div>\n<\/div>\n","protected":false},"excerpt":{"rendered":"<p>Other specialist areas Professional translations in a wide range of specialist areas Translingua has stood for linguistic competence and industry expertise since 1975. We know a wide range of subjects and specialist areas inside and out thanks to these many years of experience and our daily interaction with customers and linguists. Translingua successfully handles translation projects in the following areas: &#8230; <a title=\"Other specialist areas\" class=\"read-more\" href=\"https:\/\/www.translingua.ch\/en\/transllingua-specialist-translations\/other-specialist-areas\/\" aria-label=\"Read more about Other specialist areas\">Weiterlesen<\/a><\/p>\n","protected":false},"author":1,"featured_media":0,"parent":687,"menu_order":0,"comment_status":"closed","ping_status":"closed","template":"","meta":{"footnotes":""},"class_list":["post-717","page","type-page","status-publish"],"featured_image_urls_v2":{"full":"","thumbnail":"","medium":"","medium_large":"","large":"","1536x1536":"","2048x2048":"","gform-image-choice-sm":"","gform-image-choice-md":"","gform-image-choice-lg":""},"post_excerpt_stackable_v2":"<p>Other specialist areas Professional translations in a wide range of specialist areas Translingua has stood for linguistic competence and industry expertise since 1975. We know a wide range of subjects and specialist areas inside and out thanks to these many years of experience and our daily interaction with customers and linguists. Translingua successfully handles translation projects in the following areas: Administration Agriculture Air conditioning Apparatus engineering Architecture Art Automotive Building materials Business Catering Chemistry Civil engineering Clothing industry Construction Construction machinery Construction suppliers Consulting Consumer electronics Consumer goods Cosmetics Culture Design Disposal Education Electronics Engineering Environmental technology Export Fashion and&hellip;<\/p>\n","category_list_v2":"","author_info_v2":{"name":"nailedit","url":"https:\/\/www.translingua.ch\/en\/author\/nailedit\/"},"comments_num_v2":"0 comments","yoast_head":"<!-- This site is optimized with the Yoast SEO plugin v27.4 - https:\/\/yoast.com\/product\/yoast-seo-wordpress\/ -->\n<title>Translingua AG &#8226; Other specialist areas<\/title>\n<meta name=\"robots\" content=\"index, follow, max-snippet:-1, max-image-preview:large, max-video-preview:-1\" \/>\n<link rel=\"canonical\" href=\"https:\/\/www.translingua.ch\/en\/transllingua-specialist-translations\/other-specialist-areas\/\" \/>\n<meta property=\"og:locale\" content=\"en_GB\" \/>\n<meta property=\"og:type\" content=\"article\" \/>\n<meta property=\"og:title\" content=\"Translingua AG &#8226; Other specialist areas\" \/>\n<meta property=\"og:description\" content=\"Other specialist areas Professional translations in a wide range of specialist areas Translingua has stood for linguistic competence and industry expertise since 1975. We know a wide range of subjects and specialist areas inside and out thanks to these many years of experience and our daily interaction with customers and linguists. Translingua successfully handles translation projects in the following areas: ... Weiterlesen\" \/>\n<meta property=\"og:url\" content=\"https:\/\/www.translingua.ch\/en\/transllingua-specialist-translations\/other-specialist-areas\/\" \/>\n<meta property=\"og:site_name\" content=\"Translingua AG\" \/>\n<meta property=\"article:modified_time\" content=\"2026-01-19T15:16:45+00:00\" \/>\n<meta property=\"og:image\" content=\"https:\/\/www.translingua.ch\/wp-content\/uploads\/Andere-Fachuebersetzungen_Icon-Schwarz.png\" \/>\n\t<meta property=\"og:image:width\" content=\"500\" \/>\n\t<meta property=\"og:image:height\" content=\"500\" \/>\n\t<meta property=\"og:image:type\" content=\"image\/png\" \/>\n<meta name=\"twitter:card\" content=\"summary_large_image\" \/>\n<meta name=\"twitter:label1\" content=\"Estimated reading time\" \/>\n\t<meta name=\"twitter:data1\" content=\"2 minutes\" \/>\n<script type=\"application\/ld+json\" class=\"yoast-schema-graph\">{\"@context\":\"https:\\\/\\\/schema.org\",\"@graph\":[{\"@type\":\"WebPage\",\"@id\":\"https:\\\/\\\/www.translingua.ch\\\/en\\\/transllingua-specialist-translations\\\/other-specialist-areas\\\/\",\"url\":\"https:\\\/\\\/www.translingua.ch\\\/en\\\/transllingua-specialist-translations\\\/other-specialist-areas\\\/\",\"name\":\"Translingua AG &#8226; Other specialist areas\",\"isPartOf\":{\"@id\":\"https:\\\/\\\/www.translingua.ch\\\/#website\"},\"primaryImageOfPage\":{\"@id\":\"https:\\\/\\\/www.translingua.ch\\\/en\\\/transllingua-specialist-translations\\\/other-specialist-areas\\\/#primaryimage\"},\"image\":{\"@id\":\"https:\\\/\\\/www.translingua.ch\\\/en\\\/transllingua-specialist-translations\\\/other-specialist-areas\\\/#primaryimage\"},\"thumbnailUrl\":\"https:\\\/\\\/www.translingua.ch\\\/wp-content\\\/uploads\\\/Andere-Fachuebersetzungen_Icon-Schwarz.png\",\"datePublished\":\"2017-02-28T15:31:18+00:00\",\"dateModified\":\"2026-01-19T15:16:45+00:00\",\"breadcrumb\":{\"@id\":\"https:\\\/\\\/www.translingua.ch\\\/en\\\/transllingua-specialist-translations\\\/other-specialist-areas\\\/#breadcrumb\"},\"inLanguage\":\"en-GB\",\"potentialAction\":[{\"@type\":\"ReadAction\",\"target\":[\"https:\\\/\\\/www.translingua.ch\\\/en\\\/transllingua-specialist-translations\\\/other-specialist-areas\\\/\"]}]},{\"@type\":\"ImageObject\",\"inLanguage\":\"en-GB\",\"@id\":\"https:\\\/\\\/www.translingua.ch\\\/en\\\/transllingua-specialist-translations\\\/other-specialist-areas\\\/#primaryimage\",\"url\":\"https:\\\/\\\/www.translingua.ch\\\/wp-content\\\/uploads\\\/Andere-Fachuebersetzungen_Icon-Schwarz.png\",\"contentUrl\":\"https:\\\/\\\/www.translingua.ch\\\/wp-content\\\/uploads\\\/Andere-Fachuebersetzungen_Icon-Schwarz.png\"},{\"@type\":\"BreadcrumbList\",\"@id\":\"https:\\\/\\\/www.translingua.ch\\\/en\\\/transllingua-specialist-translations\\\/other-specialist-areas\\\/#breadcrumb\",\"itemListElement\":[{\"@type\":\"ListItem\",\"position\":1,\"name\":\"Home\",\"item\":\"https:\\\/\\\/www.translingua.ch\\\/en\\\/\"},{\"@type\":\"ListItem\",\"position\":2,\"name\":\"Specialist translations\",\"item\":\"https:\\\/\\\/www.translingua.ch\\\/en\\\/transllingua-specialist-translations\\\/\"},{\"@type\":\"ListItem\",\"position\":3,\"name\":\"Other specialist areas\"}]},{\"@type\":\"WebSite\",\"@id\":\"https:\\\/\\\/www.translingua.ch\\\/#website\",\"url\":\"https:\\\/\\\/www.translingua.ch\\\/\",\"name\":\"Translingua AG\",\"description\":\"\u00dcbersetzungsb\u00fcro in Z\u00fcrich seit 1975\",\"publisher\":{\"@id\":\"https:\\\/\\\/www.translingua.ch\\\/#organization\"},\"potentialAction\":[{\"@type\":\"SearchAction\",\"target\":{\"@type\":\"EntryPoint\",\"urlTemplate\":\"https:\\\/\\\/www.translingua.ch\\\/?s={search_term_string}\"},\"query-input\":{\"@type\":\"PropertyValueSpecification\",\"valueRequired\":true,\"valueName\":\"search_term_string\"}}],\"inLanguage\":\"en-GB\"},{\"@type\":\"Organization\",\"@id\":\"https:\\\/\\\/www.translingua.ch\\\/#organization\",\"name\":\"Translingua AG\",\"url\":\"https:\\\/\\\/www.translingua.ch\\\/\",\"logo\":{\"@type\":\"ImageObject\",\"inLanguage\":\"en-GB\",\"@id\":\"https:\\\/\\\/www.translingua.ch\\\/#\\\/schema\\\/logo\\\/image\\\/\",\"url\":\"https:\\\/\\\/www.translingua.ch\\\/wp-content\\\/uploads\\\/logo.png\",\"contentUrl\":\"https:\\\/\\\/www.translingua.ch\\\/wp-content\\\/uploads\\\/logo.png\",\"width\":261,\"height\":106,\"caption\":\"Translingua AG\"},\"image\":{\"@id\":\"https:\\\/\\\/www.translingua.ch\\\/#\\\/schema\\\/logo\\\/image\\\/\"}}]}<\/script>\n<!-- \/ Yoast SEO plugin. -->","yoast_head_json":{"title":"Translingua AG &#8226; Other specialist areas","robots":{"index":"index","follow":"follow","max-snippet":"max-snippet:-1","max-image-preview":"max-image-preview:large","max-video-preview":"max-video-preview:-1"},"canonical":"https:\/\/www.translingua.ch\/en\/transllingua-specialist-translations\/other-specialist-areas\/","og_locale":"en_GB","og_type":"article","og_title":"Translingua AG &#8226; Other specialist areas","og_description":"Other specialist areas Professional translations in a wide range of specialist areas Translingua has stood for linguistic competence and industry expertise since 1975. We know a wide range of subjects and specialist areas inside and out thanks to these many years of experience and our daily interaction with customers and linguists. Translingua successfully handles translation projects in the following areas: ... Weiterlesen","og_url":"https:\/\/www.translingua.ch\/en\/transllingua-specialist-translations\/other-specialist-areas\/","og_site_name":"Translingua AG","article_modified_time":"2026-01-19T15:16:45+00:00","og_image":[{"width":500,"height":500,"url":"https:\/\/www.translingua.ch\/wp-content\/uploads\/Andere-Fachuebersetzungen_Icon-Schwarz.png","type":"image\/png"}],"twitter_card":"summary_large_image","twitter_misc":{"Estimated reading time":"2 minutes"},"schema":{"@context":"https:\/\/schema.org","@graph":[{"@type":"WebPage","@id":"https:\/\/www.translingua.ch\/en\/transllingua-specialist-translations\/other-specialist-areas\/","url":"https:\/\/www.translingua.ch\/en\/transllingua-specialist-translations\/other-specialist-areas\/","name":"Translingua AG &#8226; Other specialist areas","isPartOf":{"@id":"https:\/\/www.translingua.ch\/#website"},"primaryImageOfPage":{"@id":"https:\/\/www.translingua.ch\/en\/transllingua-specialist-translations\/other-specialist-areas\/#primaryimage"},"image":{"@id":"https:\/\/www.translingua.ch\/en\/transllingua-specialist-translations\/other-specialist-areas\/#primaryimage"},"thumbnailUrl":"https:\/\/www.translingua.ch\/wp-content\/uploads\/Andere-Fachuebersetzungen_Icon-Schwarz.png","datePublished":"2017-02-28T15:31:18+00:00","dateModified":"2026-01-19T15:16:45+00:00","breadcrumb":{"@id":"https:\/\/www.translingua.ch\/en\/transllingua-specialist-translations\/other-specialist-areas\/#breadcrumb"},"inLanguage":"en-GB","potentialAction":[{"@type":"ReadAction","target":["https:\/\/www.translingua.ch\/en\/transllingua-specialist-translations\/other-specialist-areas\/"]}]},{"@type":"ImageObject","inLanguage":"en-GB","@id":"https:\/\/www.translingua.ch\/en\/transllingua-specialist-translations\/other-specialist-areas\/#primaryimage","url":"https:\/\/www.translingua.ch\/wp-content\/uploads\/Andere-Fachuebersetzungen_Icon-Schwarz.png","contentUrl":"https:\/\/www.translingua.ch\/wp-content\/uploads\/Andere-Fachuebersetzungen_Icon-Schwarz.png"},{"@type":"BreadcrumbList","@id":"https:\/\/www.translingua.ch\/en\/transllingua-specialist-translations\/other-specialist-areas\/#breadcrumb","itemListElement":[{"@type":"ListItem","position":1,"name":"Home","item":"https:\/\/www.translingua.ch\/en\/"},{"@type":"ListItem","position":2,"name":"Specialist translations","item":"https:\/\/www.translingua.ch\/en\/transllingua-specialist-translations\/"},{"@type":"ListItem","position":3,"name":"Other specialist areas"}]},{"@type":"WebSite","@id":"https:\/\/www.translingua.ch\/#website","url":"https:\/\/www.translingua.ch\/","name":"Translingua AG","description":"\u00dcbersetzungsb\u00fcro in Z\u00fcrich seit 1975","publisher":{"@id":"https:\/\/www.translingua.ch\/#organization"},"potentialAction":[{"@type":"SearchAction","target":{"@type":"EntryPoint","urlTemplate":"https:\/\/www.translingua.ch\/?s={search_term_string}"},"query-input":{"@type":"PropertyValueSpecification","valueRequired":true,"valueName":"search_term_string"}}],"inLanguage":"en-GB"},{"@type":"Organization","@id":"https:\/\/www.translingua.ch\/#organization","name":"Translingua AG","url":"https:\/\/www.translingua.ch\/","logo":{"@type":"ImageObject","inLanguage":"en-GB","@id":"https:\/\/www.translingua.ch\/#\/schema\/logo\/image\/","url":"https:\/\/www.translingua.ch\/wp-content\/uploads\/logo.png","contentUrl":"https:\/\/www.translingua.ch\/wp-content\/uploads\/logo.png","width":261,"height":106,"caption":"Translingua AG"},"image":{"@id":"https:\/\/www.translingua.ch\/#\/schema\/logo\/image\/"}}]}},"_links":{"self":[{"href":"https:\/\/www.translingua.ch\/en\/wp-json\/wp\/v2\/pages\/717","targetHints":{"allow":["GET"]}}],"collection":[{"href":"https:\/\/www.translingua.ch\/en\/wp-json\/wp\/v2\/pages"}],"about":[{"href":"https:\/\/www.translingua.ch\/en\/wp-json\/wp\/v2\/types\/page"}],"author":[{"embeddable":true,"href":"https:\/\/www.translingua.ch\/en\/wp-json\/wp\/v2\/users\/1"}],"replies":[{"embeddable":true,"href":"https:\/\/www.translingua.ch\/en\/wp-json\/wp\/v2\/comments?post=717"}],"version-history":[{"count":6,"href":"https:\/\/www.translingua.ch\/en\/wp-json\/wp\/v2\/pages\/717\/revisions"}],"predecessor-version":[{"id":11300,"href":"https:\/\/www.translingua.ch\/en\/wp-json\/wp\/v2\/pages\/717\/revisions\/11300"}],"up":[{"embeddable":true,"href":"https:\/\/www.translingua.ch\/en\/wp-json\/wp\/v2\/pages\/687"}],"wp:attachment":[{"href":"https:\/\/www.translingua.ch\/en\/wp-json\/wp\/v2\/media?parent=717"}],"curies":[{"name":"wp","href":"https:\/\/api.w.org\/{rel}","templated":true}]}}