{"id":5370,"date":"2022-01-07T16:42:06","date_gmt":"2022-01-07T15:42:06","guid":{"rendered":"https:\/\/www.translingua.ch\/?page_id=5370"},"modified":"2022-01-07T16:42:07","modified_gmt":"2022-01-07T15:42:07","slug":"audio","status":"publish","type":"page","link":"https:\/\/www.translingua.ch\/en\/language-and-text-services\/audio\/","title":{"rendered":"Audio in multiple languages"},"content":{"rendered":"\n<h2 class=\"wp-block-heading\">Professional text to audio<\/h2>\n\n\n\n<p>To turn texts into audio, Translingua works with professional voice artists and specialist recording studios. Whatever your needs \u2013 audio book, image film, advertising spot or TV report \u2013 it will be our pleasure to support your audio project. We are alert to the important linguistic details and subtleties which are particularly crucial in a voice recording.<\/p>\n\n\n\n<h2 class=\"wp-block-heading\">Audio demands extreme linguistic precision<\/h2>\n\n\n\n<p>To ensure high-quality results, we work with voice artists who have the target language as their mother tongue. We match accents, dialects and cultural characteristics with the desired audio product. Our long-standing partnerships enable us to record texts in multiple languages simultaneously.<\/p>\n\n\n\n<h2 class=\"wp-block-heading\">Translingua can handle the planning for your text-to-audio project<\/h2>\n\n\n\n<p>Good planning of text translations and recording helps to save time and trouble. Because depending on the language, translated versions of written documents may be longer or shorter than the original, and such problems have to be considered in audio projects involving multiple languages. Contact us \u2013 we&#8217;ll gladly help you with your text-to-audio project.<\/p>\n\n\n\n<div class=\"wp-block-buttons is-content-justification-center is-layout-flex wp-block-buttons-is-layout-flex\">\n<div class=\"wp-block-button\"><a class=\"wp-block-button__link\" href=\"https:\/\/www.translingua.ch\/en\/request-a-quote\/\">Ask about text to audio<\/a><\/div>\n<\/div>\n","protected":false},"excerpt":{"rendered":"<p>Professional text to audio To turn texts into audio, Translingua works with professional voice artists and specialist recording studios. Whatever your needs \u2013 audio book, image film, advertising spot or TV report \u2013 it will be our pleasure to support your audio project. We are alert to the important linguistic details and subtleties which are particularly crucial in a voice &#8230; <a title=\"Audio in multiple languages\" class=\"read-more\" href=\"https:\/\/www.translingua.ch\/en\/language-and-text-services\/audio\/\" aria-label=\"Read more about Audio in multiple languages\">Weiterlesen<\/a><\/p>\n","protected":false},"author":1,"featured_media":0,"parent":733,"menu_order":0,"comment_status":"closed","ping_status":"closed","template":"","meta":{"footnotes":""},"class_list":["post-5370","page","type-page","status-publish"],"featured_image_urls_v2":{"full":"","thumbnail":"","medium":"","medium_large":"","large":"","1536x1536":"","2048x2048":"","gform-image-choice-sm":"","gform-image-choice-md":"","gform-image-choice-lg":""},"post_excerpt_stackable_v2":"<p>Professional text to audio To turn texts into audio, Translingua works with professional voice artists and specialist recording studios. Whatever your needs \u2013 audio book, image film, advertising spot or TV report \u2013 it will be our pleasure to support your audio project. We are alert to the important linguistic details and subtleties which are particularly crucial in a voice recording. Audio demands extreme linguistic precision To ensure high-quality results, we work with voice artists who have the target language as their mother tongue. We match accents, dialects and cultural characteristics with the desired audio product. Our long-standing partnerships enable&hellip;<\/p>\n","category_list_v2":"","author_info_v2":{"name":"nailedit","url":"https:\/\/www.translingua.ch\/en\/author\/nailedit\/"},"comments_num_v2":"0 comments","yoast_head":"<!-- This site is optimized with the Yoast SEO plugin v27.4 - https:\/\/yoast.com\/product\/yoast-seo-wordpress\/ -->\n<title>Translingua AG &#8226; Audio in multiple languages<\/title>\n<meta name=\"robots\" content=\"index, follow, max-snippet:-1, max-image-preview:large, max-video-preview:-1\" \/>\n<link rel=\"canonical\" href=\"https:\/\/www.translingua.ch\/en\/language-and-text-services\/audio\/\" \/>\n<meta property=\"og:locale\" content=\"en_GB\" \/>\n<meta property=\"og:type\" content=\"article\" \/>\n<meta property=\"og:title\" content=\"Translingua AG &#8226; Audio in multiple languages\" \/>\n<meta property=\"og:description\" content=\"Professional text to audio To turn texts into audio, Translingua works with professional voice artists and specialist recording studios. Whatever your needs \u2013 audio book, image film, advertising spot or TV report \u2013 it will be our pleasure to support your audio project. We are alert to the important linguistic details and subtleties which are particularly crucial in a voice ... Weiterlesen\" \/>\n<meta property=\"og:url\" content=\"https:\/\/www.translingua.ch\/en\/language-and-text-services\/audio\/\" \/>\n<meta property=\"og:site_name\" content=\"Translingua AG\" \/>\n<meta property=\"article:modified_time\" content=\"2022-01-07T15:42:07+00:00\" \/>\n<meta name=\"twitter:card\" content=\"summary_large_image\" \/>\n<meta name=\"twitter:label1\" content=\"Estimated reading time\" \/>\n\t<meta name=\"twitter:data1\" content=\"1 minute\" \/>\n<script type=\"application\/ld+json\" class=\"yoast-schema-graph\">{\"@context\":\"https:\\\/\\\/schema.org\",\"@graph\":[{\"@type\":\"WebPage\",\"@id\":\"https:\\\/\\\/www.translingua.ch\\\/en\\\/language-and-text-services\\\/audio\\\/\",\"url\":\"https:\\\/\\\/www.translingua.ch\\\/en\\\/language-and-text-services\\\/audio\\\/\",\"name\":\"Translingua AG &#8226; Audio in multiple languages\",\"isPartOf\":{\"@id\":\"https:\\\/\\\/www.translingua.ch\\\/#website\"},\"datePublished\":\"2022-01-07T15:42:06+00:00\",\"dateModified\":\"2022-01-07T15:42:07+00:00\",\"breadcrumb\":{\"@id\":\"https:\\\/\\\/www.translingua.ch\\\/en\\\/language-and-text-services\\\/audio\\\/#breadcrumb\"},\"inLanguage\":\"en-GB\",\"potentialAction\":[{\"@type\":\"ReadAction\",\"target\":[\"https:\\\/\\\/www.translingua.ch\\\/en\\\/language-and-text-services\\\/audio\\\/\"]}]},{\"@type\":\"BreadcrumbList\",\"@id\":\"https:\\\/\\\/www.translingua.ch\\\/en\\\/language-and-text-services\\\/audio\\\/#breadcrumb\",\"itemListElement\":[{\"@type\":\"ListItem\",\"position\":1,\"name\":\"Home\",\"item\":\"https:\\\/\\\/www.translingua.ch\\\/en\\\/\"},{\"@type\":\"ListItem\",\"position\":2,\"name\":\"A single source for every language service\",\"item\":\"https:\\\/\\\/www.translingua.ch\\\/en\\\/language-and-text-services\\\/\"},{\"@type\":\"ListItem\",\"position\":3,\"name\":\"Audio in multiple languages\"}]},{\"@type\":\"WebSite\",\"@id\":\"https:\\\/\\\/www.translingua.ch\\\/#website\",\"url\":\"https:\\\/\\\/www.translingua.ch\\\/\",\"name\":\"Translingua AG\",\"description\":\"\u00dcbersetzungsb\u00fcro in Z\u00fcrich seit 1975\",\"publisher\":{\"@id\":\"https:\\\/\\\/www.translingua.ch\\\/#organization\"},\"potentialAction\":[{\"@type\":\"SearchAction\",\"target\":{\"@type\":\"EntryPoint\",\"urlTemplate\":\"https:\\\/\\\/www.translingua.ch\\\/?s={search_term_string}\"},\"query-input\":{\"@type\":\"PropertyValueSpecification\",\"valueRequired\":true,\"valueName\":\"search_term_string\"}}],\"inLanguage\":\"en-GB\"},{\"@type\":\"Organization\",\"@id\":\"https:\\\/\\\/www.translingua.ch\\\/#organization\",\"name\":\"Translingua AG\",\"url\":\"https:\\\/\\\/www.translingua.ch\\\/\",\"logo\":{\"@type\":\"ImageObject\",\"inLanguage\":\"en-GB\",\"@id\":\"https:\\\/\\\/www.translingua.ch\\\/#\\\/schema\\\/logo\\\/image\\\/\",\"url\":\"https:\\\/\\\/www.translingua.ch\\\/wp-content\\\/uploads\\\/logo.png\",\"contentUrl\":\"https:\\\/\\\/www.translingua.ch\\\/wp-content\\\/uploads\\\/logo.png\",\"width\":261,\"height\":106,\"caption\":\"Translingua AG\"},\"image\":{\"@id\":\"https:\\\/\\\/www.translingua.ch\\\/#\\\/schema\\\/logo\\\/image\\\/\"}}]}<\/script>\n<!-- \/ Yoast SEO plugin. -->","yoast_head_json":{"title":"Translingua AG &#8226; Audio in multiple languages","robots":{"index":"index","follow":"follow","max-snippet":"max-snippet:-1","max-image-preview":"max-image-preview:large","max-video-preview":"max-video-preview:-1"},"canonical":"https:\/\/www.translingua.ch\/en\/language-and-text-services\/audio\/","og_locale":"en_GB","og_type":"article","og_title":"Translingua AG &#8226; Audio in multiple languages","og_description":"Professional text to audio To turn texts into audio, Translingua works with professional voice artists and specialist recording studios. Whatever your needs \u2013 audio book, image film, advertising spot or TV report \u2013 it will be our pleasure to support your audio project. We are alert to the important linguistic details and subtleties which are particularly crucial in a voice ... Weiterlesen","og_url":"https:\/\/www.translingua.ch\/en\/language-and-text-services\/audio\/","og_site_name":"Translingua AG","article_modified_time":"2022-01-07T15:42:07+00:00","twitter_card":"summary_large_image","twitter_misc":{"Estimated reading time":"1 minute"},"schema":{"@context":"https:\/\/schema.org","@graph":[{"@type":"WebPage","@id":"https:\/\/www.translingua.ch\/en\/language-and-text-services\/audio\/","url":"https:\/\/www.translingua.ch\/en\/language-and-text-services\/audio\/","name":"Translingua AG &#8226; Audio in multiple languages","isPartOf":{"@id":"https:\/\/www.translingua.ch\/#website"},"datePublished":"2022-01-07T15:42:06+00:00","dateModified":"2022-01-07T15:42:07+00:00","breadcrumb":{"@id":"https:\/\/www.translingua.ch\/en\/language-and-text-services\/audio\/#breadcrumb"},"inLanguage":"en-GB","potentialAction":[{"@type":"ReadAction","target":["https:\/\/www.translingua.ch\/en\/language-and-text-services\/audio\/"]}]},{"@type":"BreadcrumbList","@id":"https:\/\/www.translingua.ch\/en\/language-and-text-services\/audio\/#breadcrumb","itemListElement":[{"@type":"ListItem","position":1,"name":"Home","item":"https:\/\/www.translingua.ch\/en\/"},{"@type":"ListItem","position":2,"name":"A single source for every language service","item":"https:\/\/www.translingua.ch\/en\/language-and-text-services\/"},{"@type":"ListItem","position":3,"name":"Audio in multiple languages"}]},{"@type":"WebSite","@id":"https:\/\/www.translingua.ch\/#website","url":"https:\/\/www.translingua.ch\/","name":"Translingua AG","description":"\u00dcbersetzungsb\u00fcro in Z\u00fcrich seit 1975","publisher":{"@id":"https:\/\/www.translingua.ch\/#organization"},"potentialAction":[{"@type":"SearchAction","target":{"@type":"EntryPoint","urlTemplate":"https:\/\/www.translingua.ch\/?s={search_term_string}"},"query-input":{"@type":"PropertyValueSpecification","valueRequired":true,"valueName":"search_term_string"}}],"inLanguage":"en-GB"},{"@type":"Organization","@id":"https:\/\/www.translingua.ch\/#organization","name":"Translingua AG","url":"https:\/\/www.translingua.ch\/","logo":{"@type":"ImageObject","inLanguage":"en-GB","@id":"https:\/\/www.translingua.ch\/#\/schema\/logo\/image\/","url":"https:\/\/www.translingua.ch\/wp-content\/uploads\/logo.png","contentUrl":"https:\/\/www.translingua.ch\/wp-content\/uploads\/logo.png","width":261,"height":106,"caption":"Translingua AG"},"image":{"@id":"https:\/\/www.translingua.ch\/#\/schema\/logo\/image\/"}}]}},"_links":{"self":[{"href":"https:\/\/www.translingua.ch\/en\/wp-json\/wp\/v2\/pages\/5370","targetHints":{"allow":["GET"]}}],"collection":[{"href":"https:\/\/www.translingua.ch\/en\/wp-json\/wp\/v2\/pages"}],"about":[{"href":"https:\/\/www.translingua.ch\/en\/wp-json\/wp\/v2\/types\/page"}],"author":[{"embeddable":true,"href":"https:\/\/www.translingua.ch\/en\/wp-json\/wp\/v2\/users\/1"}],"replies":[{"embeddable":true,"href":"https:\/\/www.translingua.ch\/en\/wp-json\/wp\/v2\/comments?post=5370"}],"version-history":[{"count":1,"href":"https:\/\/www.translingua.ch\/en\/wp-json\/wp\/v2\/pages\/5370\/revisions"}],"predecessor-version":[{"id":5373,"href":"https:\/\/www.translingua.ch\/en\/wp-json\/wp\/v2\/pages\/5370\/revisions\/5373"}],"up":[{"embeddable":true,"href":"https:\/\/www.translingua.ch\/en\/wp-json\/wp\/v2\/pages\/733"}],"wp:attachment":[{"href":"https:\/\/www.translingua.ch\/en\/wp-json\/wp\/v2\/media?parent=5370"}],"curies":[{"name":"wp","href":"https:\/\/api.w.org\/{rel}","templated":true}]}}