{"id":3493,"date":"2021-01-18T18:50:21","date_gmt":"2021-01-18T17:50:21","guid":{"rendered":"https:\/\/www.translingua.ch\/?page_id=3493"},"modified":"2022-03-18T10:17:07","modified_gmt":"2022-03-18T09:17:07","slug":"construction-industry-and-real-estate","status":"publish","type":"page","link":"https:\/\/www.translingua.ch\/en\/transllingua-specialist-translations\/construction-industry-and-real-estate\/","title":{"rendered":"Construction industry and real estate"},"content":{"rendered":"\n<div class=\"wp-block-stackable-columns stk-block-columns stk-block stk-71736c3\" data-block-id=\"71736c3\"><style>.stk-71736c3{max-width:800px !important;min-width:auto !important;margin-right:auto !important;margin-left:auto !important}.stk-71736c3-column{row-gap:35px !important}<\/style><div class=\"stk-row stk-inner-blocks stk-block-content stk-content-align stk-71736c3-column\">\n<div class=\"wp-block-stackable-column stk-block-column stk-column stk-block stk-83e73f5\" data-block-id=\"83e73f5\"><style>@media screen and (min-width:768px){.stk-83e73f5{flex:1 1 calc(75% - var(--stk-column-gap,0px) * 1 \/ 2 ) !important}}.stk-83e73f5-container{margin-top:0px !important;margin-right:0px !important;margin-bottom:0px !important;margin-left:0px !important}<\/style><div class=\"stk-column-wrapper stk-block-column__content stk-container stk-83e73f5-container stk--no-background stk--no-padding\"><div class=\"stk-block-content stk-inner-blocks\">\n<h1 class=\"wp-block-heading\" id=\"construction-industry-and-real-estate\">Construction industry and real estate<\/h1>\n<\/div><\/div><\/div>\n\n\n\n<div class=\"wp-block-stackable-column stk-block-column stk-column stk-block stk-a802132\" data-block-id=\"a802132\"><style>@media screen and (min-width:768px){.stk-a802132{flex:1 1 calc(25% - var(--stk-column-gap,0px) * 1 \/ 2 ) !important}}.stk-a802132-container{margin-top:0px !important;margin-right:0px !important;margin-bottom:0px !important;margin-left:0px !important}<\/style><div class=\"stk-column-wrapper stk-block-column__content stk-container stk-a802132-container stk--no-background stk--no-padding\"><div class=\"stk-block-content stk-inner-blocks\">\n<div class=\"wp-block-image\"><figure class=\"aligncenter size-full is-resized\"><img loading=\"lazy\" decoding=\"async\" src=\"https:\/\/www.translingua.ch\/wp-content\/uploads\/Bau_Icon-Schwarz.png\" alt=\"\" class=\"wp-image-4616\" width=\"190\" height=\"190\" srcset=\"https:\/\/www.translingua.ch\/wp-content\/uploads\/Bau_Icon-Schwarz.png 500w, https:\/\/www.translingua.ch\/wp-content\/uploads\/Bau_Icon-Schwarz-300x300.png 300w, https:\/\/www.translingua.ch\/wp-content\/uploads\/Bau_Icon-Schwarz-150x150.png 150w\" sizes=\"auto, (max-width: 190px) 100vw, 190px\" \/><\/figure><\/div>\n<\/div><\/div><\/div>\n<\/div><\/div>\n\n\n\n<h2 class=\"wp-block-heading\" id=\"professional-translations-in-construction-planning-and-real-estate\">Professional translations in construction, planning and real estate<\/h2>\n\n\n\n<p>Translingua has managed challenging projects in the areas of construction, planning and real estate for many years and is familiar with the various requirements of the construction industry. This includes translations in the area of real estate finance, where our customers can depend on our in-depth experience in real estate development, asset management and mortgages. Architects and civil engineers know that they can rely on our professional and ISO-certified translations in both Swiss-based and international projects. Because of our many years of experience, we are able to faithfully transfer all aspects of a construction project into a foreign language.<\/p>\n\n\n\n<h2 class=\"wp-block-heading\" id=\"our-specialist-translations-cover-all-aspects-of-the-construction-industry\">Our specialist translations cover all aspects of the construction industry<\/h2>\n\n\n\n<p>Another of our core competences is the professional translation of tender documents. Whether fire protection, electrical engineering, civil engineering or HVAC, Translingua works together with proven specialists who are well versed in the proper terminology. You can rest easy knowing that we translate texts every day for renowned producers and manufacturers of paints and coatings, kitchens, ceilings, fire protection products and services for the construction and real estate industries. Moreover, we also translate HR files, safety documentation, and marketing and sales documents for a number of construction and civil engineering companies (including tunnel construction).<\/p>\n\n\n\n<h2 class=\"wp-block-heading\" id=\"translingua-translations-a-foundation-for-your-work\">Translingua translations: a foundation for your work<\/h2>\n\n\n\n<p>Regulations, standards and discussions with the relevant authorities and associations play an important role in the construction industry. Our specialists are perfectly familiar with these aspects, so that expensive errors or misunderstandings can never arise in the first place. You not only have our word for that, but also the <a href=\"https:\/\/www.translingua.ch\/en\/about-translingua\/quality-guarantee\/\">Translingua quality guarantee<\/a>.<\/p>\n\n\n\n<p>Translingua is your general contractor for successful translations in the fields of construction, planning and real estate. Cut to the chase. Contact us for a non-binding discussion about languages and translations.<\/p>\n\n\n\n<div class=\"wp-block-buttons is-horizontal is-content-justification-center is-layout-flex wp-container-core-buttons-is-layout-499968f5 wp-block-buttons-is-layout-flex\">\n<div class=\"wp-block-button\"><a class=\"wp-block-button__link\" href=\"https:\/\/www.translingua.ch\/en\/request-a-quote\/\">Ask about translations for the construction industry<\/a><\/div>\n<\/div>\n","protected":false},"excerpt":{"rendered":"<p>Construction industry and real estate Professional translations in construction, planning and real estate Translingua has managed challenging projects in the areas of construction, planning and real estate for many years and is familiar with the various requirements of the construction industry. This includes translations in the area of real estate finance, where our customers can depend on our in-depth experience &#8230; <a title=\"Construction industry and real estate\" class=\"read-more\" href=\"https:\/\/www.translingua.ch\/en\/transllingua-specialist-translations\/construction-industry-and-real-estate\/\" aria-label=\"Read more about Construction industry and real estate\">Weiterlesen<\/a><\/p>\n","protected":false},"author":2,"featured_media":0,"parent":687,"menu_order":0,"comment_status":"closed","ping_status":"closed","template":"","meta":{"footnotes":""},"class_list":["post-3493","page","type-page","status-publish"],"featured_image_urls_v2":{"full":"","thumbnail":"","medium":"","medium_large":"","large":"","1536x1536":"","2048x2048":"","gform-image-choice-sm":"","gform-image-choice-md":"","gform-image-choice-lg":""},"post_excerpt_stackable_v2":"<p>Construction industry and real estate Professional translations in construction, planning and real estate Translingua has managed challenging projects in the areas of construction, planning and real estate for many years and is familiar with the various requirements of the construction industry. This includes translations in the area of real estate finance, where our customers can depend on our in-depth experience in real estate development, asset management and mortgages. Architects and civil engineers know that they can rely on our professional and ISO-certified translations in both Swiss-based and international projects. Because of our many years of experience, we are able to&hellip;<\/p>\n","category_list_v2":"","author_info_v2":{"name":"Lorenz Eymann","url":"https:\/\/www.translingua.ch\/en\/author\/eymann\/"},"comments_num_v2":"0 comments","yoast_head":"<!-- This site is optimized with the Yoast SEO plugin v27.4 - https:\/\/yoast.com\/product\/yoast-seo-wordpress\/ -->\n<title>Translingua AG &#8226; Construction industry and real estate<\/title>\n<meta name=\"robots\" content=\"index, follow, max-snippet:-1, max-image-preview:large, max-video-preview:-1\" \/>\n<link rel=\"canonical\" href=\"https:\/\/www.translingua.ch\/en\/transllingua-specialist-translations\/construction-industry-and-real-estate\/\" \/>\n<meta property=\"og:locale\" content=\"en_GB\" \/>\n<meta property=\"og:type\" content=\"article\" \/>\n<meta property=\"og:title\" content=\"Translingua AG &#8226; Construction industry and real estate\" \/>\n<meta property=\"og:description\" content=\"Construction industry and real estate Professional translations in construction, planning and real estate Translingua has managed challenging projects in the areas of construction, planning and real estate for many years and is familiar with the various requirements of the construction industry. This includes translations in the area of real estate finance, where our customers can depend on our in-depth experience ... Weiterlesen\" \/>\n<meta property=\"og:url\" content=\"https:\/\/www.translingua.ch\/en\/transllingua-specialist-translations\/construction-industry-and-real-estate\/\" \/>\n<meta property=\"og:site_name\" content=\"Translingua AG\" \/>\n<meta property=\"article:modified_time\" content=\"2022-03-18T09:17:07+00:00\" \/>\n<meta property=\"og:image\" content=\"https:\/\/www.translingua.ch\/wp-content\/uploads\/Bau_Icon-Schwarz.png\" \/>\n<meta name=\"twitter:card\" content=\"summary_large_image\" \/>\n<meta name=\"twitter:label1\" content=\"Estimated reading time\" \/>\n\t<meta name=\"twitter:data1\" content=\"3 minutes\" \/>\n<script type=\"application\/ld+json\" class=\"yoast-schema-graph\">{\"@context\":\"https:\\\/\\\/schema.org\",\"@graph\":[{\"@type\":\"WebPage\",\"@id\":\"https:\\\/\\\/www.translingua.ch\\\/en\\\/transllingua-specialist-translations\\\/construction-industry-and-real-estate\\\/\",\"url\":\"https:\\\/\\\/www.translingua.ch\\\/en\\\/transllingua-specialist-translations\\\/construction-industry-and-real-estate\\\/\",\"name\":\"Translingua AG &#8226; Construction industry and real estate\",\"isPartOf\":{\"@id\":\"https:\\\/\\\/www.translingua.ch\\\/#website\"},\"primaryImageOfPage\":{\"@id\":\"https:\\\/\\\/www.translingua.ch\\\/en\\\/transllingua-specialist-translations\\\/construction-industry-and-real-estate\\\/#primaryimage\"},\"image\":{\"@id\":\"https:\\\/\\\/www.translingua.ch\\\/en\\\/transllingua-specialist-translations\\\/construction-industry-and-real-estate\\\/#primaryimage\"},\"thumbnailUrl\":\"https:\\\/\\\/www.translingua.ch\\\/wp-content\\\/uploads\\\/Bau_Icon-Schwarz.png\",\"datePublished\":\"2021-01-18T17:50:21+00:00\",\"dateModified\":\"2022-03-18T09:17:07+00:00\",\"breadcrumb\":{\"@id\":\"https:\\\/\\\/www.translingua.ch\\\/en\\\/transllingua-specialist-translations\\\/construction-industry-and-real-estate\\\/#breadcrumb\"},\"inLanguage\":\"en-GB\",\"potentialAction\":[{\"@type\":\"ReadAction\",\"target\":[\"https:\\\/\\\/www.translingua.ch\\\/en\\\/transllingua-specialist-translations\\\/construction-industry-and-real-estate\\\/\"]}]},{\"@type\":\"ImageObject\",\"inLanguage\":\"en-GB\",\"@id\":\"https:\\\/\\\/www.translingua.ch\\\/en\\\/transllingua-specialist-translations\\\/construction-industry-and-real-estate\\\/#primaryimage\",\"url\":\"https:\\\/\\\/www.translingua.ch\\\/wp-content\\\/uploads\\\/Bau_Icon-Schwarz.png\",\"contentUrl\":\"https:\\\/\\\/www.translingua.ch\\\/wp-content\\\/uploads\\\/Bau_Icon-Schwarz.png\"},{\"@type\":\"BreadcrumbList\",\"@id\":\"https:\\\/\\\/www.translingua.ch\\\/en\\\/transllingua-specialist-translations\\\/construction-industry-and-real-estate\\\/#breadcrumb\",\"itemListElement\":[{\"@type\":\"ListItem\",\"position\":1,\"name\":\"Home\",\"item\":\"https:\\\/\\\/www.translingua.ch\\\/en\\\/\"},{\"@type\":\"ListItem\",\"position\":2,\"name\":\"Specialist translations\",\"item\":\"https:\\\/\\\/www.translingua.ch\\\/en\\\/transllingua-specialist-translations\\\/\"},{\"@type\":\"ListItem\",\"position\":3,\"name\":\"Construction industry and real estate\"}]},{\"@type\":\"WebSite\",\"@id\":\"https:\\\/\\\/www.translingua.ch\\\/#website\",\"url\":\"https:\\\/\\\/www.translingua.ch\\\/\",\"name\":\"Translingua AG\",\"description\":\"\u00dcbersetzungsb\u00fcro in Z\u00fcrich seit 1975\",\"publisher\":{\"@id\":\"https:\\\/\\\/www.translingua.ch\\\/#organization\"},\"potentialAction\":[{\"@type\":\"SearchAction\",\"target\":{\"@type\":\"EntryPoint\",\"urlTemplate\":\"https:\\\/\\\/www.translingua.ch\\\/?s={search_term_string}\"},\"query-input\":{\"@type\":\"PropertyValueSpecification\",\"valueRequired\":true,\"valueName\":\"search_term_string\"}}],\"inLanguage\":\"en-GB\"},{\"@type\":\"Organization\",\"@id\":\"https:\\\/\\\/www.translingua.ch\\\/#organization\",\"name\":\"Translingua AG\",\"url\":\"https:\\\/\\\/www.translingua.ch\\\/\",\"logo\":{\"@type\":\"ImageObject\",\"inLanguage\":\"en-GB\",\"@id\":\"https:\\\/\\\/www.translingua.ch\\\/#\\\/schema\\\/logo\\\/image\\\/\",\"url\":\"https:\\\/\\\/www.translingua.ch\\\/wp-content\\\/uploads\\\/logo.png\",\"contentUrl\":\"https:\\\/\\\/www.translingua.ch\\\/wp-content\\\/uploads\\\/logo.png\",\"width\":261,\"height\":106,\"caption\":\"Translingua AG\"},\"image\":{\"@id\":\"https:\\\/\\\/www.translingua.ch\\\/#\\\/schema\\\/logo\\\/image\\\/\"}}]}<\/script>\n<!-- \/ Yoast SEO plugin. -->","yoast_head_json":{"title":"Translingua AG &#8226; Construction industry and real estate","robots":{"index":"index","follow":"follow","max-snippet":"max-snippet:-1","max-image-preview":"max-image-preview:large","max-video-preview":"max-video-preview:-1"},"canonical":"https:\/\/www.translingua.ch\/en\/transllingua-specialist-translations\/construction-industry-and-real-estate\/","og_locale":"en_GB","og_type":"article","og_title":"Translingua AG &#8226; Construction industry and real estate","og_description":"Construction industry and real estate Professional translations in construction, planning and real estate Translingua has managed challenging projects in the areas of construction, planning and real estate for many years and is familiar with the various requirements of the construction industry. This includes translations in the area of real estate finance, where our customers can depend on our in-depth experience ... Weiterlesen","og_url":"https:\/\/www.translingua.ch\/en\/transllingua-specialist-translations\/construction-industry-and-real-estate\/","og_site_name":"Translingua AG","article_modified_time":"2022-03-18T09:17:07+00:00","og_image":[{"url":"https:\/\/www.translingua.ch\/wp-content\/uploads\/Bau_Icon-Schwarz.png","type":"","width":"","height":""}],"twitter_card":"summary_large_image","twitter_misc":{"Estimated reading time":"3 minutes"},"schema":{"@context":"https:\/\/schema.org","@graph":[{"@type":"WebPage","@id":"https:\/\/www.translingua.ch\/en\/transllingua-specialist-translations\/construction-industry-and-real-estate\/","url":"https:\/\/www.translingua.ch\/en\/transllingua-specialist-translations\/construction-industry-and-real-estate\/","name":"Translingua AG &#8226; Construction industry and real estate","isPartOf":{"@id":"https:\/\/www.translingua.ch\/#website"},"primaryImageOfPage":{"@id":"https:\/\/www.translingua.ch\/en\/transllingua-specialist-translations\/construction-industry-and-real-estate\/#primaryimage"},"image":{"@id":"https:\/\/www.translingua.ch\/en\/transllingua-specialist-translations\/construction-industry-and-real-estate\/#primaryimage"},"thumbnailUrl":"https:\/\/www.translingua.ch\/wp-content\/uploads\/Bau_Icon-Schwarz.png","datePublished":"2021-01-18T17:50:21+00:00","dateModified":"2022-03-18T09:17:07+00:00","breadcrumb":{"@id":"https:\/\/www.translingua.ch\/en\/transllingua-specialist-translations\/construction-industry-and-real-estate\/#breadcrumb"},"inLanguage":"en-GB","potentialAction":[{"@type":"ReadAction","target":["https:\/\/www.translingua.ch\/en\/transllingua-specialist-translations\/construction-industry-and-real-estate\/"]}]},{"@type":"ImageObject","inLanguage":"en-GB","@id":"https:\/\/www.translingua.ch\/en\/transllingua-specialist-translations\/construction-industry-and-real-estate\/#primaryimage","url":"https:\/\/www.translingua.ch\/wp-content\/uploads\/Bau_Icon-Schwarz.png","contentUrl":"https:\/\/www.translingua.ch\/wp-content\/uploads\/Bau_Icon-Schwarz.png"},{"@type":"BreadcrumbList","@id":"https:\/\/www.translingua.ch\/en\/transllingua-specialist-translations\/construction-industry-and-real-estate\/#breadcrumb","itemListElement":[{"@type":"ListItem","position":1,"name":"Home","item":"https:\/\/www.translingua.ch\/en\/"},{"@type":"ListItem","position":2,"name":"Specialist translations","item":"https:\/\/www.translingua.ch\/en\/transllingua-specialist-translations\/"},{"@type":"ListItem","position":3,"name":"Construction industry and real estate"}]},{"@type":"WebSite","@id":"https:\/\/www.translingua.ch\/#website","url":"https:\/\/www.translingua.ch\/","name":"Translingua AG","description":"\u00dcbersetzungsb\u00fcro in Z\u00fcrich seit 1975","publisher":{"@id":"https:\/\/www.translingua.ch\/#organization"},"potentialAction":[{"@type":"SearchAction","target":{"@type":"EntryPoint","urlTemplate":"https:\/\/www.translingua.ch\/?s={search_term_string}"},"query-input":{"@type":"PropertyValueSpecification","valueRequired":true,"valueName":"search_term_string"}}],"inLanguage":"en-GB"},{"@type":"Organization","@id":"https:\/\/www.translingua.ch\/#organization","name":"Translingua AG","url":"https:\/\/www.translingua.ch\/","logo":{"@type":"ImageObject","inLanguage":"en-GB","@id":"https:\/\/www.translingua.ch\/#\/schema\/logo\/image\/","url":"https:\/\/www.translingua.ch\/wp-content\/uploads\/logo.png","contentUrl":"https:\/\/www.translingua.ch\/wp-content\/uploads\/logo.png","width":261,"height":106,"caption":"Translingua AG"},"image":{"@id":"https:\/\/www.translingua.ch\/#\/schema\/logo\/image\/"}}]}},"_links":{"self":[{"href":"https:\/\/www.translingua.ch\/en\/wp-json\/wp\/v2\/pages\/3493","targetHints":{"allow":["GET"]}}],"collection":[{"href":"https:\/\/www.translingua.ch\/en\/wp-json\/wp\/v2\/pages"}],"about":[{"href":"https:\/\/www.translingua.ch\/en\/wp-json\/wp\/v2\/types\/page"}],"author":[{"embeddable":true,"href":"https:\/\/www.translingua.ch\/en\/wp-json\/wp\/v2\/users\/2"}],"replies":[{"embeddable":true,"href":"https:\/\/www.translingua.ch\/en\/wp-json\/wp\/v2\/comments?post=3493"}],"version-history":[{"count":5,"href":"https:\/\/www.translingua.ch\/en\/wp-json\/wp\/v2\/pages\/3493\/revisions"}],"predecessor-version":[{"id":6571,"href":"https:\/\/www.translingua.ch\/en\/wp-json\/wp\/v2\/pages\/3493\/revisions\/6571"}],"up":[{"embeddable":true,"href":"https:\/\/www.translingua.ch\/en\/wp-json\/wp\/v2\/pages\/687"}],"wp:attachment":[{"href":"https:\/\/www.translingua.ch\/en\/wp-json\/wp\/v2\/media?parent=3493"}],"curies":[{"name":"wp","href":"https:\/\/api.w.org\/{rel}","templated":true}]}}