{"id":3469,"date":"2021-01-18T17:04:24","date_gmt":"2021-01-18T16:04:24","guid":{"rendered":"https:\/\/www.translingua.ch\/?page_id=3469"},"modified":"2022-03-18T11:06:03","modified_gmt":"2022-03-18T10:06:03","slug":"food","status":"publish","type":"page","link":"https:\/\/www.translingua.ch\/en\/transllingua-specialist-translations\/food\/","title":{"rendered":"Food"},"content":{"rendered":"\n<div class=\"wp-block-stackable-columns stk-block-columns stk-block stk-71736c3\" data-block-id=\"71736c3\"><style>.stk-71736c3{max-width:800px !important;min-width:auto !important;margin-right:auto !important;margin-left:auto !important}.stk-71736c3-column{row-gap:35px !important}<\/style><div class=\"stk-row stk-inner-blocks stk-block-content stk-content-align stk-71736c3-column\">\n<div class=\"wp-block-stackable-column stk-block-column stk-column stk-block stk-83e73f5\" data-block-id=\"83e73f5\"><style>@media screen and (min-width:768px){.stk-83e73f5{flex:1 1 calc(75% - var(--stk-column-gap,0px) * 1 \/ 2 ) !important}}.stk-83e73f5-container{margin-top:0px !important;margin-right:0px !important;margin-bottom:0px !important;margin-left:0px !important}<\/style><div class=\"stk-column-wrapper stk-block-column__content stk-container stk-83e73f5-container stk--no-background stk--no-padding\"><div class=\"stk-block-content stk-inner-blocks\">\n<h1 class=\"wp-block-heading\">Food<\/h1>\n<\/div><\/div><\/div>\n\n\n\n<div class=\"wp-block-stackable-column stk-block-column stk-column stk-block stk-a802132\" data-block-id=\"a802132\"><style>@media screen and (min-width:768px){.stk-a802132{flex:1 1 calc(25% - var(--stk-column-gap,0px) * 1 \/ 2 ) !important}}.stk-a802132-container{margin-top:0px !important;margin-right:0px !important;margin-bottom:0px !important;margin-left:0px !important}<\/style><div class=\"stk-column-wrapper stk-block-column__content stk-container stk-a802132-container stk--no-background stk--no-padding\"><div class=\"stk-block-content stk-inner-blocks\">\n<div class=\"wp-block-image\"><figure class=\"aligncenter size-full is-resized\"><img loading=\"lazy\" decoding=\"async\" src=\"https:\/\/www.translingua.ch\/wp-content\/uploads\/Lebensmittel_Icon-Schwarz.png\" alt=\"\" class=\"wp-image-4632\" width=\"190\" height=\"190\" srcset=\"https:\/\/www.translingua.ch\/wp-content\/uploads\/Lebensmittel_Icon-Schwarz.png 500w, https:\/\/www.translingua.ch\/wp-content\/uploads\/Lebensmittel_Icon-Schwarz-300x300.png 300w, https:\/\/www.translingua.ch\/wp-content\/uploads\/Lebensmittel_Icon-Schwarz-150x150.png 150w\" sizes=\"auto, (max-width: 190px) 100vw, 190px\" \/><\/figure><\/div>\n<\/div><\/div><\/div>\n<\/div><\/div>\n\n\n\n<h2 class=\"wp-block-heading\">Specialist translations for the food industry<\/h2>\n\n\n\n<p>As a producer, processor or retailer of food and beverages, you&#8217;re not only up against fierce competition and strict legal requirements, but are also confronted with growing customer expectations. For many people, food and beverages are closely tied with positive emotions and associations. At the same time, consumers are scrutinising ingredients, production processes, packaging and health aspects more closely.<\/p>\n\n\n\n<p>You can safely place your trust in Translingua when it comes to linguistic challenges: whether you are a food producer, importer, retailer or distributor, we have been working in the food industry for decades and provide compelling translations of sales documents, press releases and websites. We don&#8217;t translate your texts word for word; rather, we are familiar with your core messages and skilfully transfer them into the target language or languages.<\/p>\n\n\n\n<h2 class=\"wp-block-heading\">Translating specific food industry topics<\/h2>\n\n\n\n<p>In addition to handling marketing and communication texts, Translingua&#8217;s expertise in translations for the food industry runs deeper. Documents on such industry topics as allergens, hygiene regulations, declarations, item lists, manufacturing and packaging processes, production planning, specifications, traceability and sustainability are also part of our professional bread and butter.<\/p>\n\n\n\n<p>We rely here on our extensive experience with a very wide range of foods. For example, we are experts in translations about dairy and meat products, wines, confectionery and baked goods, coffee, cereals and beverages as well as organic and Fair Trade certified products.<\/p>\n\n\n\n<p>A large number of companies in the food industry benefit from our years of expertise and our <a href=\"https:\/\/www.translingua.ch\/en\/about-translingua\/quality-guarantee\/\">ISO-certified<\/a> quality. You, too, can entrust your content to Translingua&#8217;s experienced specialist translators. Get in touch now for more information!<\/p>\n\n\n\n<div class=\"wp-block-buttons is-horizontal is-content-justification-center is-layout-flex wp-container-core-buttons-is-layout-499968f5 wp-block-buttons-is-layout-flex\">\n<div class=\"wp-block-button\"><a class=\"wp-block-button__link\" href=\"https:\/\/www.translingua.ch\/en\/request-a-quote\/\">Ask about food industry translations<\/a><\/div>\n<\/div>\n","protected":false},"excerpt":{"rendered":"<p>Food Specialist translations for the food industry As a producer, processor or retailer of food and beverages, you&#8217;re not only up against fierce competition and strict legal requirements, but are also confronted with growing customer expectations. For many people, food and beverages are closely tied with positive emotions and associations. At the same time, consumers are scrutinising ingredients, production processes, &#8230; <a title=\"Food\" class=\"read-more\" href=\"https:\/\/www.translingua.ch\/en\/transllingua-specialist-translations\/food\/\" aria-label=\"Read more about Food\">Weiterlesen<\/a><\/p>\n","protected":false},"author":2,"featured_media":0,"parent":687,"menu_order":0,"comment_status":"closed","ping_status":"closed","template":"","meta":{"footnotes":""},"class_list":["post-3469","page","type-page","status-publish"],"featured_image_urls_v2":{"full":"","thumbnail":"","medium":"","medium_large":"","large":"","1536x1536":"","2048x2048":"","gform-image-choice-sm":"","gform-image-choice-md":"","gform-image-choice-lg":""},"post_excerpt_stackable_v2":"<p>Food Specialist translations for the food industry As a producer, processor or retailer of food and beverages, you&#8217;re not only up against fierce competition and strict legal requirements, but are also confronted with growing customer expectations. For many people, food and beverages are closely tied with positive emotions and associations. At the same time, consumers are scrutinising ingredients, production processes, packaging and health aspects more closely. You can safely place your trust in Translingua when it comes to linguistic challenges: whether you are a food producer, importer, retailer or distributor, we have been working in the food industry for decades&hellip;<\/p>\n","category_list_v2":"","author_info_v2":{"name":"Lorenz Eymann","url":"https:\/\/www.translingua.ch\/en\/author\/eymann\/"},"comments_num_v2":"0 comments","yoast_head":"<!-- This site is optimized with the Yoast SEO plugin v27.4 - https:\/\/yoast.com\/product\/yoast-seo-wordpress\/ -->\n<title>Translingua AG &#8226; Food<\/title>\n<meta name=\"robots\" content=\"index, follow, max-snippet:-1, max-image-preview:large, max-video-preview:-1\" \/>\n<link rel=\"canonical\" href=\"https:\/\/www.translingua.ch\/en\/transllingua-specialist-translations\/food\/\" \/>\n<meta property=\"og:locale\" content=\"en_GB\" \/>\n<meta property=\"og:type\" content=\"article\" \/>\n<meta property=\"og:title\" content=\"Translingua AG &#8226; Food\" \/>\n<meta property=\"og:description\" content=\"Food Specialist translations for the food industry As a producer, processor or retailer of food and beverages, you&#8217;re not only up against fierce competition and strict legal requirements, but are also confronted with growing customer expectations. For many people, food and beverages are closely tied with positive emotions and associations. At the same time, consumers are scrutinising ingredients, production processes, ... Weiterlesen\" \/>\n<meta property=\"og:url\" content=\"https:\/\/www.translingua.ch\/en\/transllingua-specialist-translations\/food\/\" \/>\n<meta property=\"og:site_name\" content=\"Translingua AG\" \/>\n<meta property=\"article:modified_time\" content=\"2022-03-18T10:06:03+00:00\" \/>\n<meta property=\"og:image\" content=\"https:\/\/www.translingua.ch\/wp-content\/uploads\/Lebensmittel_Icon-Schwarz.png\" \/>\n<meta name=\"twitter:card\" content=\"summary_large_image\" \/>\n<meta name=\"twitter:label1\" content=\"Estimated reading time\" \/>\n\t<meta name=\"twitter:data1\" content=\"2 minutes\" \/>\n<script type=\"application\/ld+json\" class=\"yoast-schema-graph\">{\"@context\":\"https:\\\/\\\/schema.org\",\"@graph\":[{\"@type\":\"WebPage\",\"@id\":\"https:\\\/\\\/www.translingua.ch\\\/en\\\/transllingua-specialist-translations\\\/food\\\/\",\"url\":\"https:\\\/\\\/www.translingua.ch\\\/en\\\/transllingua-specialist-translations\\\/food\\\/\",\"name\":\"Translingua AG &#8226; Food\",\"isPartOf\":{\"@id\":\"https:\\\/\\\/www.translingua.ch\\\/#website\"},\"primaryImageOfPage\":{\"@id\":\"https:\\\/\\\/www.translingua.ch\\\/en\\\/transllingua-specialist-translations\\\/food\\\/#primaryimage\"},\"image\":{\"@id\":\"https:\\\/\\\/www.translingua.ch\\\/en\\\/transllingua-specialist-translations\\\/food\\\/#primaryimage\"},\"thumbnailUrl\":\"https:\\\/\\\/www.translingua.ch\\\/wp-content\\\/uploads\\\/Lebensmittel_Icon-Schwarz.png\",\"datePublished\":\"2021-01-18T16:04:24+00:00\",\"dateModified\":\"2022-03-18T10:06:03+00:00\",\"breadcrumb\":{\"@id\":\"https:\\\/\\\/www.translingua.ch\\\/en\\\/transllingua-specialist-translations\\\/food\\\/#breadcrumb\"},\"inLanguage\":\"en-GB\",\"potentialAction\":[{\"@type\":\"ReadAction\",\"target\":[\"https:\\\/\\\/www.translingua.ch\\\/en\\\/transllingua-specialist-translations\\\/food\\\/\"]}]},{\"@type\":\"ImageObject\",\"inLanguage\":\"en-GB\",\"@id\":\"https:\\\/\\\/www.translingua.ch\\\/en\\\/transllingua-specialist-translations\\\/food\\\/#primaryimage\",\"url\":\"https:\\\/\\\/www.translingua.ch\\\/wp-content\\\/uploads\\\/Lebensmittel_Icon-Schwarz.png\",\"contentUrl\":\"https:\\\/\\\/www.translingua.ch\\\/wp-content\\\/uploads\\\/Lebensmittel_Icon-Schwarz.png\"},{\"@type\":\"BreadcrumbList\",\"@id\":\"https:\\\/\\\/www.translingua.ch\\\/en\\\/transllingua-specialist-translations\\\/food\\\/#breadcrumb\",\"itemListElement\":[{\"@type\":\"ListItem\",\"position\":1,\"name\":\"Home\",\"item\":\"https:\\\/\\\/www.translingua.ch\\\/en\\\/\"},{\"@type\":\"ListItem\",\"position\":2,\"name\":\"Specialist translations\",\"item\":\"https:\\\/\\\/www.translingua.ch\\\/en\\\/transllingua-specialist-translations\\\/\"},{\"@type\":\"ListItem\",\"position\":3,\"name\":\"Food\"}]},{\"@type\":\"WebSite\",\"@id\":\"https:\\\/\\\/www.translingua.ch\\\/#website\",\"url\":\"https:\\\/\\\/www.translingua.ch\\\/\",\"name\":\"Translingua AG\",\"description\":\"\u00dcbersetzungsb\u00fcro in Z\u00fcrich seit 1975\",\"publisher\":{\"@id\":\"https:\\\/\\\/www.translingua.ch\\\/#organization\"},\"potentialAction\":[{\"@type\":\"SearchAction\",\"target\":{\"@type\":\"EntryPoint\",\"urlTemplate\":\"https:\\\/\\\/www.translingua.ch\\\/?s={search_term_string}\"},\"query-input\":{\"@type\":\"PropertyValueSpecification\",\"valueRequired\":true,\"valueName\":\"search_term_string\"}}],\"inLanguage\":\"en-GB\"},{\"@type\":\"Organization\",\"@id\":\"https:\\\/\\\/www.translingua.ch\\\/#organization\",\"name\":\"Translingua AG\",\"url\":\"https:\\\/\\\/www.translingua.ch\\\/\",\"logo\":{\"@type\":\"ImageObject\",\"inLanguage\":\"en-GB\",\"@id\":\"https:\\\/\\\/www.translingua.ch\\\/#\\\/schema\\\/logo\\\/image\\\/\",\"url\":\"https:\\\/\\\/www.translingua.ch\\\/wp-content\\\/uploads\\\/logo.png\",\"contentUrl\":\"https:\\\/\\\/www.translingua.ch\\\/wp-content\\\/uploads\\\/logo.png\",\"width\":261,\"height\":106,\"caption\":\"Translingua AG\"},\"image\":{\"@id\":\"https:\\\/\\\/www.translingua.ch\\\/#\\\/schema\\\/logo\\\/image\\\/\"}}]}<\/script>\n<!-- \/ Yoast SEO plugin. -->","yoast_head_json":{"title":"Translingua AG &#8226; Food","robots":{"index":"index","follow":"follow","max-snippet":"max-snippet:-1","max-image-preview":"max-image-preview:large","max-video-preview":"max-video-preview:-1"},"canonical":"https:\/\/www.translingua.ch\/en\/transllingua-specialist-translations\/food\/","og_locale":"en_GB","og_type":"article","og_title":"Translingua AG &#8226; Food","og_description":"Food Specialist translations for the food industry As a producer, processor or retailer of food and beverages, you&#8217;re not only up against fierce competition and strict legal requirements, but are also confronted with growing customer expectations. For many people, food and beverages are closely tied with positive emotions and associations. At the same time, consumers are scrutinising ingredients, production processes, ... Weiterlesen","og_url":"https:\/\/www.translingua.ch\/en\/transllingua-specialist-translations\/food\/","og_site_name":"Translingua AG","article_modified_time":"2022-03-18T10:06:03+00:00","og_image":[{"url":"https:\/\/www.translingua.ch\/wp-content\/uploads\/Lebensmittel_Icon-Schwarz.png","type":"","width":"","height":""}],"twitter_card":"summary_large_image","twitter_misc":{"Estimated reading time":"2 minutes"},"schema":{"@context":"https:\/\/schema.org","@graph":[{"@type":"WebPage","@id":"https:\/\/www.translingua.ch\/en\/transllingua-specialist-translations\/food\/","url":"https:\/\/www.translingua.ch\/en\/transllingua-specialist-translations\/food\/","name":"Translingua AG &#8226; Food","isPartOf":{"@id":"https:\/\/www.translingua.ch\/#website"},"primaryImageOfPage":{"@id":"https:\/\/www.translingua.ch\/en\/transllingua-specialist-translations\/food\/#primaryimage"},"image":{"@id":"https:\/\/www.translingua.ch\/en\/transllingua-specialist-translations\/food\/#primaryimage"},"thumbnailUrl":"https:\/\/www.translingua.ch\/wp-content\/uploads\/Lebensmittel_Icon-Schwarz.png","datePublished":"2021-01-18T16:04:24+00:00","dateModified":"2022-03-18T10:06:03+00:00","breadcrumb":{"@id":"https:\/\/www.translingua.ch\/en\/transllingua-specialist-translations\/food\/#breadcrumb"},"inLanguage":"en-GB","potentialAction":[{"@type":"ReadAction","target":["https:\/\/www.translingua.ch\/en\/transllingua-specialist-translations\/food\/"]}]},{"@type":"ImageObject","inLanguage":"en-GB","@id":"https:\/\/www.translingua.ch\/en\/transllingua-specialist-translations\/food\/#primaryimage","url":"https:\/\/www.translingua.ch\/wp-content\/uploads\/Lebensmittel_Icon-Schwarz.png","contentUrl":"https:\/\/www.translingua.ch\/wp-content\/uploads\/Lebensmittel_Icon-Schwarz.png"},{"@type":"BreadcrumbList","@id":"https:\/\/www.translingua.ch\/en\/transllingua-specialist-translations\/food\/#breadcrumb","itemListElement":[{"@type":"ListItem","position":1,"name":"Home","item":"https:\/\/www.translingua.ch\/en\/"},{"@type":"ListItem","position":2,"name":"Specialist translations","item":"https:\/\/www.translingua.ch\/en\/transllingua-specialist-translations\/"},{"@type":"ListItem","position":3,"name":"Food"}]},{"@type":"WebSite","@id":"https:\/\/www.translingua.ch\/#website","url":"https:\/\/www.translingua.ch\/","name":"Translingua AG","description":"\u00dcbersetzungsb\u00fcro in Z\u00fcrich seit 1975","publisher":{"@id":"https:\/\/www.translingua.ch\/#organization"},"potentialAction":[{"@type":"SearchAction","target":{"@type":"EntryPoint","urlTemplate":"https:\/\/www.translingua.ch\/?s={search_term_string}"},"query-input":{"@type":"PropertyValueSpecification","valueRequired":true,"valueName":"search_term_string"}}],"inLanguage":"en-GB"},{"@type":"Organization","@id":"https:\/\/www.translingua.ch\/#organization","name":"Translingua AG","url":"https:\/\/www.translingua.ch\/","logo":{"@type":"ImageObject","inLanguage":"en-GB","@id":"https:\/\/www.translingua.ch\/#\/schema\/logo\/image\/","url":"https:\/\/www.translingua.ch\/wp-content\/uploads\/logo.png","contentUrl":"https:\/\/www.translingua.ch\/wp-content\/uploads\/logo.png","width":261,"height":106,"caption":"Translingua AG"},"image":{"@id":"https:\/\/www.translingua.ch\/#\/schema\/logo\/image\/"}}]}},"_links":{"self":[{"href":"https:\/\/www.translingua.ch\/en\/wp-json\/wp\/v2\/pages\/3469","targetHints":{"allow":["GET"]}}],"collection":[{"href":"https:\/\/www.translingua.ch\/en\/wp-json\/wp\/v2\/pages"}],"about":[{"href":"https:\/\/www.translingua.ch\/en\/wp-json\/wp\/v2\/types\/page"}],"author":[{"embeddable":true,"href":"https:\/\/www.translingua.ch\/en\/wp-json\/wp\/v2\/users\/2"}],"replies":[{"embeddable":true,"href":"https:\/\/www.translingua.ch\/en\/wp-json\/wp\/v2\/comments?post=3469"}],"version-history":[{"count":5,"href":"https:\/\/www.translingua.ch\/en\/wp-json\/wp\/v2\/pages\/3469\/revisions"}],"predecessor-version":[{"id":6592,"href":"https:\/\/www.translingua.ch\/en\/wp-json\/wp\/v2\/pages\/3469\/revisions\/6592"}],"up":[{"embeddable":true,"href":"https:\/\/www.translingua.ch\/en\/wp-json\/wp\/v2\/pages\/687"}],"wp:attachment":[{"href":"https:\/\/www.translingua.ch\/en\/wp-json\/wp\/v2\/media?parent=3469"}],"curies":[{"name":"wp","href":"https:\/\/api.w.org\/{rel}","templated":true}]}}